{"id":7677,"date":"2021-01-20T18:04:53","date_gmt":"2021-01-20T17:04:53","guid":{"rendered":"https:\/\/beconfident.simplesmile.hemsida.eu\/produkt\/dental-guard-sleepright-dura-2\/"},"modified":"2023-04-06T13:49:37","modified_gmt":"2023-04-06T11:49:37","slug":"dental-guard-sleepright-dura-2","status":"publish","type":"product","link":"https:\/\/beconfident.com\/no\/produkt\/dental-guard-sleepright-dura-2\/","title":{"rendered":"DENTAL GUARD SLEEPRIGHT DURA"},"content":{"rendered":"<p>SleepRight Dura munnbeskyttelse er for de som vet at de lider av kraftig gnaging eller tannpressing. Den er forsterket og t\u00e5ler derfor st\u00f8rre stress. Den er omtrent 45% sterkere enn vanlig SleepRight. Smart oppbevaringsboks inkludert. <\/p>\n<p>&#8211; For de med aggressiv gnissing av tenner<br \/>\n&#8211; Ekstra fleksible vinger for \u00f8kt sikkerhet (som holder munnbeskyttelsen p\u00e5 plass)<br \/>\n&#8211; Sterkeste og langvarige <\/p>\n<p>SleepRight Dura er godkjent som medisinsk utstyr av det svenske legemiddelverket og f\u00f8lger deres forskrifter LVFS 2003: 11 , LVFS 201: 7; LVFS 2001: 5. <\/p>\n<p>Vi garanterer at den ikke inneholder BPA, silikon, akryl, gluten eller skadelige giftstoffer og ikke lekker kjemikalier i munnen. Den er produsert i et FDA-inspisert anlegg og er ikke laget av naturgummilatex. <\/p>\n<p>V\u00e6r oppmerksom p\u00e5 at \u00f8delagte emballasjer ikke kan returneres p\u00e5 grunn av hygieniske \u00e5rsaker. Selvf\u00f8lgelig gjelder 14-dagers bytterett.<\/p>\n","protected":false},"excerpt":{"rendered":"<p>Ekstra slitesterk munnbeskyttelse for bruksisme \/ tannsliping.<\/p>\n","protected":false},"featured_media":0,"comment_status":"closed","ping_status":"open","template":"","meta":{"_acf_changed":false,"inline_featured_image":false,"_monsterinsights_skip_tracking":false,"_monsterinsights_sitenote_active":false,"_monsterinsights_sitenote_note":"","_monsterinsights_sitenote_category":0},"product_brand":[],"product_cat":[737,58],"product_tag":[],"class_list":{"0":"post-7677","1":"product","2":"type-product","3":"status-publish","5":"product_cat-all-products-no","6":"product_cat-uncategorized-no","8":"first","9":"instock","10":"product-type-simple"},"acf":[],"shsp-ext":{"main":{},"variations":[]},"yoast_head":"<!-- This site is optimized with the Yoast SEO plugin v27.2 - https:\/\/yoast.com\/product\/yoast-seo-wordpress\/ -->\n<title>DENTAL GUARD SLEEPRIGHT DURA - Beconfident<\/title>\n<meta name=\"robots\" content=\"index, follow, max-snippet:-1, max-image-preview:large, max-video-preview:-1\" \/>\n<link rel=\"canonical\" href=\"https:\/\/beconfident.com\/no\/produkt\/dental-guard-sleepright-dura-2\/\" \/>\n<meta property=\"og:locale\" content=\"nb_NO\" \/>\n<meta property=\"og:type\" content=\"article\" \/>\n<meta property=\"og:title\" content=\"DENTAL GUARD SLEEPRIGHT DURA - Beconfident\" \/>\n<meta property=\"og:description\" content=\"Ekstra slitesterk munnbeskyttelse for bruksisme \/ tannsliping.\" \/>\n<meta property=\"og:url\" content=\"https:\/\/beconfident.com\/no\/produkt\/dental-guard-sleepright-dura-2\/\" \/>\n<meta property=\"og:site_name\" content=\"Beconfident\" \/>\n<meta property=\"article:modified_time\" content=\"2023-04-06T11:49:37+00:00\" \/>\n<meta name=\"twitter:card\" content=\"summary_large_image\" \/>\n<meta name=\"twitter:label1\" content=\"Ansl. lesetid\" \/>\n\t<meta name=\"twitter:data1\" content=\"1 minutt\" \/>\n<script type=\"application\/ld+json\" class=\"yoast-schema-graph\">{\"@context\":\"https:\/\/schema.org\",\"@graph\":[{\"@type\":\"WebPage\",\"@id\":\"https:\/\/beconfident.com\/no\/produkt\/dental-guard-sleepright-dura-2\/\",\"url\":\"https:\/\/beconfident.com\/no\/produkt\/dental-guard-sleepright-dura-2\/\",\"name\":\"DENTAL GUARD SLEEPRIGHT DURA - Beconfident\",\"isPartOf\":{\"@id\":\"https:\/\/beconfident.com\/lv\/#website\"},\"datePublished\":\"2021-01-20T17:04:53+00:00\",\"dateModified\":\"2023-04-06T11:49:37+00:00\",\"breadcrumb\":{\"@id\":\"https:\/\/beconfident.com\/no\/produkt\/dental-guard-sleepright-dura-2\/#breadcrumb\"},\"inLanguage\":\"nb-NO\",\"potentialAction\":[{\"@type\":\"ReadAction\",\"target\":[\"https:\/\/beconfident.com\/no\/produkt\/dental-guard-sleepright-dura-2\/\"]}]},{\"@type\":\"BreadcrumbList\",\"@id\":\"https:\/\/beconfident.com\/no\/produkt\/dental-guard-sleepright-dura-2\/#breadcrumb\",\"itemListElement\":[{\"@type\":\"ListItem\",\"position\":1,\"name\":\"Hem\",\"item\":\"https:\/\/beconfident.com\/no\/\"},{\"@type\":\"ListItem\",\"position\":2,\"name\":\"Webbutik\",\"item\":\"https:\/\/beconfident.com\/no\/webbutik\/\"},{\"@type\":\"ListItem\",\"position\":3,\"name\":\"DENTAL GUARD SLEEPRIGHT DURA\"}]},{\"@type\":\"WebSite\",\"@id\":\"https:\/\/beconfident.com\/lv\/#website\",\"url\":\"https:\/\/beconfident.com\/lv\/\",\"name\":\"Beconfident\",\"description\":\"\",\"potentialAction\":[{\"@type\":\"SearchAction\",\"target\":{\"@type\":\"EntryPoint\",\"urlTemplate\":\"https:\/\/beconfident.com\/lv\/?s={search_term_string}\"},\"query-input\":{\"@type\":\"PropertyValueSpecification\",\"valueRequired\":true,\"valueName\":\"search_term_string\"}}],\"inLanguage\":\"nb-NO\"}]}<\/script>\n<!-- \/ Yoast SEO plugin. -->","yoast_head_json":{"title":"DENTAL GUARD SLEEPRIGHT DURA - Beconfident","robots":{"index":"index","follow":"follow","max-snippet":"max-snippet:-1","max-image-preview":"max-image-preview:large","max-video-preview":"max-video-preview:-1"},"canonical":"https:\/\/beconfident.com\/no\/produkt\/dental-guard-sleepright-dura-2\/","og_locale":"nb_NO","og_type":"article","og_title":"DENTAL GUARD SLEEPRIGHT DURA - Beconfident","og_description":"Ekstra slitesterk munnbeskyttelse for bruksisme \/ tannsliping.","og_url":"https:\/\/beconfident.com\/no\/produkt\/dental-guard-sleepright-dura-2\/","og_site_name":"Beconfident","article_modified_time":"2023-04-06T11:49:37+00:00","twitter_card":"summary_large_image","twitter_misc":{"Ansl. lesetid":"1 minutt"},"schema":{"@context":"https:\/\/schema.org","@graph":[{"@type":"WebPage","@id":"https:\/\/beconfident.com\/no\/produkt\/dental-guard-sleepright-dura-2\/","url":"https:\/\/beconfident.com\/no\/produkt\/dental-guard-sleepright-dura-2\/","name":"DENTAL GUARD SLEEPRIGHT DURA - Beconfident","isPartOf":{"@id":"https:\/\/beconfident.com\/lv\/#website"},"datePublished":"2021-01-20T17:04:53+00:00","dateModified":"2023-04-06T11:49:37+00:00","breadcrumb":{"@id":"https:\/\/beconfident.com\/no\/produkt\/dental-guard-sleepright-dura-2\/#breadcrumb"},"inLanguage":"nb-NO","potentialAction":[{"@type":"ReadAction","target":["https:\/\/beconfident.com\/no\/produkt\/dental-guard-sleepright-dura-2\/"]}]},{"@type":"BreadcrumbList","@id":"https:\/\/beconfident.com\/no\/produkt\/dental-guard-sleepright-dura-2\/#breadcrumb","itemListElement":[{"@type":"ListItem","position":1,"name":"Hem","item":"https:\/\/beconfident.com\/no\/"},{"@type":"ListItem","position":2,"name":"Webbutik","item":"https:\/\/beconfident.com\/no\/webbutik\/"},{"@type":"ListItem","position":3,"name":"DENTAL GUARD SLEEPRIGHT DURA"}]},{"@type":"WebSite","@id":"https:\/\/beconfident.com\/lv\/#website","url":"https:\/\/beconfident.com\/lv\/","name":"Beconfident","description":"","potentialAction":[{"@type":"SearchAction","target":{"@type":"EntryPoint","urlTemplate":"https:\/\/beconfident.com\/lv\/?s={search_term_string}"},"query-input":{"@type":"PropertyValueSpecification","valueRequired":true,"valueName":"search_term_string"}}],"inLanguage":"nb-NO"}]}},"_links":{"self":[{"href":"https:\/\/beconfident.com\/no\/wp-json\/wp\/v2\/product\/7677","targetHints":{"allow":["GET"]}}],"collection":[{"href":"https:\/\/beconfident.com\/no\/wp-json\/wp\/v2\/product"}],"about":[{"href":"https:\/\/beconfident.com\/no\/wp-json\/wp\/v2\/types\/product"}],"replies":[{"embeddable":true,"href":"https:\/\/beconfident.com\/no\/wp-json\/wp\/v2\/comments?post=7677"}],"wp:attachment":[{"href":"https:\/\/beconfident.com\/no\/wp-json\/wp\/v2\/media?parent=7677"}],"wp:term":[{"taxonomy":"product_brand","embeddable":true,"href":"https:\/\/beconfident.com\/no\/wp-json\/wp\/v2\/product_brand?post=7677"},{"taxonomy":"product_cat","embeddable":true,"href":"https:\/\/beconfident.com\/no\/wp-json\/wp\/v2\/product_cat?post=7677"},{"taxonomy":"product_tag","embeddable":true,"href":"https:\/\/beconfident.com\/no\/wp-json\/wp\/v2\/product_tag?post=7677"}],"curies":[{"name":"wp","href":"https:\/\/api.w.org\/{rel}","templated":true}]}}