{"id":7676,"date":"2021-01-20T18:04:53","date_gmt":"2021-01-20T17:04:53","guid":{"rendered":"https:\/\/beconfident.simplesmile.hemsida.eu\/produkt\/dental-guard-protect-2\/"},"modified":"2026-02-14T07:14:22","modified_gmt":"2026-02-14T06:14:22","slug":"dental-guard-protect-2","status":"publish","type":"product","link":"https:\/\/beconfident.com\/no\/produkt\/dental-guard-protect-2\/","title":{"rendered":"DENTAL GUARD PROTECT"},"content":{"rendered":"<p>Beconfident\u00ae Protect Dental Guard er nyttig for \u00e5 avlaste musklene og beskytte tennene i tilfelle tenneprikk eller bruksisme.<br \/>\nBeconfidents egen munnbeskyttelse er lett og fleksibel, men fortsatt holdbar. Den har biteplater som avlaster kinnetennene, noe som forhindrer at fortennene blir bitt sammen og ogs\u00e5 fremmer \/ skaper \/ tillater en fri luftvei. Du foretar en engangsjustering og beskytter tennene p\u00e5 en veldig behagelig m\u00e5te. Dette er den perfekte vakt for en f\u00f8rstegangsbruker som \u00f8nsker \u00e5 begynne \u00e5 sove med en munnbeskytter. Endelig kan du v\u00e5kne full av energi!<\/p>\n<p>&#8211; Egnet for f\u00f8rstegangsbrukere<br \/>\n&#8211; H\u00f8y komfort (minimalistisk design)<br \/>\n&#8211; Laveste pris<\/p>\n<p>Beconfident Protect er godkjent som medisinsk utstyr av L\u00e4kemedelsverket og f\u00f8lger deres forskrifter LVFS 2003: 11, LVFS 201: 7; LVFS 2001: 5. Vi garanterer at den ikke inneholder BPA, silikon, akryl, gluten eller skadelige giftstoffer og ikke lekker kjemikalier i munnen. Den er produsert i et FDA-inspisert anlegg og er ikke laget av naturgummilatex.<\/p>\n<p>Produktet leveres i emballasje med en fleksibel oppbevaringsboks og bruksanvisning. V\u00e6r oppmerksom p\u00e5 at \u00f8delagte emballasjer ikke kan returneres av hygieniske \u00e5rsaker. Selvf\u00f8lgelig gjelder 14-dagers bytterett.<\/p>\n","protected":false},"excerpt":{"rendered":"<p>Brukervennlig munnbeskytter for bruksisme \/ tannsliping.<\/p>\n","protected":false},"featured_media":60558,"comment_status":"closed","ping_status":"closed","template":"","meta":{"_acf_changed":false,"inline_featured_image":false,"_monsterinsights_skip_tracking":false,"_monsterinsights_sitenote_active":false,"_monsterinsights_sitenote_note":"","_monsterinsights_sitenote_category":0},"product_brand":[],"product_cat":[737,256],"product_tag":[],"class_list":{"0":"post-7676","1":"product","2":"type-product","3":"status-publish","4":"has-post-thumbnail","6":"product_cat-all-products-no","7":"product_cat-biddeskinner-no","9":"first","10":"instock","11":"taxable","12":"shipping-taxable","13":"purchasable","14":"product-type-simple"},"acf":[],"shsp-ext":{"main":{},"variations":[]},"yoast_head":"<!-- This site is optimized with the Yoast SEO plugin v27.5 - https:\/\/yoast.com\/product\/yoast-seo-wordpress\/ -->\n<title>DENTAL GUARD PROTECT - Beconfident<\/title>\n<meta name=\"robots\" content=\"index, follow, max-snippet:-1, max-image-preview:large, max-video-preview:-1\" \/>\n<link rel=\"canonical\" href=\"https:\/\/beconfident.com\/no\/produkt\/dental-guard-protect-2\/\" \/>\n<meta property=\"og:locale\" content=\"nb_NO\" \/>\n<meta property=\"og:type\" content=\"article\" \/>\n<meta property=\"og:title\" content=\"DENTAL GUARD PROTECT - Beconfident\" \/>\n<meta property=\"og:description\" content=\"Brukervennlig munnbeskytter for bruksisme \/ tannsliping.\" \/>\n<meta property=\"og:url\" content=\"https:\/\/beconfident.com\/no\/produkt\/dental-guard-protect-2\/\" \/>\n<meta property=\"og:site_name\" content=\"Beconfident\" \/>\n<meta property=\"article:modified_time\" content=\"2026-02-14T06:14:22+00:00\" \/>\n<meta property=\"og:image\" content=\"https:\/\/beconfident.com\/wp-content\/uploads\/2021\/01\/150301-Dental-Guard-Protect-and-storagebox.jpg\" \/>\n\t<meta property=\"og:image:width\" content=\"1276\" \/>\n\t<meta property=\"og:image:height\" content=\"1417\" \/>\n\t<meta property=\"og:image:type\" content=\"image\/jpeg\" \/>\n<meta name=\"twitter:card\" content=\"summary_large_image\" \/>\n<meta name=\"twitter:label1\" content=\"Ansl. lesetid\" \/>\n\t<meta name=\"twitter:data1\" content=\"1 minutt\" \/>\n<script type=\"application\/ld+json\" class=\"yoast-schema-graph\">{\"@context\":\"https:\\\/\\\/schema.org\",\"@graph\":[{\"@type\":\"WebPage\",\"@id\":\"https:\\\/\\\/beconfident.com\\\/no\\\/produkt\\\/dental-guard-protect-2\\\/\",\"url\":\"https:\\\/\\\/beconfident.com\\\/no\\\/produkt\\\/dental-guard-protect-2\\\/\",\"name\":\"DENTAL GUARD PROTECT - Beconfident\",\"isPartOf\":{\"@id\":\"https:\\\/\\\/beconfident.com\\\/lv\\\/#website\"},\"primaryImageOfPage\":{\"@id\":\"https:\\\/\\\/beconfident.com\\\/no\\\/produkt\\\/dental-guard-protect-2\\\/#primaryimage\"},\"image\":{\"@id\":\"https:\\\/\\\/beconfident.com\\\/no\\\/produkt\\\/dental-guard-protect-2\\\/#primaryimage\"},\"thumbnailUrl\":\"https:\\\/\\\/beconfident.com\\\/wp-content\\\/uploads\\\/2021\\\/01\\\/150301-Dental-Guard-Protect-and-storagebox.jpg\",\"datePublished\":\"2021-01-20T17:04:53+00:00\",\"dateModified\":\"2026-02-14T06:14:22+00:00\",\"breadcrumb\":{\"@id\":\"https:\\\/\\\/beconfident.com\\\/no\\\/produkt\\\/dental-guard-protect-2\\\/#breadcrumb\"},\"inLanguage\":\"nb-NO\",\"potentialAction\":[{\"@type\":\"ReadAction\",\"target\":[\"https:\\\/\\\/beconfident.com\\\/no\\\/produkt\\\/dental-guard-protect-2\\\/\"]}]},{\"@type\":\"ImageObject\",\"inLanguage\":\"nb-NO\",\"@id\":\"https:\\\/\\\/beconfident.com\\\/no\\\/produkt\\\/dental-guard-protect-2\\\/#primaryimage\",\"url\":\"https:\\\/\\\/beconfident.com\\\/wp-content\\\/uploads\\\/2021\\\/01\\\/150301-Dental-Guard-Protect-and-storagebox.jpg\",\"contentUrl\":\"https:\\\/\\\/beconfident.com\\\/wp-content\\\/uploads\\\/2021\\\/01\\\/150301-Dental-Guard-Protect-and-storagebox.jpg\",\"width\":1276,\"height\":1417,\"caption\":\"150301 Dental Guard Protect and storagebox\"},{\"@type\":\"BreadcrumbList\",\"@id\":\"https:\\\/\\\/beconfident.com\\\/no\\\/produkt\\\/dental-guard-protect-2\\\/#breadcrumb\",\"itemListElement\":[{\"@type\":\"ListItem\",\"position\":1,\"name\":\"Hem\",\"item\":\"https:\\\/\\\/beconfident.com\\\/no\\\/\"},{\"@type\":\"ListItem\",\"position\":2,\"name\":\"Webbutik\",\"item\":\"https:\\\/\\\/beconfident.com\\\/no\\\/webbutik\\\/\"},{\"@type\":\"ListItem\",\"position\":3,\"name\":\"DENTAL GUARD PROTECT\"}]},{\"@type\":\"WebSite\",\"@id\":\"https:\\\/\\\/beconfident.com\\\/lv\\\/#website\",\"url\":\"https:\\\/\\\/beconfident.com\\\/lv\\\/\",\"name\":\"Beconfident\",\"description\":\"\",\"potentialAction\":[{\"@type\":\"SearchAction\",\"target\":{\"@type\":\"EntryPoint\",\"urlTemplate\":\"https:\\\/\\\/beconfident.com\\\/lv\\\/?s={search_term_string}\"},\"query-input\":{\"@type\":\"PropertyValueSpecification\",\"valueRequired\":true,\"valueName\":\"search_term_string\"}}],\"inLanguage\":\"nb-NO\"}]}<\/script>\n<!-- \/ Yoast SEO plugin. -->","yoast_head_json":{"title":"DENTAL GUARD PROTECT - Beconfident","robots":{"index":"index","follow":"follow","max-snippet":"max-snippet:-1","max-image-preview":"max-image-preview:large","max-video-preview":"max-video-preview:-1"},"canonical":"https:\/\/beconfident.com\/no\/produkt\/dental-guard-protect-2\/","og_locale":"nb_NO","og_type":"article","og_title":"DENTAL GUARD PROTECT - Beconfident","og_description":"Brukervennlig munnbeskytter for bruksisme \/ tannsliping.","og_url":"https:\/\/beconfident.com\/no\/produkt\/dental-guard-protect-2\/","og_site_name":"Beconfident","article_modified_time":"2026-02-14T06:14:22+00:00","og_image":[{"width":1276,"height":1417,"url":"https:\/\/beconfident.com\/wp-content\/uploads\/2021\/01\/150301-Dental-Guard-Protect-and-storagebox.jpg","type":"image\/jpeg"}],"twitter_card":"summary_large_image","twitter_misc":{"Ansl. lesetid":"1 minutt"},"schema":{"@context":"https:\/\/schema.org","@graph":[{"@type":"WebPage","@id":"https:\/\/beconfident.com\/no\/produkt\/dental-guard-protect-2\/","url":"https:\/\/beconfident.com\/no\/produkt\/dental-guard-protect-2\/","name":"DENTAL GUARD PROTECT - Beconfident","isPartOf":{"@id":"https:\/\/beconfident.com\/lv\/#website"},"primaryImageOfPage":{"@id":"https:\/\/beconfident.com\/no\/produkt\/dental-guard-protect-2\/#primaryimage"},"image":{"@id":"https:\/\/beconfident.com\/no\/produkt\/dental-guard-protect-2\/#primaryimage"},"thumbnailUrl":"https:\/\/beconfident.com\/wp-content\/uploads\/2021\/01\/150301-Dental-Guard-Protect-and-storagebox.jpg","datePublished":"2021-01-20T17:04:53+00:00","dateModified":"2026-02-14T06:14:22+00:00","breadcrumb":{"@id":"https:\/\/beconfident.com\/no\/produkt\/dental-guard-protect-2\/#breadcrumb"},"inLanguage":"nb-NO","potentialAction":[{"@type":"ReadAction","target":["https:\/\/beconfident.com\/no\/produkt\/dental-guard-protect-2\/"]}]},{"@type":"ImageObject","inLanguage":"nb-NO","@id":"https:\/\/beconfident.com\/no\/produkt\/dental-guard-protect-2\/#primaryimage","url":"https:\/\/beconfident.com\/wp-content\/uploads\/2021\/01\/150301-Dental-Guard-Protect-and-storagebox.jpg","contentUrl":"https:\/\/beconfident.com\/wp-content\/uploads\/2021\/01\/150301-Dental-Guard-Protect-and-storagebox.jpg","width":1276,"height":1417,"caption":"150301 Dental Guard Protect and storagebox"},{"@type":"BreadcrumbList","@id":"https:\/\/beconfident.com\/no\/produkt\/dental-guard-protect-2\/#breadcrumb","itemListElement":[{"@type":"ListItem","position":1,"name":"Hem","item":"https:\/\/beconfident.com\/no\/"},{"@type":"ListItem","position":2,"name":"Webbutik","item":"https:\/\/beconfident.com\/no\/webbutik\/"},{"@type":"ListItem","position":3,"name":"DENTAL GUARD PROTECT"}]},{"@type":"WebSite","@id":"https:\/\/beconfident.com\/lv\/#website","url":"https:\/\/beconfident.com\/lv\/","name":"Beconfident","description":"","potentialAction":[{"@type":"SearchAction","target":{"@type":"EntryPoint","urlTemplate":"https:\/\/beconfident.com\/lv\/?s={search_term_string}"},"query-input":{"@type":"PropertyValueSpecification","valueRequired":true,"valueName":"search_term_string"}}],"inLanguage":"nb-NO"}]}},"_links":{"self":[{"href":"https:\/\/beconfident.com\/no\/wp-json\/wp\/v2\/product\/7676","targetHints":{"allow":["GET"]}}],"collection":[{"href":"https:\/\/beconfident.com\/no\/wp-json\/wp\/v2\/product"}],"about":[{"href":"https:\/\/beconfident.com\/no\/wp-json\/wp\/v2\/types\/product"}],"replies":[{"embeddable":true,"href":"https:\/\/beconfident.com\/no\/wp-json\/wp\/v2\/comments?post=7676"}],"wp:featuredmedia":[{"embeddable":true,"href":"https:\/\/beconfident.com\/no\/wp-json\/wp\/v2\/media\/60558"}],"wp:attachment":[{"href":"https:\/\/beconfident.com\/no\/wp-json\/wp\/v2\/media?parent=7676"}],"wp:term":[{"taxonomy":"product_brand","embeddable":true,"href":"https:\/\/beconfident.com\/no\/wp-json\/wp\/v2\/product_brand?post=7676"},{"taxonomy":"product_cat","embeddable":true,"href":"https:\/\/beconfident.com\/no\/wp-json\/wp\/v2\/product_cat?post=7676"},{"taxonomy":"product_tag","embeddable":true,"href":"https:\/\/beconfident.com\/no\/wp-json\/wp\/v2\/product_tag?post=7676"}],"curies":[{"name":"wp","href":"https:\/\/api.w.org\/{rel}","templated":true}]}}