{"id":7611,"date":"2021-01-11T10:04:26","date_gmt":"2021-01-11T09:04:26","guid":{"rendered":"https:\/\/beconfident.simplesmile.hemsida.eu\/produkt\/tooth-gloss-mint-10-ml\/"},"modified":"2025-01-10T12:40:03","modified_gmt":"2025-01-10T11:40:03","slug":"tooth-gloss-mint-10-ml","status":"publish","type":"product","link":"https:\/\/beconfident.com\/no\/produkt\/tooth-gloss-mint-10-ml\/","title":{"rendered":"TANNGLANS MINT 10 ML"},"content":{"rendered":"<p>Med Beconfident\u00ae tannglans f\u00e5r tennene en fantastisk glans takket v\u00e6re en patentert formel. Tannkremen gir ikke bare et vakkert smil, den beskytter ogs\u00e5 tennene effektivt mot farget drikke og misfarging og er derfor utmerket som beskyttelse etter tannbleking. Beconfident tannkrem kan brukes daglig eller til anledninger n\u00e5r du vil vise frem ditt beste smil.<\/p>\n<p>P\u00e5f\u00f8ring: for voksne og barn over 12 \u00e5r: P\u00e5f\u00f8r en tynn tannglansstreng p\u00e5 tannb\u00f8rsten og b\u00f8rst normalt etter behov for best resultat. Produktet kan ogs\u00e5 p\u00e5f\u00f8res med fingertuppene. Pakken inneholder 1 x tannglans (10 ml) og bruksanvisning.<\/p>\n","protected":false},"excerpt":{"rendered":"<p>Tannkrem som effektivt beskytter tennene mot misfarging og gir tennene en vakker glans.<\/p>\n","protected":false},"featured_media":714,"comment_status":"open","ping_status":"closed","template":"","meta":{"_acf_changed":false,"inline_featured_image":false,"_monsterinsights_skip_tracking":false,"_monsterinsights_sitenote_active":false,"_monsterinsights_sitenote_note":"","_monsterinsights_sitenote_category":0},"product_brand":[],"product_cat":[737,174],"product_tag":[],"class_list":{"0":"post-7611","1":"product","2":"type-product","3":"status-publish","4":"has-post-thumbnail","6":"product_cat-all-products-no","7":"product_cat-underhall-no","9":"first","10":"instock","11":"taxable","12":"shipping-taxable","13":"purchasable","14":"product-type-simple"},"acf":[],"shsp-ext":{"main":{},"variations":[]},"yoast_head":"<!-- This site is optimized with the Yoast SEO plugin v27.2 - https:\/\/yoast.com\/product\/yoast-seo-wordpress\/ -->\n<title>TANNGLANS MINT 10 ML - Beconfident<\/title>\n<meta name=\"robots\" content=\"index, follow, max-snippet:-1, max-image-preview:large, max-video-preview:-1\" \/>\n<link rel=\"canonical\" href=\"https:\/\/beconfident.com\/no\/produkt\/tooth-gloss-mint-10-ml\/\" \/>\n<meta property=\"og:locale\" content=\"nb_NO\" \/>\n<meta property=\"og:type\" content=\"article\" \/>\n<meta property=\"og:title\" content=\"TANNGLANS MINT 10 ML - Beconfident\" \/>\n<meta property=\"og:description\" content=\"Tannkrem som effektivt beskytter tennene mot misfarging og gir tennene en vakker glans.\" \/>\n<meta property=\"og:url\" content=\"https:\/\/beconfident.com\/no\/produkt\/tooth-gloss-mint-10-ml\/\" \/>\n<meta property=\"og:site_name\" content=\"Beconfident\" \/>\n<meta property=\"article:modified_time\" content=\"2025-01-10T11:40:03+00:00\" \/>\n<meta property=\"og:image\" content=\"https:\/\/beconfident.com\/wp-content\/uploads\/2021\/01\/140198-Tooth-Gloss-Mint-10ml.jpg\" \/>\n\t<meta property=\"og:image:width\" content=\"700\" \/>\n\t<meta property=\"og:image:height\" content=\"700\" \/>\n\t<meta property=\"og:image:type\" content=\"image\/jpeg\" \/>\n<meta name=\"twitter:card\" content=\"summary_large_image\" \/>\n<script type=\"application\/ld+json\" class=\"yoast-schema-graph\">{\"@context\":\"https:\/\/schema.org\",\"@graph\":[{\"@type\":\"WebPage\",\"@id\":\"https:\/\/beconfident.com\/no\/produkt\/tooth-gloss-mint-10-ml\/\",\"url\":\"https:\/\/beconfident.com\/no\/produkt\/tooth-gloss-mint-10-ml\/\",\"name\":\"TANNGLANS MINT 10 ML - Beconfident\",\"isPartOf\":{\"@id\":\"https:\/\/beconfident.com\/lv\/#website\"},\"primaryImageOfPage\":{\"@id\":\"https:\/\/beconfident.com\/no\/produkt\/tooth-gloss-mint-10-ml\/#primaryimage\"},\"image\":{\"@id\":\"https:\/\/beconfident.com\/no\/produkt\/tooth-gloss-mint-10-ml\/#primaryimage\"},\"thumbnailUrl\":\"https:\/\/beconfident.com\/wp-content\/uploads\/2021\/01\/140198-Tooth-Gloss-Mint-10ml.jpg\",\"datePublished\":\"2021-01-11T09:04:26+00:00\",\"dateModified\":\"2025-01-10T11:40:03+00:00\",\"breadcrumb\":{\"@id\":\"https:\/\/beconfident.com\/no\/produkt\/tooth-gloss-mint-10-ml\/#breadcrumb\"},\"inLanguage\":\"nb-NO\",\"potentialAction\":[{\"@type\":\"ReadAction\",\"target\":[\"https:\/\/beconfident.com\/no\/produkt\/tooth-gloss-mint-10-ml\/\"]}]},{\"@type\":\"ImageObject\",\"inLanguage\":\"nb-NO\",\"@id\":\"https:\/\/beconfident.com\/no\/produkt\/tooth-gloss-mint-10-ml\/#primaryimage\",\"url\":\"https:\/\/beconfident.com\/wp-content\/uploads\/2021\/01\/140198-Tooth-Gloss-Mint-10ml.jpg\",\"contentUrl\":\"https:\/\/beconfident.com\/wp-content\/uploads\/2021\/01\/140198-Tooth-Gloss-Mint-10ml.jpg\",\"width\":700,\"height\":700,\"caption\":\"140198 Tooth Gloss Mint 10ml\"},{\"@type\":\"BreadcrumbList\",\"@id\":\"https:\/\/beconfident.com\/no\/produkt\/tooth-gloss-mint-10-ml\/#breadcrumb\",\"itemListElement\":[{\"@type\":\"ListItem\",\"position\":1,\"name\":\"Hem\",\"item\":\"https:\/\/beconfident.com\/no\/\"},{\"@type\":\"ListItem\",\"position\":2,\"name\":\"Webbutik\",\"item\":\"https:\/\/beconfident.com\/no\/webbutik\/\"},{\"@type\":\"ListItem\",\"position\":3,\"name\":\"TANNGLANS MINT 10 ML\"}]},{\"@type\":\"WebSite\",\"@id\":\"https:\/\/beconfident.com\/lv\/#website\",\"url\":\"https:\/\/beconfident.com\/lv\/\",\"name\":\"Beconfident\",\"description\":\"\",\"potentialAction\":[{\"@type\":\"SearchAction\",\"target\":{\"@type\":\"EntryPoint\",\"urlTemplate\":\"https:\/\/beconfident.com\/lv\/?s={search_term_string}\"},\"query-input\":{\"@type\":\"PropertyValueSpecification\",\"valueRequired\":true,\"valueName\":\"search_term_string\"}}],\"inLanguage\":\"nb-NO\"}]}<\/script>\n<!-- \/ Yoast SEO plugin. -->","yoast_head_json":{"title":"TANNGLANS MINT 10 ML - Beconfident","robots":{"index":"index","follow":"follow","max-snippet":"max-snippet:-1","max-image-preview":"max-image-preview:large","max-video-preview":"max-video-preview:-1"},"canonical":"https:\/\/beconfident.com\/no\/produkt\/tooth-gloss-mint-10-ml\/","og_locale":"nb_NO","og_type":"article","og_title":"TANNGLANS MINT 10 ML - Beconfident","og_description":"Tannkrem som effektivt beskytter tennene mot misfarging og gir tennene en vakker glans.","og_url":"https:\/\/beconfident.com\/no\/produkt\/tooth-gloss-mint-10-ml\/","og_site_name":"Beconfident","article_modified_time":"2025-01-10T11:40:03+00:00","og_image":[{"width":700,"height":700,"url":"https:\/\/beconfident.com\/wp-content\/uploads\/2021\/01\/140198-Tooth-Gloss-Mint-10ml.jpg","type":"image\/jpeg"}],"twitter_card":"summary_large_image","schema":{"@context":"https:\/\/schema.org","@graph":[{"@type":"WebPage","@id":"https:\/\/beconfident.com\/no\/produkt\/tooth-gloss-mint-10-ml\/","url":"https:\/\/beconfident.com\/no\/produkt\/tooth-gloss-mint-10-ml\/","name":"TANNGLANS MINT 10 ML - Beconfident","isPartOf":{"@id":"https:\/\/beconfident.com\/lv\/#website"},"primaryImageOfPage":{"@id":"https:\/\/beconfident.com\/no\/produkt\/tooth-gloss-mint-10-ml\/#primaryimage"},"image":{"@id":"https:\/\/beconfident.com\/no\/produkt\/tooth-gloss-mint-10-ml\/#primaryimage"},"thumbnailUrl":"https:\/\/beconfident.com\/wp-content\/uploads\/2021\/01\/140198-Tooth-Gloss-Mint-10ml.jpg","datePublished":"2021-01-11T09:04:26+00:00","dateModified":"2025-01-10T11:40:03+00:00","breadcrumb":{"@id":"https:\/\/beconfident.com\/no\/produkt\/tooth-gloss-mint-10-ml\/#breadcrumb"},"inLanguage":"nb-NO","potentialAction":[{"@type":"ReadAction","target":["https:\/\/beconfident.com\/no\/produkt\/tooth-gloss-mint-10-ml\/"]}]},{"@type":"ImageObject","inLanguage":"nb-NO","@id":"https:\/\/beconfident.com\/no\/produkt\/tooth-gloss-mint-10-ml\/#primaryimage","url":"https:\/\/beconfident.com\/wp-content\/uploads\/2021\/01\/140198-Tooth-Gloss-Mint-10ml.jpg","contentUrl":"https:\/\/beconfident.com\/wp-content\/uploads\/2021\/01\/140198-Tooth-Gloss-Mint-10ml.jpg","width":700,"height":700,"caption":"140198 Tooth Gloss Mint 10ml"},{"@type":"BreadcrumbList","@id":"https:\/\/beconfident.com\/no\/produkt\/tooth-gloss-mint-10-ml\/#breadcrumb","itemListElement":[{"@type":"ListItem","position":1,"name":"Hem","item":"https:\/\/beconfident.com\/no\/"},{"@type":"ListItem","position":2,"name":"Webbutik","item":"https:\/\/beconfident.com\/no\/webbutik\/"},{"@type":"ListItem","position":3,"name":"TANNGLANS MINT 10 ML"}]},{"@type":"WebSite","@id":"https:\/\/beconfident.com\/lv\/#website","url":"https:\/\/beconfident.com\/lv\/","name":"Beconfident","description":"","potentialAction":[{"@type":"SearchAction","target":{"@type":"EntryPoint","urlTemplate":"https:\/\/beconfident.com\/lv\/?s={search_term_string}"},"query-input":{"@type":"PropertyValueSpecification","valueRequired":true,"valueName":"search_term_string"}}],"inLanguage":"nb-NO"}]}},"_links":{"self":[{"href":"https:\/\/beconfident.com\/no\/wp-json\/wp\/v2\/product\/7611","targetHints":{"allow":["GET"]}}],"collection":[{"href":"https:\/\/beconfident.com\/no\/wp-json\/wp\/v2\/product"}],"about":[{"href":"https:\/\/beconfident.com\/no\/wp-json\/wp\/v2\/types\/product"}],"replies":[{"embeddable":true,"href":"https:\/\/beconfident.com\/no\/wp-json\/wp\/v2\/comments?post=7611"}],"wp:featuredmedia":[{"embeddable":true,"href":"https:\/\/beconfident.com\/no\/wp-json\/wp\/v2\/media\/714"}],"wp:attachment":[{"href":"https:\/\/beconfident.com\/no\/wp-json\/wp\/v2\/media?parent=7611"}],"wp:term":[{"taxonomy":"product_brand","embeddable":true,"href":"https:\/\/beconfident.com\/no\/wp-json\/wp\/v2\/product_brand?post=7611"},{"taxonomy":"product_cat","embeddable":true,"href":"https:\/\/beconfident.com\/no\/wp-json\/wp\/v2\/product_cat?post=7611"},{"taxonomy":"product_tag","embeddable":true,"href":"https:\/\/beconfident.com\/no\/wp-json\/wp\/v2\/product_tag?post=7611"}],"curies":[{"name":"wp","href":"https:\/\/api.w.org\/{rel}","templated":true}]}}