{"id":7582,"date":"2021-01-11T10:04:26","date_gmt":"2021-01-11T09:04:26","guid":{"rendered":"https:\/\/beconfident.simplesmile.hemsida.eu\/produkt\/teeth-whitening-touch-up-pen\/"},"modified":"2026-03-18T23:05:18","modified_gmt":"2026-03-18T22:05:18","slug":"teeth-whitening-touch-up-pen","status":"publish","type":"product","link":"https:\/\/beconfident.com\/no\/produkt\/teeth-whitening-touch-up-pen\/","title":{"rendered":"TANNBLEKING TOUCH-UP PEN 2 ML"},"content":{"rendered":"<p>Beconfident\u00ae Touch-Up rengj\u00f8ringspenn er egnet for rengj\u00f8ring av tennene n\u00e5r du er p\u00e5 farten, eller n\u00e5r du trenger en rask bleking. Blekepennen fjerner flekker fra mange skyldige, inkludert farget mat, drikke og r\u00f8yking. Beconfident-pennen p\u00e5f\u00f8res tennene ved hjelp av b\u00f8rsten, noe som gj\u00f8r det til det perfekte blekningsverkt\u00f8yet for \u00e5 m\u00e5lrette og fjerne flekker mellom tennene. Beconfident peroxide gratis tannbleking penn er perfekt for \u00e5 fjerne flekker mellom tennene, hjelper til med \u00e5 opprettholde blekede tenner etter bruk av Beconfident blekingssett eller \u00e5 bruke sammen med Beconfident bleking behandlinger. M\u00e5lrettet tannbleking for et vakkert forbedret, hvitere smil.<\/p>\n","protected":false},"excerpt":{"rendered":"<p>Enkel \u00e5 bruke komplement til Beconfident komplette tannblekingsett.<\/p>\n","protected":false},"featured_media":397,"comment_status":"open","ping_status":"closed","template":"","meta":{"_acf_changed":false,"inline_featured_image":false,"_monsterinsights_skip_tracking":false,"_monsterinsights_sitenote_active":false,"_monsterinsights_sitenote_note":"","_monsterinsights_sitenote_category":0},"product_brand":[],"product_cat":[737,174],"product_tag":[],"class_list":{"0":"post-7582","1":"product","2":"type-product","3":"status-publish","4":"has-post-thumbnail","6":"product_cat-all-products-no","7":"product_cat-underhall-no","9":"first","10":"instock","11":"taxable","12":"shipping-taxable","13":"purchasable","14":"product-type-simple"},"acf":[],"shsp-ext":{"main":{},"variations":[]},"yoast_head":"<!-- This site is optimized with the Yoast SEO plugin v27.2 - https:\/\/yoast.com\/product\/yoast-seo-wordpress\/ -->\n<title>TANNBLEKING TOUCH-UP PEN 2 ML - Beconfident<\/title>\n<meta name=\"robots\" content=\"index, follow, max-snippet:-1, max-image-preview:large, max-video-preview:-1\" \/>\n<link rel=\"canonical\" href=\"https:\/\/beconfident.com\/no\/produkt\/teeth-whitening-touch-up-pen\/\" \/>\n<meta property=\"og:locale\" content=\"nb_NO\" \/>\n<meta property=\"og:type\" content=\"article\" \/>\n<meta property=\"og:title\" content=\"TANNBLEKING TOUCH-UP PEN 2 ML - Beconfident\" \/>\n<meta property=\"og:description\" content=\"Enkel \u00e5 bruke komplement til Beconfident komplette tannblekingsett.\" \/>\n<meta property=\"og:url\" content=\"https:\/\/beconfident.com\/no\/produkt\/teeth-whitening-touch-up-pen\/\" \/>\n<meta property=\"og:site_name\" content=\"Beconfident\" \/>\n<meta property=\"article:modified_time\" content=\"2026-03-18T22:05:18+00:00\" \/>\n<meta property=\"og:image\" content=\"https:\/\/beconfident.com\/wp-content\/uploads\/2021\/01\/120298-Teeth-Whitening-Touch-Up-Pen-X1.jpg\" \/>\n\t<meta property=\"og:image:width\" content=\"1100\" \/>\n\t<meta property=\"og:image:height\" content=\"1417\" \/>\n\t<meta property=\"og:image:type\" content=\"image\/jpeg\" \/>\n<meta name=\"twitter:card\" content=\"summary_large_image\" \/>\n<meta name=\"twitter:label1\" content=\"Ansl. lesetid\" \/>\n\t<meta name=\"twitter:data1\" content=\"1 minutt\" \/>\n<script type=\"application\/ld+json\" class=\"yoast-schema-graph\">{\"@context\":\"https:\/\/schema.org\",\"@graph\":[{\"@type\":\"WebPage\",\"@id\":\"https:\/\/beconfident.com\/no\/produkt\/teeth-whitening-touch-up-pen\/\",\"url\":\"https:\/\/beconfident.com\/no\/produkt\/teeth-whitening-touch-up-pen\/\",\"name\":\"TANNBLEKING TOUCH-UP PEN 2 ML - Beconfident\",\"isPartOf\":{\"@id\":\"https:\/\/beconfident.com\/lv\/#website\"},\"primaryImageOfPage\":{\"@id\":\"https:\/\/beconfident.com\/no\/produkt\/teeth-whitening-touch-up-pen\/#primaryimage\"},\"image\":{\"@id\":\"https:\/\/beconfident.com\/no\/produkt\/teeth-whitening-touch-up-pen\/#primaryimage\"},\"thumbnailUrl\":\"https:\/\/beconfident.com\/wp-content\/uploads\/2021\/01\/120298-Teeth-Whitening-Touch-Up-Pen-X1.jpg\",\"datePublished\":\"2021-01-11T09:04:26+00:00\",\"dateModified\":\"2026-03-18T22:05:18+00:00\",\"breadcrumb\":{\"@id\":\"https:\/\/beconfident.com\/no\/produkt\/teeth-whitening-touch-up-pen\/#breadcrumb\"},\"inLanguage\":\"nb-NO\",\"potentialAction\":[{\"@type\":\"ReadAction\",\"target\":[\"https:\/\/beconfident.com\/no\/produkt\/teeth-whitening-touch-up-pen\/\"]}]},{\"@type\":\"ImageObject\",\"inLanguage\":\"nb-NO\",\"@id\":\"https:\/\/beconfident.com\/no\/produkt\/teeth-whitening-touch-up-pen\/#primaryimage\",\"url\":\"https:\/\/beconfident.com\/wp-content\/uploads\/2021\/01\/120298-Teeth-Whitening-Touch-Up-Pen-X1.jpg\",\"contentUrl\":\"https:\/\/beconfident.com\/wp-content\/uploads\/2021\/01\/120298-Teeth-Whitening-Touch-Up-Pen-X1.jpg\",\"width\":1100,\"height\":1417,\"caption\":\"120298 Teeth Whitening Touch Up Pen X1\"},{\"@type\":\"BreadcrumbList\",\"@id\":\"https:\/\/beconfident.com\/no\/produkt\/teeth-whitening-touch-up-pen\/#breadcrumb\",\"itemListElement\":[{\"@type\":\"ListItem\",\"position\":1,\"name\":\"Hem\",\"item\":\"https:\/\/beconfident.com\/no\/\"},{\"@type\":\"ListItem\",\"position\":2,\"name\":\"Webbutik\",\"item\":\"https:\/\/beconfident.com\/no\/webbutik\/\"},{\"@type\":\"ListItem\",\"position\":3,\"name\":\"TANNBLEKING TOUCH-UP PEN 2 ML\"}]},{\"@type\":\"WebSite\",\"@id\":\"https:\/\/beconfident.com\/lv\/#website\",\"url\":\"https:\/\/beconfident.com\/lv\/\",\"name\":\"Beconfident\",\"description\":\"\",\"potentialAction\":[{\"@type\":\"SearchAction\",\"target\":{\"@type\":\"EntryPoint\",\"urlTemplate\":\"https:\/\/beconfident.com\/lv\/?s={search_term_string}\"},\"query-input\":{\"@type\":\"PropertyValueSpecification\",\"valueRequired\":true,\"valueName\":\"search_term_string\"}}],\"inLanguage\":\"nb-NO\"}]}<\/script>\n<!-- \/ Yoast SEO plugin. -->","yoast_head_json":{"title":"TANNBLEKING TOUCH-UP PEN 2 ML - Beconfident","robots":{"index":"index","follow":"follow","max-snippet":"max-snippet:-1","max-image-preview":"max-image-preview:large","max-video-preview":"max-video-preview:-1"},"canonical":"https:\/\/beconfident.com\/no\/produkt\/teeth-whitening-touch-up-pen\/","og_locale":"nb_NO","og_type":"article","og_title":"TANNBLEKING TOUCH-UP PEN 2 ML - Beconfident","og_description":"Enkel \u00e5 bruke komplement til Beconfident komplette tannblekingsett.","og_url":"https:\/\/beconfident.com\/no\/produkt\/teeth-whitening-touch-up-pen\/","og_site_name":"Beconfident","article_modified_time":"2026-03-18T22:05:18+00:00","og_image":[{"width":1100,"height":1417,"url":"https:\/\/beconfident.com\/wp-content\/uploads\/2021\/01\/120298-Teeth-Whitening-Touch-Up-Pen-X1.jpg","type":"image\/jpeg"}],"twitter_card":"summary_large_image","twitter_misc":{"Ansl. lesetid":"1 minutt"},"schema":{"@context":"https:\/\/schema.org","@graph":[{"@type":"WebPage","@id":"https:\/\/beconfident.com\/no\/produkt\/teeth-whitening-touch-up-pen\/","url":"https:\/\/beconfident.com\/no\/produkt\/teeth-whitening-touch-up-pen\/","name":"TANNBLEKING TOUCH-UP PEN 2 ML - Beconfident","isPartOf":{"@id":"https:\/\/beconfident.com\/lv\/#website"},"primaryImageOfPage":{"@id":"https:\/\/beconfident.com\/no\/produkt\/teeth-whitening-touch-up-pen\/#primaryimage"},"image":{"@id":"https:\/\/beconfident.com\/no\/produkt\/teeth-whitening-touch-up-pen\/#primaryimage"},"thumbnailUrl":"https:\/\/beconfident.com\/wp-content\/uploads\/2021\/01\/120298-Teeth-Whitening-Touch-Up-Pen-X1.jpg","datePublished":"2021-01-11T09:04:26+00:00","dateModified":"2026-03-18T22:05:18+00:00","breadcrumb":{"@id":"https:\/\/beconfident.com\/no\/produkt\/teeth-whitening-touch-up-pen\/#breadcrumb"},"inLanguage":"nb-NO","potentialAction":[{"@type":"ReadAction","target":["https:\/\/beconfident.com\/no\/produkt\/teeth-whitening-touch-up-pen\/"]}]},{"@type":"ImageObject","inLanguage":"nb-NO","@id":"https:\/\/beconfident.com\/no\/produkt\/teeth-whitening-touch-up-pen\/#primaryimage","url":"https:\/\/beconfident.com\/wp-content\/uploads\/2021\/01\/120298-Teeth-Whitening-Touch-Up-Pen-X1.jpg","contentUrl":"https:\/\/beconfident.com\/wp-content\/uploads\/2021\/01\/120298-Teeth-Whitening-Touch-Up-Pen-X1.jpg","width":1100,"height":1417,"caption":"120298 Teeth Whitening Touch Up Pen X1"},{"@type":"BreadcrumbList","@id":"https:\/\/beconfident.com\/no\/produkt\/teeth-whitening-touch-up-pen\/#breadcrumb","itemListElement":[{"@type":"ListItem","position":1,"name":"Hem","item":"https:\/\/beconfident.com\/no\/"},{"@type":"ListItem","position":2,"name":"Webbutik","item":"https:\/\/beconfident.com\/no\/webbutik\/"},{"@type":"ListItem","position":3,"name":"TANNBLEKING TOUCH-UP PEN 2 ML"}]},{"@type":"WebSite","@id":"https:\/\/beconfident.com\/lv\/#website","url":"https:\/\/beconfident.com\/lv\/","name":"Beconfident","description":"","potentialAction":[{"@type":"SearchAction","target":{"@type":"EntryPoint","urlTemplate":"https:\/\/beconfident.com\/lv\/?s={search_term_string}"},"query-input":{"@type":"PropertyValueSpecification","valueRequired":true,"valueName":"search_term_string"}}],"inLanguage":"nb-NO"}]}},"_links":{"self":[{"href":"https:\/\/beconfident.com\/no\/wp-json\/wp\/v2\/product\/7582","targetHints":{"allow":["GET"]}}],"collection":[{"href":"https:\/\/beconfident.com\/no\/wp-json\/wp\/v2\/product"}],"about":[{"href":"https:\/\/beconfident.com\/no\/wp-json\/wp\/v2\/types\/product"}],"replies":[{"embeddable":true,"href":"https:\/\/beconfident.com\/no\/wp-json\/wp\/v2\/comments?post=7582"}],"wp:featuredmedia":[{"embeddable":true,"href":"https:\/\/beconfident.com\/no\/wp-json\/wp\/v2\/media\/397"}],"wp:attachment":[{"href":"https:\/\/beconfident.com\/no\/wp-json\/wp\/v2\/media?parent=7582"}],"wp:term":[{"taxonomy":"product_brand","embeddable":true,"href":"https:\/\/beconfident.com\/no\/wp-json\/wp\/v2\/product_brand?post=7582"},{"taxonomy":"product_cat","embeddable":true,"href":"https:\/\/beconfident.com\/no\/wp-json\/wp\/v2\/product_cat?post=7582"},{"taxonomy":"product_tag","embeddable":true,"href":"https:\/\/beconfident.com\/no\/wp-json\/wp\/v2\/product_tag?post=7582"}],"curies":[{"name":"wp","href":"https:\/\/api.w.org\/{rel}","templated":true}]}}