{"id":7416,"date":"2021-01-11T10:04:26","date_gmt":"2021-01-11T09:04:26","guid":{"rendered":"https:\/\/beconfident.simplesmile.hemsida.eu\/produkt\/teeth-whitening-x4-pro-kit\/"},"modified":"2026-04-14T22:12:05","modified_gmt":"2026-04-14T20:12:05","slug":"teeth-whitening-x4-pro-kit","status":"publish","type":"product","link":"https:\/\/beconfident.com\/no\/produkt\/teeth-whitening-x4-pro-kit\/","title":{"rendered":"TANNBLEKING X4 PRO KIT"},"content":{"rendered":"<p>Beconfident\u00ae Pro Kit er v\u00e5rt mest effektive tannblekingssett for maksimale resultater. Tannblekningsgelen inneholder fire aktive ingredienser, PAP (\u03b5-ftalimidoperoksyheksansyre) + natriumbikarbonat + kokosn\u00f8tsulfat, som fungerer sammen for \u00e5 gi best mulige hviteresultater uten hydrogenperoksid. Den fjerde ingrediensen, jernholdig glukonat, kan aktiveres med Beconfident\u00ae LED Booster Light for \u00e5 forbedre effekten av tannbleking med en annen nyanse. Pro Kit inkluderer en Protect and Repair-behandling, en reparasjonsgel som reduserer f\u00f8lsomheten til tennene etter hver behandling og hjelper til med \u00e5 reparere liten emaljeskade og styrke og beskytte emaljen p\u00e5 lang sikt. Pakken inneholder Pro Kit tannblekningsgel (10 ml), Protect &amp; Repair etterbehandlingsgel (10 ml), to formbare munnskinne, gelapplikator, skyggelinje og bruksanvisning.<\/p>\n","protected":false},"excerpt":{"rendered":"<p>Opptil 7 nyanser hvitere tenner p\u00e5 10 dager + en ny nyanse hvitere n\u00e5r den brukes med LED Booster Light<\/p>\n","protected":false},"featured_media":55853,"comment_status":"open","ping_status":"closed","template":"","meta":{"_acf_changed":false,"inline_featured_image":false,"_monsterinsights_skip_tracking":false,"_monsterinsights_sitenote_active":false,"_monsterinsights_sitenote_note":"","_monsterinsights_sitenote_category":0},"product_brand":[],"product_cat":[737,364,82],"product_tag":[],"class_list":{"0":"post-7416","1":"product","2":"type-product","3":"status-publish","4":"has-post-thumbnail","6":"product_cat-all-products-no","7":"product_cat-tannbleking","8":"product_cat-tannbleking-kit","10":"first","11":"instock","12":"featured","13":"taxable","14":"shipping-taxable","15":"purchasable","16":"product-type-simple"},"acf":[],"shsp-ext":{"main":{},"variations":[]},"yoast_head":"<!-- This site is optimized with the Yoast SEO plugin v27.2 - https:\/\/yoast.com\/product\/yoast-seo-wordpress\/ -->\n<title>TANNBLEKING X4 PRO KIT - Beconfident<\/title>\n<meta name=\"robots\" content=\"index, follow, max-snippet:-1, max-image-preview:large, max-video-preview:-1\" \/>\n<link rel=\"canonical\" href=\"https:\/\/beconfident.com\/sv\/produkt\/teeth-whitening-x4-pro-kit\/\" \/>\n<meta property=\"og:locale\" content=\"nb_NO\" \/>\n<meta property=\"og:type\" content=\"article\" \/>\n<meta property=\"og:title\" content=\"TANNBLEKING X4 PRO KIT - Beconfident\" \/>\n<meta property=\"og:description\" content=\"Opptil 7 nyanser hvitere tenner p\u00e5 10 dager + en ny nyanse hvitere n\u00e5r den brukes med LED Booster Light\" \/>\n<meta property=\"og:url\" content=\"https:\/\/beconfident.com\/sv\/produkt\/teeth-whitening-x4-pro-kit\/\" \/>\n<meta property=\"og:site_name\" content=\"Beconfident\" \/>\n<meta property=\"article:modified_time\" content=\"2026-04-14T20:12:05+00:00\" \/>\n<meta property=\"og:image\" content=\"https:\/\/beconfident.com\/wp-content\/uploads\/2021\/01\/X4-pro-kit-with-badge-2.jpg\" \/>\n\t<meta property=\"og:image:width\" content=\"2000\" \/>\n\t<meta property=\"og:image:height\" content=\"2000\" \/>\n\t<meta property=\"og:image:type\" content=\"image\/jpeg\" \/>\n<meta name=\"twitter:card\" content=\"summary_large_image\" \/>\n<meta name=\"twitter:label1\" content=\"Ansl. lesetid\" \/>\n\t<meta name=\"twitter:data1\" content=\"1 minutt\" \/>\n<script type=\"application\/ld+json\" class=\"yoast-schema-graph\">{\"@context\":\"https:\/\/schema.org\",\"@graph\":[{\"@type\":\"WebPage\",\"@id\":\"https:\/\/beconfident.com\/sv\/produkt\/teeth-whitening-x4-pro-kit\/\",\"url\":\"https:\/\/beconfident.com\/sv\/produkt\/teeth-whitening-x4-pro-kit\/\",\"name\":\"TANNBLEKING X4 PRO KIT - Beconfident\",\"isPartOf\":{\"@id\":\"https:\/\/beconfident.com\/lv\/#website\"},\"primaryImageOfPage\":{\"@id\":\"https:\/\/beconfident.com\/sv\/produkt\/teeth-whitening-x4-pro-kit\/#primaryimage\"},\"image\":{\"@id\":\"https:\/\/beconfident.com\/sv\/produkt\/teeth-whitening-x4-pro-kit\/#primaryimage\"},\"thumbnailUrl\":\"https:\/\/beconfident.com\/wp-content\/uploads\/2021\/01\/X4-pro-kit-with-badge-2.jpg\",\"datePublished\":\"2021-01-11T09:04:26+00:00\",\"dateModified\":\"2026-04-14T20:12:05+00:00\",\"breadcrumb\":{\"@id\":\"https:\/\/beconfident.com\/sv\/produkt\/teeth-whitening-x4-pro-kit\/#breadcrumb\"},\"inLanguage\":\"nb-NO\",\"potentialAction\":[{\"@type\":\"ReadAction\",\"target\":[\"https:\/\/beconfident.com\/sv\/produkt\/teeth-whitening-x4-pro-kit\/\"]}]},{\"@type\":\"ImageObject\",\"inLanguage\":\"nb-NO\",\"@id\":\"https:\/\/beconfident.com\/sv\/produkt\/teeth-whitening-x4-pro-kit\/#primaryimage\",\"url\":\"https:\/\/beconfident.com\/wp-content\/uploads\/2021\/01\/X4-pro-kit-with-badge-2.jpg\",\"contentUrl\":\"https:\/\/beconfident.com\/wp-content\/uploads\/2021\/01\/X4-pro-kit-with-badge-2.jpg\",\"width\":2000,\"height\":2000},{\"@type\":\"BreadcrumbList\",\"@id\":\"https:\/\/beconfident.com\/sv\/produkt\/teeth-whitening-x4-pro-kit\/#breadcrumb\",\"itemListElement\":[{\"@type\":\"ListItem\",\"position\":1,\"name\":\"Hem\",\"item\":\"https:\/\/beconfident.com\/no\/\"},{\"@type\":\"ListItem\",\"position\":2,\"name\":\"Webbutik\",\"item\":\"https:\/\/beconfident.com\/no\/webbutik\/\"},{\"@type\":\"ListItem\",\"position\":3,\"name\":\"TANNBLEKING X4 PRO KIT\"}]},{\"@type\":\"WebSite\",\"@id\":\"https:\/\/beconfident.com\/lv\/#website\",\"url\":\"https:\/\/beconfident.com\/lv\/\",\"name\":\"Beconfident\",\"description\":\"\",\"potentialAction\":[{\"@type\":\"SearchAction\",\"target\":{\"@type\":\"EntryPoint\",\"urlTemplate\":\"https:\/\/beconfident.com\/lv\/?s={search_term_string}\"},\"query-input\":{\"@type\":\"PropertyValueSpecification\",\"valueRequired\":true,\"valueName\":\"search_term_string\"}}],\"inLanguage\":\"nb-NO\"}]}<\/script>\n<!-- \/ Yoast SEO plugin. -->","yoast_head_json":{"title":"TANNBLEKING X4 PRO KIT - Beconfident","robots":{"index":"index","follow":"follow","max-snippet":"max-snippet:-1","max-image-preview":"max-image-preview:large","max-video-preview":"max-video-preview:-1"},"canonical":"https:\/\/beconfident.com\/sv\/produkt\/teeth-whitening-x4-pro-kit\/","og_locale":"nb_NO","og_type":"article","og_title":"TANNBLEKING X4 PRO KIT - Beconfident","og_description":"Opptil 7 nyanser hvitere tenner p\u00e5 10 dager + en ny nyanse hvitere n\u00e5r den brukes med LED Booster Light","og_url":"https:\/\/beconfident.com\/sv\/produkt\/teeth-whitening-x4-pro-kit\/","og_site_name":"Beconfident","article_modified_time":"2026-04-14T20:12:05+00:00","og_image":[{"width":2000,"height":2000,"url":"https:\/\/beconfident.com\/wp-content\/uploads\/2021\/01\/X4-pro-kit-with-badge-2.jpg","type":"image\/jpeg"}],"twitter_card":"summary_large_image","twitter_misc":{"Ansl. lesetid":"1 minutt"},"schema":{"@context":"https:\/\/schema.org","@graph":[{"@type":"WebPage","@id":"https:\/\/beconfident.com\/sv\/produkt\/teeth-whitening-x4-pro-kit\/","url":"https:\/\/beconfident.com\/sv\/produkt\/teeth-whitening-x4-pro-kit\/","name":"TANNBLEKING X4 PRO KIT - Beconfident","isPartOf":{"@id":"https:\/\/beconfident.com\/lv\/#website"},"primaryImageOfPage":{"@id":"https:\/\/beconfident.com\/sv\/produkt\/teeth-whitening-x4-pro-kit\/#primaryimage"},"image":{"@id":"https:\/\/beconfident.com\/sv\/produkt\/teeth-whitening-x4-pro-kit\/#primaryimage"},"thumbnailUrl":"https:\/\/beconfident.com\/wp-content\/uploads\/2021\/01\/X4-pro-kit-with-badge-2.jpg","datePublished":"2021-01-11T09:04:26+00:00","dateModified":"2026-04-14T20:12:05+00:00","breadcrumb":{"@id":"https:\/\/beconfident.com\/sv\/produkt\/teeth-whitening-x4-pro-kit\/#breadcrumb"},"inLanguage":"nb-NO","potentialAction":[{"@type":"ReadAction","target":["https:\/\/beconfident.com\/sv\/produkt\/teeth-whitening-x4-pro-kit\/"]}]},{"@type":"ImageObject","inLanguage":"nb-NO","@id":"https:\/\/beconfident.com\/sv\/produkt\/teeth-whitening-x4-pro-kit\/#primaryimage","url":"https:\/\/beconfident.com\/wp-content\/uploads\/2021\/01\/X4-pro-kit-with-badge-2.jpg","contentUrl":"https:\/\/beconfident.com\/wp-content\/uploads\/2021\/01\/X4-pro-kit-with-badge-2.jpg","width":2000,"height":2000},{"@type":"BreadcrumbList","@id":"https:\/\/beconfident.com\/sv\/produkt\/teeth-whitening-x4-pro-kit\/#breadcrumb","itemListElement":[{"@type":"ListItem","position":1,"name":"Hem","item":"https:\/\/beconfident.com\/no\/"},{"@type":"ListItem","position":2,"name":"Webbutik","item":"https:\/\/beconfident.com\/no\/webbutik\/"},{"@type":"ListItem","position":3,"name":"TANNBLEKING X4 PRO KIT"}]},{"@type":"WebSite","@id":"https:\/\/beconfident.com\/lv\/#website","url":"https:\/\/beconfident.com\/lv\/","name":"Beconfident","description":"","potentialAction":[{"@type":"SearchAction","target":{"@type":"EntryPoint","urlTemplate":"https:\/\/beconfident.com\/lv\/?s={search_term_string}"},"query-input":{"@type":"PropertyValueSpecification","valueRequired":true,"valueName":"search_term_string"}}],"inLanguage":"nb-NO"}]}},"_links":{"self":[{"href":"https:\/\/beconfident.com\/no\/wp-json\/wp\/v2\/product\/7416","targetHints":{"allow":["GET"]}}],"collection":[{"href":"https:\/\/beconfident.com\/no\/wp-json\/wp\/v2\/product"}],"about":[{"href":"https:\/\/beconfident.com\/no\/wp-json\/wp\/v2\/types\/product"}],"replies":[{"embeddable":true,"href":"https:\/\/beconfident.com\/no\/wp-json\/wp\/v2\/comments?post=7416"}],"wp:featuredmedia":[{"embeddable":true,"href":"https:\/\/beconfident.com\/no\/wp-json\/wp\/v2\/media\/55853"}],"wp:attachment":[{"href":"https:\/\/beconfident.com\/no\/wp-json\/wp\/v2\/media?parent=7416"}],"wp:term":[{"taxonomy":"product_brand","embeddable":true,"href":"https:\/\/beconfident.com\/no\/wp-json\/wp\/v2\/product_brand?post=7416"},{"taxonomy":"product_cat","embeddable":true,"href":"https:\/\/beconfident.com\/no\/wp-json\/wp\/v2\/product_cat?post=7416"},{"taxonomy":"product_tag","embeddable":true,"href":"https:\/\/beconfident.com\/no\/wp-json\/wp\/v2\/product_tag?post=7416"}],"curies":[{"name":"wp","href":"https:\/\/api.w.org\/{rel}","templated":true}]}}