{"id":7029,"date":"2021-01-11T10:04:31","date_gmt":"2021-01-11T09:04:31","guid":{"rendered":"https:\/\/beconfident.simplesmile.hemsida.eu\/produkt\/sonic-tandborsthuvuden-whitening-2-pack-vit\/"},"modified":"2023-05-24T06:29:17","modified_gmt":"2023-05-24T04:29:17","slug":"sonic-tandborsthuvuden-whitening-2-pack-vit","status":"publish","type":"product","link":"https:\/\/beconfident.com\/no\/produkt\/sonic-tandborsthuvuden-whitening-2-pack-vit\/","title":{"rendered":"SONIC TANNB\u00d8RSTEHODER HVIT WHITENING 2-PACK HVIT"},"content":{"rendered":"<p>F\u00e5 hvitere, renere og sterkere tenner med 2-pack Beconfident\u00ae Sonic Tannb\u00f8rstehodene Whitening White. Tannb\u00f8rstehodet har DuPont\u00ae-bust med en innebygd fargep\u00e5minnelse om n\u00e5r det er p\u00e5 tide \u00e5 skifte tannb\u00f8rstehode. Dette b\u00f8rstehodet er spesielt designet for \u00e5 fjerne ytre belegg og gi synlig hvitere tenner. Hardhet: vanlig \/ middels hardhet til daglig bruk. Vi anbefaler at du bytter tannb\u00f8rstehode hver tredje m\u00e5ned for best rengj\u00f8ring og minst slitasje p\u00e5 emaljen.<\/p>\n<p>Beconfident \u00a9 Sonic tannb\u00f8rstehoder kan ikke brukes til verken Philips Sonicare eller Oral-Bs elektriske tannb\u00f8rster. Passformen mellom tannb\u00f8rsten og b\u00f8rstehodet m\u00e5 v\u00e6re presis for \u00e5 gi riktig sving \/ vibrasjon, noe som er avgj\u00f8rende for at tennene skal v\u00e6re rene.<\/p>\n","protected":false},"excerpt":{"rendered":"<p>Beconfident\u00ae Sonic tannb\u00f8rstehoder med DuPont\u00ae bust og Pedex fargevarmer<\/p>\n","protected":false},"featured_media":16930,"comment_status":"open","ping_status":"closed","template":"","meta":{"_acf_changed":false,"inline_featured_image":false,"_monsterinsights_skip_tracking":false,"_monsterinsights_sitenote_active":false,"_monsterinsights_sitenote_note":"","_monsterinsights_sitenote_category":0},"product_brand":[],"product_cat":[737,250],"product_tag":[],"class_list":{"0":"post-7029","1":"product","2":"type-product","3":"status-publish","4":"has-post-thumbnail","6":"product_cat-all-products-no","7":"product_cat-sonic-eltandsborstar-no","9":"first","10":"outofstock","11":"taxable","12":"shipping-taxable","13":"purchasable","14":"product-type-simple"},"acf":[],"shsp-ext":{"main":{},"variations":[]},"yoast_head":"<!-- This site is optimized with the Yoast SEO plugin v27.2 - https:\/\/yoast.com\/product\/yoast-seo-wordpress\/ -->\n<title>SONIC TANNB\u00d8RSTEHODER HVIT WHITENING 2-PACK HVIT - Beconfident<\/title>\n<meta name=\"robots\" content=\"index, follow, max-snippet:-1, max-image-preview:large, max-video-preview:-1\" \/>\n<link rel=\"canonical\" href=\"https:\/\/beconfident.com\/no\/produkt\/sonic-tandborsthuvuden-whitening-2-pack-vit\/\" \/>\n<meta property=\"og:locale\" content=\"nb_NO\" \/>\n<meta property=\"og:type\" content=\"article\" \/>\n<meta property=\"og:title\" content=\"SONIC TANNB\u00d8RSTEHODER HVIT WHITENING 2-PACK HVIT - Beconfident\" \/>\n<meta property=\"og:description\" content=\"Beconfident\u00ae Sonic tannb\u00f8rstehoder med DuPont\u00ae bust og Pedex fargevarmer\" \/>\n<meta property=\"og:url\" content=\"https:\/\/beconfident.com\/no\/produkt\/sonic-tandborsthuvuden-whitening-2-pack-vit\/\" \/>\n<meta property=\"og:site_name\" content=\"Beconfident\" \/>\n<meta property=\"article:modified_time\" content=\"2023-05-24T04:29:17+00:00\" \/>\n<meta property=\"og:image\" content=\"https:\/\/beconfident.com\/wp-content\/uploads\/2021\/01\/Beconfident\u00ae-TwinWhiteningbrushpackwhite_650498.jpg\" \/>\n\t<meta property=\"og:image:width\" content=\"1417\" \/>\n\t<meta property=\"og:image:height\" content=\"1063\" \/>\n\t<meta property=\"og:image:type\" content=\"image\/jpeg\" \/>\n<meta name=\"twitter:card\" content=\"summary_large_image\" \/>\n<meta name=\"twitter:label1\" content=\"Ansl. lesetid\" \/>\n\t<meta name=\"twitter:data1\" content=\"1 minutt\" \/>\n<script type=\"application\/ld+json\" class=\"yoast-schema-graph\">{\"@context\":\"https:\/\/schema.org\",\"@graph\":[{\"@type\":\"WebPage\",\"@id\":\"https:\/\/beconfident.com\/no\/produkt\/sonic-tandborsthuvuden-whitening-2-pack-vit\/\",\"url\":\"https:\/\/beconfident.com\/no\/produkt\/sonic-tandborsthuvuden-whitening-2-pack-vit\/\",\"name\":\"SONIC TANNB\u00d8RSTEHODER HVIT WHITENING 2-PACK HVIT - Beconfident\",\"isPartOf\":{\"@id\":\"https:\/\/beconfident.com\/lv\/#website\"},\"primaryImageOfPage\":{\"@id\":\"https:\/\/beconfident.com\/no\/produkt\/sonic-tandborsthuvuden-whitening-2-pack-vit\/#primaryimage\"},\"image\":{\"@id\":\"https:\/\/beconfident.com\/no\/produkt\/sonic-tandborsthuvuden-whitening-2-pack-vit\/#primaryimage\"},\"thumbnailUrl\":\"https:\/\/beconfident.com\/wp-content\/uploads\/2021\/01\/Beconfident\u00ae-TwinWhiteningbrushpackwhite_650498.jpg\",\"datePublished\":\"2021-01-11T09:04:31+00:00\",\"dateModified\":\"2023-05-24T04:29:17+00:00\",\"breadcrumb\":{\"@id\":\"https:\/\/beconfident.com\/no\/produkt\/sonic-tandborsthuvuden-whitening-2-pack-vit\/#breadcrumb\"},\"inLanguage\":\"nb-NO\",\"potentialAction\":[{\"@type\":\"ReadAction\",\"target\":[\"https:\/\/beconfident.com\/no\/produkt\/sonic-tandborsthuvuden-whitening-2-pack-vit\/\"]}]},{\"@type\":\"ImageObject\",\"inLanguage\":\"nb-NO\",\"@id\":\"https:\/\/beconfident.com\/no\/produkt\/sonic-tandborsthuvuden-whitening-2-pack-vit\/#primaryimage\",\"url\":\"https:\/\/beconfident.com\/wp-content\/uploads\/2021\/01\/Beconfident\u00ae-TwinWhiteningbrushpackwhite_650498.jpg\",\"contentUrl\":\"https:\/\/beconfident.com\/wp-content\/uploads\/2021\/01\/Beconfident\u00ae-TwinWhiteningbrushpackwhite_650498.jpg\",\"width\":1417,\"height\":1063},{\"@type\":\"BreadcrumbList\",\"@id\":\"https:\/\/beconfident.com\/no\/produkt\/sonic-tandborsthuvuden-whitening-2-pack-vit\/#breadcrumb\",\"itemListElement\":[{\"@type\":\"ListItem\",\"position\":1,\"name\":\"Hem\",\"item\":\"https:\/\/beconfident.com\/no\/\"},{\"@type\":\"ListItem\",\"position\":2,\"name\":\"Webbutik\",\"item\":\"https:\/\/beconfident.com\/no\/webbutik\/\"},{\"@type\":\"ListItem\",\"position\":3,\"name\":\"SONIC TANNB\u00d8RSTEHODER HVIT WHITENING 2-PACK HVIT\"}]},{\"@type\":\"WebSite\",\"@id\":\"https:\/\/beconfident.com\/lv\/#website\",\"url\":\"https:\/\/beconfident.com\/lv\/\",\"name\":\"Beconfident\",\"description\":\"\",\"potentialAction\":[{\"@type\":\"SearchAction\",\"target\":{\"@type\":\"EntryPoint\",\"urlTemplate\":\"https:\/\/beconfident.com\/lv\/?s={search_term_string}\"},\"query-input\":{\"@type\":\"PropertyValueSpecification\",\"valueRequired\":true,\"valueName\":\"search_term_string\"}}],\"inLanguage\":\"nb-NO\"}]}<\/script>\n<!-- \/ Yoast SEO plugin. -->","yoast_head_json":{"title":"SONIC TANNB\u00d8RSTEHODER HVIT WHITENING 2-PACK HVIT - Beconfident","robots":{"index":"index","follow":"follow","max-snippet":"max-snippet:-1","max-image-preview":"max-image-preview:large","max-video-preview":"max-video-preview:-1"},"canonical":"https:\/\/beconfident.com\/no\/produkt\/sonic-tandborsthuvuden-whitening-2-pack-vit\/","og_locale":"nb_NO","og_type":"article","og_title":"SONIC TANNB\u00d8RSTEHODER HVIT WHITENING 2-PACK HVIT - Beconfident","og_description":"Beconfident\u00ae Sonic tannb\u00f8rstehoder med DuPont\u00ae bust og Pedex fargevarmer","og_url":"https:\/\/beconfident.com\/no\/produkt\/sonic-tandborsthuvuden-whitening-2-pack-vit\/","og_site_name":"Beconfident","article_modified_time":"2023-05-24T04:29:17+00:00","og_image":[{"width":1417,"height":1063,"url":"https:\/\/beconfident.com\/wp-content\/uploads\/2021\/01\/Beconfident\u00ae-TwinWhiteningbrushpackwhite_650498.jpg","type":"image\/jpeg"}],"twitter_card":"summary_large_image","twitter_misc":{"Ansl. lesetid":"1 minutt"},"schema":{"@context":"https:\/\/schema.org","@graph":[{"@type":"WebPage","@id":"https:\/\/beconfident.com\/no\/produkt\/sonic-tandborsthuvuden-whitening-2-pack-vit\/","url":"https:\/\/beconfident.com\/no\/produkt\/sonic-tandborsthuvuden-whitening-2-pack-vit\/","name":"SONIC TANNB\u00d8RSTEHODER HVIT WHITENING 2-PACK HVIT - Beconfident","isPartOf":{"@id":"https:\/\/beconfident.com\/lv\/#website"},"primaryImageOfPage":{"@id":"https:\/\/beconfident.com\/no\/produkt\/sonic-tandborsthuvuden-whitening-2-pack-vit\/#primaryimage"},"image":{"@id":"https:\/\/beconfident.com\/no\/produkt\/sonic-tandborsthuvuden-whitening-2-pack-vit\/#primaryimage"},"thumbnailUrl":"https:\/\/beconfident.com\/wp-content\/uploads\/2021\/01\/Beconfident\u00ae-TwinWhiteningbrushpackwhite_650498.jpg","datePublished":"2021-01-11T09:04:31+00:00","dateModified":"2023-05-24T04:29:17+00:00","breadcrumb":{"@id":"https:\/\/beconfident.com\/no\/produkt\/sonic-tandborsthuvuden-whitening-2-pack-vit\/#breadcrumb"},"inLanguage":"nb-NO","potentialAction":[{"@type":"ReadAction","target":["https:\/\/beconfident.com\/no\/produkt\/sonic-tandborsthuvuden-whitening-2-pack-vit\/"]}]},{"@type":"ImageObject","inLanguage":"nb-NO","@id":"https:\/\/beconfident.com\/no\/produkt\/sonic-tandborsthuvuden-whitening-2-pack-vit\/#primaryimage","url":"https:\/\/beconfident.com\/wp-content\/uploads\/2021\/01\/Beconfident\u00ae-TwinWhiteningbrushpackwhite_650498.jpg","contentUrl":"https:\/\/beconfident.com\/wp-content\/uploads\/2021\/01\/Beconfident\u00ae-TwinWhiteningbrushpackwhite_650498.jpg","width":1417,"height":1063},{"@type":"BreadcrumbList","@id":"https:\/\/beconfident.com\/no\/produkt\/sonic-tandborsthuvuden-whitening-2-pack-vit\/#breadcrumb","itemListElement":[{"@type":"ListItem","position":1,"name":"Hem","item":"https:\/\/beconfident.com\/no\/"},{"@type":"ListItem","position":2,"name":"Webbutik","item":"https:\/\/beconfident.com\/no\/webbutik\/"},{"@type":"ListItem","position":3,"name":"SONIC TANNB\u00d8RSTEHODER HVIT WHITENING 2-PACK HVIT"}]},{"@type":"WebSite","@id":"https:\/\/beconfident.com\/lv\/#website","url":"https:\/\/beconfident.com\/lv\/","name":"Beconfident","description":"","potentialAction":[{"@type":"SearchAction","target":{"@type":"EntryPoint","urlTemplate":"https:\/\/beconfident.com\/lv\/?s={search_term_string}"},"query-input":{"@type":"PropertyValueSpecification","valueRequired":true,"valueName":"search_term_string"}}],"inLanguage":"nb-NO"}]}},"_links":{"self":[{"href":"https:\/\/beconfident.com\/no\/wp-json\/wp\/v2\/product\/7029","targetHints":{"allow":["GET"]}}],"collection":[{"href":"https:\/\/beconfident.com\/no\/wp-json\/wp\/v2\/product"}],"about":[{"href":"https:\/\/beconfident.com\/no\/wp-json\/wp\/v2\/types\/product"}],"replies":[{"embeddable":true,"href":"https:\/\/beconfident.com\/no\/wp-json\/wp\/v2\/comments?post=7029"}],"wp:featuredmedia":[{"embeddable":true,"href":"https:\/\/beconfident.com\/no\/wp-json\/wp\/v2\/media\/16930"}],"wp:attachment":[{"href":"https:\/\/beconfident.com\/no\/wp-json\/wp\/v2\/media?parent=7029"}],"wp:term":[{"taxonomy":"product_brand","embeddable":true,"href":"https:\/\/beconfident.com\/no\/wp-json\/wp\/v2\/product_brand?post=7029"},{"taxonomy":"product_cat","embeddable":true,"href":"https:\/\/beconfident.com\/no\/wp-json\/wp\/v2\/product_cat?post=7029"},{"taxonomy":"product_tag","embeddable":true,"href":"https:\/\/beconfident.com\/no\/wp-json\/wp\/v2\/product_tag?post=7029"}],"curies":[{"name":"wp","href":"https:\/\/api.w.org\/{rel}","templated":true}]}}