{"id":7015,"date":"2021-01-11T10:04:36","date_gmt":"2021-01-11T09:04:36","guid":{"rendered":"https:\/\/beconfident.simplesmile.hemsida.eu\/produkt\/hyaluronic-anti-ageing-cream\/"},"modified":"2026-03-04T11:25:47","modified_gmt":"2026-03-04T10:25:47","slug":"hyaluronic-anti-ageing-cream","status":"publish","type":"product","link":"https:\/\/beconfident.com\/no\/produkt\/hyaluronic-anti-ageing-cream\/","title":{"rendered":"Hyaluronic Anti-Ageing Cream 20ml"},"content":{"rendered":"<p>Beconfident\u00ae Hyaluronic Anti-Aging Cream inneh\u00e5ller en avancerad formel med skyddande egenskaper som b\u00e5de \u00e4r fuktgivande och f\u00f6rebygger tecken p\u00e5 \u00e5ldrande. Produkten inneh\u00e5ller Hylasome\u00ae EG 10 vilket \u00e4r en icke-animalisk hyaluronsyra som \u00e4r 50 g\u00e5nger mer vattenbindande \u00e4n vanlig hyaluronsyra och 5 g\u00e5nger mer \u00e5terfuktande efter 24 timmar. Kr\u00e4men \u00e5teruppbygger hudens elasticiteten samtidigt som den \u00e5terfuktar i 24 timmar tack vare den h\u00f6ga halten hyaluronsyra. Vitamin E och B5 p\u00e5skyndar hudens l\u00e4kning och gr\u00f6nt te extrakt tillf\u00f6r antioxidanter vilket g\u00f6r att huden k\u00e4nnas frisk och fr\u00e4sch. Tillverkad i Sverige. Apoteksgodk\u00e4nd. Registrerad hos L\u00e4kemedelsverket. F\u00f6rpackningen inneh\u00e5ller 1 x Hyaluronic Anti-Agein Cream (20 ml) samt bruksanvisning.<\/p>\n","protected":false},"excerpt":{"rendered":"<p>\u00c5terfuktande dagkr\u00e4m som motverkar rynkor, pigmentsfl\u00e4ckar och \u00e5teruppbygger huden<\/p>\n","protected":false},"featured_media":992,"comment_status":"open","ping_status":"closed","template":"","meta":{"_acf_changed":false,"inline_featured_image":false,"_monsterinsights_skip_tracking":false,"_monsterinsights_sitenote_active":false,"_monsterinsights_sitenote_note":"","_monsterinsights_sitenote_category":0},"product_brand":[],"product_cat":[58],"product_tag":[],"class_list":{"0":"post-7015","1":"product","2":"type-product","3":"status-publish","4":"has-post-thumbnail","6":"product_cat-uncategorized-no","8":"first","9":"instock","10":"taxable","11":"shipping-taxable","12":"purchasable","13":"product-type-simple"},"acf":[],"shsp-ext":{"main":{},"variations":[]},"yoast_head":"<!-- This site is optimized with the Yoast SEO plugin v27.2 - https:\/\/yoast.com\/product\/yoast-seo-wordpress\/ -->\n<title>Hyaluronic Anti-Ageing Cream 20ml - Beconfident<\/title>\n<meta name=\"robots\" content=\"index, follow, max-snippet:-1, max-image-preview:large, max-video-preview:-1\" \/>\n<link rel=\"canonical\" href=\"https:\/\/beconfident.com\/no\/produkt\/hyaluronic-anti-ageing-cream\/\" \/>\n<meta property=\"og:locale\" content=\"nb_NO\" \/>\n<meta property=\"og:type\" content=\"article\" \/>\n<meta property=\"og:title\" content=\"Hyaluronic Anti-Ageing Cream 20ml - Beconfident\" \/>\n<meta property=\"og:description\" content=\"\u00c5terfuktande dagkr\u00e4m som motverkar rynkor, pigmentsfl\u00e4ckar och \u00e5teruppbygger huden\" \/>\n<meta property=\"og:url\" content=\"https:\/\/beconfident.com\/no\/produkt\/hyaluronic-anti-ageing-cream\/\" \/>\n<meta property=\"og:site_name\" content=\"Beconfident\" \/>\n<meta property=\"article:modified_time\" content=\"2026-03-04T10:25:47+00:00\" \/>\n<meta property=\"og:image\" content=\"https:\/\/beconfident.com\/wp-content\/uploads\/2021\/01\/180790-Hyaluronic-Anti-Ageing-Cream-20-ml.jpg\" \/>\n\t<meta property=\"og:image:width\" content=\"1000\" \/>\n\t<meta property=\"og:image:height\" content=\"1000\" \/>\n\t<meta property=\"og:image:type\" content=\"image\/jpeg\" \/>\n<meta name=\"twitter:card\" content=\"summary_large_image\" \/>\n<meta name=\"twitter:label1\" content=\"Ansl. lesetid\" \/>\n\t<meta name=\"twitter:data1\" content=\"1 minutt\" \/>\n<script type=\"application\/ld+json\" class=\"yoast-schema-graph\">{\"@context\":\"https:\/\/schema.org\",\"@graph\":[{\"@type\":\"WebPage\",\"@id\":\"https:\/\/beconfident.com\/no\/produkt\/hyaluronic-anti-ageing-cream\/\",\"url\":\"https:\/\/beconfident.com\/no\/produkt\/hyaluronic-anti-ageing-cream\/\",\"name\":\"Hyaluronic Anti-Ageing Cream 20ml - Beconfident\",\"isPartOf\":{\"@id\":\"https:\/\/beconfident.com\/lv\/#website\"},\"primaryImageOfPage\":{\"@id\":\"https:\/\/beconfident.com\/no\/produkt\/hyaluronic-anti-ageing-cream\/#primaryimage\"},\"image\":{\"@id\":\"https:\/\/beconfident.com\/no\/produkt\/hyaluronic-anti-ageing-cream\/#primaryimage\"},\"thumbnailUrl\":\"https:\/\/beconfident.com\/wp-content\/uploads\/2021\/01\/180790-Hyaluronic-Anti-Ageing-Cream-20-ml.jpg\",\"datePublished\":\"2021-01-11T09:04:36+00:00\",\"dateModified\":\"2026-03-04T10:25:47+00:00\",\"breadcrumb\":{\"@id\":\"https:\/\/beconfident.com\/no\/produkt\/hyaluronic-anti-ageing-cream\/#breadcrumb\"},\"inLanguage\":\"nb-NO\",\"potentialAction\":[{\"@type\":\"ReadAction\",\"target\":[\"https:\/\/beconfident.com\/no\/produkt\/hyaluronic-anti-ageing-cream\/\"]}]},{\"@type\":\"ImageObject\",\"inLanguage\":\"nb-NO\",\"@id\":\"https:\/\/beconfident.com\/no\/produkt\/hyaluronic-anti-ageing-cream\/#primaryimage\",\"url\":\"https:\/\/beconfident.com\/wp-content\/uploads\/2021\/01\/180790-Hyaluronic-Anti-Ageing-Cream-20-ml.jpg\",\"contentUrl\":\"https:\/\/beconfident.com\/wp-content\/uploads\/2021\/01\/180790-Hyaluronic-Anti-Ageing-Cream-20-ml.jpg\",\"width\":1000,\"height\":1000,\"caption\":\"180790 Hyaluronic Anti Ageing Cream 20 ml\"},{\"@type\":\"BreadcrumbList\",\"@id\":\"https:\/\/beconfident.com\/no\/produkt\/hyaluronic-anti-ageing-cream\/#breadcrumb\",\"itemListElement\":[{\"@type\":\"ListItem\",\"position\":1,\"name\":\"Hem\",\"item\":\"https:\/\/beconfident.com\/no\/\"},{\"@type\":\"ListItem\",\"position\":2,\"name\":\"Webbutik\",\"item\":\"https:\/\/beconfident.com\/no\/webbutik\/\"},{\"@type\":\"ListItem\",\"position\":3,\"name\":\"Hyaluronic Anti-Ageing Cream 20ml\"}]},{\"@type\":\"WebSite\",\"@id\":\"https:\/\/beconfident.com\/lv\/#website\",\"url\":\"https:\/\/beconfident.com\/lv\/\",\"name\":\"Beconfident\",\"description\":\"\",\"potentialAction\":[{\"@type\":\"SearchAction\",\"target\":{\"@type\":\"EntryPoint\",\"urlTemplate\":\"https:\/\/beconfident.com\/lv\/?s={search_term_string}\"},\"query-input\":{\"@type\":\"PropertyValueSpecification\",\"valueRequired\":true,\"valueName\":\"search_term_string\"}}],\"inLanguage\":\"nb-NO\"}]}<\/script>\n<!-- \/ Yoast SEO plugin. -->","yoast_head_json":{"title":"Hyaluronic Anti-Ageing Cream 20ml - Beconfident","robots":{"index":"index","follow":"follow","max-snippet":"max-snippet:-1","max-image-preview":"max-image-preview:large","max-video-preview":"max-video-preview:-1"},"canonical":"https:\/\/beconfident.com\/no\/produkt\/hyaluronic-anti-ageing-cream\/","og_locale":"nb_NO","og_type":"article","og_title":"Hyaluronic Anti-Ageing Cream 20ml - Beconfident","og_description":"\u00c5terfuktande dagkr\u00e4m som motverkar rynkor, pigmentsfl\u00e4ckar och \u00e5teruppbygger huden","og_url":"https:\/\/beconfident.com\/no\/produkt\/hyaluronic-anti-ageing-cream\/","og_site_name":"Beconfident","article_modified_time":"2026-03-04T10:25:47+00:00","og_image":[{"width":1000,"height":1000,"url":"https:\/\/beconfident.com\/wp-content\/uploads\/2021\/01\/180790-Hyaluronic-Anti-Ageing-Cream-20-ml.jpg","type":"image\/jpeg"}],"twitter_card":"summary_large_image","twitter_misc":{"Ansl. lesetid":"1 minutt"},"schema":{"@context":"https:\/\/schema.org","@graph":[{"@type":"WebPage","@id":"https:\/\/beconfident.com\/no\/produkt\/hyaluronic-anti-ageing-cream\/","url":"https:\/\/beconfident.com\/no\/produkt\/hyaluronic-anti-ageing-cream\/","name":"Hyaluronic Anti-Ageing Cream 20ml - Beconfident","isPartOf":{"@id":"https:\/\/beconfident.com\/lv\/#website"},"primaryImageOfPage":{"@id":"https:\/\/beconfident.com\/no\/produkt\/hyaluronic-anti-ageing-cream\/#primaryimage"},"image":{"@id":"https:\/\/beconfident.com\/no\/produkt\/hyaluronic-anti-ageing-cream\/#primaryimage"},"thumbnailUrl":"https:\/\/beconfident.com\/wp-content\/uploads\/2021\/01\/180790-Hyaluronic-Anti-Ageing-Cream-20-ml.jpg","datePublished":"2021-01-11T09:04:36+00:00","dateModified":"2026-03-04T10:25:47+00:00","breadcrumb":{"@id":"https:\/\/beconfident.com\/no\/produkt\/hyaluronic-anti-ageing-cream\/#breadcrumb"},"inLanguage":"nb-NO","potentialAction":[{"@type":"ReadAction","target":["https:\/\/beconfident.com\/no\/produkt\/hyaluronic-anti-ageing-cream\/"]}]},{"@type":"ImageObject","inLanguage":"nb-NO","@id":"https:\/\/beconfident.com\/no\/produkt\/hyaluronic-anti-ageing-cream\/#primaryimage","url":"https:\/\/beconfident.com\/wp-content\/uploads\/2021\/01\/180790-Hyaluronic-Anti-Ageing-Cream-20-ml.jpg","contentUrl":"https:\/\/beconfident.com\/wp-content\/uploads\/2021\/01\/180790-Hyaluronic-Anti-Ageing-Cream-20-ml.jpg","width":1000,"height":1000,"caption":"180790 Hyaluronic Anti Ageing Cream 20 ml"},{"@type":"BreadcrumbList","@id":"https:\/\/beconfident.com\/no\/produkt\/hyaluronic-anti-ageing-cream\/#breadcrumb","itemListElement":[{"@type":"ListItem","position":1,"name":"Hem","item":"https:\/\/beconfident.com\/no\/"},{"@type":"ListItem","position":2,"name":"Webbutik","item":"https:\/\/beconfident.com\/no\/webbutik\/"},{"@type":"ListItem","position":3,"name":"Hyaluronic Anti-Ageing Cream 20ml"}]},{"@type":"WebSite","@id":"https:\/\/beconfident.com\/lv\/#website","url":"https:\/\/beconfident.com\/lv\/","name":"Beconfident","description":"","potentialAction":[{"@type":"SearchAction","target":{"@type":"EntryPoint","urlTemplate":"https:\/\/beconfident.com\/lv\/?s={search_term_string}"},"query-input":{"@type":"PropertyValueSpecification","valueRequired":true,"valueName":"search_term_string"}}],"inLanguage":"nb-NO"}]}},"_links":{"self":[{"href":"https:\/\/beconfident.com\/no\/wp-json\/wp\/v2\/product\/7015","targetHints":{"allow":["GET"]}}],"collection":[{"href":"https:\/\/beconfident.com\/no\/wp-json\/wp\/v2\/product"}],"about":[{"href":"https:\/\/beconfident.com\/no\/wp-json\/wp\/v2\/types\/product"}],"replies":[{"embeddable":true,"href":"https:\/\/beconfident.com\/no\/wp-json\/wp\/v2\/comments?post=7015"}],"wp:featuredmedia":[{"embeddable":true,"href":"https:\/\/beconfident.com\/no\/wp-json\/wp\/v2\/media\/992"}],"wp:attachment":[{"href":"https:\/\/beconfident.com\/no\/wp-json\/wp\/v2\/media?parent=7015"}],"wp:term":[{"taxonomy":"product_brand","embeddable":true,"href":"https:\/\/beconfident.com\/no\/wp-json\/wp\/v2\/product_brand?post=7015"},{"taxonomy":"product_cat","embeddable":true,"href":"https:\/\/beconfident.com\/no\/wp-json\/wp\/v2\/product_cat?post=7015"},{"taxonomy":"product_tag","embeddable":true,"href":"https:\/\/beconfident.com\/no\/wp-json\/wp\/v2\/product_tag?post=7015"}],"curies":[{"name":"wp","href":"https:\/\/api.w.org\/{rel}","templated":true}]}}