{"id":6941,"date":"2021-01-11T10:04:36","date_gmt":"2021-01-11T09:04:36","guid":{"rendered":"https:\/\/beconfident.simplesmile.hemsida.eu\/produkt\/stay-fresh-day-cream\/"},"modified":"2026-03-03T12:24:52","modified_gmt":"2026-03-03T11:24:52","slug":"stay-fresh-day-cream","status":"publish","type":"product","link":"https:\/\/beconfident.com\/no\/produkt\/stay-fresh-day-cream\/","title":{"rendered":"STAY FRESH DAY CREAM"},"content":{"rendered":"<p>Stay Fresh Day Cream fukter huden gjennom dagen gjennom naturlig jojobaolje og kokosn\u00f8ttolje, som sammen med sheasm\u00f8r, gr\u00f8nn te og vitamin A gj\u00f8r Stay Fresh Day Cream til en fuktighetsgivende og styrkende dagkrem som forhindrer t\u00f8rr overflate og utseendet p\u00e5 kviser. og blodpropp. Det hjelper \u00e5 &#8220;lade&#8221; en sliten hud og \u00f8ke absorpsjonen av de n\u00e6ringsrike ingrediensene. Brukt til full fordel etter Revitalizing Boost Serum for en hydrert, motstandsdyktig hud full av ungdommelig glans.<\/p>\n<p>Stay Fresh inneholder 4% Betain som fukter huden, gj\u00f8r den sterkere og mer elastisk og har en betennelsesdempende effekt. Den inneholder ogs\u00e5 organisk jojoba og kokosn\u00f8ttolje som naturlig fukter huden. Stay Fresh inneholder ogs\u00e5 vitamin A (Retinol) som forbedrer hudkvaliteten ved \u00e5 stimulere kollagenproduksjonen.<\/p>\n<p>Pakket i den luftl\u00f8se flasken, beholder alle ingrediensene effekten mens flasken er hygienisk. Passer for alle med normal til fet hud.<\/p>\n","protected":false},"excerpt":{"rendered":"<p>Vitaminrik dagkrem med retinol som etterlater huden hydrert, fast og gl\u00f8dende<\/p>\n","protected":false},"featured_media":965,"comment_status":"open","ping_status":"closed","template":"","meta":{"_acf_changed":false,"inline_featured_image":false,"_monsterinsights_skip_tracking":false,"_monsterinsights_sitenote_active":false,"_monsterinsights_sitenote_note":"","_monsterinsights_sitenote_category":0},"product_brand":[],"product_cat":[58],"product_tag":[],"class_list":{"0":"post-6941","1":"product","2":"type-product","3":"status-publish","4":"has-post-thumbnail","6":"product_cat-uncategorized-no","8":"first","9":"outofstock","10":"taxable","11":"shipping-taxable","12":"purchasable","13":"product-type-simple"},"acf":[],"shsp-ext":{"main":{},"variations":[]},"yoast_head":"<!-- This site is optimized with the Yoast SEO plugin v27.2 - https:\/\/yoast.com\/product\/yoast-seo-wordpress\/ -->\n<title>STAY FRESH DAY CREAM - Beconfident<\/title>\n<meta name=\"robots\" content=\"index, follow, max-snippet:-1, max-image-preview:large, max-video-preview:-1\" \/>\n<link rel=\"canonical\" href=\"https:\/\/beconfident.com\/no\/produkt\/stay-fresh-day-cream\/\" \/>\n<meta property=\"og:locale\" content=\"nb_NO\" \/>\n<meta property=\"og:type\" content=\"article\" \/>\n<meta property=\"og:title\" content=\"STAY FRESH DAY CREAM - Beconfident\" \/>\n<meta property=\"og:description\" content=\"Vitaminrik dagkrem med retinol som etterlater huden hydrert, fast og gl\u00f8dende\" \/>\n<meta property=\"og:url\" content=\"https:\/\/beconfident.com\/no\/produkt\/stay-fresh-day-cream\/\" \/>\n<meta property=\"og:site_name\" content=\"Beconfident\" \/>\n<meta property=\"article:modified_time\" content=\"2026-03-03T11:24:52+00:00\" \/>\n<meta property=\"og:image\" content=\"https:\/\/beconfident.com\/wp-content\/uploads\/2021\/01\/180500-Stay-Fresh-Day-Cream.jpg\" \/>\n\t<meta property=\"og:image:width\" content=\"1000\" \/>\n\t<meta property=\"og:image:height\" content=\"1000\" \/>\n\t<meta property=\"og:image:type\" content=\"image\/jpeg\" \/>\n<meta name=\"twitter:card\" content=\"summary_large_image\" \/>\n<meta name=\"twitter:label1\" content=\"Ansl. lesetid\" \/>\n\t<meta name=\"twitter:data1\" content=\"1 minutt\" \/>\n<script type=\"application\/ld+json\" class=\"yoast-schema-graph\">{\"@context\":\"https:\/\/schema.org\",\"@graph\":[{\"@type\":\"WebPage\",\"@id\":\"https:\/\/beconfident.com\/no\/produkt\/stay-fresh-day-cream\/\",\"url\":\"https:\/\/beconfident.com\/no\/produkt\/stay-fresh-day-cream\/\",\"name\":\"STAY FRESH DAY CREAM - Beconfident\",\"isPartOf\":{\"@id\":\"https:\/\/beconfident.com\/lv\/#website\"},\"primaryImageOfPage\":{\"@id\":\"https:\/\/beconfident.com\/no\/produkt\/stay-fresh-day-cream\/#primaryimage\"},\"image\":{\"@id\":\"https:\/\/beconfident.com\/no\/produkt\/stay-fresh-day-cream\/#primaryimage\"},\"thumbnailUrl\":\"https:\/\/beconfident.com\/wp-content\/uploads\/2021\/01\/180500-Stay-Fresh-Day-Cream.jpg\",\"datePublished\":\"2021-01-11T09:04:36+00:00\",\"dateModified\":\"2026-03-03T11:24:52+00:00\",\"breadcrumb\":{\"@id\":\"https:\/\/beconfident.com\/no\/produkt\/stay-fresh-day-cream\/#breadcrumb\"},\"inLanguage\":\"nb-NO\",\"potentialAction\":[{\"@type\":\"ReadAction\",\"target\":[\"https:\/\/beconfident.com\/no\/produkt\/stay-fresh-day-cream\/\"]}]},{\"@type\":\"ImageObject\",\"inLanguage\":\"nb-NO\",\"@id\":\"https:\/\/beconfident.com\/no\/produkt\/stay-fresh-day-cream\/#primaryimage\",\"url\":\"https:\/\/beconfident.com\/wp-content\/uploads\/2021\/01\/180500-Stay-Fresh-Day-Cream.jpg\",\"contentUrl\":\"https:\/\/beconfident.com\/wp-content\/uploads\/2021\/01\/180500-Stay-Fresh-Day-Cream.jpg\",\"width\":1000,\"height\":1000,\"caption\":\"180500 Stay Fresh Day Cream\"},{\"@type\":\"BreadcrumbList\",\"@id\":\"https:\/\/beconfident.com\/no\/produkt\/stay-fresh-day-cream\/#breadcrumb\",\"itemListElement\":[{\"@type\":\"ListItem\",\"position\":1,\"name\":\"Hem\",\"item\":\"https:\/\/beconfident.com\/no\/\"},{\"@type\":\"ListItem\",\"position\":2,\"name\":\"Webbutik\",\"item\":\"https:\/\/beconfident.com\/no\/webbutik\/\"},{\"@type\":\"ListItem\",\"position\":3,\"name\":\"STAY FRESH DAY CREAM\"}]},{\"@type\":\"WebSite\",\"@id\":\"https:\/\/beconfident.com\/lv\/#website\",\"url\":\"https:\/\/beconfident.com\/lv\/\",\"name\":\"Beconfident\",\"description\":\"\",\"potentialAction\":[{\"@type\":\"SearchAction\",\"target\":{\"@type\":\"EntryPoint\",\"urlTemplate\":\"https:\/\/beconfident.com\/lv\/?s={search_term_string}\"},\"query-input\":{\"@type\":\"PropertyValueSpecification\",\"valueRequired\":true,\"valueName\":\"search_term_string\"}}],\"inLanguage\":\"nb-NO\"}]}<\/script>\n<!-- \/ Yoast SEO plugin. -->","yoast_head_json":{"title":"STAY FRESH DAY CREAM - Beconfident","robots":{"index":"index","follow":"follow","max-snippet":"max-snippet:-1","max-image-preview":"max-image-preview:large","max-video-preview":"max-video-preview:-1"},"canonical":"https:\/\/beconfident.com\/no\/produkt\/stay-fresh-day-cream\/","og_locale":"nb_NO","og_type":"article","og_title":"STAY FRESH DAY CREAM - Beconfident","og_description":"Vitaminrik dagkrem med retinol som etterlater huden hydrert, fast og gl\u00f8dende","og_url":"https:\/\/beconfident.com\/no\/produkt\/stay-fresh-day-cream\/","og_site_name":"Beconfident","article_modified_time":"2026-03-03T11:24:52+00:00","og_image":[{"width":1000,"height":1000,"url":"https:\/\/beconfident.com\/wp-content\/uploads\/2021\/01\/180500-Stay-Fresh-Day-Cream.jpg","type":"image\/jpeg"}],"twitter_card":"summary_large_image","twitter_misc":{"Ansl. lesetid":"1 minutt"},"schema":{"@context":"https:\/\/schema.org","@graph":[{"@type":"WebPage","@id":"https:\/\/beconfident.com\/no\/produkt\/stay-fresh-day-cream\/","url":"https:\/\/beconfident.com\/no\/produkt\/stay-fresh-day-cream\/","name":"STAY FRESH DAY CREAM - Beconfident","isPartOf":{"@id":"https:\/\/beconfident.com\/lv\/#website"},"primaryImageOfPage":{"@id":"https:\/\/beconfident.com\/no\/produkt\/stay-fresh-day-cream\/#primaryimage"},"image":{"@id":"https:\/\/beconfident.com\/no\/produkt\/stay-fresh-day-cream\/#primaryimage"},"thumbnailUrl":"https:\/\/beconfident.com\/wp-content\/uploads\/2021\/01\/180500-Stay-Fresh-Day-Cream.jpg","datePublished":"2021-01-11T09:04:36+00:00","dateModified":"2026-03-03T11:24:52+00:00","breadcrumb":{"@id":"https:\/\/beconfident.com\/no\/produkt\/stay-fresh-day-cream\/#breadcrumb"},"inLanguage":"nb-NO","potentialAction":[{"@type":"ReadAction","target":["https:\/\/beconfident.com\/no\/produkt\/stay-fresh-day-cream\/"]}]},{"@type":"ImageObject","inLanguage":"nb-NO","@id":"https:\/\/beconfident.com\/no\/produkt\/stay-fresh-day-cream\/#primaryimage","url":"https:\/\/beconfident.com\/wp-content\/uploads\/2021\/01\/180500-Stay-Fresh-Day-Cream.jpg","contentUrl":"https:\/\/beconfident.com\/wp-content\/uploads\/2021\/01\/180500-Stay-Fresh-Day-Cream.jpg","width":1000,"height":1000,"caption":"180500 Stay Fresh Day Cream"},{"@type":"BreadcrumbList","@id":"https:\/\/beconfident.com\/no\/produkt\/stay-fresh-day-cream\/#breadcrumb","itemListElement":[{"@type":"ListItem","position":1,"name":"Hem","item":"https:\/\/beconfident.com\/no\/"},{"@type":"ListItem","position":2,"name":"Webbutik","item":"https:\/\/beconfident.com\/no\/webbutik\/"},{"@type":"ListItem","position":3,"name":"STAY FRESH DAY CREAM"}]},{"@type":"WebSite","@id":"https:\/\/beconfident.com\/lv\/#website","url":"https:\/\/beconfident.com\/lv\/","name":"Beconfident","description":"","potentialAction":[{"@type":"SearchAction","target":{"@type":"EntryPoint","urlTemplate":"https:\/\/beconfident.com\/lv\/?s={search_term_string}"},"query-input":{"@type":"PropertyValueSpecification","valueRequired":true,"valueName":"search_term_string"}}],"inLanguage":"nb-NO"}]}},"_links":{"self":[{"href":"https:\/\/beconfident.com\/no\/wp-json\/wp\/v2\/product\/6941","targetHints":{"allow":["GET"]}}],"collection":[{"href":"https:\/\/beconfident.com\/no\/wp-json\/wp\/v2\/product"}],"about":[{"href":"https:\/\/beconfident.com\/no\/wp-json\/wp\/v2\/types\/product"}],"replies":[{"embeddable":true,"href":"https:\/\/beconfident.com\/no\/wp-json\/wp\/v2\/comments?post=6941"}],"wp:featuredmedia":[{"embeddable":true,"href":"https:\/\/beconfident.com\/no\/wp-json\/wp\/v2\/media\/965"}],"wp:attachment":[{"href":"https:\/\/beconfident.com\/no\/wp-json\/wp\/v2\/media?parent=6941"}],"wp:term":[{"taxonomy":"product_brand","embeddable":true,"href":"https:\/\/beconfident.com\/no\/wp-json\/wp\/v2\/product_brand?post=6941"},{"taxonomy":"product_cat","embeddable":true,"href":"https:\/\/beconfident.com\/no\/wp-json\/wp\/v2\/product_cat?post=6941"},{"taxonomy":"product_tag","embeddable":true,"href":"https:\/\/beconfident.com\/no\/wp-json\/wp\/v2\/product_tag?post=6941"}],"curies":[{"name":"wp","href":"https:\/\/api.w.org\/{rel}","templated":true}]}}