{"id":6927,"date":"2021-01-11T10:04:36","date_gmt":"2021-01-11T09:04:36","guid":{"rendered":"https:\/\/beconfident.simplesmile.hemsida.eu\/produkt\/revitalizing-boost-serum\/"},"modified":"2026-03-04T11:17:27","modified_gmt":"2026-03-04T10:17:27","slug":"revitalizing-boost-serum","status":"publish","type":"product","link":"https:\/\/beconfident.com\/no\/produkt\/revitalizing-boost-serum\/","title":{"rendered":"REVITALIZING BOOST SERUM"},"content":{"rendered":"<p>Med Revitalizing Boost Serum starter du dagen med et boost av energi og forbereder huden din for eksterne stressfaktorer. Revitalizing Boost Serum inneholder Hylasome\u00ae EG 10, som er en ikke-animalsk utviklet hyaluronsyre som er 50 ganger mer vannbindende enn vanlig hyaluronsyre og 5 ganger mer fuktighetsgivende etter 24 timer. Den inneholder ogs\u00e5 Pantenol som i kontakt med huden omdannes til pantotensyre (vitamin B5) som har en betennelsesdempende funksjon og kan lindre kl\u00f8e, samtidig som den hjelper til med \u00e5 berolige en t\u00f8rr og irritert hud.<\/p>\n<p>Akkurat som Cleanser Antioxidant inneholder Revitalizing Boost Serum ogs\u00e5 organisk gr\u00f8nn teekstrakt, men ogs\u00e5 Superox-C som kommer fra Kadadu plomme som kalles en super frukt. Superox-C hjelper til med \u00e5 redusere fine linjer, rynker og jevne ut hudtonen takket v\u00e6re det h\u00f8ye innholdet av vitamin C. P\u00e5 denne m\u00e5ten blir dine naturlige antioksidanter vekket, og dette intelligente boostet vil gjenoppbygge huden din som aldri f\u00f8r. Perfekt \u00e5 bruke etter behandling med mikron\u00e5l eller dermaroller for \u00e5 berolige og styrke huden. Pakket i den luftl\u00f8se flasken, beholder serumet sin effektivitet og forblir ogs\u00e5 hygienisk.<\/p>\n","protected":false},"excerpt":{"rendered":"<p>Vitaminrikt serum som fukter, beskytter og styrker huden<\/p>\n","protected":false},"featured_media":1024,"comment_status":"open","ping_status":"closed","template":"","meta":{"_acf_changed":false,"inline_featured_image":false,"_monsterinsights_skip_tracking":false,"_monsterinsights_sitenote_active":false,"_monsterinsights_sitenote_note":"","_monsterinsights_sitenote_category":0},"product_brand":[],"product_cat":[58],"product_tag":[],"class_list":{"0":"post-6927","1":"product","2":"type-product","3":"status-publish","4":"has-post-thumbnail","6":"product_cat-uncategorized-no","8":"first","9":"outofstock","10":"taxable","11":"shipping-taxable","12":"purchasable","13":"product-type-simple"},"acf":[],"shsp-ext":{"main":{},"variations":[]},"yoast_head":"<!-- This site is optimized with the Yoast SEO plugin v27.2 - https:\/\/yoast.com\/product\/yoast-seo-wordpress\/ -->\n<title>REVITALIZING BOOST SERUM - Beconfident<\/title>\n<meta name=\"robots\" content=\"index, follow, max-snippet:-1, max-image-preview:large, max-video-preview:-1\" \/>\n<link rel=\"canonical\" href=\"https:\/\/beconfident.com\/no\/produkt\/revitalizing-boost-serum\/\" \/>\n<meta property=\"og:locale\" content=\"nb_NO\" \/>\n<meta property=\"og:type\" content=\"article\" \/>\n<meta property=\"og:title\" content=\"REVITALIZING BOOST SERUM - Beconfident\" \/>\n<meta property=\"og:description\" content=\"Vitaminrikt serum som fukter, beskytter og styrker huden\" \/>\n<meta property=\"og:url\" content=\"https:\/\/beconfident.com\/no\/produkt\/revitalizing-boost-serum\/\" \/>\n<meta property=\"og:site_name\" content=\"Beconfident\" \/>\n<meta property=\"article:modified_time\" content=\"2026-03-04T10:17:27+00:00\" \/>\n<meta property=\"og:image\" content=\"https:\/\/beconfident.com\/wp-content\/uploads\/2021\/01\/181098-Revitalizing-Boost-Serum.jpg\" \/>\n\t<meta property=\"og:image:width\" content=\"1000\" \/>\n\t<meta property=\"og:image:height\" content=\"1000\" \/>\n\t<meta property=\"og:image:type\" content=\"image\/jpeg\" \/>\n<meta name=\"twitter:card\" content=\"summary_large_image\" \/>\n<meta name=\"twitter:label1\" content=\"Ansl. lesetid\" \/>\n\t<meta name=\"twitter:data1\" content=\"1 minutt\" \/>\n<script type=\"application\/ld+json\" class=\"yoast-schema-graph\">{\"@context\":\"https:\/\/schema.org\",\"@graph\":[{\"@type\":\"WebPage\",\"@id\":\"https:\/\/beconfident.com\/no\/produkt\/revitalizing-boost-serum\/\",\"url\":\"https:\/\/beconfident.com\/no\/produkt\/revitalizing-boost-serum\/\",\"name\":\"REVITALIZING BOOST SERUM - Beconfident\",\"isPartOf\":{\"@id\":\"https:\/\/beconfident.com\/lv\/#website\"},\"primaryImageOfPage\":{\"@id\":\"https:\/\/beconfident.com\/no\/produkt\/revitalizing-boost-serum\/#primaryimage\"},\"image\":{\"@id\":\"https:\/\/beconfident.com\/no\/produkt\/revitalizing-boost-serum\/#primaryimage\"},\"thumbnailUrl\":\"https:\/\/beconfident.com\/wp-content\/uploads\/2021\/01\/181098-Revitalizing-Boost-Serum.jpg\",\"datePublished\":\"2021-01-11T09:04:36+00:00\",\"dateModified\":\"2026-03-04T10:17:27+00:00\",\"breadcrumb\":{\"@id\":\"https:\/\/beconfident.com\/no\/produkt\/revitalizing-boost-serum\/#breadcrumb\"},\"inLanguage\":\"nb-NO\",\"potentialAction\":[{\"@type\":\"ReadAction\",\"target\":[\"https:\/\/beconfident.com\/no\/produkt\/revitalizing-boost-serum\/\"]}]},{\"@type\":\"ImageObject\",\"inLanguage\":\"nb-NO\",\"@id\":\"https:\/\/beconfident.com\/no\/produkt\/revitalizing-boost-serum\/#primaryimage\",\"url\":\"https:\/\/beconfident.com\/wp-content\/uploads\/2021\/01\/181098-Revitalizing-Boost-Serum.jpg\",\"contentUrl\":\"https:\/\/beconfident.com\/wp-content\/uploads\/2021\/01\/181098-Revitalizing-Boost-Serum.jpg\",\"width\":1000,\"height\":1000,\"caption\":\"181098 Revitalizing Boost Serum\"},{\"@type\":\"BreadcrumbList\",\"@id\":\"https:\/\/beconfident.com\/no\/produkt\/revitalizing-boost-serum\/#breadcrumb\",\"itemListElement\":[{\"@type\":\"ListItem\",\"position\":1,\"name\":\"Hem\",\"item\":\"https:\/\/beconfident.com\/no\/\"},{\"@type\":\"ListItem\",\"position\":2,\"name\":\"Webbutik\",\"item\":\"https:\/\/beconfident.com\/no\/webbutik\/\"},{\"@type\":\"ListItem\",\"position\":3,\"name\":\"REVITALIZING BOOST SERUM\"}]},{\"@type\":\"WebSite\",\"@id\":\"https:\/\/beconfident.com\/lv\/#website\",\"url\":\"https:\/\/beconfident.com\/lv\/\",\"name\":\"Beconfident\",\"description\":\"\",\"potentialAction\":[{\"@type\":\"SearchAction\",\"target\":{\"@type\":\"EntryPoint\",\"urlTemplate\":\"https:\/\/beconfident.com\/lv\/?s={search_term_string}\"},\"query-input\":{\"@type\":\"PropertyValueSpecification\",\"valueRequired\":true,\"valueName\":\"search_term_string\"}}],\"inLanguage\":\"nb-NO\"}]}<\/script>\n<!-- \/ Yoast SEO plugin. -->","yoast_head_json":{"title":"REVITALIZING BOOST SERUM - Beconfident","robots":{"index":"index","follow":"follow","max-snippet":"max-snippet:-1","max-image-preview":"max-image-preview:large","max-video-preview":"max-video-preview:-1"},"canonical":"https:\/\/beconfident.com\/no\/produkt\/revitalizing-boost-serum\/","og_locale":"nb_NO","og_type":"article","og_title":"REVITALIZING BOOST SERUM - Beconfident","og_description":"Vitaminrikt serum som fukter, beskytter og styrker huden","og_url":"https:\/\/beconfident.com\/no\/produkt\/revitalizing-boost-serum\/","og_site_name":"Beconfident","article_modified_time":"2026-03-04T10:17:27+00:00","og_image":[{"width":1000,"height":1000,"url":"https:\/\/beconfident.com\/wp-content\/uploads\/2021\/01\/181098-Revitalizing-Boost-Serum.jpg","type":"image\/jpeg"}],"twitter_card":"summary_large_image","twitter_misc":{"Ansl. lesetid":"1 minutt"},"schema":{"@context":"https:\/\/schema.org","@graph":[{"@type":"WebPage","@id":"https:\/\/beconfident.com\/no\/produkt\/revitalizing-boost-serum\/","url":"https:\/\/beconfident.com\/no\/produkt\/revitalizing-boost-serum\/","name":"REVITALIZING BOOST SERUM - Beconfident","isPartOf":{"@id":"https:\/\/beconfident.com\/lv\/#website"},"primaryImageOfPage":{"@id":"https:\/\/beconfident.com\/no\/produkt\/revitalizing-boost-serum\/#primaryimage"},"image":{"@id":"https:\/\/beconfident.com\/no\/produkt\/revitalizing-boost-serum\/#primaryimage"},"thumbnailUrl":"https:\/\/beconfident.com\/wp-content\/uploads\/2021\/01\/181098-Revitalizing-Boost-Serum.jpg","datePublished":"2021-01-11T09:04:36+00:00","dateModified":"2026-03-04T10:17:27+00:00","breadcrumb":{"@id":"https:\/\/beconfident.com\/no\/produkt\/revitalizing-boost-serum\/#breadcrumb"},"inLanguage":"nb-NO","potentialAction":[{"@type":"ReadAction","target":["https:\/\/beconfident.com\/no\/produkt\/revitalizing-boost-serum\/"]}]},{"@type":"ImageObject","inLanguage":"nb-NO","@id":"https:\/\/beconfident.com\/no\/produkt\/revitalizing-boost-serum\/#primaryimage","url":"https:\/\/beconfident.com\/wp-content\/uploads\/2021\/01\/181098-Revitalizing-Boost-Serum.jpg","contentUrl":"https:\/\/beconfident.com\/wp-content\/uploads\/2021\/01\/181098-Revitalizing-Boost-Serum.jpg","width":1000,"height":1000,"caption":"181098 Revitalizing Boost Serum"},{"@type":"BreadcrumbList","@id":"https:\/\/beconfident.com\/no\/produkt\/revitalizing-boost-serum\/#breadcrumb","itemListElement":[{"@type":"ListItem","position":1,"name":"Hem","item":"https:\/\/beconfident.com\/no\/"},{"@type":"ListItem","position":2,"name":"Webbutik","item":"https:\/\/beconfident.com\/no\/webbutik\/"},{"@type":"ListItem","position":3,"name":"REVITALIZING BOOST SERUM"}]},{"@type":"WebSite","@id":"https:\/\/beconfident.com\/lv\/#website","url":"https:\/\/beconfident.com\/lv\/","name":"Beconfident","description":"","potentialAction":[{"@type":"SearchAction","target":{"@type":"EntryPoint","urlTemplate":"https:\/\/beconfident.com\/lv\/?s={search_term_string}"},"query-input":{"@type":"PropertyValueSpecification","valueRequired":true,"valueName":"search_term_string"}}],"inLanguage":"nb-NO"}]}},"_links":{"self":[{"href":"https:\/\/beconfident.com\/no\/wp-json\/wp\/v2\/product\/6927","targetHints":{"allow":["GET"]}}],"collection":[{"href":"https:\/\/beconfident.com\/no\/wp-json\/wp\/v2\/product"}],"about":[{"href":"https:\/\/beconfident.com\/no\/wp-json\/wp\/v2\/types\/product"}],"replies":[{"embeddable":true,"href":"https:\/\/beconfident.com\/no\/wp-json\/wp\/v2\/comments?post=6927"}],"wp:featuredmedia":[{"embeddable":true,"href":"https:\/\/beconfident.com\/no\/wp-json\/wp\/v2\/media\/1024"}],"wp:attachment":[{"href":"https:\/\/beconfident.com\/no\/wp-json\/wp\/v2\/media?parent=6927"}],"wp:term":[{"taxonomy":"product_brand","embeddable":true,"href":"https:\/\/beconfident.com\/no\/wp-json\/wp\/v2\/product_brand?post=6927"},{"taxonomy":"product_cat","embeddable":true,"href":"https:\/\/beconfident.com\/no\/wp-json\/wp\/v2\/product_cat?post=6927"},{"taxonomy":"product_tag","embeddable":true,"href":"https:\/\/beconfident.com\/no\/wp-json\/wp\/v2\/product_tag?post=6927"}],"curies":[{"name":"wp","href":"https:\/\/api.w.org\/{rel}","templated":true}]}}