{"id":6913,"date":"2021-01-11T10:04:36","date_gmt":"2021-01-11T09:04:36","guid":{"rendered":"https:\/\/beconfident.simplesmile.hemsida.eu\/produkt\/clear-skin-start-kit\/"},"modified":"2023-04-06T13:49:44","modified_gmt":"2023-04-06T11:49:44","slug":"clear-skin-start-kit","status":"publish","type":"product","link":"https:\/\/beconfident.com\/no\/produkt\/clear-skin-start-kit\/","title":{"rendered":"CLEAR SKIN START KIT"},"content":{"rendered":"<p>Beconfident\u00ae Clear Skin Start Kit er et komplett system med alt du trenger for \u00e5 redusere kviser, blodpropp og kviser i to enkle trinn.<\/p>\n<p>Trinn 1 &#8211; Clear Skin Prepare inneholder laktoperoksidase, som er et unikt r\u00e5melkprodukt som har til oppgave \u00e5 redusere kvisebakteriene med minst mulig irritasjon av huden din. Produktene er milde, men inneholder ingredienser som effektivt reduserer kviseproblemene, samtidig som de styrker huden p\u00e5 lang sikt og dermed forhindrer at nye kviser oppst\u00e5r.<br \/>\nTrinn 2 &#8211; Klar hud Reduser med daglig bruk vil gj\u00f8re huden mer motstandsdyktig og sterkere p\u00e5 lang sikt, slik at ny kviser ikke oppst\u00e5r og dermed vil begrense fremtidige problemer.<br \/>\nKviser behandles best i hver fase med akkurat den rette mengden aktive ingredienser. Vi selger derfor behandlingen som et komplett sett som inneholder to luftl\u00f8se flasker (for best mulig hygiene), Clear Skin Forbered deg p\u00e5 \u00e5 starte behandlingen med og Clear Skin Reduce for et langsiktig varig resultat. P\u00e5 denne m\u00e5ten bekjempes kvisen din s\u00e5 effektivt som mulig i hver fase.<\/p>\n<p>Clear Skin er utviklet av eksperter ved Lunds universitet og med klinisk dokumenterte resultater som viser 30% reduksjon i kviser p\u00e5 3 uker og opptil 65% etter 6 uker. Klar hudprodukter inneholder ikke acetylsalisylsyre som kan irritere en allerede sensitiv hud.<br \/>\nPakken inneholder 1 x klargj\u00f8ring (10 ml), 1 x reduksjon (10 ml) og bruksanvisning.<\/p>\n","protected":false},"excerpt":{"rendered":"<p>Et komplett hudpleiesystem med p\u00e5vist effekt mot tilstopping og kviser<\/p>\n","protected":false},"featured_media":1043,"comment_status":"open","ping_status":"closed","template":"","meta":{"_acf_changed":false,"inline_featured_image":false,"_monsterinsights_skip_tracking":false,"_monsterinsights_sitenote_active":false,"_monsterinsights_sitenote_note":"","_monsterinsights_sitenote_category":0},"product_brand":[],"product_cat":[188],"product_tag":[],"class_list":{"0":"post-6913","1":"product","2":"type-product","3":"status-publish","4":"has-post-thumbnail","6":"product_cat-clear-skin-serie-no","8":"first","9":"outofstock","10":"taxable","11":"shipping-taxable","12":"purchasable","13":"product-type-simple"},"acf":[],"shsp-ext":{"main":{},"variations":[]},"yoast_head":"<!-- This site is optimized with the Yoast SEO plugin v27.5 - https:\/\/yoast.com\/product\/yoast-seo-wordpress\/ -->\n<title>CLEAR SKIN START KIT - Beconfident<\/title>\n<meta name=\"robots\" content=\"index, follow, max-snippet:-1, max-image-preview:large, max-video-preview:-1\" \/>\n<link rel=\"canonical\" href=\"https:\/\/beconfident.com\/no\/produkt\/clear-skin-start-kit\/\" \/>\n<meta property=\"og:locale\" content=\"nb_NO\" \/>\n<meta property=\"og:type\" content=\"article\" \/>\n<meta property=\"og:title\" content=\"CLEAR SKIN START KIT - Beconfident\" \/>\n<meta property=\"og:description\" content=\"Et komplett hudpleiesystem med p\u00e5vist effekt mot tilstopping og kviser\" \/>\n<meta property=\"og:url\" content=\"https:\/\/beconfident.com\/no\/produkt\/clear-skin-start-kit\/\" \/>\n<meta property=\"og:site_name\" content=\"Beconfident\" \/>\n<meta property=\"article:modified_time\" content=\"2023-04-06T11:49:44+00:00\" \/>\n<meta property=\"og:image\" content=\"https:\/\/beconfident.com\/wp-content\/uploads\/2021\/01\/190097-Clear-Skin-Start-Kit.jpg\" \/>\n\t<meta property=\"og:image:width\" content=\"1000\" \/>\n\t<meta property=\"og:image:height\" content=\"1000\" \/>\n\t<meta property=\"og:image:type\" content=\"image\/jpeg\" \/>\n<meta name=\"twitter:card\" content=\"summary_large_image\" \/>\n<meta name=\"twitter:label1\" content=\"Ansl. lesetid\" \/>\n\t<meta name=\"twitter:data1\" content=\"1 minutt\" \/>\n<script type=\"application\/ld+json\" class=\"yoast-schema-graph\">{\"@context\":\"https:\\\/\\\/schema.org\",\"@graph\":[{\"@type\":\"WebPage\",\"@id\":\"https:\\\/\\\/beconfident.com\\\/no\\\/produkt\\\/clear-skin-start-kit\\\/\",\"url\":\"https:\\\/\\\/beconfident.com\\\/no\\\/produkt\\\/clear-skin-start-kit\\\/\",\"name\":\"CLEAR SKIN START KIT - Beconfident\",\"isPartOf\":{\"@id\":\"https:\\\/\\\/beconfident.com\\\/lv\\\/#website\"},\"primaryImageOfPage\":{\"@id\":\"https:\\\/\\\/beconfident.com\\\/no\\\/produkt\\\/clear-skin-start-kit\\\/#primaryimage\"},\"image\":{\"@id\":\"https:\\\/\\\/beconfident.com\\\/no\\\/produkt\\\/clear-skin-start-kit\\\/#primaryimage\"},\"thumbnailUrl\":\"https:\\\/\\\/beconfident.com\\\/wp-content\\\/uploads\\\/2021\\\/01\\\/190097-Clear-Skin-Start-Kit.jpg\",\"datePublished\":\"2021-01-11T09:04:36+00:00\",\"dateModified\":\"2023-04-06T11:49:44+00:00\",\"breadcrumb\":{\"@id\":\"https:\\\/\\\/beconfident.com\\\/no\\\/produkt\\\/clear-skin-start-kit\\\/#breadcrumb\"},\"inLanguage\":\"nb-NO\",\"potentialAction\":[{\"@type\":\"ReadAction\",\"target\":[\"https:\\\/\\\/beconfident.com\\\/no\\\/produkt\\\/clear-skin-start-kit\\\/\"]}]},{\"@type\":\"ImageObject\",\"inLanguage\":\"nb-NO\",\"@id\":\"https:\\\/\\\/beconfident.com\\\/no\\\/produkt\\\/clear-skin-start-kit\\\/#primaryimage\",\"url\":\"https:\\\/\\\/beconfident.com\\\/wp-content\\\/uploads\\\/2021\\\/01\\\/190097-Clear-Skin-Start-Kit.jpg\",\"contentUrl\":\"https:\\\/\\\/beconfident.com\\\/wp-content\\\/uploads\\\/2021\\\/01\\\/190097-Clear-Skin-Start-Kit.jpg\",\"width\":1000,\"height\":1000,\"caption\":\"190097 Clear Skin Start Kit\"},{\"@type\":\"BreadcrumbList\",\"@id\":\"https:\\\/\\\/beconfident.com\\\/no\\\/produkt\\\/clear-skin-start-kit\\\/#breadcrumb\",\"itemListElement\":[{\"@type\":\"ListItem\",\"position\":1,\"name\":\"Hem\",\"item\":\"https:\\\/\\\/beconfident.com\\\/no\\\/\"},{\"@type\":\"ListItem\",\"position\":2,\"name\":\"Webbutik\",\"item\":\"https:\\\/\\\/beconfident.com\\\/no\\\/webbutik\\\/\"},{\"@type\":\"ListItem\",\"position\":3,\"name\":\"CLEAR SKIN START KIT\"}]},{\"@type\":\"WebSite\",\"@id\":\"https:\\\/\\\/beconfident.com\\\/lv\\\/#website\",\"url\":\"https:\\\/\\\/beconfident.com\\\/lv\\\/\",\"name\":\"Beconfident\",\"description\":\"\",\"potentialAction\":[{\"@type\":\"SearchAction\",\"target\":{\"@type\":\"EntryPoint\",\"urlTemplate\":\"https:\\\/\\\/beconfident.com\\\/lv\\\/?s={search_term_string}\"},\"query-input\":{\"@type\":\"PropertyValueSpecification\",\"valueRequired\":true,\"valueName\":\"search_term_string\"}}],\"inLanguage\":\"nb-NO\"}]}<\/script>\n<!-- \/ Yoast SEO plugin. -->","yoast_head_json":{"title":"CLEAR SKIN START KIT - Beconfident","robots":{"index":"index","follow":"follow","max-snippet":"max-snippet:-1","max-image-preview":"max-image-preview:large","max-video-preview":"max-video-preview:-1"},"canonical":"https:\/\/beconfident.com\/no\/produkt\/clear-skin-start-kit\/","og_locale":"nb_NO","og_type":"article","og_title":"CLEAR SKIN START KIT - Beconfident","og_description":"Et komplett hudpleiesystem med p\u00e5vist effekt mot tilstopping og kviser","og_url":"https:\/\/beconfident.com\/no\/produkt\/clear-skin-start-kit\/","og_site_name":"Beconfident","article_modified_time":"2023-04-06T11:49:44+00:00","og_image":[{"width":1000,"height":1000,"url":"https:\/\/beconfident.com\/wp-content\/uploads\/2021\/01\/190097-Clear-Skin-Start-Kit.jpg","type":"image\/jpeg"}],"twitter_card":"summary_large_image","twitter_misc":{"Ansl. lesetid":"1 minutt"},"schema":{"@context":"https:\/\/schema.org","@graph":[{"@type":"WebPage","@id":"https:\/\/beconfident.com\/no\/produkt\/clear-skin-start-kit\/","url":"https:\/\/beconfident.com\/no\/produkt\/clear-skin-start-kit\/","name":"CLEAR SKIN START KIT - Beconfident","isPartOf":{"@id":"https:\/\/beconfident.com\/lv\/#website"},"primaryImageOfPage":{"@id":"https:\/\/beconfident.com\/no\/produkt\/clear-skin-start-kit\/#primaryimage"},"image":{"@id":"https:\/\/beconfident.com\/no\/produkt\/clear-skin-start-kit\/#primaryimage"},"thumbnailUrl":"https:\/\/beconfident.com\/wp-content\/uploads\/2021\/01\/190097-Clear-Skin-Start-Kit.jpg","datePublished":"2021-01-11T09:04:36+00:00","dateModified":"2023-04-06T11:49:44+00:00","breadcrumb":{"@id":"https:\/\/beconfident.com\/no\/produkt\/clear-skin-start-kit\/#breadcrumb"},"inLanguage":"nb-NO","potentialAction":[{"@type":"ReadAction","target":["https:\/\/beconfident.com\/no\/produkt\/clear-skin-start-kit\/"]}]},{"@type":"ImageObject","inLanguage":"nb-NO","@id":"https:\/\/beconfident.com\/no\/produkt\/clear-skin-start-kit\/#primaryimage","url":"https:\/\/beconfident.com\/wp-content\/uploads\/2021\/01\/190097-Clear-Skin-Start-Kit.jpg","contentUrl":"https:\/\/beconfident.com\/wp-content\/uploads\/2021\/01\/190097-Clear-Skin-Start-Kit.jpg","width":1000,"height":1000,"caption":"190097 Clear Skin Start Kit"},{"@type":"BreadcrumbList","@id":"https:\/\/beconfident.com\/no\/produkt\/clear-skin-start-kit\/#breadcrumb","itemListElement":[{"@type":"ListItem","position":1,"name":"Hem","item":"https:\/\/beconfident.com\/no\/"},{"@type":"ListItem","position":2,"name":"Webbutik","item":"https:\/\/beconfident.com\/no\/webbutik\/"},{"@type":"ListItem","position":3,"name":"CLEAR SKIN START KIT"}]},{"@type":"WebSite","@id":"https:\/\/beconfident.com\/lv\/#website","url":"https:\/\/beconfident.com\/lv\/","name":"Beconfident","description":"","potentialAction":[{"@type":"SearchAction","target":{"@type":"EntryPoint","urlTemplate":"https:\/\/beconfident.com\/lv\/?s={search_term_string}"},"query-input":{"@type":"PropertyValueSpecification","valueRequired":true,"valueName":"search_term_string"}}],"inLanguage":"nb-NO"}]}},"_links":{"self":[{"href":"https:\/\/beconfident.com\/no\/wp-json\/wp\/v2\/product\/6913","targetHints":{"allow":["GET"]}}],"collection":[{"href":"https:\/\/beconfident.com\/no\/wp-json\/wp\/v2\/product"}],"about":[{"href":"https:\/\/beconfident.com\/no\/wp-json\/wp\/v2\/types\/product"}],"replies":[{"embeddable":true,"href":"https:\/\/beconfident.com\/no\/wp-json\/wp\/v2\/comments?post=6913"}],"wp:featuredmedia":[{"embeddable":true,"href":"https:\/\/beconfident.com\/no\/wp-json\/wp\/v2\/media\/1043"}],"wp:attachment":[{"href":"https:\/\/beconfident.com\/no\/wp-json\/wp\/v2\/media?parent=6913"}],"wp:term":[{"taxonomy":"product_brand","embeddable":true,"href":"https:\/\/beconfident.com\/no\/wp-json\/wp\/v2\/product_brand?post=6913"},{"taxonomy":"product_cat","embeddable":true,"href":"https:\/\/beconfident.com\/no\/wp-json\/wp\/v2\/product_cat?post=6913"},{"taxonomy":"product_tag","embeddable":true,"href":"https:\/\/beconfident.com\/no\/wp-json\/wp\/v2\/product_tag?post=6913"}],"curies":[{"name":"wp","href":"https:\/\/api.w.org\/{rel}","templated":true}]}}