{"id":6878,"date":"2021-01-12T12:09:23","date_gmt":"2021-01-12T11:09:23","guid":{"rendered":"https:\/\/beconfident.simplesmile.hemsida.eu\/produkt\/hyaluronic-anti-ageing-cream-50-ml\/"},"modified":"2026-03-04T11:17:37","modified_gmt":"2026-03-04T10:17:37","slug":"hyaluronic-anti-ageing-cream-50-ml","status":"publish","type":"product","link":"https:\/\/beconfident.com\/no\/produkt\/hyaluronic-anti-ageing-cream-50-ml\/","title":{"rendered":"HYALURONIC ANTI-AGEING CREAM"},"content":{"rendered":"<p>Beconfident\u00ae Hyaluronic Anti-Aging Cream inneholder en avansert formel med beskyttende egenskaper som b\u00e5de er fuktighetsgivende og forhindrer tegn p\u00e5 aldring. Produktet inneholder Hylasome\u00ae EG 10, som er en ikke-animalsk hyaluronsyre som er 50 ganger mer vannbindende enn vanlig hyaluronsyre og 5 ganger mer fuktighetsgivende etter 24 timer. Kremen gjenoppbygger hudens elastisitet samtidig som den fukter i 24 timer takket v\u00e6re det h\u00f8ye innholdet av hyaluronsyre. Vitaminer E og B5 fremskynder hudens helbredelse og gr\u00f8nn teekstrakt tilf\u00f8rer antioksidanter som gj\u00f8r at huden f\u00f8les sunn og frisk. Madein Sverige. Apotek godkjent. Registrert hos legemiddelverket. Pakken inneholder 1 x Hyaluronic Anti-Agein Cream (20 ml) og bruksanvisning.<\/p>\n","protected":false},"excerpt":{"rendered":"<p>Fuktighetsgivende dagkrem som motvirker rynker, pigmentflekker og gjenoppbygger huden<\/p>\n","protected":false},"featured_media":974,"comment_status":"open","ping_status":"closed","template":"","meta":{"_acf_changed":false,"inline_featured_image":false,"_monsterinsights_skip_tracking":false,"_monsterinsights_sitenote_active":false,"_monsterinsights_sitenote_note":"","_monsterinsights_sitenote_category":0},"product_brand":[],"product_cat":[58],"product_tag":[],"class_list":{"0":"post-6878","1":"product","2":"type-product","3":"status-publish","4":"has-post-thumbnail","6":"product_cat-uncategorized-no","8":"first","9":"outofstock","10":"taxable","11":"shipping-taxable","12":"purchasable","13":"product-type-simple"},"acf":[],"shsp-ext":{"main":{},"variations":[]},"yoast_head":"<!-- This site is optimized with the Yoast SEO plugin v27.5 - https:\/\/yoast.com\/product\/yoast-seo-wordpress\/ -->\n<title>HYALURONIC ANTI-AGEING CREAM - Beconfident<\/title>\n<meta name=\"robots\" content=\"index, follow, max-snippet:-1, max-image-preview:large, max-video-preview:-1\" \/>\n<link rel=\"canonical\" href=\"https:\/\/beconfident.com\/no\/produkt\/hyaluronic-anti-ageing-cream-50-ml\/\" \/>\n<meta property=\"og:locale\" content=\"nb_NO\" \/>\n<meta property=\"og:type\" content=\"article\" \/>\n<meta property=\"og:title\" content=\"HYALURONIC ANTI-AGEING CREAM - Beconfident\" \/>\n<meta property=\"og:description\" content=\"Fuktighetsgivende dagkrem som motvirker rynker, pigmentflekker og gjenoppbygger huden\" \/>\n<meta property=\"og:url\" content=\"https:\/\/beconfident.com\/no\/produkt\/hyaluronic-anti-ageing-cream-50-ml\/\" \/>\n<meta property=\"og:site_name\" content=\"Beconfident\" \/>\n<meta property=\"article:modified_time\" content=\"2026-03-04T10:17:37+00:00\" \/>\n<meta property=\"og:image\" content=\"https:\/\/beconfident.com\/wp-content\/uploads\/2021\/01\/180798-Hyaluronic-Anti-Ageing-Cream-50-ml.jpg\" \/>\n\t<meta property=\"og:image:width\" content=\"1000\" \/>\n\t<meta property=\"og:image:height\" content=\"1000\" \/>\n\t<meta property=\"og:image:type\" content=\"image\/jpeg\" \/>\n<meta name=\"twitter:card\" content=\"summary_large_image\" \/>\n<meta name=\"twitter:label1\" content=\"Ansl. lesetid\" \/>\n\t<meta name=\"twitter:data1\" content=\"1 minutt\" \/>\n<script type=\"application\/ld+json\" class=\"yoast-schema-graph\">{\"@context\":\"https:\\\/\\\/schema.org\",\"@graph\":[{\"@type\":\"WebPage\",\"@id\":\"https:\\\/\\\/beconfident.com\\\/no\\\/produkt\\\/hyaluronic-anti-ageing-cream-50-ml\\\/\",\"url\":\"https:\\\/\\\/beconfident.com\\\/no\\\/produkt\\\/hyaluronic-anti-ageing-cream-50-ml\\\/\",\"name\":\"HYALURONIC ANTI-AGEING CREAM - Beconfident\",\"isPartOf\":{\"@id\":\"https:\\\/\\\/beconfident.com\\\/lv\\\/#website\"},\"primaryImageOfPage\":{\"@id\":\"https:\\\/\\\/beconfident.com\\\/no\\\/produkt\\\/hyaluronic-anti-ageing-cream-50-ml\\\/#primaryimage\"},\"image\":{\"@id\":\"https:\\\/\\\/beconfident.com\\\/no\\\/produkt\\\/hyaluronic-anti-ageing-cream-50-ml\\\/#primaryimage\"},\"thumbnailUrl\":\"https:\\\/\\\/beconfident.com\\\/wp-content\\\/uploads\\\/2021\\\/01\\\/180798-Hyaluronic-Anti-Ageing-Cream-50-ml.jpg\",\"datePublished\":\"2021-01-12T11:09:23+00:00\",\"dateModified\":\"2026-03-04T10:17:37+00:00\",\"breadcrumb\":{\"@id\":\"https:\\\/\\\/beconfident.com\\\/no\\\/produkt\\\/hyaluronic-anti-ageing-cream-50-ml\\\/#breadcrumb\"},\"inLanguage\":\"nb-NO\",\"potentialAction\":[{\"@type\":\"ReadAction\",\"target\":[\"https:\\\/\\\/beconfident.com\\\/no\\\/produkt\\\/hyaluronic-anti-ageing-cream-50-ml\\\/\"]}]},{\"@type\":\"ImageObject\",\"inLanguage\":\"nb-NO\",\"@id\":\"https:\\\/\\\/beconfident.com\\\/no\\\/produkt\\\/hyaluronic-anti-ageing-cream-50-ml\\\/#primaryimage\",\"url\":\"https:\\\/\\\/beconfident.com\\\/wp-content\\\/uploads\\\/2021\\\/01\\\/180798-Hyaluronic-Anti-Ageing-Cream-50-ml.jpg\",\"contentUrl\":\"https:\\\/\\\/beconfident.com\\\/wp-content\\\/uploads\\\/2021\\\/01\\\/180798-Hyaluronic-Anti-Ageing-Cream-50-ml.jpg\",\"width\":1000,\"height\":1000,\"caption\":\"180798 Hyaluronic Anti Ageing Cream 50 ml\"},{\"@type\":\"BreadcrumbList\",\"@id\":\"https:\\\/\\\/beconfident.com\\\/no\\\/produkt\\\/hyaluronic-anti-ageing-cream-50-ml\\\/#breadcrumb\",\"itemListElement\":[{\"@type\":\"ListItem\",\"position\":1,\"name\":\"Hem\",\"item\":\"https:\\\/\\\/beconfident.com\\\/no\\\/\"},{\"@type\":\"ListItem\",\"position\":2,\"name\":\"Webbutik\",\"item\":\"https:\\\/\\\/beconfident.com\\\/no\\\/webbutik\\\/\"},{\"@type\":\"ListItem\",\"position\":3,\"name\":\"HYALURONIC ANTI-AGEING CREAM\"}]},{\"@type\":\"WebSite\",\"@id\":\"https:\\\/\\\/beconfident.com\\\/lv\\\/#website\",\"url\":\"https:\\\/\\\/beconfident.com\\\/lv\\\/\",\"name\":\"Beconfident\",\"description\":\"\",\"potentialAction\":[{\"@type\":\"SearchAction\",\"target\":{\"@type\":\"EntryPoint\",\"urlTemplate\":\"https:\\\/\\\/beconfident.com\\\/lv\\\/?s={search_term_string}\"},\"query-input\":{\"@type\":\"PropertyValueSpecification\",\"valueRequired\":true,\"valueName\":\"search_term_string\"}}],\"inLanguage\":\"nb-NO\"}]}<\/script>\n<!-- \/ Yoast SEO plugin. -->","yoast_head_json":{"title":"HYALURONIC ANTI-AGEING CREAM - Beconfident","robots":{"index":"index","follow":"follow","max-snippet":"max-snippet:-1","max-image-preview":"max-image-preview:large","max-video-preview":"max-video-preview:-1"},"canonical":"https:\/\/beconfident.com\/no\/produkt\/hyaluronic-anti-ageing-cream-50-ml\/","og_locale":"nb_NO","og_type":"article","og_title":"HYALURONIC ANTI-AGEING CREAM - Beconfident","og_description":"Fuktighetsgivende dagkrem som motvirker rynker, pigmentflekker og gjenoppbygger huden","og_url":"https:\/\/beconfident.com\/no\/produkt\/hyaluronic-anti-ageing-cream-50-ml\/","og_site_name":"Beconfident","article_modified_time":"2026-03-04T10:17:37+00:00","og_image":[{"width":1000,"height":1000,"url":"https:\/\/beconfident.com\/wp-content\/uploads\/2021\/01\/180798-Hyaluronic-Anti-Ageing-Cream-50-ml.jpg","type":"image\/jpeg"}],"twitter_card":"summary_large_image","twitter_misc":{"Ansl. lesetid":"1 minutt"},"schema":{"@context":"https:\/\/schema.org","@graph":[{"@type":"WebPage","@id":"https:\/\/beconfident.com\/no\/produkt\/hyaluronic-anti-ageing-cream-50-ml\/","url":"https:\/\/beconfident.com\/no\/produkt\/hyaluronic-anti-ageing-cream-50-ml\/","name":"HYALURONIC ANTI-AGEING CREAM - Beconfident","isPartOf":{"@id":"https:\/\/beconfident.com\/lv\/#website"},"primaryImageOfPage":{"@id":"https:\/\/beconfident.com\/no\/produkt\/hyaluronic-anti-ageing-cream-50-ml\/#primaryimage"},"image":{"@id":"https:\/\/beconfident.com\/no\/produkt\/hyaluronic-anti-ageing-cream-50-ml\/#primaryimage"},"thumbnailUrl":"https:\/\/beconfident.com\/wp-content\/uploads\/2021\/01\/180798-Hyaluronic-Anti-Ageing-Cream-50-ml.jpg","datePublished":"2021-01-12T11:09:23+00:00","dateModified":"2026-03-04T10:17:37+00:00","breadcrumb":{"@id":"https:\/\/beconfident.com\/no\/produkt\/hyaluronic-anti-ageing-cream-50-ml\/#breadcrumb"},"inLanguage":"nb-NO","potentialAction":[{"@type":"ReadAction","target":["https:\/\/beconfident.com\/no\/produkt\/hyaluronic-anti-ageing-cream-50-ml\/"]}]},{"@type":"ImageObject","inLanguage":"nb-NO","@id":"https:\/\/beconfident.com\/no\/produkt\/hyaluronic-anti-ageing-cream-50-ml\/#primaryimage","url":"https:\/\/beconfident.com\/wp-content\/uploads\/2021\/01\/180798-Hyaluronic-Anti-Ageing-Cream-50-ml.jpg","contentUrl":"https:\/\/beconfident.com\/wp-content\/uploads\/2021\/01\/180798-Hyaluronic-Anti-Ageing-Cream-50-ml.jpg","width":1000,"height":1000,"caption":"180798 Hyaluronic Anti Ageing Cream 50 ml"},{"@type":"BreadcrumbList","@id":"https:\/\/beconfident.com\/no\/produkt\/hyaluronic-anti-ageing-cream-50-ml\/#breadcrumb","itemListElement":[{"@type":"ListItem","position":1,"name":"Hem","item":"https:\/\/beconfident.com\/no\/"},{"@type":"ListItem","position":2,"name":"Webbutik","item":"https:\/\/beconfident.com\/no\/webbutik\/"},{"@type":"ListItem","position":3,"name":"HYALURONIC ANTI-AGEING CREAM"}]},{"@type":"WebSite","@id":"https:\/\/beconfident.com\/lv\/#website","url":"https:\/\/beconfident.com\/lv\/","name":"Beconfident","description":"","potentialAction":[{"@type":"SearchAction","target":{"@type":"EntryPoint","urlTemplate":"https:\/\/beconfident.com\/lv\/?s={search_term_string}"},"query-input":{"@type":"PropertyValueSpecification","valueRequired":true,"valueName":"search_term_string"}}],"inLanguage":"nb-NO"}]}},"_links":{"self":[{"href":"https:\/\/beconfident.com\/no\/wp-json\/wp\/v2\/product\/6878","targetHints":{"allow":["GET"]}}],"collection":[{"href":"https:\/\/beconfident.com\/no\/wp-json\/wp\/v2\/product"}],"about":[{"href":"https:\/\/beconfident.com\/no\/wp-json\/wp\/v2\/types\/product"}],"replies":[{"embeddable":true,"href":"https:\/\/beconfident.com\/no\/wp-json\/wp\/v2\/comments?post=6878"}],"wp:featuredmedia":[{"embeddable":true,"href":"https:\/\/beconfident.com\/no\/wp-json\/wp\/v2\/media\/974"}],"wp:attachment":[{"href":"https:\/\/beconfident.com\/no\/wp-json\/wp\/v2\/media?parent=6878"}],"wp:term":[{"taxonomy":"product_brand","embeddable":true,"href":"https:\/\/beconfident.com\/no\/wp-json\/wp\/v2\/product_brand?post=6878"},{"taxonomy":"product_cat","embeddable":true,"href":"https:\/\/beconfident.com\/no\/wp-json\/wp\/v2\/product_cat?post=6878"},{"taxonomy":"product_tag","embeddable":true,"href":"https:\/\/beconfident.com\/no\/wp-json\/wp\/v2\/product_tag?post=6878"}],"curies":[{"name":"wp","href":"https:\/\/api.w.org\/{rel}","templated":true}]}}