{"id":33704,"date":"2021-08-23T09:48:54","date_gmt":"2021-08-23T07:48:54","guid":{"rendered":"http:\/\/beconfident.beconfident.hemsida.eu\/?post_type=product&#038;p=33704"},"modified":"2023-04-06T13:49:31","modified_gmt":"2023-04-06T11:49:31","slug":"silver-sonic-elektrisk-tannborster","status":"publish","type":"product","link":"https:\/\/beconfident.com\/no\/produkt\/silver-sonic-elektrisk-tannborster\/","title":{"rendered":"Sonic silver Elektrisk Tannb\u00f8rster"},"content":{"rendered":"<p><span data-sheets-value=\"{&quot;1&quot;:2,&quot;2&quot;:&quot;Beconfident\u00ae Sonic Silver Toothbrush Hvit \/ S\u00f8lv: Sonic Whitening Electric Toothbrush vibrerer med 38.000 svingninger \/ 76.000 bevegelser per minutt og klinisk bevist fjerner plakk 62% bedre enn en manuell tannb\u00f8rste. I tillegg til mekanisk b\u00f8rsting skaper sonic vibrasjonene, sammen med tannkrem og spytt, virvler som gir en sekund\u00e6r rengj\u00f8ringseffekt og bidrar til \u00e5 fjerne plakk selv der b\u00f8rsten ikke kan n\u00e5s. Den effektive mekaniske behandlingen fjerner ogs\u00e5 flekker, gir hvitere tenner og gir samme rengj\u00f8ringseffekt som etter et bes\u00f8k til tannpleieren. Sonic Whitening Electric Toothbrush leveres med 1 vanlig b\u00f8rstehode (det er whitening og myke versjoner som passer) og kan stilles inn i 3 forskjellige moduser: Sensitiv, Ren og bleking. En timer gir et signal hvert 30. Det innebygde oppladbare batteriet har rask lading og fulladet p\u00e5 6 timer som varer hele 90 dager n\u00e5r du pusser fire minutter per dag. Pakken inneholder et Sonic Regular tannb\u00f8rstehode, en likestr\u00f8msledning (direkte tilkobling) til USB-laderen (ikke inkludert) og bruksanvisninger. Tannb\u00f8rstehode utviklet for og passer kun for beconfident\u00ae elektriske tannb\u00f8rster.&quot;}\" data-sheets-userformat=\"{&quot;2&quot;:13185,&quot;3&quot;:{&quot;1&quot;:0},&quot;10&quot;:0,&quot;11&quot;:4,&quot;12&quot;:0,&quot;15&quot;:&quot;Avenir&quot;,&quot;16&quot;:10}\">Beconfident\u00ae Sonic Silver Toothbrush Hvit \/ S\u00f8lv: Sonic Whitening Electric Toothbrush vibrerer med 38.000 svingninger \/ 76.000 bevegelser per minutt og klinisk bevist fjerner plakk 62% bedre enn en manuell tannb\u00f8rste. I tillegg til mekanisk b\u00f8rsting skaper sonic vibrasjonene, sammen med tannkrem og spytt, virvler som gir en sekund\u00e6r rengj\u00f8ringseffekt og bidrar til \u00e5 fjerne plakk selv der b\u00f8rsten ikke kan n\u00e5s. Den effektive mekaniske behandlingen fjerner ogs\u00e5 flekker, gir hvitere tenner og gir samme rengj\u00f8ringseffekt som etter et bes\u00f8k til tannpleieren. Sonic Whitening Electric Toothbrush leveres med 1 vanlig b\u00f8rstehode (det er whitening og myke versjoner som passer) og kan stilles inn i 3 forskjellige moduser: Sensitiv, Ren og bleking. En timer gir et signal hvert 30. Det innebygde oppladbare batteriet har rask lading og fulladet p\u00e5 6 timer som varer hele 90 dager n\u00e5r du pusser fire minutter per dag. Pakken inneholder et Sonic Regular tannb\u00f8rstehode, en likestr\u00f8msledning (direkte tilkobling) til USB-laderen (ikke inkludert) og bruksanvisninger. Tannb\u00f8rstehode utviklet for og passer kun for beconfident\u00ae elektriske tannb\u00f8rster.<\/span><\/p>\n","protected":false},"excerpt":{"rendered":"<p id=\"tw-target-text\" class=\"tw-data-text tw-text-large XcVN5d tw-ta\" dir=\"ltr\" data-placeholder=\"\u00d6vers\u00e4ttning\"><span class=\"Y2IQFc\" lang=\"no\">Silver Sonic Whitening elektrisk tannb\u00f8rste hvit \/ s\u00f8lv. Komplett med 1 vanlig b\u00f8rstehode, kabel for USB -lader og manual.<\/span><\/p>\n","protected":false},"featured_media":34533,"comment_status":"open","ping_status":"closed","template":"","meta":{"_acf_changed":false,"inline_featured_image":false,"_monsterinsights_skip_tracking":false,"_monsterinsights_sitenote_active":false,"_monsterinsights_sitenote_note":"","_monsterinsights_sitenote_category":0},"product_brand":[],"product_cat":[737,231,250],"product_tag":[],"class_list":{"0":"post-33704","1":"product","2":"type-product","3":"status-publish","4":"has-post-thumbnail","6":"product_cat-all-products-no","7":"product_cat-oral-pleie","8":"product_cat-sonic-eltandsborstar-no","10":"first","11":"instock","12":"taxable","13":"shipping-taxable","14":"purchasable","15":"product-type-simple"},"acf":[],"shsp-ext":{"main":{},"variations":[]},"yoast_head":"<!-- This site is optimized with the Yoast SEO plugin v27.2 - https:\/\/yoast.com\/product\/yoast-seo-wordpress\/ -->\n<title>Sonic silver Elektrisk Tannb\u00f8rster - Beconfident<\/title>\n<meta name=\"robots\" content=\"index, follow, max-snippet:-1, max-image-preview:large, max-video-preview:-1\" \/>\n<link rel=\"canonical\" href=\"https:\/\/beconfident.com\/no\/produkt\/silver-sonic-elektrisk-tannborster\/\" \/>\n<meta property=\"og:locale\" content=\"nb_NO\" \/>\n<meta property=\"og:type\" content=\"article\" \/>\n<meta property=\"og:title\" content=\"Sonic silver Elektrisk Tannb\u00f8rster - Beconfident\" \/>\n<meta property=\"og:description\" content=\"Silver Sonic Whitening elektrisk tannb\u00f8rste hvit \/ s\u00f8lv. Komplett med 1 vanlig b\u00f8rstehode, kabel for USB -lader og manual.\" \/>\n<meta property=\"og:url\" content=\"https:\/\/beconfident.com\/no\/produkt\/silver-sonic-elektrisk-tannborster\/\" \/>\n<meta property=\"og:site_name\" content=\"Beconfident\" \/>\n<meta property=\"article:modified_time\" content=\"2023-04-06T11:49:31+00:00\" \/>\n<meta property=\"og:image\" content=\"https:\/\/beconfident.com\/wp-content\/uploads\/2021\/08\/sonic-silver-whitening.jpg\" \/>\n\t<meta property=\"og:image:width\" content=\"1312\" \/>\n\t<meta property=\"og:image:height\" content=\"1312\" \/>\n\t<meta property=\"og:image:type\" content=\"image\/jpeg\" \/>\n<meta name=\"twitter:card\" content=\"summary_large_image\" \/>\n<meta name=\"twitter:label1\" content=\"Ansl. lesetid\" \/>\n\t<meta name=\"twitter:data1\" content=\"1 minutt\" \/>\n<script type=\"application\/ld+json\" class=\"yoast-schema-graph\">{\"@context\":\"https:\/\/schema.org\",\"@graph\":[{\"@type\":\"WebPage\",\"@id\":\"https:\/\/beconfident.com\/no\/produkt\/silver-sonic-elektrisk-tannborster\/\",\"url\":\"https:\/\/beconfident.com\/no\/produkt\/silver-sonic-elektrisk-tannborster\/\",\"name\":\"Sonic silver Elektrisk Tannb\u00f8rster - Beconfident\",\"isPartOf\":{\"@id\":\"https:\/\/beconfident.com\/lv\/#website\"},\"primaryImageOfPage\":{\"@id\":\"https:\/\/beconfident.com\/no\/produkt\/silver-sonic-elektrisk-tannborster\/#primaryimage\"},\"image\":{\"@id\":\"https:\/\/beconfident.com\/no\/produkt\/silver-sonic-elektrisk-tannborster\/#primaryimage\"},\"thumbnailUrl\":\"https:\/\/beconfident.com\/wp-content\/uploads\/2021\/08\/sonic-silver-whitening.jpg\",\"datePublished\":\"2021-08-23T07:48:54+00:00\",\"dateModified\":\"2023-04-06T11:49:31+00:00\",\"breadcrumb\":{\"@id\":\"https:\/\/beconfident.com\/no\/produkt\/silver-sonic-elektrisk-tannborster\/#breadcrumb\"},\"inLanguage\":\"nb-NO\",\"potentialAction\":[{\"@type\":\"ReadAction\",\"target\":[\"https:\/\/beconfident.com\/no\/produkt\/silver-sonic-elektrisk-tannborster\/\"]}]},{\"@type\":\"ImageObject\",\"inLanguage\":\"nb-NO\",\"@id\":\"https:\/\/beconfident.com\/no\/produkt\/silver-sonic-elektrisk-tannborster\/#primaryimage\",\"url\":\"https:\/\/beconfident.com\/wp-content\/uploads\/2021\/08\/sonic-silver-whitening.jpg\",\"contentUrl\":\"https:\/\/beconfident.com\/wp-content\/uploads\/2021\/08\/sonic-silver-whitening.jpg\",\"width\":1312,\"height\":1312},{\"@type\":\"BreadcrumbList\",\"@id\":\"https:\/\/beconfident.com\/no\/produkt\/silver-sonic-elektrisk-tannborster\/#breadcrumb\",\"itemListElement\":[{\"@type\":\"ListItem\",\"position\":1,\"name\":\"Hem\",\"item\":\"https:\/\/beconfident.com\/no\/\"},{\"@type\":\"ListItem\",\"position\":2,\"name\":\"Webbutik\",\"item\":\"https:\/\/beconfident.com\/no\/webbutik\/\"},{\"@type\":\"ListItem\",\"position\":3,\"name\":\"Sonic silver Elektrisk Tannb\u00f8rster\"}]},{\"@type\":\"WebSite\",\"@id\":\"https:\/\/beconfident.com\/lv\/#website\",\"url\":\"https:\/\/beconfident.com\/lv\/\",\"name\":\"Beconfident\",\"description\":\"\",\"potentialAction\":[{\"@type\":\"SearchAction\",\"target\":{\"@type\":\"EntryPoint\",\"urlTemplate\":\"https:\/\/beconfident.com\/lv\/?s={search_term_string}\"},\"query-input\":{\"@type\":\"PropertyValueSpecification\",\"valueRequired\":true,\"valueName\":\"search_term_string\"}}],\"inLanguage\":\"nb-NO\"}]}<\/script>\n<!-- \/ Yoast SEO plugin. -->","yoast_head_json":{"title":"Sonic silver Elektrisk Tannb\u00f8rster - Beconfident","robots":{"index":"index","follow":"follow","max-snippet":"max-snippet:-1","max-image-preview":"max-image-preview:large","max-video-preview":"max-video-preview:-1"},"canonical":"https:\/\/beconfident.com\/no\/produkt\/silver-sonic-elektrisk-tannborster\/","og_locale":"nb_NO","og_type":"article","og_title":"Sonic silver Elektrisk Tannb\u00f8rster - Beconfident","og_description":"Silver Sonic Whitening elektrisk tannb\u00f8rste hvit \/ s\u00f8lv. Komplett med 1 vanlig b\u00f8rstehode, kabel for USB -lader og manual.","og_url":"https:\/\/beconfident.com\/no\/produkt\/silver-sonic-elektrisk-tannborster\/","og_site_name":"Beconfident","article_modified_time":"2023-04-06T11:49:31+00:00","og_image":[{"width":1312,"height":1312,"url":"https:\/\/beconfident.com\/wp-content\/uploads\/2021\/08\/sonic-silver-whitening.jpg","type":"image\/jpeg"}],"twitter_card":"summary_large_image","twitter_misc":{"Ansl. lesetid":"1 minutt"},"schema":{"@context":"https:\/\/schema.org","@graph":[{"@type":"WebPage","@id":"https:\/\/beconfident.com\/no\/produkt\/silver-sonic-elektrisk-tannborster\/","url":"https:\/\/beconfident.com\/no\/produkt\/silver-sonic-elektrisk-tannborster\/","name":"Sonic silver Elektrisk Tannb\u00f8rster - Beconfident","isPartOf":{"@id":"https:\/\/beconfident.com\/lv\/#website"},"primaryImageOfPage":{"@id":"https:\/\/beconfident.com\/no\/produkt\/silver-sonic-elektrisk-tannborster\/#primaryimage"},"image":{"@id":"https:\/\/beconfident.com\/no\/produkt\/silver-sonic-elektrisk-tannborster\/#primaryimage"},"thumbnailUrl":"https:\/\/beconfident.com\/wp-content\/uploads\/2021\/08\/sonic-silver-whitening.jpg","datePublished":"2021-08-23T07:48:54+00:00","dateModified":"2023-04-06T11:49:31+00:00","breadcrumb":{"@id":"https:\/\/beconfident.com\/no\/produkt\/silver-sonic-elektrisk-tannborster\/#breadcrumb"},"inLanguage":"nb-NO","potentialAction":[{"@type":"ReadAction","target":["https:\/\/beconfident.com\/no\/produkt\/silver-sonic-elektrisk-tannborster\/"]}]},{"@type":"ImageObject","inLanguage":"nb-NO","@id":"https:\/\/beconfident.com\/no\/produkt\/silver-sonic-elektrisk-tannborster\/#primaryimage","url":"https:\/\/beconfident.com\/wp-content\/uploads\/2021\/08\/sonic-silver-whitening.jpg","contentUrl":"https:\/\/beconfident.com\/wp-content\/uploads\/2021\/08\/sonic-silver-whitening.jpg","width":1312,"height":1312},{"@type":"BreadcrumbList","@id":"https:\/\/beconfident.com\/no\/produkt\/silver-sonic-elektrisk-tannborster\/#breadcrumb","itemListElement":[{"@type":"ListItem","position":1,"name":"Hem","item":"https:\/\/beconfident.com\/no\/"},{"@type":"ListItem","position":2,"name":"Webbutik","item":"https:\/\/beconfident.com\/no\/webbutik\/"},{"@type":"ListItem","position":3,"name":"Sonic silver Elektrisk Tannb\u00f8rster"}]},{"@type":"WebSite","@id":"https:\/\/beconfident.com\/lv\/#website","url":"https:\/\/beconfident.com\/lv\/","name":"Beconfident","description":"","potentialAction":[{"@type":"SearchAction","target":{"@type":"EntryPoint","urlTemplate":"https:\/\/beconfident.com\/lv\/?s={search_term_string}"},"query-input":{"@type":"PropertyValueSpecification","valueRequired":true,"valueName":"search_term_string"}}],"inLanguage":"nb-NO"}]}},"_links":{"self":[{"href":"https:\/\/beconfident.com\/no\/wp-json\/wp\/v2\/product\/33704","targetHints":{"allow":["GET"]}}],"collection":[{"href":"https:\/\/beconfident.com\/no\/wp-json\/wp\/v2\/product"}],"about":[{"href":"https:\/\/beconfident.com\/no\/wp-json\/wp\/v2\/types\/product"}],"replies":[{"embeddable":true,"href":"https:\/\/beconfident.com\/no\/wp-json\/wp\/v2\/comments?post=33704"}],"wp:featuredmedia":[{"embeddable":true,"href":"https:\/\/beconfident.com\/no\/wp-json\/wp\/v2\/media\/34533"}],"wp:attachment":[{"href":"https:\/\/beconfident.com\/no\/wp-json\/wp\/v2\/media?parent=33704"}],"wp:term":[{"taxonomy":"product_brand","embeddable":true,"href":"https:\/\/beconfident.com\/no\/wp-json\/wp\/v2\/product_brand?post=33704"},{"taxonomy":"product_cat","embeddable":true,"href":"https:\/\/beconfident.com\/no\/wp-json\/wp\/v2\/product_cat?post=33704"},{"taxonomy":"product_tag","embeddable":true,"href":"https:\/\/beconfident.com\/no\/wp-json\/wp\/v2\/product_tag?post=33704"}],"curies":[{"name":"wp","href":"https:\/\/api.w.org\/{rel}","templated":true}]}}