{"id":19228,"date":"2021-01-20T13:11:36","date_gmt":"2021-01-20T12:11:36","guid":{"rendered":"http:\/\/beconfident.beconfident.hemsida.eu\/produkt\/sonic-whitening-elektriske-tandbruser-sort-rose-gull\/"},"modified":"2026-03-03T15:41:20","modified_gmt":"2026-03-03T14:41:20","slug":"sonic-whitening-elektriske-tandbruser-sort-rose-gull","status":"publish","type":"product","link":"https:\/\/beconfident.com\/no\/produkt\/sonic-whitening-elektriske-tandbruser-sort-rose-gull\/","title":{"rendered":"SONIC WHITENING ELEKTRISKE TANDBRUSER SORT \/ ROSE GULL"},"content":{"rendered":"<p>Beconfident\u00ae Sonic Tannb\u00f8rste Hvit \/ Rose Gull: Sonic Whitening Electric Tannb\u00f8rste vibrerer ved 38 000 svingninger per minutt og fjerner klinisk bevist plakk 62% bedre enn en manuell tannb\u00f8rste. I tillegg til den mekaniske b\u00f8rstingen, skaper soniske vibrasjoner sammen med tannkrem og spytt virvler som gir en sekund\u00e6r rengj\u00f8ringseffekt og hjelper til med \u00e5 fjerne plakk selv der b\u00f8rsten ikke er tilgjengelig. Den effektive mekaniske behandlingen fjerner ogs\u00e5 flekker, gir hvitere tenner og gir samme rengj\u00f8ringseffekt som etter et bes\u00f8k hos tannpleieren. Sonic Whitening Electric tannb\u00f8rste leveres med 2 forskjellige b\u00f8rstehoder, Regular og Whitening, og kan settes i 5 forskjellige posisjoner: Clean, Sensitive, Gum care, White and Polish. En tidtaker gir et signal hvert 30. sekund, slik at alle fire kvadranter i munnen f\u00e5r samme rengj\u00f8ring, og den sl\u00e5s automatisk av etter totalt to minutter. Det innebygde oppladbare batteriet varer i totalt 90 dager n\u00e5r du b\u00f8rster fire minutter om dagen. Pakken inneholder en Sonic Whitening Electric Tannb\u00f8rste Hvit, to b\u00f8rstehoder Vanlig og Whitening, kontaktl\u00f8s lader for USB og bruksanvisning.<\/p>\n","protected":false},"excerpt":{"rendered":"<p class=\"p1\">For bedre munnhygiene, renere tenner og et hvitere smil. Opptil 90 dagers batterilevetid.<\/p>\n","protected":false},"featured_media":56209,"comment_status":"open","ping_status":"closed","template":"","meta":{"_acf_changed":false,"inline_featured_image":false,"_monsterinsights_skip_tracking":false,"_monsterinsights_sitenote_active":false,"_monsterinsights_sitenote_note":"","_monsterinsights_sitenote_category":0},"product_brand":[],"product_cat":[737,231,250],"product_tag":[],"class_list":{"0":"post-19228","1":"product","2":"type-product","3":"status-publish","4":"has-post-thumbnail","6":"product_cat-all-products-no","7":"product_cat-oral-pleie","8":"product_cat-sonic-eltandsborstar-no","10":"first","11":"instock","12":"taxable","13":"shipping-taxable","14":"purchasable","15":"product-type-simple"},"acf":[],"shsp-ext":{"main":{},"variations":[]},"yoast_head":"<!-- This site is optimized with the Yoast SEO plugin v27.2 - https:\/\/yoast.com\/product\/yoast-seo-wordpress\/ -->\n<title>SONIC WHITENING ELEKTRISKE TANDBRUSER SORT \/ ROSE GULL - Beconfident<\/title>\n<meta name=\"robots\" content=\"index, follow, max-snippet:-1, max-image-preview:large, max-video-preview:-1\" \/>\n<link rel=\"canonical\" href=\"https:\/\/beconfident.com\/no\/produkt\/sonic-whitening-elektriske-tandbruser-sort-rose-gull\/\" \/>\n<meta property=\"og:locale\" content=\"nb_NO\" \/>\n<meta property=\"og:type\" content=\"article\" \/>\n<meta property=\"og:title\" content=\"SONIC WHITENING ELEKTRISKE TANDBRUSER SORT \/ ROSE GULL - Beconfident\" \/>\n<meta property=\"og:description\" content=\"For bedre munnhygiene, renere tenner og et hvitere smil. Opptil 90 dagers batterilevetid.\" \/>\n<meta property=\"og:url\" content=\"https:\/\/beconfident.com\/no\/produkt\/sonic-whitening-elektriske-tandbruser-sort-rose-gull\/\" \/>\n<meta property=\"og:site_name\" content=\"Beconfident\" \/>\n<meta property=\"article:modified_time\" content=\"2026-03-03T14:41:20+00:00\" \/>\n<meta property=\"og:image\" content=\"https:\/\/beconfident.com\/wp-content\/uploads\/2021\/01\/Sonic-with-badge.jpg\" \/>\n\t<meta property=\"og:image:width\" content=\"2000\" \/>\n\t<meta property=\"og:image:height\" content=\"2000\" \/>\n\t<meta property=\"og:image:type\" content=\"image\/jpeg\" \/>\n<meta name=\"twitter:card\" content=\"summary_large_image\" \/>\n<meta name=\"twitter:label1\" content=\"Ansl. lesetid\" \/>\n\t<meta name=\"twitter:data1\" content=\"1 minutt\" \/>\n<script type=\"application\/ld+json\" class=\"yoast-schema-graph\">{\"@context\":\"https:\/\/schema.org\",\"@graph\":[{\"@type\":\"WebPage\",\"@id\":\"https:\/\/beconfident.com\/no\/produkt\/sonic-whitening-elektriske-tandbruser-sort-rose-gull\/\",\"url\":\"https:\/\/beconfident.com\/no\/produkt\/sonic-whitening-elektriske-tandbruser-sort-rose-gull\/\",\"name\":\"SONIC WHITENING ELEKTRISKE TANDBRUSER SORT \/ ROSE GULL - Beconfident\",\"isPartOf\":{\"@id\":\"https:\/\/beconfident.com\/lv\/#website\"},\"primaryImageOfPage\":{\"@id\":\"https:\/\/beconfident.com\/no\/produkt\/sonic-whitening-elektriske-tandbruser-sort-rose-gull\/#primaryimage\"},\"image\":{\"@id\":\"https:\/\/beconfident.com\/no\/produkt\/sonic-whitening-elektriske-tandbruser-sort-rose-gull\/#primaryimage\"},\"thumbnailUrl\":\"https:\/\/beconfident.com\/wp-content\/uploads\/2021\/01\/Sonic-with-badge.jpg\",\"datePublished\":\"2021-01-20T12:11:36+00:00\",\"dateModified\":\"2026-03-03T14:41:20+00:00\",\"breadcrumb\":{\"@id\":\"https:\/\/beconfident.com\/no\/produkt\/sonic-whitening-elektriske-tandbruser-sort-rose-gull\/#breadcrumb\"},\"inLanguage\":\"nb-NO\",\"potentialAction\":[{\"@type\":\"ReadAction\",\"target\":[\"https:\/\/beconfident.com\/no\/produkt\/sonic-whitening-elektriske-tandbruser-sort-rose-gull\/\"]}]},{\"@type\":\"ImageObject\",\"inLanguage\":\"nb-NO\",\"@id\":\"https:\/\/beconfident.com\/no\/produkt\/sonic-whitening-elektriske-tandbruser-sort-rose-gull\/#primaryimage\",\"url\":\"https:\/\/beconfident.com\/wp-content\/uploads\/2021\/01\/Sonic-with-badge.jpg\",\"contentUrl\":\"https:\/\/beconfident.com\/wp-content\/uploads\/2021\/01\/Sonic-with-badge.jpg\",\"width\":2000,\"height\":2000},{\"@type\":\"BreadcrumbList\",\"@id\":\"https:\/\/beconfident.com\/no\/produkt\/sonic-whitening-elektriske-tandbruser-sort-rose-gull\/#breadcrumb\",\"itemListElement\":[{\"@type\":\"ListItem\",\"position\":1,\"name\":\"Hem\",\"item\":\"https:\/\/beconfident.com\/no\/\"},{\"@type\":\"ListItem\",\"position\":2,\"name\":\"Webbutik\",\"item\":\"https:\/\/beconfident.com\/no\/webbutik\/\"},{\"@type\":\"ListItem\",\"position\":3,\"name\":\"SONIC WHITENING ELEKTRISKE TANDBRUSER SORT \/ ROSE GULL\"}]},{\"@type\":\"WebSite\",\"@id\":\"https:\/\/beconfident.com\/lv\/#website\",\"url\":\"https:\/\/beconfident.com\/lv\/\",\"name\":\"Beconfident\",\"description\":\"\",\"potentialAction\":[{\"@type\":\"SearchAction\",\"target\":{\"@type\":\"EntryPoint\",\"urlTemplate\":\"https:\/\/beconfident.com\/lv\/?s={search_term_string}\"},\"query-input\":{\"@type\":\"PropertyValueSpecification\",\"valueRequired\":true,\"valueName\":\"search_term_string\"}}],\"inLanguage\":\"nb-NO\"}]}<\/script>\n<!-- \/ Yoast SEO plugin. -->","yoast_head_json":{"title":"SONIC WHITENING ELEKTRISKE TANDBRUSER SORT \/ ROSE GULL - Beconfident","robots":{"index":"index","follow":"follow","max-snippet":"max-snippet:-1","max-image-preview":"max-image-preview:large","max-video-preview":"max-video-preview:-1"},"canonical":"https:\/\/beconfident.com\/no\/produkt\/sonic-whitening-elektriske-tandbruser-sort-rose-gull\/","og_locale":"nb_NO","og_type":"article","og_title":"SONIC WHITENING ELEKTRISKE TANDBRUSER SORT \/ ROSE GULL - Beconfident","og_description":"For bedre munnhygiene, renere tenner og et hvitere smil. Opptil 90 dagers batterilevetid.","og_url":"https:\/\/beconfident.com\/no\/produkt\/sonic-whitening-elektriske-tandbruser-sort-rose-gull\/","og_site_name":"Beconfident","article_modified_time":"2026-03-03T14:41:20+00:00","og_image":[{"width":2000,"height":2000,"url":"https:\/\/beconfident.com\/wp-content\/uploads\/2021\/01\/Sonic-with-badge.jpg","type":"image\/jpeg"}],"twitter_card":"summary_large_image","twitter_misc":{"Ansl. lesetid":"1 minutt"},"schema":{"@context":"https:\/\/schema.org","@graph":[{"@type":"WebPage","@id":"https:\/\/beconfident.com\/no\/produkt\/sonic-whitening-elektriske-tandbruser-sort-rose-gull\/","url":"https:\/\/beconfident.com\/no\/produkt\/sonic-whitening-elektriske-tandbruser-sort-rose-gull\/","name":"SONIC WHITENING ELEKTRISKE TANDBRUSER SORT \/ ROSE GULL - Beconfident","isPartOf":{"@id":"https:\/\/beconfident.com\/lv\/#website"},"primaryImageOfPage":{"@id":"https:\/\/beconfident.com\/no\/produkt\/sonic-whitening-elektriske-tandbruser-sort-rose-gull\/#primaryimage"},"image":{"@id":"https:\/\/beconfident.com\/no\/produkt\/sonic-whitening-elektriske-tandbruser-sort-rose-gull\/#primaryimage"},"thumbnailUrl":"https:\/\/beconfident.com\/wp-content\/uploads\/2021\/01\/Sonic-with-badge.jpg","datePublished":"2021-01-20T12:11:36+00:00","dateModified":"2026-03-03T14:41:20+00:00","breadcrumb":{"@id":"https:\/\/beconfident.com\/no\/produkt\/sonic-whitening-elektriske-tandbruser-sort-rose-gull\/#breadcrumb"},"inLanguage":"nb-NO","potentialAction":[{"@type":"ReadAction","target":["https:\/\/beconfident.com\/no\/produkt\/sonic-whitening-elektriske-tandbruser-sort-rose-gull\/"]}]},{"@type":"ImageObject","inLanguage":"nb-NO","@id":"https:\/\/beconfident.com\/no\/produkt\/sonic-whitening-elektriske-tandbruser-sort-rose-gull\/#primaryimage","url":"https:\/\/beconfident.com\/wp-content\/uploads\/2021\/01\/Sonic-with-badge.jpg","contentUrl":"https:\/\/beconfident.com\/wp-content\/uploads\/2021\/01\/Sonic-with-badge.jpg","width":2000,"height":2000},{"@type":"BreadcrumbList","@id":"https:\/\/beconfident.com\/no\/produkt\/sonic-whitening-elektriske-tandbruser-sort-rose-gull\/#breadcrumb","itemListElement":[{"@type":"ListItem","position":1,"name":"Hem","item":"https:\/\/beconfident.com\/no\/"},{"@type":"ListItem","position":2,"name":"Webbutik","item":"https:\/\/beconfident.com\/no\/webbutik\/"},{"@type":"ListItem","position":3,"name":"SONIC WHITENING ELEKTRISKE TANDBRUSER SORT \/ ROSE GULL"}]},{"@type":"WebSite","@id":"https:\/\/beconfident.com\/lv\/#website","url":"https:\/\/beconfident.com\/lv\/","name":"Beconfident","description":"","potentialAction":[{"@type":"SearchAction","target":{"@type":"EntryPoint","urlTemplate":"https:\/\/beconfident.com\/lv\/?s={search_term_string}"},"query-input":{"@type":"PropertyValueSpecification","valueRequired":true,"valueName":"search_term_string"}}],"inLanguage":"nb-NO"}]}},"_links":{"self":[{"href":"https:\/\/beconfident.com\/no\/wp-json\/wp\/v2\/product\/19228","targetHints":{"allow":["GET"]}}],"collection":[{"href":"https:\/\/beconfident.com\/no\/wp-json\/wp\/v2\/product"}],"about":[{"href":"https:\/\/beconfident.com\/no\/wp-json\/wp\/v2\/types\/product"}],"replies":[{"embeddable":true,"href":"https:\/\/beconfident.com\/no\/wp-json\/wp\/v2\/comments?post=19228"}],"wp:featuredmedia":[{"embeddable":true,"href":"https:\/\/beconfident.com\/no\/wp-json\/wp\/v2\/media\/56209"}],"wp:attachment":[{"href":"https:\/\/beconfident.com\/no\/wp-json\/wp\/v2\/media?parent=19228"}],"wp:term":[{"taxonomy":"product_brand","embeddable":true,"href":"https:\/\/beconfident.com\/no\/wp-json\/wp\/v2\/product_brand?post=19228"},{"taxonomy":"product_cat","embeddable":true,"href":"https:\/\/beconfident.com\/no\/wp-json\/wp\/v2\/product_cat?post=19228"},{"taxonomy":"product_tag","embeddable":true,"href":"https:\/\/beconfident.com\/no\/wp-json\/wp\/v2\/product_tag?post=19228"}],"curies":[{"name":"wp","href":"https:\/\/api.w.org\/{rel}","templated":true}]}}