{"id":10212,"date":"2021-01-27T16:48:08","date_gmt":"2021-01-27T15:48:08","guid":{"rendered":"https:\/\/beconfident.simplesmile.hemsida.eu\/?post_type=product&#038;p=10212"},"modified":"2024-12-05T09:05:54","modified_gmt":"2024-12-05T08:05:54","slug":"multifunctional-whitening-tandkram-sensitive-mint-25ml","status":"publish","type":"product","link":"https:\/\/beconfident.com\/no\/produkt\/multifunctional-whitening-tandkram-sensitive-mint-25ml\/","title":{"rendered":"MULTIFUNKSJONELL WHITENING TANNPASTA SENSITIVE MINT 25ml"},"content":{"rendered":"<p>Beconfident\u00ae Multifunksjonell Whitening Tannkrem er utviklet sammen med verdensledende tannleger for \u00e5 v\u00e6re den mest komplette tannblekende tannkrem p\u00e5 markedet. I tillegg til \u00e5 bleke tennene, beskytter den mot hulrom og plakk, styrker tannkj\u00f8ttet og fjerner flekker og misfarging. Tilgjengelig i smaker: Acai + Mint, Cocos + Mint, Strawberry + Mint, Extra Mint og Sensitive Mint.<\/p>\n<p>&nbsp;<\/p>\n<p>For \u00e5 garantere at Beconfident\u00ae multifunksjonell tannkrem er trygg og effektiv, gjennomf\u00f8rte vi en klinisk studie over fire uker. Studien ble utf\u00f8rt i samsvar med retningslinjene for god klinisk praksis og ADA-retningslinjer for testing av tannkrem og tannblekingsprodukter. Beconfident\u00ae Multifunksjonell Whitening Tannkrem inneholder en blanding av fluor, kaliumnitrat, kalsiumfosfat, sink, hvitt karbon og kalsiumperoksid.<\/p>\n","protected":false},"excerpt":{"rendered":"<p>Multifunksjonell blekingstannkrem for hvitere, renere og sterkere tenner.<\/p>\n","protected":false},"featured_media":10228,"comment_status":"open","ping_status":"closed","template":"","meta":{"_acf_changed":false,"inline_featured_image":false,"_monsterinsights_skip_tracking":false,"_monsterinsights_sitenote_active":false,"_monsterinsights_sitenote_note":"","_monsterinsights_sitenote_category":0},"product_brand":[],"product_cat":[717,68,61],"product_tag":[],"class_list":{"0":"post-10212","1":"product","2":"type-product","3":"status-publish","4":"has-post-thumbnail","6":"product_cat-alla-produkter","7":"product_cat-multifunctional-tandkram","8":"product_cat-tandkram","10":"first","11":"instock","12":"taxable","13":"shipping-taxable","14":"purchasable","15":"product-type-simple"},"acf":[],"shsp-ext":{"main":{},"variations":[]},"yoast_head":"<!-- This site is optimized with the Yoast SEO plugin v27.2 - https:\/\/yoast.com\/product\/yoast-seo-wordpress\/ -->\n<title>MULTIFUNKSJONELL WHITENING TANNPASTA SENSITIVE MINT 25ml - Beconfident<\/title>\n<meta name=\"description\" content=\"Multifunksjonell blekingstannkrem for hvitere, renere og sterkere tenner.\" \/>\n<meta name=\"robots\" content=\"index, follow, max-snippet:-1, max-image-preview:large, max-video-preview:-1\" \/>\n<link rel=\"canonical\" href=\"https:\/\/beconfident.com\/no\/produkt\/multifunctional-whitening-tandkram-sensitive-mint-25ml\/\" \/>\n<meta property=\"og:locale\" content=\"nb_NO\" \/>\n<meta property=\"og:type\" content=\"article\" \/>\n<meta property=\"og:title\" content=\"MULTIFUNKSJONELL WHITENING TANNPASTA SENSITIVE MINT 25ml - Beconfident\" \/>\n<meta property=\"og:description\" content=\"Multifunksjonell blekingstannkrem for hvitere, renere og sterkere tenner.\" \/>\n<meta property=\"og:url\" content=\"https:\/\/beconfident.com\/no\/produkt\/multifunctional-whitening-tandkram-sensitive-mint-25ml\/\" \/>\n<meta property=\"og:site_name\" content=\"Beconfident\" \/>\n<meta property=\"article:modified_time\" content=\"2024-12-05T08:05:54+00:00\" \/>\n<meta property=\"og:image\" content=\"https:\/\/beconfident.com\/wp-content\/uploads\/2021\/01\/141598_Toothpaste_Sensitive3.jpg\" \/>\n\t<meta property=\"og:image:width\" content=\"1417\" \/>\n\t<meta property=\"og:image:height\" content=\"1063\" \/>\n\t<meta property=\"og:image:type\" content=\"image\/jpeg\" \/>\n<meta name=\"twitter:card\" content=\"summary_large_image\" \/>\n<meta name=\"twitter:label1\" content=\"Ansl. lesetid\" \/>\n\t<meta name=\"twitter:data1\" content=\"1 minutt\" \/>\n<script type=\"application\/ld+json\" class=\"yoast-schema-graph\">{\"@context\":\"https:\/\/schema.org\",\"@graph\":[{\"@type\":\"WebPage\",\"@id\":\"https:\/\/beconfident.com\/no\/produkt\/multifunctional-whitening-tandkram-sensitive-mint-25ml\/\",\"url\":\"https:\/\/beconfident.com\/no\/produkt\/multifunctional-whitening-tandkram-sensitive-mint-25ml\/\",\"name\":\"MULTIFUNKSJONELL WHITENING TANNPASTA SENSITIVE MINT 25ml - Beconfident\",\"isPartOf\":{\"@id\":\"https:\/\/beconfident.com\/lv\/#website\"},\"primaryImageOfPage\":{\"@id\":\"https:\/\/beconfident.com\/no\/produkt\/multifunctional-whitening-tandkram-sensitive-mint-25ml\/#primaryimage\"},\"image\":{\"@id\":\"https:\/\/beconfident.com\/no\/produkt\/multifunctional-whitening-tandkram-sensitive-mint-25ml\/#primaryimage\"},\"thumbnailUrl\":\"https:\/\/beconfident.com\/wp-content\/uploads\/2021\/01\/141598_Toothpaste_Sensitive3.jpg\",\"datePublished\":\"2021-01-27T15:48:08+00:00\",\"dateModified\":\"2024-12-05T08:05:54+00:00\",\"description\":\"Multifunksjonell blekingstannkrem for hvitere, renere og sterkere tenner.\",\"breadcrumb\":{\"@id\":\"https:\/\/beconfident.com\/no\/produkt\/multifunctional-whitening-tandkram-sensitive-mint-25ml\/#breadcrumb\"},\"inLanguage\":\"nb-NO\",\"potentialAction\":[{\"@type\":\"ReadAction\",\"target\":[\"https:\/\/beconfident.com\/no\/produkt\/multifunctional-whitening-tandkram-sensitive-mint-25ml\/\"]}]},{\"@type\":\"ImageObject\",\"inLanguage\":\"nb-NO\",\"@id\":\"https:\/\/beconfident.com\/no\/produkt\/multifunctional-whitening-tandkram-sensitive-mint-25ml\/#primaryimage\",\"url\":\"https:\/\/beconfident.com\/wp-content\/uploads\/2021\/01\/141598_Toothpaste_Sensitive3.jpg\",\"contentUrl\":\"https:\/\/beconfident.com\/wp-content\/uploads\/2021\/01\/141598_Toothpaste_Sensitive3.jpg\",\"width\":1417,\"height\":1063},{\"@type\":\"BreadcrumbList\",\"@id\":\"https:\/\/beconfident.com\/no\/produkt\/multifunctional-whitening-tandkram-sensitive-mint-25ml\/#breadcrumb\",\"itemListElement\":[{\"@type\":\"ListItem\",\"position\":1,\"name\":\"Hem\",\"item\":\"https:\/\/beconfident.com\/no\/\"},{\"@type\":\"ListItem\",\"position\":2,\"name\":\"Webbutik\",\"item\":\"https:\/\/beconfident.com\/no\/webbutik\/\"},{\"@type\":\"ListItem\",\"position\":3,\"name\":\"MULTIFUNKSJONELL WHITENING TANNPASTA SENSITIVE MINT 25ml\"}]},{\"@type\":\"WebSite\",\"@id\":\"https:\/\/beconfident.com\/lv\/#website\",\"url\":\"https:\/\/beconfident.com\/lv\/\",\"name\":\"Beconfident\",\"description\":\"\",\"potentialAction\":[{\"@type\":\"SearchAction\",\"target\":{\"@type\":\"EntryPoint\",\"urlTemplate\":\"https:\/\/beconfident.com\/lv\/?s={search_term_string}\"},\"query-input\":{\"@type\":\"PropertyValueSpecification\",\"valueRequired\":true,\"valueName\":\"search_term_string\"}}],\"inLanguage\":\"nb-NO\"}]}<\/script>\n<!-- \/ Yoast SEO plugin. -->","yoast_head_json":{"title":"MULTIFUNKSJONELL WHITENING TANNPASTA SENSITIVE MINT 25ml - Beconfident","description":"Multifunksjonell blekingstannkrem for hvitere, renere og sterkere tenner.","robots":{"index":"index","follow":"follow","max-snippet":"max-snippet:-1","max-image-preview":"max-image-preview:large","max-video-preview":"max-video-preview:-1"},"canonical":"https:\/\/beconfident.com\/no\/produkt\/multifunctional-whitening-tandkram-sensitive-mint-25ml\/","og_locale":"nb_NO","og_type":"article","og_title":"MULTIFUNKSJONELL WHITENING TANNPASTA SENSITIVE MINT 25ml - Beconfident","og_description":"Multifunksjonell blekingstannkrem for hvitere, renere og sterkere tenner.","og_url":"https:\/\/beconfident.com\/no\/produkt\/multifunctional-whitening-tandkram-sensitive-mint-25ml\/","og_site_name":"Beconfident","article_modified_time":"2024-12-05T08:05:54+00:00","og_image":[{"width":1417,"height":1063,"url":"https:\/\/beconfident.com\/wp-content\/uploads\/2021\/01\/141598_Toothpaste_Sensitive3.jpg","type":"image\/jpeg"}],"twitter_card":"summary_large_image","twitter_misc":{"Ansl. lesetid":"1 minutt"},"schema":{"@context":"https:\/\/schema.org","@graph":[{"@type":"WebPage","@id":"https:\/\/beconfident.com\/no\/produkt\/multifunctional-whitening-tandkram-sensitive-mint-25ml\/","url":"https:\/\/beconfident.com\/no\/produkt\/multifunctional-whitening-tandkram-sensitive-mint-25ml\/","name":"MULTIFUNKSJONELL WHITENING TANNPASTA SENSITIVE MINT 25ml - Beconfident","isPartOf":{"@id":"https:\/\/beconfident.com\/lv\/#website"},"primaryImageOfPage":{"@id":"https:\/\/beconfident.com\/no\/produkt\/multifunctional-whitening-tandkram-sensitive-mint-25ml\/#primaryimage"},"image":{"@id":"https:\/\/beconfident.com\/no\/produkt\/multifunctional-whitening-tandkram-sensitive-mint-25ml\/#primaryimage"},"thumbnailUrl":"https:\/\/beconfident.com\/wp-content\/uploads\/2021\/01\/141598_Toothpaste_Sensitive3.jpg","datePublished":"2021-01-27T15:48:08+00:00","dateModified":"2024-12-05T08:05:54+00:00","description":"Multifunksjonell blekingstannkrem for hvitere, renere og sterkere tenner.","breadcrumb":{"@id":"https:\/\/beconfident.com\/no\/produkt\/multifunctional-whitening-tandkram-sensitive-mint-25ml\/#breadcrumb"},"inLanguage":"nb-NO","potentialAction":[{"@type":"ReadAction","target":["https:\/\/beconfident.com\/no\/produkt\/multifunctional-whitening-tandkram-sensitive-mint-25ml\/"]}]},{"@type":"ImageObject","inLanguage":"nb-NO","@id":"https:\/\/beconfident.com\/no\/produkt\/multifunctional-whitening-tandkram-sensitive-mint-25ml\/#primaryimage","url":"https:\/\/beconfident.com\/wp-content\/uploads\/2021\/01\/141598_Toothpaste_Sensitive3.jpg","contentUrl":"https:\/\/beconfident.com\/wp-content\/uploads\/2021\/01\/141598_Toothpaste_Sensitive3.jpg","width":1417,"height":1063},{"@type":"BreadcrumbList","@id":"https:\/\/beconfident.com\/no\/produkt\/multifunctional-whitening-tandkram-sensitive-mint-25ml\/#breadcrumb","itemListElement":[{"@type":"ListItem","position":1,"name":"Hem","item":"https:\/\/beconfident.com\/no\/"},{"@type":"ListItem","position":2,"name":"Webbutik","item":"https:\/\/beconfident.com\/no\/webbutik\/"},{"@type":"ListItem","position":3,"name":"MULTIFUNKSJONELL WHITENING TANNPASTA SENSITIVE MINT 25ml"}]},{"@type":"WebSite","@id":"https:\/\/beconfident.com\/lv\/#website","url":"https:\/\/beconfident.com\/lv\/","name":"Beconfident","description":"","potentialAction":[{"@type":"SearchAction","target":{"@type":"EntryPoint","urlTemplate":"https:\/\/beconfident.com\/lv\/?s={search_term_string}"},"query-input":{"@type":"PropertyValueSpecification","valueRequired":true,"valueName":"search_term_string"}}],"inLanguage":"nb-NO"}]}},"_links":{"self":[{"href":"https:\/\/beconfident.com\/no\/wp-json\/wp\/v2\/product\/10212","targetHints":{"allow":["GET"]}}],"collection":[{"href":"https:\/\/beconfident.com\/no\/wp-json\/wp\/v2\/product"}],"about":[{"href":"https:\/\/beconfident.com\/no\/wp-json\/wp\/v2\/types\/product"}],"replies":[{"embeddable":true,"href":"https:\/\/beconfident.com\/no\/wp-json\/wp\/v2\/comments?post=10212"}],"wp:featuredmedia":[{"embeddable":true,"href":"https:\/\/beconfident.com\/no\/wp-json\/wp\/v2\/media\/10228"}],"wp:attachment":[{"href":"https:\/\/beconfident.com\/no\/wp-json\/wp\/v2\/media?parent=10212"}],"wp:term":[{"taxonomy":"product_brand","embeddable":true,"href":"https:\/\/beconfident.com\/no\/wp-json\/wp\/v2\/product_brand?post=10212"},{"taxonomy":"product_cat","embeddable":true,"href":"https:\/\/beconfident.com\/no\/wp-json\/wp\/v2\/product_cat?post=10212"},{"taxonomy":"product_tag","embeddable":true,"href":"https:\/\/beconfident.com\/no\/wp-json\/wp\/v2\/product_tag?post=10212"}],"curies":[{"name":"wp","href":"https:\/\/api.w.org\/{rel}","templated":true}]}}