{"id":52313,"date":"2023-07-04T11:18:37","date_gmt":"2023-07-04T09:18:37","guid":{"rendered":"https:\/\/beconfident.com\/produkt\/super-white-fresh-toothpaste\/"},"modified":"2026-03-04T11:19:59","modified_gmt":"2026-03-04T10:19:59","slug":"super-white-fresh-toothpaste","status":"publish","type":"product","link":"https:\/\/beconfident.com\/lv\/produkt\/super-white-fresh-toothpaste\/","title":{"rendered":"Super White &amp; Fresh Toothpaste"},"content":{"rendered":"<p><strong>Beconfident\u00ae Lab\u0101k\u0101 balino\u0161\u0101 zobu pasta ar PaP un kalcija peroks\u012bdu.<\/strong><br \/>\nIzstr\u0101d\u0101ta saska\u0146\u0101 ar zin\u0101tnes atzi\u0146\u0101m. Ra\u017eota Zviedrij\u0101. Nodro\u0161ina t\u012brus, redzami balt\u0101kus zobus, stiprina emalju, atsvaidzina elpu un aizsarg\u0101 pret zobu aplikumu un kariesu. Izmanto t\u012br\u0101k\u0101s un dro\u0161\u0101k\u0101s sast\u0101vda\u013cas. \u0160\u012b ir J\u016bsu zobu pasta. \u0160\u012b ir zobu pasta jebkurai gaumei, vajadz\u012bb\u0101m un br\u012bdim; t\u0101 ir pieejama svaigas piparm\u0113tras kr\u0101s\u0101.<\/p>\n<p>Zobu pastas sast\u0101v\u0101 ir jaunas sast\u0101vda\u013cas, ko l\u012bdz \u0161im neviens nav iek\u013c\u0101vis zobu past\u0101s, piem\u0113ram, unik\u0101la balt\u0101 kokogle toks\u012bnu un sliktas smakas absorb\u0113\u0161anai, hialuronsk\u0101be pretiekaisuma iedarb\u012bbai uz smagan\u0101m un C vitam\u012bns visp\u0101r\u0113jai stiprin\u0101\u0161anai, lai piemin\u0113tu tikai da\u017eas no t\u0101m. Zobu balin\u0101\u0161anai Kalcija peroks\u012bds iz\u0161\u0137\u012bdina uz zobiem eso\u0161o olbaltumvielu k\u0101rti\u0146u, kas pievelk traipus pie zobu virsmas un tur tos nebr\u012bv\u0113. Iz\u0161\u0137\u012bdinot olbaltumvielu pelikulu, no zobiem tiek maigi no\u0146emti visi pie pelikulas pielipu\u0161ie traipi, neizmantojot t\u0101das skarbu iedarb\u012bbu izraiso\u0161as sast\u0101vda\u013cas k\u0101 \u016bde\u0146ra\u017ea peroks\u012bds. Kalcija peroks\u012bda l\u0113n\u0101s sk\u0101bek\u013ca izdal\u012b\u0161an\u0101s \u012bpa\u0161\u012bbas ar\u012b padara to par ide\u0101lu, rentablu, uzglab\u0101jamu un dabisku alternat\u012bvu zobu balin\u0101\u0161anai. Ikdien\u0101 lietojot zobu pastu ned\u0113\u013c\u0101m un m\u0113ne\u0161iem, nelielais izdal\u012bt\u0101 sk\u0101bek\u013ca daudzums nodro\u0161ina vienm\u0113r\u012bgu balin\u0101\u0161anas efektu bez as\u0101m abraz\u012bv\u0101m viel\u0101m vai sp\u0113c\u012bgiem mazg\u0101\u0161anas l\u012bdzek\u013ciem.<br \/>\nTurkl\u0101t m\u016bsu sast\u0101v\u0101 ir augsta ftalimidoperoksikapronsk\u0101bes (PAP) koncentr\u0101cija, kas ir dro\u0161\u0101ka alternat\u012bva tradicion\u0101laj\u0101m balin\u0101\u0161anas sast\u0101vda\u013c\u0101m un akt\u012bv\u0101 balino\u0161\u0101 viela. Ir pier\u0101d\u012bts, ka PAP efekt\u012bvi balina, neboj\u0101jot zobu iek\u0161\u0113jo vai \u0101r\u0113jo strukt\u016bru.<\/p>\n<p><strong>K\u0101 lietot zobu pastu:<\/strong><br \/>\nLieto\u0161ana: katru dienu no r\u012bta un vakar\u0101 vismaz 2 min\u016btes t\u012briet zobus ar Beconfident\u00ae Super White &amp; Fresh zobu pastu, pievienojiet gl\u0101zi \u016bdens un v\u0113l 30 sekundes virpiniet.<\/p>\n","protected":false},"excerpt":{"rendered":"<p>M\u016bsu absol\u016bti jaun\u0101k\u0101 un lab\u0101k\u0101 balino\u0161\u0101 zobu pasta, kas j\u016bsu mutes dobumam sniedz lielisku t\u012br\u012bbas un svaiguma saj\u016btu. Balt\u0101kiem zobiem, stipr\u0101kai emaljai un svaigai elpai.<\/p>\n","protected":false},"featured_media":52269,"comment_status":"open","ping_status":"closed","template":"","meta":{"_acf_changed":false,"inline_featured_image":false,"_monsterinsights_skip_tracking":false,"_monsterinsights_sitenote_active":false,"_monsterinsights_sitenote_note":"","_monsterinsights_sitenote_category":0},"product_brand":[],"product_cat":[137,138],"product_tag":[],"class_list":{"0":"post-52313","1":"product","2":"type-product","3":"status-publish","4":"has-post-thumbnail","6":"product_cat-multifunctional-tandkram-lv","7":"product_cat-toothpaste-lv","9":"first","10":"instock","11":"featured","12":"taxable","13":"shipping-taxable","14":"purchasable","15":"product-type-simple"},"acf":[],"shsp-ext":{"main":{},"variations":[]},"yoast_head":"<!-- This site is optimized with the Yoast SEO plugin v27.2 - https:\/\/yoast.com\/product\/yoast-seo-wordpress\/ -->\n<title>Super White &amp; Fresh Toothpaste - Beconfident<\/title>\n<meta name=\"robots\" content=\"index, follow, max-snippet:-1, max-image-preview:large, max-video-preview:-1\" \/>\n<link rel=\"canonical\" href=\"https:\/\/beconfident.com\/lv\/produkt\/super-white-fresh-toothpaste\/\" \/>\n<meta property=\"og:locale\" content=\"lv_LV\" \/>\n<meta property=\"og:type\" content=\"article\" \/>\n<meta property=\"og:title\" content=\"Super White &amp; Fresh Toothpaste - Beconfident\" \/>\n<meta property=\"og:description\" content=\"M\u016bsu absol\u016bti jaun\u0101k\u0101 un lab\u0101k\u0101 balino\u0161\u0101 zobu pasta, kas j\u016bsu mutes dobumam sniedz lielisku t\u012br\u012bbas un svaiguma saj\u016btu. Balt\u0101kiem zobiem, stipr\u0101kai emaljai un svaigai elpai.\" \/>\n<meta property=\"og:url\" content=\"https:\/\/beconfident.com\/lv\/produkt\/super-white-fresh-toothpaste\/\" \/>\n<meta property=\"og:site_name\" content=\"Beconfident\" \/>\n<meta property=\"article:modified_time\" content=\"2026-03-04T10:19:59+00:00\" \/>\n<meta property=\"og:image\" content=\"https:\/\/beconfident.com\/wp-content\/uploads\/2023\/07\/Beconfident-Super-Whitening-Fresh-Toothpaste-packaging-and-toothpaste.jpg\" \/>\n\t<meta property=\"og:image:width\" content=\"2000\" \/>\n\t<meta property=\"og:image:height\" content=\"2000\" \/>\n\t<meta property=\"og:image:type\" content=\"image\/jpeg\" \/>\n<meta name=\"twitter:card\" content=\"summary_large_image\" \/>\n<meta name=\"twitter:label1\" content=\"Est. reading time\" \/>\n\t<meta name=\"twitter:data1\" content=\"2 minutes\" \/>\n<script type=\"application\/ld+json\" class=\"yoast-schema-graph\">{\"@context\":\"https:\/\/schema.org\",\"@graph\":[{\"@type\":\"WebPage\",\"@id\":\"https:\/\/beconfident.com\/lv\/produkt\/super-white-fresh-toothpaste\/\",\"url\":\"https:\/\/beconfident.com\/lv\/produkt\/super-white-fresh-toothpaste\/\",\"name\":\"Super White &amp; Fresh Toothpaste - Beconfident\",\"isPartOf\":{\"@id\":\"https:\/\/beconfident.com\/lv\/#website\"},\"primaryImageOfPage\":{\"@id\":\"https:\/\/beconfident.com\/lv\/produkt\/super-white-fresh-toothpaste\/#primaryimage\"},\"image\":{\"@id\":\"https:\/\/beconfident.com\/lv\/produkt\/super-white-fresh-toothpaste\/#primaryimage\"},\"thumbnailUrl\":\"https:\/\/beconfident.com\/wp-content\/uploads\/2023\/07\/Beconfident-Super-Whitening-Fresh-Toothpaste-packaging-and-toothpaste.jpg\",\"datePublished\":\"2023-07-04T09:18:37+00:00\",\"dateModified\":\"2026-03-04T10:19:59+00:00\",\"breadcrumb\":{\"@id\":\"https:\/\/beconfident.com\/lv\/produkt\/super-white-fresh-toothpaste\/#breadcrumb\"},\"inLanguage\":\"lv-LV\",\"potentialAction\":[{\"@type\":\"ReadAction\",\"target\":[\"https:\/\/beconfident.com\/lv\/produkt\/super-white-fresh-toothpaste\/\"]}]},{\"@type\":\"ImageObject\",\"inLanguage\":\"lv-LV\",\"@id\":\"https:\/\/beconfident.com\/lv\/produkt\/super-white-fresh-toothpaste\/#primaryimage\",\"url\":\"https:\/\/beconfident.com\/wp-content\/uploads\/2023\/07\/Beconfident-Super-Whitening-Fresh-Toothpaste-packaging-and-toothpaste.jpg\",\"contentUrl\":\"https:\/\/beconfident.com\/wp-content\/uploads\/2023\/07\/Beconfident-Super-Whitening-Fresh-Toothpaste-packaging-and-toothpaste.jpg\",\"width\":2000,\"height\":2000,\"caption\":\"Beconfident Super Whitening Fresh Toothpaste packaging and toothpaste\"},{\"@type\":\"BreadcrumbList\",\"@id\":\"https:\/\/beconfident.com\/lv\/produkt\/super-white-fresh-toothpaste\/#breadcrumb\",\"itemListElement\":[{\"@type\":\"ListItem\",\"position\":1,\"name\":\"Hem\",\"item\":\"https:\/\/beconfident.com\/lv\/\"},{\"@type\":\"ListItem\",\"position\":2,\"name\":\"Webbutik\",\"item\":\"https:\/\/beconfident.com\/lv\/webbutik\/\"},{\"@type\":\"ListItem\",\"position\":3,\"name\":\"Super White &amp; Fresh Toothpaste\"}]},{\"@type\":\"WebSite\",\"@id\":\"https:\/\/beconfident.com\/lv\/#website\",\"url\":\"https:\/\/beconfident.com\/lv\/\",\"name\":\"Beconfident\",\"description\":\"\",\"potentialAction\":[{\"@type\":\"SearchAction\",\"target\":{\"@type\":\"EntryPoint\",\"urlTemplate\":\"https:\/\/beconfident.com\/lv\/?s={search_term_string}\"},\"query-input\":{\"@type\":\"PropertyValueSpecification\",\"valueRequired\":true,\"valueName\":\"search_term_string\"}}],\"inLanguage\":\"lv-LV\"}]}<\/script>\n<!-- \/ Yoast SEO plugin. -->","yoast_head_json":{"title":"Super White &amp; Fresh Toothpaste - Beconfident","robots":{"index":"index","follow":"follow","max-snippet":"max-snippet:-1","max-image-preview":"max-image-preview:large","max-video-preview":"max-video-preview:-1"},"canonical":"https:\/\/beconfident.com\/lv\/produkt\/super-white-fresh-toothpaste\/","og_locale":"lv_LV","og_type":"article","og_title":"Super White &amp; Fresh Toothpaste - Beconfident","og_description":"M\u016bsu absol\u016bti jaun\u0101k\u0101 un lab\u0101k\u0101 balino\u0161\u0101 zobu pasta, kas j\u016bsu mutes dobumam sniedz lielisku t\u012br\u012bbas un svaiguma saj\u016btu. Balt\u0101kiem zobiem, stipr\u0101kai emaljai un svaigai elpai.","og_url":"https:\/\/beconfident.com\/lv\/produkt\/super-white-fresh-toothpaste\/","og_site_name":"Beconfident","article_modified_time":"2026-03-04T10:19:59+00:00","og_image":[{"width":2000,"height":2000,"url":"https:\/\/beconfident.com\/wp-content\/uploads\/2023\/07\/Beconfident-Super-Whitening-Fresh-Toothpaste-packaging-and-toothpaste.jpg","type":"image\/jpeg"}],"twitter_card":"summary_large_image","twitter_misc":{"Est. reading time":"2 minutes"},"schema":{"@context":"https:\/\/schema.org","@graph":[{"@type":"WebPage","@id":"https:\/\/beconfident.com\/lv\/produkt\/super-white-fresh-toothpaste\/","url":"https:\/\/beconfident.com\/lv\/produkt\/super-white-fresh-toothpaste\/","name":"Super White &amp; Fresh Toothpaste - Beconfident","isPartOf":{"@id":"https:\/\/beconfident.com\/lv\/#website"},"primaryImageOfPage":{"@id":"https:\/\/beconfident.com\/lv\/produkt\/super-white-fresh-toothpaste\/#primaryimage"},"image":{"@id":"https:\/\/beconfident.com\/lv\/produkt\/super-white-fresh-toothpaste\/#primaryimage"},"thumbnailUrl":"https:\/\/beconfident.com\/wp-content\/uploads\/2023\/07\/Beconfident-Super-Whitening-Fresh-Toothpaste-packaging-and-toothpaste.jpg","datePublished":"2023-07-04T09:18:37+00:00","dateModified":"2026-03-04T10:19:59+00:00","breadcrumb":{"@id":"https:\/\/beconfident.com\/lv\/produkt\/super-white-fresh-toothpaste\/#breadcrumb"},"inLanguage":"lv-LV","potentialAction":[{"@type":"ReadAction","target":["https:\/\/beconfident.com\/lv\/produkt\/super-white-fresh-toothpaste\/"]}]},{"@type":"ImageObject","inLanguage":"lv-LV","@id":"https:\/\/beconfident.com\/lv\/produkt\/super-white-fresh-toothpaste\/#primaryimage","url":"https:\/\/beconfident.com\/wp-content\/uploads\/2023\/07\/Beconfident-Super-Whitening-Fresh-Toothpaste-packaging-and-toothpaste.jpg","contentUrl":"https:\/\/beconfident.com\/wp-content\/uploads\/2023\/07\/Beconfident-Super-Whitening-Fresh-Toothpaste-packaging-and-toothpaste.jpg","width":2000,"height":2000,"caption":"Beconfident Super Whitening Fresh Toothpaste packaging and toothpaste"},{"@type":"BreadcrumbList","@id":"https:\/\/beconfident.com\/lv\/produkt\/super-white-fresh-toothpaste\/#breadcrumb","itemListElement":[{"@type":"ListItem","position":1,"name":"Hem","item":"https:\/\/beconfident.com\/lv\/"},{"@type":"ListItem","position":2,"name":"Webbutik","item":"https:\/\/beconfident.com\/lv\/webbutik\/"},{"@type":"ListItem","position":3,"name":"Super White &amp; Fresh Toothpaste"}]},{"@type":"WebSite","@id":"https:\/\/beconfident.com\/lv\/#website","url":"https:\/\/beconfident.com\/lv\/","name":"Beconfident","description":"","potentialAction":[{"@type":"SearchAction","target":{"@type":"EntryPoint","urlTemplate":"https:\/\/beconfident.com\/lv\/?s={search_term_string}"},"query-input":{"@type":"PropertyValueSpecification","valueRequired":true,"valueName":"search_term_string"}}],"inLanguage":"lv-LV"}]}},"_links":{"self":[{"href":"https:\/\/beconfident.com\/lv\/wp-json\/wp\/v2\/product\/52313","targetHints":{"allow":["GET"]}}],"collection":[{"href":"https:\/\/beconfident.com\/lv\/wp-json\/wp\/v2\/product"}],"about":[{"href":"https:\/\/beconfident.com\/lv\/wp-json\/wp\/v2\/types\/product"}],"replies":[{"embeddable":true,"href":"https:\/\/beconfident.com\/lv\/wp-json\/wp\/v2\/comments?post=52313"}],"wp:featuredmedia":[{"embeddable":true,"href":"https:\/\/beconfident.com\/lv\/wp-json\/wp\/v2\/media\/52269"}],"wp:attachment":[{"href":"https:\/\/beconfident.com\/lv\/wp-json\/wp\/v2\/media?parent=52313"}],"wp:term":[{"taxonomy":"product_brand","embeddable":true,"href":"https:\/\/beconfident.com\/lv\/wp-json\/wp\/v2\/product_brand?post=52313"},{"taxonomy":"product_cat","embeddable":true,"href":"https:\/\/beconfident.com\/lv\/wp-json\/wp\/v2\/product_cat?post=52313"},{"taxonomy":"product_tag","embeddable":true,"href":"https:\/\/beconfident.com\/lv\/wp-json\/wp\/v2\/product_tag?post=52313"}],"curies":[{"name":"wp","href":"https:\/\/api.w.org\/{rel}","templated":true}]}}