{"id":23635,"date":"2021-01-27T15:21:11","date_gmt":"2021-01-27T14:21:11","guid":{"rendered":"http:\/\/beconfident.beconfident.hemsida.eu\/produkt\/multifunktionell-whitening-tandkram-acai-mint-25ml\/"},"modified":"2024-12-05T09:01:28","modified_gmt":"2024-12-05T08:01:28","slug":"multifunktionell-whitening-tandkram-acai-mint-25ml","status":"publish","type":"product","link":"https:\/\/beconfident.com\/lt\/produkt\/multifunktionell-whitening-tandkram-acai-mint-25ml\/","title":{"rendered":"MULTIFUNCTIONAL WHITENING TOOTHPASTE ACAI+MINT"},"content":{"rendered":"<p>Beconfident\u00ae Multifunctional Whitening Toothpaste has been developed together with world-leading dentists to be the most complete teeth whitening toothpaste on the market. In addition to whitening teeth, it protects against caries and plaque, strengthens the gums and removes stains and discolorations. Available in flavors: Acai + Mint, Cocos + Mint, Strawberry + Mint, Extra Mint and Sensitive Mint. In order to guarantee that Beconfident\u00ae Multifunctional Toothpaste is safe and effective, we conducted a clinical study over four weeks. The study was performed in accordance with the guidelines for good clinical practice and ADA guidelines for testing toothpaste and teeth whitening products. Beconfident\u00ae Multifunctional Whitening Toothpaste contains a mixture of fluorine, potassium nitrate, calcium phosphate, zinc, white carbon and calcium peroxide to provide the user with the best possible oral care.<\/p>\n","protected":false},"excerpt":{"rendered":"<p>Multifunctional whitening toothpaste for whiter, cleaner and stronger teeth. 25ml.<\/p>\n","protected":false},"featured_media":10086,"comment_status":"open","ping_status":"closed","template":"","meta":{"_acf_changed":false,"inline_featured_image":false,"_monsterinsights_skip_tracking":false,"_monsterinsights_sitenote_active":false,"_monsterinsights_sitenote_note":"","_monsterinsights_sitenote_category":0},"product_brand":[],"product_cat":[724,139,140],"product_tag":[],"class_list":{"0":"post-23635","1":"product","2":"type-product","3":"status-publish","4":"has-post-thumbnail","6":"product_cat-alla-produkter-lt","7":"product_cat-multifunctional-tandkram-lt","8":"product_cat-toothpaste-lt","10":"first","11":"instock","12":"taxable","13":"shipping-taxable","14":"purchasable","15":"product-type-simple"},"acf":[],"shsp-ext":{"main":{},"variations":[]},"yoast_head":"<!-- This site is optimized with the Yoast SEO plugin v27.2 - https:\/\/yoast.com\/product\/yoast-seo-wordpress\/ -->\n<title>MULTIFUNCTIONAL WHITENING TOOTHPASTE ACAI+MINT - Beconfident<\/title>\n<meta name=\"description\" content=\"Multifunktionell whitening tandkr\u00e4m f\u00f6r vitare, renare och starkare t\u00e4nder.\" \/>\n<meta name=\"robots\" content=\"index, follow, max-snippet:-1, max-image-preview:large, max-video-preview:-1\" \/>\n<link rel=\"canonical\" href=\"https:\/\/beconfident.com\/lt\/produkt\/multifunktionell-whitening-tandkram-acai-mint-25ml\/\" \/>\n<meta property=\"og:locale\" content=\"lt_LT\" \/>\n<meta property=\"og:type\" content=\"article\" \/>\n<meta property=\"og:title\" content=\"MULTIFUNCTIONAL WHITENING TOOTHPASTE ACAI+MINT - Beconfident\" \/>\n<meta property=\"og:description\" content=\"Multifunktionell whitening tandkr\u00e4m f\u00f6r vitare, renare och starkare t\u00e4nder.\" \/>\n<meta property=\"og:url\" content=\"https:\/\/beconfident.com\/lt\/produkt\/multifunktionell-whitening-tandkram-acai-mint-25ml\/\" \/>\n<meta property=\"og:site_name\" content=\"Beconfident\" \/>\n<meta property=\"article:modified_time\" content=\"2024-12-05T08:01:28+00:00\" \/>\n<meta property=\"og:image\" content=\"https:\/\/beconfident.com\/wp-content\/uploads\/2021\/01\/141098_Toothpaste_Acai3.jpg\" \/>\n\t<meta property=\"og:image:width\" content=\"1417\" \/>\n\t<meta property=\"og:image:height\" content=\"1063\" \/>\n\t<meta property=\"og:image:type\" content=\"image\/jpeg\" \/>\n<meta name=\"twitter:card\" content=\"summary_large_image\" \/>\n<meta name=\"twitter:label1\" content=\"Est. reading time\" \/>\n\t<meta name=\"twitter:data1\" content=\"1 minut\u0117\" \/>\n<script type=\"application\/ld+json\" class=\"yoast-schema-graph\">{\"@context\":\"https:\/\/schema.org\",\"@graph\":[{\"@type\":\"WebPage\",\"@id\":\"https:\/\/beconfident.com\/lt\/produkt\/multifunktionell-whitening-tandkram-acai-mint-25ml\/\",\"url\":\"https:\/\/beconfident.com\/lt\/produkt\/multifunktionell-whitening-tandkram-acai-mint-25ml\/\",\"name\":\"MULTIFUNCTIONAL WHITENING TOOTHPASTE ACAI+MINT - Beconfident\",\"isPartOf\":{\"@id\":\"https:\/\/beconfident.com\/lv\/#website\"},\"primaryImageOfPage\":{\"@id\":\"https:\/\/beconfident.com\/lt\/produkt\/multifunktionell-whitening-tandkram-acai-mint-25ml\/#primaryimage\"},\"image\":{\"@id\":\"https:\/\/beconfident.com\/lt\/produkt\/multifunktionell-whitening-tandkram-acai-mint-25ml\/#primaryimage\"},\"thumbnailUrl\":\"https:\/\/beconfident.com\/wp-content\/uploads\/2021\/01\/141098_Toothpaste_Acai3.jpg\",\"datePublished\":\"2021-01-27T14:21:11+00:00\",\"dateModified\":\"2024-12-05T08:01:28+00:00\",\"description\":\"Multifunktionell whitening tandkr\u00e4m f\u00f6r vitare, renare och starkare t\u00e4nder.\",\"breadcrumb\":{\"@id\":\"https:\/\/beconfident.com\/lt\/produkt\/multifunktionell-whitening-tandkram-acai-mint-25ml\/#breadcrumb\"},\"inLanguage\":\"lt-LT\",\"potentialAction\":[{\"@type\":\"ReadAction\",\"target\":[\"https:\/\/beconfident.com\/lt\/produkt\/multifunktionell-whitening-tandkram-acai-mint-25ml\/\"]}]},{\"@type\":\"ImageObject\",\"inLanguage\":\"lt-LT\",\"@id\":\"https:\/\/beconfident.com\/lt\/produkt\/multifunktionell-whitening-tandkram-acai-mint-25ml\/#primaryimage\",\"url\":\"https:\/\/beconfident.com\/wp-content\/uploads\/2021\/01\/141098_Toothpaste_Acai3.jpg\",\"contentUrl\":\"https:\/\/beconfident.com\/wp-content\/uploads\/2021\/01\/141098_Toothpaste_Acai3.jpg\",\"width\":1417,\"height\":1063},{\"@type\":\"BreadcrumbList\",\"@id\":\"https:\/\/beconfident.com\/lt\/produkt\/multifunktionell-whitening-tandkram-acai-mint-25ml\/#breadcrumb\",\"itemListElement\":[{\"@type\":\"ListItem\",\"position\":1,\"name\":\"Hem\",\"item\":\"https:\/\/beconfident.com\/lt\/\"},{\"@type\":\"ListItem\",\"position\":2,\"name\":\"Webbutik\",\"item\":\"https:\/\/beconfident.com\/lt\/webbutik\/\"},{\"@type\":\"ListItem\",\"position\":3,\"name\":\"MULTIFUNCTIONAL WHITENING TOOTHPASTE ACAI+MINT\"}]},{\"@type\":\"WebSite\",\"@id\":\"https:\/\/beconfident.com\/lv\/#website\",\"url\":\"https:\/\/beconfident.com\/lv\/\",\"name\":\"Beconfident\",\"description\":\"\",\"potentialAction\":[{\"@type\":\"SearchAction\",\"target\":{\"@type\":\"EntryPoint\",\"urlTemplate\":\"https:\/\/beconfident.com\/lv\/?s={search_term_string}\"},\"query-input\":{\"@type\":\"PropertyValueSpecification\",\"valueRequired\":true,\"valueName\":\"search_term_string\"}}],\"inLanguage\":\"lt-LT\"}]}<\/script>\n<!-- \/ Yoast SEO plugin. -->","yoast_head_json":{"title":"MULTIFUNCTIONAL WHITENING TOOTHPASTE ACAI+MINT - Beconfident","description":"Multifunktionell whitening tandkr\u00e4m f\u00f6r vitare, renare och starkare t\u00e4nder.","robots":{"index":"index","follow":"follow","max-snippet":"max-snippet:-1","max-image-preview":"max-image-preview:large","max-video-preview":"max-video-preview:-1"},"canonical":"https:\/\/beconfident.com\/lt\/produkt\/multifunktionell-whitening-tandkram-acai-mint-25ml\/","og_locale":"lt_LT","og_type":"article","og_title":"MULTIFUNCTIONAL WHITENING TOOTHPASTE ACAI+MINT - Beconfident","og_description":"Multifunktionell whitening tandkr\u00e4m f\u00f6r vitare, renare och starkare t\u00e4nder.","og_url":"https:\/\/beconfident.com\/lt\/produkt\/multifunktionell-whitening-tandkram-acai-mint-25ml\/","og_site_name":"Beconfident","article_modified_time":"2024-12-05T08:01:28+00:00","og_image":[{"width":1417,"height":1063,"url":"https:\/\/beconfident.com\/wp-content\/uploads\/2021\/01\/141098_Toothpaste_Acai3.jpg","type":"image\/jpeg"}],"twitter_card":"summary_large_image","twitter_misc":{"Est. reading time":"1 minut\u0117"},"schema":{"@context":"https:\/\/schema.org","@graph":[{"@type":"WebPage","@id":"https:\/\/beconfident.com\/lt\/produkt\/multifunktionell-whitening-tandkram-acai-mint-25ml\/","url":"https:\/\/beconfident.com\/lt\/produkt\/multifunktionell-whitening-tandkram-acai-mint-25ml\/","name":"MULTIFUNCTIONAL WHITENING TOOTHPASTE ACAI+MINT - Beconfident","isPartOf":{"@id":"https:\/\/beconfident.com\/lv\/#website"},"primaryImageOfPage":{"@id":"https:\/\/beconfident.com\/lt\/produkt\/multifunktionell-whitening-tandkram-acai-mint-25ml\/#primaryimage"},"image":{"@id":"https:\/\/beconfident.com\/lt\/produkt\/multifunktionell-whitening-tandkram-acai-mint-25ml\/#primaryimage"},"thumbnailUrl":"https:\/\/beconfident.com\/wp-content\/uploads\/2021\/01\/141098_Toothpaste_Acai3.jpg","datePublished":"2021-01-27T14:21:11+00:00","dateModified":"2024-12-05T08:01:28+00:00","description":"Multifunktionell whitening tandkr\u00e4m f\u00f6r vitare, renare och starkare t\u00e4nder.","breadcrumb":{"@id":"https:\/\/beconfident.com\/lt\/produkt\/multifunktionell-whitening-tandkram-acai-mint-25ml\/#breadcrumb"},"inLanguage":"lt-LT","potentialAction":[{"@type":"ReadAction","target":["https:\/\/beconfident.com\/lt\/produkt\/multifunktionell-whitening-tandkram-acai-mint-25ml\/"]}]},{"@type":"ImageObject","inLanguage":"lt-LT","@id":"https:\/\/beconfident.com\/lt\/produkt\/multifunktionell-whitening-tandkram-acai-mint-25ml\/#primaryimage","url":"https:\/\/beconfident.com\/wp-content\/uploads\/2021\/01\/141098_Toothpaste_Acai3.jpg","contentUrl":"https:\/\/beconfident.com\/wp-content\/uploads\/2021\/01\/141098_Toothpaste_Acai3.jpg","width":1417,"height":1063},{"@type":"BreadcrumbList","@id":"https:\/\/beconfident.com\/lt\/produkt\/multifunktionell-whitening-tandkram-acai-mint-25ml\/#breadcrumb","itemListElement":[{"@type":"ListItem","position":1,"name":"Hem","item":"https:\/\/beconfident.com\/lt\/"},{"@type":"ListItem","position":2,"name":"Webbutik","item":"https:\/\/beconfident.com\/lt\/webbutik\/"},{"@type":"ListItem","position":3,"name":"MULTIFUNCTIONAL WHITENING TOOTHPASTE ACAI+MINT"}]},{"@type":"WebSite","@id":"https:\/\/beconfident.com\/lv\/#website","url":"https:\/\/beconfident.com\/lv\/","name":"Beconfident","description":"","potentialAction":[{"@type":"SearchAction","target":{"@type":"EntryPoint","urlTemplate":"https:\/\/beconfident.com\/lv\/?s={search_term_string}"},"query-input":{"@type":"PropertyValueSpecification","valueRequired":true,"valueName":"search_term_string"}}],"inLanguage":"lt-LT"}]}},"_links":{"self":[{"href":"https:\/\/beconfident.com\/lt\/wp-json\/wp\/v2\/product\/23635","targetHints":{"allow":["GET"]}}],"collection":[{"href":"https:\/\/beconfident.com\/lt\/wp-json\/wp\/v2\/product"}],"about":[{"href":"https:\/\/beconfident.com\/lt\/wp-json\/wp\/v2\/types\/product"}],"replies":[{"embeddable":true,"href":"https:\/\/beconfident.com\/lt\/wp-json\/wp\/v2\/comments?post=23635"}],"wp:featuredmedia":[{"embeddable":true,"href":"https:\/\/beconfident.com\/lt\/wp-json\/wp\/v2\/media\/10086"}],"wp:attachment":[{"href":"https:\/\/beconfident.com\/lt\/wp-json\/wp\/v2\/media?parent=23635"}],"wp:term":[{"taxonomy":"product_brand","embeddable":true,"href":"https:\/\/beconfident.com\/lt\/wp-json\/wp\/v2\/product_brand?post=23635"},{"taxonomy":"product_cat","embeddable":true,"href":"https:\/\/beconfident.com\/lt\/wp-json\/wp\/v2\/product_cat?post=23635"},{"taxonomy":"product_tag","embeddable":true,"href":"https:\/\/beconfident.com\/lt\/wp-json\/wp\/v2\/product_tag?post=23635"}],"curies":[{"name":"wp","href":"https:\/\/api.w.org\/{rel}","templated":true}]}}