{"id":7673,"date":"2021-01-20T18:02:48","date_gmt":"2021-01-20T17:02:48","guid":{"rendered":"https:\/\/beconfident.simplesmile.hemsida.eu\/produkt\/guardia-dentale-protect\/"},"modified":"2024-12-02T17:08:07","modified_gmt":"2024-12-02T16:08:07","slug":"guardia-dentale-protect","status":"publish","type":"product","link":"https:\/\/beconfident.com\/it\/produkt\/guardia-dentale-protect\/","title":{"rendered":"GUARDIA DENTALE &#8220;PROTECT&#8221;"},"content":{"rendered":"<p>Beconfident\u00ae Protect Dental Guard \u00e8 utile per alleviare i muscoli e proteggere i denti in caso di lieve digrignamento o bruxismo.<br \/>\nIl paradenti di Beconfident\u00ae \u00e8 leggero e flessibile ma comunque resistente. Ha placche per morsi che alleviano i denti delle guance, che impedisce ai denti anteriori di essere morsi insieme e inoltre promuove \/ crea \/ consente una via aerea pi\u00f9 libera. Effettui una regolazione una tantum e proteggi i tuoi denti in un modo molto confortevole. Questa \u00e8 la protezione perfetta per un utente alle prime armi che vuole iniziare a dormire con un paradenti. Finalmente puoi svegliarti pieno di energia!<\/p>\n<p>&#8211; Adatto per il nuovo utente<br \/>\n&#8211; Elevato comfort (design minimalista)<br \/>\n&#8211; Prezzo pi\u00f9 basso<\/p>\n<p>Beconfident Protect \u00e8 approvato come dispositivo medico dalla Swedish Medical Products Agency e segue le loro normative LVFS 2003: 11, LVFS 201: 7; LVFS 2001: 5. Garantiamo che non contiene BPA, silicone, acrilico, glutine o altre tossine nocive e che non perder\u00e0 sostanze chimiche in bocca. \u00c8 prodotto in una struttura ispezionata dalla FDA e non \u00e8 realizzato in lattice di gomma naturale.<\/p>\n<p>Il prodotto viene consegnato in una confezione con una scatola di immagazzinaggio flessibile e istruzioni per l&#8217;uso. Si prega di notare che l&#8217;imballaggio rotto non pu\u00f2 essere restituito per motivi igienici. Ovviamente si applica il diritto di scambio di 14 giorni.<\/p>\n","protected":false},"excerpt":{"rendered":"<p>Paradenti facile da usare per il bruxismo \/ digrignamento dei denti.<\/p>\n","protected":false},"featured_media":60917,"comment_status":"closed","ping_status":"closed","template":"","meta":{"_acf_changed":false,"inline_featured_image":false,"_monsterinsights_skip_tracking":false,"_monsterinsights_sitenote_active":false,"_monsterinsights_sitenote_note":"","_monsterinsights_sitenote_category":0},"product_brand":[],"product_cat":[736,264],"product_tag":[],"class_list":{"0":"post-7673","1":"product","2":"type-product","3":"status-publish","4":"has-post-thumbnail","6":"product_cat-all-products-it","7":"product_cat-vassoi-per-la-bocca","9":"first","10":"instock","11":"taxable","12":"shipping-taxable","13":"purchasable","14":"product-type-simple"},"acf":[],"shsp-ext":{"main":{},"variations":[]},"yoast_head":"<!-- This site is optimized with the Yoast SEO plugin v27.5 - https:\/\/yoast.com\/product\/yoast-seo-wordpress\/ -->\n<title>GUARDIA DENTALE &quot;PROTECT&quot; - Beconfident<\/title>\n<meta name=\"robots\" content=\"index, follow, max-snippet:-1, max-image-preview:large, max-video-preview:-1\" \/>\n<link rel=\"canonical\" href=\"https:\/\/beconfident.com\/it\/produkt\/guardia-dentale-protect\/\" \/>\n<meta property=\"og:locale\" content=\"it_IT\" \/>\n<meta property=\"og:type\" content=\"article\" \/>\n<meta property=\"og:title\" content=\"GUARDIA DENTALE &quot;PROTECT&quot; - Beconfident\" \/>\n<meta property=\"og:description\" content=\"Paradenti facile da usare per il bruxismo \/ digrignamento dei denti.\" \/>\n<meta property=\"og:url\" content=\"https:\/\/beconfident.com\/it\/produkt\/guardia-dentale-protect\/\" \/>\n<meta property=\"og:site_name\" content=\"Beconfident\" \/>\n<meta property=\"article:modified_time\" content=\"2024-12-02T16:08:07+00:00\" \/>\n<meta property=\"og:image\" content=\"https:\/\/beconfident.com\/wp-content\/uploads\/2021\/01\/150302-Dental-Guard-Protect-and-storagebox-1.jpg\" \/>\n\t<meta property=\"og:image:width\" content=\"1276\" \/>\n\t<meta property=\"og:image:height\" content=\"1417\" \/>\n\t<meta property=\"og:image:type\" content=\"image\/jpeg\" \/>\n<meta name=\"twitter:card\" content=\"summary_large_image\" \/>\n<meta name=\"twitter:label1\" content=\"Tempo di lettura stimato\" \/>\n\t<meta name=\"twitter:data1\" content=\"1 minuto\" \/>\n<script type=\"application\/ld+json\" class=\"yoast-schema-graph\">{\"@context\":\"https:\\\/\\\/schema.org\",\"@graph\":[{\"@type\":\"WebPage\",\"@id\":\"https:\\\/\\\/beconfident.com\\\/it\\\/produkt\\\/guardia-dentale-protect\\\/\",\"url\":\"https:\\\/\\\/beconfident.com\\\/it\\\/produkt\\\/guardia-dentale-protect\\\/\",\"name\":\"GUARDIA DENTALE \\\"PROTECT\\\" - Beconfident\",\"isPartOf\":{\"@id\":\"https:\\\/\\\/beconfident.com\\\/lv\\\/#website\"},\"primaryImageOfPage\":{\"@id\":\"https:\\\/\\\/beconfident.com\\\/it\\\/produkt\\\/guardia-dentale-protect\\\/#primaryimage\"},\"image\":{\"@id\":\"https:\\\/\\\/beconfident.com\\\/it\\\/produkt\\\/guardia-dentale-protect\\\/#primaryimage\"},\"thumbnailUrl\":\"https:\\\/\\\/beconfident.com\\\/wp-content\\\/uploads\\\/2021\\\/01\\\/150302-Dental-Guard-Protect-and-storagebox-1.jpg\",\"datePublished\":\"2021-01-20T17:02:48+00:00\",\"dateModified\":\"2024-12-02T16:08:07+00:00\",\"breadcrumb\":{\"@id\":\"https:\\\/\\\/beconfident.com\\\/it\\\/produkt\\\/guardia-dentale-protect\\\/#breadcrumb\"},\"inLanguage\":\"it-IT\",\"potentialAction\":[{\"@type\":\"ReadAction\",\"target\":[\"https:\\\/\\\/beconfident.com\\\/it\\\/produkt\\\/guardia-dentale-protect\\\/\"]}]},{\"@type\":\"ImageObject\",\"inLanguage\":\"it-IT\",\"@id\":\"https:\\\/\\\/beconfident.com\\\/it\\\/produkt\\\/guardia-dentale-protect\\\/#primaryimage\",\"url\":\"https:\\\/\\\/beconfident.com\\\/wp-content\\\/uploads\\\/2021\\\/01\\\/150302-Dental-Guard-Protect-and-storagebox-1.jpg\",\"contentUrl\":\"https:\\\/\\\/beconfident.com\\\/wp-content\\\/uploads\\\/2021\\\/01\\\/150302-Dental-Guard-Protect-and-storagebox-1.jpg\",\"width\":1276,\"height\":1417,\"caption\":\"150302 Dental Guard Protect and storagebox\"},{\"@type\":\"BreadcrumbList\",\"@id\":\"https:\\\/\\\/beconfident.com\\\/it\\\/produkt\\\/guardia-dentale-protect\\\/#breadcrumb\",\"itemListElement\":[{\"@type\":\"ListItem\",\"position\":1,\"name\":\"Hem\",\"item\":\"https:\\\/\\\/beconfident.com\\\/it\\\/\"},{\"@type\":\"ListItem\",\"position\":2,\"name\":\"Webbutik\",\"item\":\"https:\\\/\\\/beconfident.com\\\/it\\\/webbutik\\\/\"},{\"@type\":\"ListItem\",\"position\":3,\"name\":\"GUARDIA DENTALE &#8220;PROTECT&#8221;\"}]},{\"@type\":\"WebSite\",\"@id\":\"https:\\\/\\\/beconfident.com\\\/lv\\\/#website\",\"url\":\"https:\\\/\\\/beconfident.com\\\/lv\\\/\",\"name\":\"Beconfident\",\"description\":\"\",\"potentialAction\":[{\"@type\":\"SearchAction\",\"target\":{\"@type\":\"EntryPoint\",\"urlTemplate\":\"https:\\\/\\\/beconfident.com\\\/lv\\\/?s={search_term_string}\"},\"query-input\":{\"@type\":\"PropertyValueSpecification\",\"valueRequired\":true,\"valueName\":\"search_term_string\"}}],\"inLanguage\":\"it-IT\"}]}<\/script>\n<!-- \/ Yoast SEO plugin. -->","yoast_head_json":{"title":"GUARDIA DENTALE \"PROTECT\" - Beconfident","robots":{"index":"index","follow":"follow","max-snippet":"max-snippet:-1","max-image-preview":"max-image-preview:large","max-video-preview":"max-video-preview:-1"},"canonical":"https:\/\/beconfident.com\/it\/produkt\/guardia-dentale-protect\/","og_locale":"it_IT","og_type":"article","og_title":"GUARDIA DENTALE \"PROTECT\" - Beconfident","og_description":"Paradenti facile da usare per il bruxismo \/ digrignamento dei denti.","og_url":"https:\/\/beconfident.com\/it\/produkt\/guardia-dentale-protect\/","og_site_name":"Beconfident","article_modified_time":"2024-12-02T16:08:07+00:00","og_image":[{"width":1276,"height":1417,"url":"https:\/\/beconfident.com\/wp-content\/uploads\/2021\/01\/150302-Dental-Guard-Protect-and-storagebox-1.jpg","type":"image\/jpeg"}],"twitter_card":"summary_large_image","twitter_misc":{"Tempo di lettura stimato":"1 minuto"},"schema":{"@context":"https:\/\/schema.org","@graph":[{"@type":"WebPage","@id":"https:\/\/beconfident.com\/it\/produkt\/guardia-dentale-protect\/","url":"https:\/\/beconfident.com\/it\/produkt\/guardia-dentale-protect\/","name":"GUARDIA DENTALE \"PROTECT\" - Beconfident","isPartOf":{"@id":"https:\/\/beconfident.com\/lv\/#website"},"primaryImageOfPage":{"@id":"https:\/\/beconfident.com\/it\/produkt\/guardia-dentale-protect\/#primaryimage"},"image":{"@id":"https:\/\/beconfident.com\/it\/produkt\/guardia-dentale-protect\/#primaryimage"},"thumbnailUrl":"https:\/\/beconfident.com\/wp-content\/uploads\/2021\/01\/150302-Dental-Guard-Protect-and-storagebox-1.jpg","datePublished":"2021-01-20T17:02:48+00:00","dateModified":"2024-12-02T16:08:07+00:00","breadcrumb":{"@id":"https:\/\/beconfident.com\/it\/produkt\/guardia-dentale-protect\/#breadcrumb"},"inLanguage":"it-IT","potentialAction":[{"@type":"ReadAction","target":["https:\/\/beconfident.com\/it\/produkt\/guardia-dentale-protect\/"]}]},{"@type":"ImageObject","inLanguage":"it-IT","@id":"https:\/\/beconfident.com\/it\/produkt\/guardia-dentale-protect\/#primaryimage","url":"https:\/\/beconfident.com\/wp-content\/uploads\/2021\/01\/150302-Dental-Guard-Protect-and-storagebox-1.jpg","contentUrl":"https:\/\/beconfident.com\/wp-content\/uploads\/2021\/01\/150302-Dental-Guard-Protect-and-storagebox-1.jpg","width":1276,"height":1417,"caption":"150302 Dental Guard Protect and storagebox"},{"@type":"BreadcrumbList","@id":"https:\/\/beconfident.com\/it\/produkt\/guardia-dentale-protect\/#breadcrumb","itemListElement":[{"@type":"ListItem","position":1,"name":"Hem","item":"https:\/\/beconfident.com\/it\/"},{"@type":"ListItem","position":2,"name":"Webbutik","item":"https:\/\/beconfident.com\/it\/webbutik\/"},{"@type":"ListItem","position":3,"name":"GUARDIA DENTALE &#8220;PROTECT&#8221;"}]},{"@type":"WebSite","@id":"https:\/\/beconfident.com\/lv\/#website","url":"https:\/\/beconfident.com\/lv\/","name":"Beconfident","description":"","potentialAction":[{"@type":"SearchAction","target":{"@type":"EntryPoint","urlTemplate":"https:\/\/beconfident.com\/lv\/?s={search_term_string}"},"query-input":{"@type":"PropertyValueSpecification","valueRequired":true,"valueName":"search_term_string"}}],"inLanguage":"it-IT"}]}},"_links":{"self":[{"href":"https:\/\/beconfident.com\/it\/wp-json\/wp\/v2\/product\/7673","targetHints":{"allow":["GET"]}}],"collection":[{"href":"https:\/\/beconfident.com\/it\/wp-json\/wp\/v2\/product"}],"about":[{"href":"https:\/\/beconfident.com\/it\/wp-json\/wp\/v2\/types\/product"}],"replies":[{"embeddable":true,"href":"https:\/\/beconfident.com\/it\/wp-json\/wp\/v2\/comments?post=7673"}],"wp:featuredmedia":[{"embeddable":true,"href":"https:\/\/beconfident.com\/it\/wp-json\/wp\/v2\/media\/60917"}],"wp:attachment":[{"href":"https:\/\/beconfident.com\/it\/wp-json\/wp\/v2\/media?parent=7673"}],"wp:term":[{"taxonomy":"product_brand","embeddable":true,"href":"https:\/\/beconfident.com\/it\/wp-json\/wp\/v2\/product_brand?post=7673"},{"taxonomy":"product_cat","embeddable":true,"href":"https:\/\/beconfident.com\/it\/wp-json\/wp\/v2\/product_cat?post=7673"},{"taxonomy":"product_tag","embeddable":true,"href":"https:\/\/beconfident.com\/it\/wp-json\/wp\/v2\/product_tag?post=7673"}],"curies":[{"name":"wp","href":"https:\/\/api.w.org\/{rel}","templated":true}]}}