{"id":7496,"date":"2021-01-11T10:04:26","date_gmt":"2021-01-11T09:04:26","guid":{"rendered":"https:\/\/beconfident.simplesmile.hemsida.eu\/produkt\/teeth-whitening-mouth-trays-2-pack\/"},"modified":"2024-04-02T13:27:06","modified_gmt":"2024-04-02T11:27:06","slug":"teeth-whitening-mouth-trays-2-pack","status":"publish","type":"product","link":"https:\/\/beconfident.com\/it\/produkt\/teeth-whitening-mouth-trays-2-pack\/","title":{"rendered":"SBIANCAMENTO DENTI 2-PACK VASSOI BOCCA"},"content":{"rendered":"<p>I vassoi per sbiancamento dei denti Beconfident\u00ae possono essere utilizzati insieme a tutti i diversi gel sbiancanti per denti di Beconfident\u00ae. Un boccaglio adatto \u00e8 un prerequisito per un risultato di sbiancamento dei denti di successo poich\u00e9 \u00e8 fondamentale che il gel abbia un contatto il pi\u00f9 ottimale possibile con la superficie del dente. viene fornito con istruzioni dettagliate su come modellarlo facilmente sulla propria fila di denti. La confezione contiene 2 vassoi per sbiancamento dei denti, un applicatore per il trattamento delle singole superfici dei denti e istruzioni per l&#8217;uso.<\/p>\n","protected":false},"excerpt":{"rendered":"<p>Vassoi per sbiancamento dei denti in confezione da 2 che possono essere utilizzati con tutti i gel sbiancanti per denti Beconfident\u00ae<\/p>\n","protected":false},"featured_media":2266,"comment_status":"open","ping_status":"closed","template":"","meta":{"_acf_changed":false,"inline_featured_image":false,"_monsterinsights_skip_tracking":false,"_monsterinsights_sitenote_active":false,"_monsterinsights_sitenote_note":"","_monsterinsights_sitenote_category":0},"product_brand":[],"product_cat":[736,171],"product_tag":[],"class_list":{"0":"post-7496","1":"product","2":"type-product","3":"status-publish","4":"has-post-thumbnail","6":"product_cat-all-products-it","7":"product_cat-underhall-it","9":"first","10":"instock","11":"taxable","12":"shipping-taxable","13":"purchasable","14":"product-type-simple"},"acf":[],"shsp-ext":{"main":{},"variations":[]},"yoast_head":"<!-- This site is optimized with the Yoast SEO plugin v27.5 - https:\/\/yoast.com\/product\/yoast-seo-wordpress\/ -->\n<title>SBIANCAMENTO DENTI 2-PACK VASSOI BOCCA - Beconfident<\/title>\n<meta name=\"robots\" content=\"index, follow, max-snippet:-1, max-image-preview:large, max-video-preview:-1\" \/>\n<link rel=\"canonical\" href=\"https:\/\/beconfident.com\/it\/produkt\/teeth-whitening-mouth-trays-2-pack\/\" \/>\n<meta property=\"og:locale\" content=\"it_IT\" \/>\n<meta property=\"og:type\" content=\"article\" \/>\n<meta property=\"og:title\" content=\"SBIANCAMENTO DENTI 2-PACK VASSOI BOCCA - Beconfident\" \/>\n<meta property=\"og:description\" content=\"Vassoi per sbiancamento dei denti in confezione da 2 che possono essere utilizzati con tutti i gel sbiancanti per denti Beconfident\u00ae\" \/>\n<meta property=\"og:url\" content=\"https:\/\/beconfident.com\/it\/produkt\/teeth-whitening-mouth-trays-2-pack\/\" \/>\n<meta property=\"og:site_name\" content=\"Beconfident\" \/>\n<meta property=\"article:modified_time\" content=\"2024-04-02T11:27:06+00:00\" \/>\n<meta property=\"og:image\" content=\"https:\/\/beconfident.com\/wp-content\/uploads\/2021\/01\/121497_munskena_tandblekning.jpg\" \/>\n\t<meta property=\"og:image:width\" content=\"1000\" \/>\n\t<meta property=\"og:image:height\" content=\"1000\" \/>\n\t<meta property=\"og:image:type\" content=\"image\/jpeg\" \/>\n<meta name=\"twitter:card\" content=\"summary_large_image\" \/>\n<script type=\"application\/ld+json\" class=\"yoast-schema-graph\">{\"@context\":\"https:\\\/\\\/schema.org\",\"@graph\":[{\"@type\":\"WebPage\",\"@id\":\"https:\\\/\\\/beconfident.com\\\/it\\\/produkt\\\/teeth-whitening-mouth-trays-2-pack\\\/\",\"url\":\"https:\\\/\\\/beconfident.com\\\/it\\\/produkt\\\/teeth-whitening-mouth-trays-2-pack\\\/\",\"name\":\"SBIANCAMENTO DENTI 2-PACK VASSOI BOCCA - Beconfident\",\"isPartOf\":{\"@id\":\"https:\\\/\\\/beconfident.com\\\/lv\\\/#website\"},\"primaryImageOfPage\":{\"@id\":\"https:\\\/\\\/beconfident.com\\\/it\\\/produkt\\\/teeth-whitening-mouth-trays-2-pack\\\/#primaryimage\"},\"image\":{\"@id\":\"https:\\\/\\\/beconfident.com\\\/it\\\/produkt\\\/teeth-whitening-mouth-trays-2-pack\\\/#primaryimage\"},\"thumbnailUrl\":\"https:\\\/\\\/beconfident.com\\\/wp-content\\\/uploads\\\/2021\\\/01\\\/121497_munskena_tandblekning.jpg\",\"datePublished\":\"2021-01-11T09:04:26+00:00\",\"dateModified\":\"2024-04-02T11:27:06+00:00\",\"breadcrumb\":{\"@id\":\"https:\\\/\\\/beconfident.com\\\/it\\\/produkt\\\/teeth-whitening-mouth-trays-2-pack\\\/#breadcrumb\"},\"inLanguage\":\"it-IT\",\"potentialAction\":[{\"@type\":\"ReadAction\",\"target\":[\"https:\\\/\\\/beconfident.com\\\/it\\\/produkt\\\/teeth-whitening-mouth-trays-2-pack\\\/\"]}]},{\"@type\":\"ImageObject\",\"inLanguage\":\"it-IT\",\"@id\":\"https:\\\/\\\/beconfident.com\\\/it\\\/produkt\\\/teeth-whitening-mouth-trays-2-pack\\\/#primaryimage\",\"url\":\"https:\\\/\\\/beconfident.com\\\/wp-content\\\/uploads\\\/2021\\\/01\\\/121497_munskena_tandblekning.jpg\",\"contentUrl\":\"https:\\\/\\\/beconfident.com\\\/wp-content\\\/uploads\\\/2021\\\/01\\\/121497_munskena_tandblekning.jpg\",\"width\":1000,\"height\":1000,\"caption\":\"121497 munskena tandblekning\"},{\"@type\":\"BreadcrumbList\",\"@id\":\"https:\\\/\\\/beconfident.com\\\/it\\\/produkt\\\/teeth-whitening-mouth-trays-2-pack\\\/#breadcrumb\",\"itemListElement\":[{\"@type\":\"ListItem\",\"position\":1,\"name\":\"Hem\",\"item\":\"https:\\\/\\\/beconfident.com\\\/it\\\/\"},{\"@type\":\"ListItem\",\"position\":2,\"name\":\"Webbutik\",\"item\":\"https:\\\/\\\/beconfident.com\\\/it\\\/webbutik\\\/\"},{\"@type\":\"ListItem\",\"position\":3,\"name\":\"SBIANCAMENTO DENTI 2-PACK VASSOI BOCCA\"}]},{\"@type\":\"WebSite\",\"@id\":\"https:\\\/\\\/beconfident.com\\\/lv\\\/#website\",\"url\":\"https:\\\/\\\/beconfident.com\\\/lv\\\/\",\"name\":\"Beconfident\",\"description\":\"\",\"potentialAction\":[{\"@type\":\"SearchAction\",\"target\":{\"@type\":\"EntryPoint\",\"urlTemplate\":\"https:\\\/\\\/beconfident.com\\\/lv\\\/?s={search_term_string}\"},\"query-input\":{\"@type\":\"PropertyValueSpecification\",\"valueRequired\":true,\"valueName\":\"search_term_string\"}}],\"inLanguage\":\"it-IT\"}]}<\/script>\n<!-- \/ Yoast SEO plugin. -->","yoast_head_json":{"title":"SBIANCAMENTO DENTI 2-PACK VASSOI BOCCA - Beconfident","robots":{"index":"index","follow":"follow","max-snippet":"max-snippet:-1","max-image-preview":"max-image-preview:large","max-video-preview":"max-video-preview:-1"},"canonical":"https:\/\/beconfident.com\/it\/produkt\/teeth-whitening-mouth-trays-2-pack\/","og_locale":"it_IT","og_type":"article","og_title":"SBIANCAMENTO DENTI 2-PACK VASSOI BOCCA - Beconfident","og_description":"Vassoi per sbiancamento dei denti in confezione da 2 che possono essere utilizzati con tutti i gel sbiancanti per denti Beconfident\u00ae","og_url":"https:\/\/beconfident.com\/it\/produkt\/teeth-whitening-mouth-trays-2-pack\/","og_site_name":"Beconfident","article_modified_time":"2024-04-02T11:27:06+00:00","og_image":[{"width":1000,"height":1000,"url":"https:\/\/beconfident.com\/wp-content\/uploads\/2021\/01\/121497_munskena_tandblekning.jpg","type":"image\/jpeg"}],"twitter_card":"summary_large_image","schema":{"@context":"https:\/\/schema.org","@graph":[{"@type":"WebPage","@id":"https:\/\/beconfident.com\/it\/produkt\/teeth-whitening-mouth-trays-2-pack\/","url":"https:\/\/beconfident.com\/it\/produkt\/teeth-whitening-mouth-trays-2-pack\/","name":"SBIANCAMENTO DENTI 2-PACK VASSOI BOCCA - Beconfident","isPartOf":{"@id":"https:\/\/beconfident.com\/lv\/#website"},"primaryImageOfPage":{"@id":"https:\/\/beconfident.com\/it\/produkt\/teeth-whitening-mouth-trays-2-pack\/#primaryimage"},"image":{"@id":"https:\/\/beconfident.com\/it\/produkt\/teeth-whitening-mouth-trays-2-pack\/#primaryimage"},"thumbnailUrl":"https:\/\/beconfident.com\/wp-content\/uploads\/2021\/01\/121497_munskena_tandblekning.jpg","datePublished":"2021-01-11T09:04:26+00:00","dateModified":"2024-04-02T11:27:06+00:00","breadcrumb":{"@id":"https:\/\/beconfident.com\/it\/produkt\/teeth-whitening-mouth-trays-2-pack\/#breadcrumb"},"inLanguage":"it-IT","potentialAction":[{"@type":"ReadAction","target":["https:\/\/beconfident.com\/it\/produkt\/teeth-whitening-mouth-trays-2-pack\/"]}]},{"@type":"ImageObject","inLanguage":"it-IT","@id":"https:\/\/beconfident.com\/it\/produkt\/teeth-whitening-mouth-trays-2-pack\/#primaryimage","url":"https:\/\/beconfident.com\/wp-content\/uploads\/2021\/01\/121497_munskena_tandblekning.jpg","contentUrl":"https:\/\/beconfident.com\/wp-content\/uploads\/2021\/01\/121497_munskena_tandblekning.jpg","width":1000,"height":1000,"caption":"121497 munskena tandblekning"},{"@type":"BreadcrumbList","@id":"https:\/\/beconfident.com\/it\/produkt\/teeth-whitening-mouth-trays-2-pack\/#breadcrumb","itemListElement":[{"@type":"ListItem","position":1,"name":"Hem","item":"https:\/\/beconfident.com\/it\/"},{"@type":"ListItem","position":2,"name":"Webbutik","item":"https:\/\/beconfident.com\/it\/webbutik\/"},{"@type":"ListItem","position":3,"name":"SBIANCAMENTO DENTI 2-PACK VASSOI BOCCA"}]},{"@type":"WebSite","@id":"https:\/\/beconfident.com\/lv\/#website","url":"https:\/\/beconfident.com\/lv\/","name":"Beconfident","description":"","potentialAction":[{"@type":"SearchAction","target":{"@type":"EntryPoint","urlTemplate":"https:\/\/beconfident.com\/lv\/?s={search_term_string}"},"query-input":{"@type":"PropertyValueSpecification","valueRequired":true,"valueName":"search_term_string"}}],"inLanguage":"it-IT"}]}},"_links":{"self":[{"href":"https:\/\/beconfident.com\/it\/wp-json\/wp\/v2\/product\/7496","targetHints":{"allow":["GET"]}}],"collection":[{"href":"https:\/\/beconfident.com\/it\/wp-json\/wp\/v2\/product"}],"about":[{"href":"https:\/\/beconfident.com\/it\/wp-json\/wp\/v2\/types\/product"}],"replies":[{"embeddable":true,"href":"https:\/\/beconfident.com\/it\/wp-json\/wp\/v2\/comments?post=7496"}],"wp:featuredmedia":[{"embeddable":true,"href":"https:\/\/beconfident.com\/it\/wp-json\/wp\/v2\/media\/2266"}],"wp:attachment":[{"href":"https:\/\/beconfident.com\/it\/wp-json\/wp\/v2\/media?parent=7496"}],"wp:term":[{"taxonomy":"product_brand","embeddable":true,"href":"https:\/\/beconfident.com\/it\/wp-json\/wp\/v2\/product_brand?post=7496"},{"taxonomy":"product_cat","embeddable":true,"href":"https:\/\/beconfident.com\/it\/wp-json\/wp\/v2\/product_cat?post=7496"},{"taxonomy":"product_tag","embeddable":true,"href":"https:\/\/beconfident.com\/it\/wp-json\/wp\/v2\/product_tag?post=7496"}],"curies":[{"name":"wp","href":"https:\/\/api.w.org\/{rel}","templated":true}]}}