{"id":7371,"date":"2021-01-11T10:04:26","date_gmt":"2021-01-11T09:04:26","guid":{"rendered":"https:\/\/beconfident.simplesmile.hemsida.eu\/produkt\/teeth-whitening-x1-refill\/"},"modified":"2025-02-04T16:04:08","modified_gmt":"2025-02-04T15:04:08","slug":"teeth-whitening-x1-refill","status":"publish","type":"product","link":"https:\/\/beconfident.com\/it\/produkt\/teeth-whitening-x1-refill\/","title":{"rendered":"SBIANCAMENTO DENTI X1 REFILL"},"content":{"rendered":"<p>Beconfident\u00ae X1 Refill contiene una ricarica del gel sbiancante per denti X1 Start Kit. Il gel ti d\u00e0 uno sbiancamento dei denti senza perossido per quel bel sorriso bianco senza effetti collaterali come dolore alle gengive o sensibilit\u00e0 dei denti. Lo Start Kit contiene tutto ci\u00f2 di cui hai bisogno ed \u00e8 perfetto se non hai mai sbiancato i denti prima. \u00c8 molto facile da usare e ogni trattamento richiede solo 15 minuti. Puoi facilmente modellare i vassoi orali inclusi per adattarli individualmente, proprio come dal dentista.<\/p>\n<p>L&#8217;effetto sbiancante dei denti deriva da una risoluzione delle macchie superficiali, in parte attraverso l&#8217;ossidazione di composti organici pi\u00f9 profondi nello smalto e nella dentina. Il metodo di Beconfident\u00ae si basa su una combinazione di detergenti (agenti tensioattivi) e bicarbonato di sodio attivo al 32%. A differenza del perossido di idrogeno, che pu\u00f2 causare spiacevoli sensibilit\u00e0 ai denti e dolore ai denti, il nostro \u00e8 delicato e privo di effetti collaterali.<\/p>\n<p>La confezione include gel sbiancante per denti X1 senza perossido con aroma di melone fresco (10 ml), una scala colori e istruzioni.<\/p>\n","protected":false},"excerpt":{"rendered":"<p>Fino a 4 tonalit\u00e0 pi\u00f9 bianche in 10 giorni<\/p>\n","protected":false},"featured_media":10602,"comment_status":"open","ping_status":"closed","template":"","meta":{"_acf_changed":false,"inline_featured_image":false,"_monsterinsights_skip_tracking":false,"_monsterinsights_sitenote_active":false,"_monsterinsights_sitenote_note":"","_monsterinsights_sitenote_category":0},"product_brand":[],"product_cat":[736,296],"product_tag":[],"class_list":{"0":"post-7371","1":"product","2":"type-product","3":"status-publish","4":"has-post-thumbnail","6":"product_cat-all-products-it","7":"product_cat-ricariche","9":"first","10":"instock","11":"taxable","12":"shipping-taxable","13":"purchasable","14":"product-type-simple"},"acf":[],"shsp-ext":{"main":{},"variations":[]},"yoast_head":"<!-- This site is optimized with the Yoast SEO plugin v27.5 - https:\/\/yoast.com\/product\/yoast-seo-wordpress\/ -->\n<title>SBIANCAMENTO DENTI X1 REFILL - Beconfident<\/title>\n<meta name=\"robots\" content=\"index, follow, max-snippet:-1, max-image-preview:large, max-video-preview:-1\" \/>\n<link rel=\"canonical\" href=\"https:\/\/beconfident.com\/it\/produkt\/teeth-whitening-x1-refill\/\" \/>\n<meta property=\"og:locale\" content=\"it_IT\" \/>\n<meta property=\"og:type\" content=\"article\" \/>\n<meta property=\"og:title\" content=\"SBIANCAMENTO DENTI X1 REFILL - Beconfident\" \/>\n<meta property=\"og:description\" content=\"Fino a 4 tonalit\u00e0 pi\u00f9 bianche in 10 giorni\" \/>\n<meta property=\"og:url\" content=\"https:\/\/beconfident.com\/it\/produkt\/teeth-whitening-x1-refill\/\" \/>\n<meta property=\"og:site_name\" content=\"Beconfident\" \/>\n<meta property=\"article:modified_time\" content=\"2025-02-04T15:04:08+00:00\" \/>\n<meta property=\"og:image\" content=\"https:\/\/beconfident.com\/wp-content\/uploads\/2021\/01\/X1_refill_1000x1000.jpg\" \/>\n\t<meta property=\"og:image:width\" content=\"1000\" \/>\n\t<meta property=\"og:image:height\" content=\"1000\" \/>\n\t<meta property=\"og:image:type\" content=\"image\/jpeg\" \/>\n<meta name=\"twitter:card\" content=\"summary_large_image\" \/>\n<meta name=\"twitter:label1\" content=\"Tempo di lettura stimato\" \/>\n\t<meta name=\"twitter:data1\" content=\"1 minuto\" \/>\n<script type=\"application\/ld+json\" class=\"yoast-schema-graph\">{\"@context\":\"https:\\\/\\\/schema.org\",\"@graph\":[{\"@type\":\"WebPage\",\"@id\":\"https:\\\/\\\/beconfident.com\\\/it\\\/produkt\\\/teeth-whitening-x1-refill\\\/\",\"url\":\"https:\\\/\\\/beconfident.com\\\/it\\\/produkt\\\/teeth-whitening-x1-refill\\\/\",\"name\":\"SBIANCAMENTO DENTI X1 REFILL - Beconfident\",\"isPartOf\":{\"@id\":\"https:\\\/\\\/beconfident.com\\\/lv\\\/#website\"},\"primaryImageOfPage\":{\"@id\":\"https:\\\/\\\/beconfident.com\\\/it\\\/produkt\\\/teeth-whitening-x1-refill\\\/#primaryimage\"},\"image\":{\"@id\":\"https:\\\/\\\/beconfident.com\\\/it\\\/produkt\\\/teeth-whitening-x1-refill\\\/#primaryimage\"},\"thumbnailUrl\":\"https:\\\/\\\/beconfident.com\\\/wp-content\\\/uploads\\\/2021\\\/01\\\/X1_refill_1000x1000.jpg\",\"datePublished\":\"2021-01-11T09:04:26+00:00\",\"dateModified\":\"2025-02-04T15:04:08+00:00\",\"breadcrumb\":{\"@id\":\"https:\\\/\\\/beconfident.com\\\/it\\\/produkt\\\/teeth-whitening-x1-refill\\\/#breadcrumb\"},\"inLanguage\":\"it-IT\",\"potentialAction\":[{\"@type\":\"ReadAction\",\"target\":[\"https:\\\/\\\/beconfident.com\\\/it\\\/produkt\\\/teeth-whitening-x1-refill\\\/\"]}]},{\"@type\":\"ImageObject\",\"inLanguage\":\"it-IT\",\"@id\":\"https:\\\/\\\/beconfident.com\\\/it\\\/produkt\\\/teeth-whitening-x1-refill\\\/#primaryimage\",\"url\":\"https:\\\/\\\/beconfident.com\\\/wp-content\\\/uploads\\\/2021\\\/01\\\/X1_refill_1000x1000.jpg\",\"contentUrl\":\"https:\\\/\\\/beconfident.com\\\/wp-content\\\/uploads\\\/2021\\\/01\\\/X1_refill_1000x1000.jpg\",\"width\":1000,\"height\":1000},{\"@type\":\"BreadcrumbList\",\"@id\":\"https:\\\/\\\/beconfident.com\\\/it\\\/produkt\\\/teeth-whitening-x1-refill\\\/#breadcrumb\",\"itemListElement\":[{\"@type\":\"ListItem\",\"position\":1,\"name\":\"Hem\",\"item\":\"https:\\\/\\\/beconfident.com\\\/it\\\/\"},{\"@type\":\"ListItem\",\"position\":2,\"name\":\"Webbutik\",\"item\":\"https:\\\/\\\/beconfident.com\\\/it\\\/webbutik\\\/\"},{\"@type\":\"ListItem\",\"position\":3,\"name\":\"SBIANCAMENTO DENTI X1 REFILL\"}]},{\"@type\":\"WebSite\",\"@id\":\"https:\\\/\\\/beconfident.com\\\/lv\\\/#website\",\"url\":\"https:\\\/\\\/beconfident.com\\\/lv\\\/\",\"name\":\"Beconfident\",\"description\":\"\",\"potentialAction\":[{\"@type\":\"SearchAction\",\"target\":{\"@type\":\"EntryPoint\",\"urlTemplate\":\"https:\\\/\\\/beconfident.com\\\/lv\\\/?s={search_term_string}\"},\"query-input\":{\"@type\":\"PropertyValueSpecification\",\"valueRequired\":true,\"valueName\":\"search_term_string\"}}],\"inLanguage\":\"it-IT\"}]}<\/script>\n<!-- \/ Yoast SEO plugin. -->","yoast_head_json":{"title":"SBIANCAMENTO DENTI X1 REFILL - Beconfident","robots":{"index":"index","follow":"follow","max-snippet":"max-snippet:-1","max-image-preview":"max-image-preview:large","max-video-preview":"max-video-preview:-1"},"canonical":"https:\/\/beconfident.com\/it\/produkt\/teeth-whitening-x1-refill\/","og_locale":"it_IT","og_type":"article","og_title":"SBIANCAMENTO DENTI X1 REFILL - Beconfident","og_description":"Fino a 4 tonalit\u00e0 pi\u00f9 bianche in 10 giorni","og_url":"https:\/\/beconfident.com\/it\/produkt\/teeth-whitening-x1-refill\/","og_site_name":"Beconfident","article_modified_time":"2025-02-04T15:04:08+00:00","og_image":[{"width":1000,"height":1000,"url":"https:\/\/beconfident.com\/wp-content\/uploads\/2021\/01\/X1_refill_1000x1000.jpg","type":"image\/jpeg"}],"twitter_card":"summary_large_image","twitter_misc":{"Tempo di lettura stimato":"1 minuto"},"schema":{"@context":"https:\/\/schema.org","@graph":[{"@type":"WebPage","@id":"https:\/\/beconfident.com\/it\/produkt\/teeth-whitening-x1-refill\/","url":"https:\/\/beconfident.com\/it\/produkt\/teeth-whitening-x1-refill\/","name":"SBIANCAMENTO DENTI X1 REFILL - Beconfident","isPartOf":{"@id":"https:\/\/beconfident.com\/lv\/#website"},"primaryImageOfPage":{"@id":"https:\/\/beconfident.com\/it\/produkt\/teeth-whitening-x1-refill\/#primaryimage"},"image":{"@id":"https:\/\/beconfident.com\/it\/produkt\/teeth-whitening-x1-refill\/#primaryimage"},"thumbnailUrl":"https:\/\/beconfident.com\/wp-content\/uploads\/2021\/01\/X1_refill_1000x1000.jpg","datePublished":"2021-01-11T09:04:26+00:00","dateModified":"2025-02-04T15:04:08+00:00","breadcrumb":{"@id":"https:\/\/beconfident.com\/it\/produkt\/teeth-whitening-x1-refill\/#breadcrumb"},"inLanguage":"it-IT","potentialAction":[{"@type":"ReadAction","target":["https:\/\/beconfident.com\/it\/produkt\/teeth-whitening-x1-refill\/"]}]},{"@type":"ImageObject","inLanguage":"it-IT","@id":"https:\/\/beconfident.com\/it\/produkt\/teeth-whitening-x1-refill\/#primaryimage","url":"https:\/\/beconfident.com\/wp-content\/uploads\/2021\/01\/X1_refill_1000x1000.jpg","contentUrl":"https:\/\/beconfident.com\/wp-content\/uploads\/2021\/01\/X1_refill_1000x1000.jpg","width":1000,"height":1000},{"@type":"BreadcrumbList","@id":"https:\/\/beconfident.com\/it\/produkt\/teeth-whitening-x1-refill\/#breadcrumb","itemListElement":[{"@type":"ListItem","position":1,"name":"Hem","item":"https:\/\/beconfident.com\/it\/"},{"@type":"ListItem","position":2,"name":"Webbutik","item":"https:\/\/beconfident.com\/it\/webbutik\/"},{"@type":"ListItem","position":3,"name":"SBIANCAMENTO DENTI X1 REFILL"}]},{"@type":"WebSite","@id":"https:\/\/beconfident.com\/lv\/#website","url":"https:\/\/beconfident.com\/lv\/","name":"Beconfident","description":"","potentialAction":[{"@type":"SearchAction","target":{"@type":"EntryPoint","urlTemplate":"https:\/\/beconfident.com\/lv\/?s={search_term_string}"},"query-input":{"@type":"PropertyValueSpecification","valueRequired":true,"valueName":"search_term_string"}}],"inLanguage":"it-IT"}]}},"_links":{"self":[{"href":"https:\/\/beconfident.com\/it\/wp-json\/wp\/v2\/product\/7371","targetHints":{"allow":["GET"]}}],"collection":[{"href":"https:\/\/beconfident.com\/it\/wp-json\/wp\/v2\/product"}],"about":[{"href":"https:\/\/beconfident.com\/it\/wp-json\/wp\/v2\/types\/product"}],"replies":[{"embeddable":true,"href":"https:\/\/beconfident.com\/it\/wp-json\/wp\/v2\/comments?post=7371"}],"wp:featuredmedia":[{"embeddable":true,"href":"https:\/\/beconfident.com\/it\/wp-json\/wp\/v2\/media\/10602"}],"wp:attachment":[{"href":"https:\/\/beconfident.com\/it\/wp-json\/wp\/v2\/media?parent=7371"}],"wp:term":[{"taxonomy":"product_brand","embeddable":true,"href":"https:\/\/beconfident.com\/it\/wp-json\/wp\/v2\/product_brand?post=7371"},{"taxonomy":"product_cat","embeddable":true,"href":"https:\/\/beconfident.com\/it\/wp-json\/wp\/v2\/product_cat?post=7371"},{"taxonomy":"product_tag","embeddable":true,"href":"https:\/\/beconfident.com\/it\/wp-json\/wp\/v2\/product_tag?post=7371"}],"curies":[{"name":"wp","href":"https:\/\/api.w.org\/{rel}","templated":true}]}}