{"id":7026,"date":"2021-01-11T10:04:31","date_gmt":"2021-01-11T09:04:31","guid":{"rendered":"https:\/\/beconfident.simplesmile.hemsida.eu\/produkt\/sonic-tandborsthuvuden-whitening-2-pack-vit\/"},"modified":"2023-04-06T13:44:31","modified_gmt":"2023-04-06T11:44:31","slug":"sonic-tandborsthuvuden-whitening-2-pack-vit","status":"publish","type":"product","link":"https:\/\/beconfident.com\/it\/produkt\/sonic-tandborsthuvuden-whitening-2-pack-vit\/","title":{"rendered":"TESTINE SBIANCANTI SPAZZOLINO SONICO 2-PACK BIANCO"},"content":{"rendered":"<p>Ottieni denti pi\u00f9 bianchi, puliti e resistenti con le testine per spazzolino sonico Beconfident\u00ae da 2 pezzi Sbiancante, Bianco. La testina dello spazzolino \u00e8 dotata di setole DuPont\u00ae con un promemoria del colore integrato per quando \u00e8 il momento di cambiare la testina dello spazzolino. Questa testina \u00e8 appositamente progettata per rimuovere i rivestimenti esterni e dare denti visibilmente pi\u00f9 bianchi. Durezza: durezza ordinaria \/ media per uso quotidiano. Si consiglia di cambiare la testina dello spazzolino ogni tre mesi per la migliore pulizia e la minima usura dello smalto.<\/p>\n<p>Le testine dello spazzolino Beconfident \u00a9 Sonic non possono essere utilizzate con gli spazzolini elettrici Philips Sonicare o Oral-B. L&#8217;adattamento tra lo spazzolino e la testina deve essere preciso per dare la giusta oscillazione\/vibrazione, fondamentale per la pulizia dei denti.<\/p>\n","protected":false},"excerpt":{"rendered":"<p>Testine per spazzolino sonico Beconfident\u00ae con setole DuPont\u00ae e promemoria del colore Pedex<\/p>\n","protected":false},"featured_media":16927,"comment_status":"open","ping_status":"closed","template":"","meta":{"_acf_changed":false,"inline_featured_image":false,"_monsterinsights_skip_tracking":false,"_monsterinsights_sitenote_active":false,"_monsterinsights_sitenote_note":"","_monsterinsights_sitenote_category":0},"product_brand":[],"product_cat":[736,247],"product_tag":[],"class_list":{"0":"post-7026","1":"product","2":"type-product","3":"status-publish","4":"has-post-thumbnail","6":"product_cat-all-products-it","7":"product_cat-sonic-eltandsborstar-it","9":"first","10":"outofstock","11":"taxable","12":"shipping-taxable","13":"purchasable","14":"product-type-simple"},"acf":[],"shsp-ext":{"main":{},"variations":[]},"yoast_head":"<!-- This site is optimized with the Yoast SEO plugin v27.2 - https:\/\/yoast.com\/product\/yoast-seo-wordpress\/ -->\n<title>TESTINE SBIANCANTI SPAZZOLINO SONICO 2-PACK BIANCO - Beconfident<\/title>\n<meta name=\"robots\" content=\"index, follow, max-snippet:-1, max-image-preview:large, max-video-preview:-1\" \/>\n<link rel=\"canonical\" href=\"https:\/\/beconfident.com\/it\/produkt\/sonic-tandborsthuvuden-whitening-2-pack-vit\/\" \/>\n<meta property=\"og:locale\" content=\"it_IT\" \/>\n<meta property=\"og:type\" content=\"article\" \/>\n<meta property=\"og:title\" content=\"TESTINE SBIANCANTI SPAZZOLINO SONICO 2-PACK BIANCO - Beconfident\" \/>\n<meta property=\"og:description\" content=\"Testine per spazzolino sonico Beconfident\u00ae con setole DuPont\u00ae e promemoria del colore Pedex\" \/>\n<meta property=\"og:url\" content=\"https:\/\/beconfident.com\/it\/produkt\/sonic-tandborsthuvuden-whitening-2-pack-vit\/\" \/>\n<meta property=\"og:site_name\" content=\"Beconfident\" \/>\n<meta property=\"article:modified_time\" content=\"2023-04-06T11:44:31+00:00\" \/>\n<meta property=\"og:image\" content=\"https:\/\/beconfident.com\/wp-content\/uploads\/2021\/01\/Beconfident\u00ae-TwinWhiteningbrushpackwhite_650498.jpg\" \/>\n\t<meta property=\"og:image:width\" content=\"1417\" \/>\n\t<meta property=\"og:image:height\" content=\"1063\" \/>\n\t<meta property=\"og:image:type\" content=\"image\/jpeg\" \/>\n<meta name=\"twitter:card\" content=\"summary_large_image\" \/>\n<meta name=\"twitter:label1\" content=\"Tempo di lettura stimato\" \/>\n\t<meta name=\"twitter:data1\" content=\"1 minuto\" \/>\n<script type=\"application\/ld+json\" class=\"yoast-schema-graph\">{\"@context\":\"https:\/\/schema.org\",\"@graph\":[{\"@type\":\"WebPage\",\"@id\":\"https:\/\/beconfident.com\/it\/produkt\/sonic-tandborsthuvuden-whitening-2-pack-vit\/\",\"url\":\"https:\/\/beconfident.com\/it\/produkt\/sonic-tandborsthuvuden-whitening-2-pack-vit\/\",\"name\":\"TESTINE SBIANCANTI SPAZZOLINO SONICO 2-PACK BIANCO - Beconfident\",\"isPartOf\":{\"@id\":\"https:\/\/beconfident.com\/lv\/#website\"},\"primaryImageOfPage\":{\"@id\":\"https:\/\/beconfident.com\/it\/produkt\/sonic-tandborsthuvuden-whitening-2-pack-vit\/#primaryimage\"},\"image\":{\"@id\":\"https:\/\/beconfident.com\/it\/produkt\/sonic-tandborsthuvuden-whitening-2-pack-vit\/#primaryimage\"},\"thumbnailUrl\":\"https:\/\/beconfident.com\/wp-content\/uploads\/2021\/01\/Beconfident\u00ae-TwinWhiteningbrushpackwhite_650498.jpg\",\"datePublished\":\"2021-01-11T09:04:31+00:00\",\"dateModified\":\"2023-04-06T11:44:31+00:00\",\"breadcrumb\":{\"@id\":\"https:\/\/beconfident.com\/it\/produkt\/sonic-tandborsthuvuden-whitening-2-pack-vit\/#breadcrumb\"},\"inLanguage\":\"it-IT\",\"potentialAction\":[{\"@type\":\"ReadAction\",\"target\":[\"https:\/\/beconfident.com\/it\/produkt\/sonic-tandborsthuvuden-whitening-2-pack-vit\/\"]}]},{\"@type\":\"ImageObject\",\"inLanguage\":\"it-IT\",\"@id\":\"https:\/\/beconfident.com\/it\/produkt\/sonic-tandborsthuvuden-whitening-2-pack-vit\/#primaryimage\",\"url\":\"https:\/\/beconfident.com\/wp-content\/uploads\/2021\/01\/Beconfident\u00ae-TwinWhiteningbrushpackwhite_650498.jpg\",\"contentUrl\":\"https:\/\/beconfident.com\/wp-content\/uploads\/2021\/01\/Beconfident\u00ae-TwinWhiteningbrushpackwhite_650498.jpg\",\"width\":1417,\"height\":1063},{\"@type\":\"BreadcrumbList\",\"@id\":\"https:\/\/beconfident.com\/it\/produkt\/sonic-tandborsthuvuden-whitening-2-pack-vit\/#breadcrumb\",\"itemListElement\":[{\"@type\":\"ListItem\",\"position\":1,\"name\":\"Hem\",\"item\":\"https:\/\/beconfident.com\/it\/\"},{\"@type\":\"ListItem\",\"position\":2,\"name\":\"Webbutik\",\"item\":\"https:\/\/beconfident.com\/it\/webbutik\/\"},{\"@type\":\"ListItem\",\"position\":3,\"name\":\"TESTINE SBIANCANTI SPAZZOLINO SONICO 2-PACK BIANCO\"}]},{\"@type\":\"WebSite\",\"@id\":\"https:\/\/beconfident.com\/lv\/#website\",\"url\":\"https:\/\/beconfident.com\/lv\/\",\"name\":\"Beconfident\",\"description\":\"\",\"potentialAction\":[{\"@type\":\"SearchAction\",\"target\":{\"@type\":\"EntryPoint\",\"urlTemplate\":\"https:\/\/beconfident.com\/lv\/?s={search_term_string}\"},\"query-input\":{\"@type\":\"PropertyValueSpecification\",\"valueRequired\":true,\"valueName\":\"search_term_string\"}}],\"inLanguage\":\"it-IT\"}]}<\/script>\n<!-- \/ Yoast SEO plugin. -->","yoast_head_json":{"title":"TESTINE SBIANCANTI SPAZZOLINO SONICO 2-PACK BIANCO - Beconfident","robots":{"index":"index","follow":"follow","max-snippet":"max-snippet:-1","max-image-preview":"max-image-preview:large","max-video-preview":"max-video-preview:-1"},"canonical":"https:\/\/beconfident.com\/it\/produkt\/sonic-tandborsthuvuden-whitening-2-pack-vit\/","og_locale":"it_IT","og_type":"article","og_title":"TESTINE SBIANCANTI SPAZZOLINO SONICO 2-PACK BIANCO - Beconfident","og_description":"Testine per spazzolino sonico Beconfident\u00ae con setole DuPont\u00ae e promemoria del colore Pedex","og_url":"https:\/\/beconfident.com\/it\/produkt\/sonic-tandborsthuvuden-whitening-2-pack-vit\/","og_site_name":"Beconfident","article_modified_time":"2023-04-06T11:44:31+00:00","og_image":[{"width":1417,"height":1063,"url":"https:\/\/beconfident.com\/wp-content\/uploads\/2021\/01\/Beconfident\u00ae-TwinWhiteningbrushpackwhite_650498.jpg","type":"image\/jpeg"}],"twitter_card":"summary_large_image","twitter_misc":{"Tempo di lettura stimato":"1 minuto"},"schema":{"@context":"https:\/\/schema.org","@graph":[{"@type":"WebPage","@id":"https:\/\/beconfident.com\/it\/produkt\/sonic-tandborsthuvuden-whitening-2-pack-vit\/","url":"https:\/\/beconfident.com\/it\/produkt\/sonic-tandborsthuvuden-whitening-2-pack-vit\/","name":"TESTINE SBIANCANTI SPAZZOLINO SONICO 2-PACK BIANCO - Beconfident","isPartOf":{"@id":"https:\/\/beconfident.com\/lv\/#website"},"primaryImageOfPage":{"@id":"https:\/\/beconfident.com\/it\/produkt\/sonic-tandborsthuvuden-whitening-2-pack-vit\/#primaryimage"},"image":{"@id":"https:\/\/beconfident.com\/it\/produkt\/sonic-tandborsthuvuden-whitening-2-pack-vit\/#primaryimage"},"thumbnailUrl":"https:\/\/beconfident.com\/wp-content\/uploads\/2021\/01\/Beconfident\u00ae-TwinWhiteningbrushpackwhite_650498.jpg","datePublished":"2021-01-11T09:04:31+00:00","dateModified":"2023-04-06T11:44:31+00:00","breadcrumb":{"@id":"https:\/\/beconfident.com\/it\/produkt\/sonic-tandborsthuvuden-whitening-2-pack-vit\/#breadcrumb"},"inLanguage":"it-IT","potentialAction":[{"@type":"ReadAction","target":["https:\/\/beconfident.com\/it\/produkt\/sonic-tandborsthuvuden-whitening-2-pack-vit\/"]}]},{"@type":"ImageObject","inLanguage":"it-IT","@id":"https:\/\/beconfident.com\/it\/produkt\/sonic-tandborsthuvuden-whitening-2-pack-vit\/#primaryimage","url":"https:\/\/beconfident.com\/wp-content\/uploads\/2021\/01\/Beconfident\u00ae-TwinWhiteningbrushpackwhite_650498.jpg","contentUrl":"https:\/\/beconfident.com\/wp-content\/uploads\/2021\/01\/Beconfident\u00ae-TwinWhiteningbrushpackwhite_650498.jpg","width":1417,"height":1063},{"@type":"BreadcrumbList","@id":"https:\/\/beconfident.com\/it\/produkt\/sonic-tandborsthuvuden-whitening-2-pack-vit\/#breadcrumb","itemListElement":[{"@type":"ListItem","position":1,"name":"Hem","item":"https:\/\/beconfident.com\/it\/"},{"@type":"ListItem","position":2,"name":"Webbutik","item":"https:\/\/beconfident.com\/it\/webbutik\/"},{"@type":"ListItem","position":3,"name":"TESTINE SBIANCANTI SPAZZOLINO SONICO 2-PACK BIANCO"}]},{"@type":"WebSite","@id":"https:\/\/beconfident.com\/lv\/#website","url":"https:\/\/beconfident.com\/lv\/","name":"Beconfident","description":"","potentialAction":[{"@type":"SearchAction","target":{"@type":"EntryPoint","urlTemplate":"https:\/\/beconfident.com\/lv\/?s={search_term_string}"},"query-input":{"@type":"PropertyValueSpecification","valueRequired":true,"valueName":"search_term_string"}}],"inLanguage":"it-IT"}]}},"_links":{"self":[{"href":"https:\/\/beconfident.com\/it\/wp-json\/wp\/v2\/product\/7026","targetHints":{"allow":["GET"]}}],"collection":[{"href":"https:\/\/beconfident.com\/it\/wp-json\/wp\/v2\/product"}],"about":[{"href":"https:\/\/beconfident.com\/it\/wp-json\/wp\/v2\/types\/product"}],"replies":[{"embeddable":true,"href":"https:\/\/beconfident.com\/it\/wp-json\/wp\/v2\/comments?post=7026"}],"wp:featuredmedia":[{"embeddable":true,"href":"https:\/\/beconfident.com\/it\/wp-json\/wp\/v2\/media\/16927"}],"wp:attachment":[{"href":"https:\/\/beconfident.com\/it\/wp-json\/wp\/v2\/media?parent=7026"}],"wp:term":[{"taxonomy":"product_brand","embeddable":true,"href":"https:\/\/beconfident.com\/it\/wp-json\/wp\/v2\/product_brand?post=7026"},{"taxonomy":"product_cat","embeddable":true,"href":"https:\/\/beconfident.com\/it\/wp-json\/wp\/v2\/product_cat?post=7026"},{"taxonomy":"product_tag","embeddable":true,"href":"https:\/\/beconfident.com\/it\/wp-json\/wp\/v2\/product_tag?post=7026"}],"curies":[{"name":"wp","href":"https:\/\/api.w.org\/{rel}","templated":true}]}}