{"id":6910,"date":"2021-01-11T10:04:36","date_gmt":"2021-01-11T09:04:36","guid":{"rendered":"https:\/\/beconfident.simplesmile.hemsida.eu\/produkt\/clear-skin-start-kit\/"},"modified":"2023-04-06T13:44:19","modified_gmt":"2023-04-06T11:44:19","slug":"clear-skin-start-kit","status":"publish","type":"product","link":"https:\/\/beconfident.com\/it\/produkt\/clear-skin-start-kit\/","title":{"rendered":"&#8220;CLEAR SKIN&#8221; KIT INIZIO"},"content":{"rendered":"<p>Beconfident\u00ae Clear Skin Start Kit \u00e8 un sistema completo con tutto il necessario per ridurre brufoli, coaguli e acne in due semplici passaggi.<\/p>\n<p>Fase 1 &#8211; Clear Skin Prepare contiene la lattoperossidasi che \u00e8 un prodotto unico a base di colostro che ha il compito di ridurre i batteri dell&#8217;acne con la minima irritazione possibile della pelle. I prodotti sono delicati ma contengono ingredienti che riducono efficacemente i problemi di acne, rafforzando la pelle a lungo termine e prevenendo cos\u00ec la comparsa di nuovi brufoli.<br \/>\nFase 2 &#8211; Ridurre la pelle chiara con l&#8217;uso quotidiano render\u00e0 la pelle pi\u00f9 resistente e pi\u00f9 forte a lungo termine in modo che non si verifichi nuova acne e limiter\u00e0 quindi i tuoi problemi futuri.<br \/>\nL&#8217;acne viene trattata al meglio in ogni fase con la giusta quantit\u00e0 di ingredienti attivi. Pertanto, vendiamo il trattamento come un kit completo contenente due flaconi airless (per la migliore igiene possibile), Clear Skin Prepare per iniziare il trattamento e Clear Skin Reduce per un risultato duraturo a lungo termine. In questo modo, la tua acne viene combattuta nel modo pi\u00f9 efficace possibile in ogni fase.<\/p>\n<p>Clear Skin \u00e8 sviluppato da esperti dell&#8217;Universit\u00e0 di Lund e con risultati clinicamente testati che mostrano una riduzione del 30% dell&#8217;acne in 3 settimane e fino al 65% dopo 6 settimane. I prodotti Clear Skin non contengono acido acetilsalicilico che pu\u00f2 irritare una pelle gi\u00e0 sensibile.<br \/>\nLa confezione contiene 1 x Prepare (10 ml), 1 x Reduce (10 ml) e le istruzioni per l&#8217;uso.<\/p>\n","protected":false},"excerpt":{"rendered":"<p>Un sistema completo per la cura della pelle con un effetto comprovato contro intasamenti e acne<\/p>\n","protected":false},"featured_media":1981,"comment_status":"open","ping_status":"closed","template":"","meta":{"_acf_changed":false,"inline_featured_image":false,"_monsterinsights_skip_tracking":false,"_monsterinsights_sitenote_active":false,"_monsterinsights_sitenote_note":"","_monsterinsights_sitenote_category":0},"product_brand":[],"product_cat":[185],"product_tag":[],"class_list":{"0":"post-6910","1":"product","2":"type-product","3":"status-publish","4":"has-post-thumbnail","6":"product_cat-serie-clear-skin-it","8":"first","9":"outofstock","10":"taxable","11":"shipping-taxable","12":"purchasable","13":"product-type-simple"},"acf":[],"shsp-ext":{"main":{},"variations":[]},"yoast_head":"<!-- This site is optimized with the Yoast SEO plugin v27.5 - https:\/\/yoast.com\/product\/yoast-seo-wordpress\/ -->\n<title>&quot;CLEAR SKIN&quot; KIT INIZIO - Beconfident<\/title>\n<meta name=\"robots\" content=\"index, follow, max-snippet:-1, max-image-preview:large, max-video-preview:-1\" \/>\n<link rel=\"canonical\" href=\"https:\/\/beconfident.com\/it\/produkt\/clear-skin-start-kit\/\" \/>\n<meta property=\"og:locale\" content=\"it_IT\" \/>\n<meta property=\"og:type\" content=\"article\" \/>\n<meta property=\"og:title\" content=\"&quot;CLEAR SKIN&quot; KIT INIZIO - Beconfident\" \/>\n<meta property=\"og:description\" content=\"Un sistema completo per la cura della pelle con un effetto comprovato contro intasamenti e acne\" \/>\n<meta property=\"og:url\" content=\"https:\/\/beconfident.com\/it\/produkt\/clear-skin-start-kit\/\" \/>\n<meta property=\"og:site_name\" content=\"Beconfident\" \/>\n<meta property=\"article:modified_time\" content=\"2023-04-06T11:44:19+00:00\" \/>\n<meta property=\"og:image\" content=\"https:\/\/beconfident.com\/wp-content\/uploads\/2021\/01\/190097-Clear-Skin-Start-Kit.jpg\" \/>\n\t<meta property=\"og:image:width\" content=\"1000\" \/>\n\t<meta property=\"og:image:height\" content=\"1000\" \/>\n\t<meta property=\"og:image:type\" content=\"image\/jpeg\" \/>\n<meta name=\"twitter:card\" content=\"summary_large_image\" \/>\n<meta name=\"twitter:label1\" content=\"Tempo di lettura stimato\" \/>\n\t<meta name=\"twitter:data1\" content=\"1 minuto\" \/>\n<script type=\"application\/ld+json\" class=\"yoast-schema-graph\">{\"@context\":\"https:\\\/\\\/schema.org\",\"@graph\":[{\"@type\":\"WebPage\",\"@id\":\"https:\\\/\\\/beconfident.com\\\/it\\\/produkt\\\/clear-skin-start-kit\\\/\",\"url\":\"https:\\\/\\\/beconfident.com\\\/it\\\/produkt\\\/clear-skin-start-kit\\\/\",\"name\":\"\\\"CLEAR SKIN\\\" KIT INIZIO - Beconfident\",\"isPartOf\":{\"@id\":\"https:\\\/\\\/beconfident.com\\\/lv\\\/#website\"},\"primaryImageOfPage\":{\"@id\":\"https:\\\/\\\/beconfident.com\\\/it\\\/produkt\\\/clear-skin-start-kit\\\/#primaryimage\"},\"image\":{\"@id\":\"https:\\\/\\\/beconfident.com\\\/it\\\/produkt\\\/clear-skin-start-kit\\\/#primaryimage\"},\"thumbnailUrl\":\"https:\\\/\\\/beconfident.com\\\/wp-content\\\/uploads\\\/2021\\\/01\\\/190097-Clear-Skin-Start-Kit.jpg\",\"datePublished\":\"2021-01-11T09:04:36+00:00\",\"dateModified\":\"2023-04-06T11:44:19+00:00\",\"breadcrumb\":{\"@id\":\"https:\\\/\\\/beconfident.com\\\/it\\\/produkt\\\/clear-skin-start-kit\\\/#breadcrumb\"},\"inLanguage\":\"it-IT\",\"potentialAction\":[{\"@type\":\"ReadAction\",\"target\":[\"https:\\\/\\\/beconfident.com\\\/it\\\/produkt\\\/clear-skin-start-kit\\\/\"]}]},{\"@type\":\"ImageObject\",\"inLanguage\":\"it-IT\",\"@id\":\"https:\\\/\\\/beconfident.com\\\/it\\\/produkt\\\/clear-skin-start-kit\\\/#primaryimage\",\"url\":\"https:\\\/\\\/beconfident.com\\\/wp-content\\\/uploads\\\/2021\\\/01\\\/190097-Clear-Skin-Start-Kit.jpg\",\"contentUrl\":\"https:\\\/\\\/beconfident.com\\\/wp-content\\\/uploads\\\/2021\\\/01\\\/190097-Clear-Skin-Start-Kit.jpg\",\"width\":1000,\"height\":1000,\"caption\":\"190097 Clear Skin Start Kit\"},{\"@type\":\"BreadcrumbList\",\"@id\":\"https:\\\/\\\/beconfident.com\\\/it\\\/produkt\\\/clear-skin-start-kit\\\/#breadcrumb\",\"itemListElement\":[{\"@type\":\"ListItem\",\"position\":1,\"name\":\"Hem\",\"item\":\"https:\\\/\\\/beconfident.com\\\/it\\\/\"},{\"@type\":\"ListItem\",\"position\":2,\"name\":\"Webbutik\",\"item\":\"https:\\\/\\\/beconfident.com\\\/it\\\/webbutik\\\/\"},{\"@type\":\"ListItem\",\"position\":3,\"name\":\"&#8220;CLEAR SKIN&#8221; KIT INIZIO\"}]},{\"@type\":\"WebSite\",\"@id\":\"https:\\\/\\\/beconfident.com\\\/lv\\\/#website\",\"url\":\"https:\\\/\\\/beconfident.com\\\/lv\\\/\",\"name\":\"Beconfident\",\"description\":\"\",\"potentialAction\":[{\"@type\":\"SearchAction\",\"target\":{\"@type\":\"EntryPoint\",\"urlTemplate\":\"https:\\\/\\\/beconfident.com\\\/lv\\\/?s={search_term_string}\"},\"query-input\":{\"@type\":\"PropertyValueSpecification\",\"valueRequired\":true,\"valueName\":\"search_term_string\"}}],\"inLanguage\":\"it-IT\"}]}<\/script>\n<!-- \/ Yoast SEO plugin. -->","yoast_head_json":{"title":"\"CLEAR SKIN\" KIT INIZIO - Beconfident","robots":{"index":"index","follow":"follow","max-snippet":"max-snippet:-1","max-image-preview":"max-image-preview:large","max-video-preview":"max-video-preview:-1"},"canonical":"https:\/\/beconfident.com\/it\/produkt\/clear-skin-start-kit\/","og_locale":"it_IT","og_type":"article","og_title":"\"CLEAR SKIN\" KIT INIZIO - Beconfident","og_description":"Un sistema completo per la cura della pelle con un effetto comprovato contro intasamenti e acne","og_url":"https:\/\/beconfident.com\/it\/produkt\/clear-skin-start-kit\/","og_site_name":"Beconfident","article_modified_time":"2023-04-06T11:44:19+00:00","og_image":[{"width":1000,"height":1000,"url":"https:\/\/beconfident.com\/wp-content\/uploads\/2021\/01\/190097-Clear-Skin-Start-Kit.jpg","type":"image\/jpeg"}],"twitter_card":"summary_large_image","twitter_misc":{"Tempo di lettura stimato":"1 minuto"},"schema":{"@context":"https:\/\/schema.org","@graph":[{"@type":"WebPage","@id":"https:\/\/beconfident.com\/it\/produkt\/clear-skin-start-kit\/","url":"https:\/\/beconfident.com\/it\/produkt\/clear-skin-start-kit\/","name":"\"CLEAR SKIN\" KIT INIZIO - Beconfident","isPartOf":{"@id":"https:\/\/beconfident.com\/lv\/#website"},"primaryImageOfPage":{"@id":"https:\/\/beconfident.com\/it\/produkt\/clear-skin-start-kit\/#primaryimage"},"image":{"@id":"https:\/\/beconfident.com\/it\/produkt\/clear-skin-start-kit\/#primaryimage"},"thumbnailUrl":"https:\/\/beconfident.com\/wp-content\/uploads\/2021\/01\/190097-Clear-Skin-Start-Kit.jpg","datePublished":"2021-01-11T09:04:36+00:00","dateModified":"2023-04-06T11:44:19+00:00","breadcrumb":{"@id":"https:\/\/beconfident.com\/it\/produkt\/clear-skin-start-kit\/#breadcrumb"},"inLanguage":"it-IT","potentialAction":[{"@type":"ReadAction","target":["https:\/\/beconfident.com\/it\/produkt\/clear-skin-start-kit\/"]}]},{"@type":"ImageObject","inLanguage":"it-IT","@id":"https:\/\/beconfident.com\/it\/produkt\/clear-skin-start-kit\/#primaryimage","url":"https:\/\/beconfident.com\/wp-content\/uploads\/2021\/01\/190097-Clear-Skin-Start-Kit.jpg","contentUrl":"https:\/\/beconfident.com\/wp-content\/uploads\/2021\/01\/190097-Clear-Skin-Start-Kit.jpg","width":1000,"height":1000,"caption":"190097 Clear Skin Start Kit"},{"@type":"BreadcrumbList","@id":"https:\/\/beconfident.com\/it\/produkt\/clear-skin-start-kit\/#breadcrumb","itemListElement":[{"@type":"ListItem","position":1,"name":"Hem","item":"https:\/\/beconfident.com\/it\/"},{"@type":"ListItem","position":2,"name":"Webbutik","item":"https:\/\/beconfident.com\/it\/webbutik\/"},{"@type":"ListItem","position":3,"name":"&#8220;CLEAR SKIN&#8221; KIT INIZIO"}]},{"@type":"WebSite","@id":"https:\/\/beconfident.com\/lv\/#website","url":"https:\/\/beconfident.com\/lv\/","name":"Beconfident","description":"","potentialAction":[{"@type":"SearchAction","target":{"@type":"EntryPoint","urlTemplate":"https:\/\/beconfident.com\/lv\/?s={search_term_string}"},"query-input":{"@type":"PropertyValueSpecification","valueRequired":true,"valueName":"search_term_string"}}],"inLanguage":"it-IT"}]}},"_links":{"self":[{"href":"https:\/\/beconfident.com\/it\/wp-json\/wp\/v2\/product\/6910","targetHints":{"allow":["GET"]}}],"collection":[{"href":"https:\/\/beconfident.com\/it\/wp-json\/wp\/v2\/product"}],"about":[{"href":"https:\/\/beconfident.com\/it\/wp-json\/wp\/v2\/types\/product"}],"replies":[{"embeddable":true,"href":"https:\/\/beconfident.com\/it\/wp-json\/wp\/v2\/comments?post=6910"}],"wp:featuredmedia":[{"embeddable":true,"href":"https:\/\/beconfident.com\/it\/wp-json\/wp\/v2\/media\/1981"}],"wp:attachment":[{"href":"https:\/\/beconfident.com\/it\/wp-json\/wp\/v2\/media?parent=6910"}],"wp:term":[{"taxonomy":"product_brand","embeddable":true,"href":"https:\/\/beconfident.com\/it\/wp-json\/wp\/v2\/product_brand?post=6910"},{"taxonomy":"product_cat","embeddable":true,"href":"https:\/\/beconfident.com\/it\/wp-json\/wp\/v2\/product_cat?post=6910"},{"taxonomy":"product_tag","embeddable":true,"href":"https:\/\/beconfident.com\/it\/wp-json\/wp\/v2\/product_tag?post=6910"}],"curies":[{"name":"wp","href":"https:\/\/api.w.org\/{rel}","templated":true}]}}