{"id":52308,"date":"2023-07-04T11:18:37","date_gmt":"2023-07-04T09:18:37","guid":{"rendered":"https:\/\/beconfident.com\/produkt\/super-white-fresh-toothpaste\/"},"modified":"2026-03-04T11:19:59","modified_gmt":"2026-03-04T10:19:59","slug":"super-white-fresh-toothpaste","status":"publish","type":"product","link":"https:\/\/beconfident.com\/it\/produkt\/super-white-fresh-toothpaste\/","title":{"rendered":"Super White &amp; Fresh Toothpaste"},"content":{"rendered":"<p><strong>Beconfident\u00ae Il miglior dentifricio sbiancante con PaP e Perossido di Calcio.<\/strong><br \/>\nProgettato dalla scienza. Prodotto in Svezia. Garantisce denti puliti e visibilmente pi\u00f9 bianchi, rafforza lo smalto, rinfresca l&#8217;alito e protegge da placca e carie. Utilizza gli ingredienti pi\u00f9 puri e sicuri. Questo \u00e8 il tuo dentifricio. \u00c8 un dentifricio per tutti i gusti, le esigenze e i momenti; \u00e8 disponibile nella versione Fresh Spearmint.<\/p>\n<p>Il dentifricio \u00e8 ricco di nuovi ingredienti che nessuno ha mai incluso in un dentifricio prima d&#8217;ora, come l&#8217;esclusivo carbone bianco per assorbire le tossine e i cattivi odori, l&#8217;acido ialuronico per la salute antinfiammatoria delle gengive e la vitamina C per la forza generale, solo per citarne alcuni. Per sbiancare i denti, il perossido di calcio dissolve la pellicola proteica presente sui denti che attira le macchie sulla superficie dentale e le tiene prigioniere. Quando la pellicola proteica viene sciolta, tutte le macchie aderenti alla pellicola vengono rimosse delicatamente dai denti senza ingredienti aggressivi come il perossido di idrogeno. Le propriet\u00e0 di lento rilascio di ossigeno del perossido di calcio lo rendono un&#8217;alternativa ideale, economica, conservabile e naturale per lo sbiancamento dei denti. L&#8217;uso quotidiano del dentifricio per settimane e mesi, la piccola quantit\u00e0 di ossigeno rilasciata, ha un effetto sbiancante costante senza abrasivi aggressivi o detergenti forti.<br \/>\nInoltre, abbiamo un&#8217;alta concentrazione di acido ftalimidoperossicaproico (PAP), un&#8217;alternativa pi\u00f9 sicura agli ingredienti sbiancanti tradizionali e un agente sbiancante attivo. \u00c8 stato dimostrato che il PAP sbianca efficacemente senza causare alcun danno alla struttura interna o esterna del dente.<\/p>\n<p><strong>Come usare il dentifricio:<\/strong><br \/>\nSpazzolare i denti ogni giorno al mattino e alla sera per almeno 2 minuti con il dentifricio Beconfident\u00ae Super White &amp; Fresh, aggiungere un sorso d&#8217;acqua e far girare per altri 30 secondi.<\/p>\n","protected":false},"excerpt":{"rendered":"<p>Il nostro ultimo e pi\u00f9 grande dentifricio sbiancante che lascia la bocca meravigliosamente pulita e fresca. Per denti pi\u00f9 bianchi, smalto pi\u00f9 forte e alito fresco.<\/p>\n","protected":false},"featured_media":52268,"comment_status":"open","ping_status":"closed","template":"","meta":{"_acf_changed":false,"inline_featured_image":false,"_monsterinsights_skip_tracking":false,"_monsterinsights_sitenote_active":false,"_monsterinsights_sitenote_note":"","_monsterinsights_sitenote_category":0},"product_brand":[],"product_cat":[136,135],"product_tag":[],"class_list":{"0":"post-52308","1":"product","2":"type-product","3":"status-publish","4":"has-post-thumbnail","6":"product_cat-tandkram-it","7":"product_cat-multifunctional-tandkram-it","9":"first","10":"instock","11":"featured","12":"taxable","13":"shipping-taxable","14":"purchasable","15":"product-type-simple"},"acf":[],"shsp-ext":{"main":{},"variations":[]},"yoast_head":"<!-- This site is optimized with the Yoast SEO plugin v27.2 - https:\/\/yoast.com\/product\/yoast-seo-wordpress\/ -->\n<title>Super White &amp; Fresh Toothpaste - Beconfident<\/title>\n<meta name=\"robots\" content=\"index, follow, max-snippet:-1, max-image-preview:large, max-video-preview:-1\" \/>\n<link rel=\"canonical\" href=\"https:\/\/beconfident.com\/it\/produkt\/super-white-fresh-toothpaste\/\" \/>\n<meta property=\"og:locale\" content=\"it_IT\" \/>\n<meta property=\"og:type\" content=\"article\" \/>\n<meta property=\"og:title\" content=\"Super White &amp; Fresh Toothpaste - Beconfident\" \/>\n<meta property=\"og:description\" content=\"Il nostro ultimo e pi\u00f9 grande dentifricio sbiancante che lascia la bocca meravigliosamente pulita e fresca. Per denti pi\u00f9 bianchi, smalto pi\u00f9 forte e alito fresco.\" \/>\n<meta property=\"og:url\" content=\"https:\/\/beconfident.com\/it\/produkt\/super-white-fresh-toothpaste\/\" \/>\n<meta property=\"og:site_name\" content=\"Beconfident\" \/>\n<meta property=\"article:modified_time\" content=\"2026-03-04T10:19:59+00:00\" \/>\n<meta property=\"og:image\" content=\"https:\/\/beconfident.com\/wp-content\/uploads\/2023\/07\/Beconfident-Super-Whitening-Fresh-Toothpaste-packaging-and-toothpaste.jpg\" \/>\n\t<meta property=\"og:image:width\" content=\"2000\" \/>\n\t<meta property=\"og:image:height\" content=\"2000\" \/>\n\t<meta property=\"og:image:type\" content=\"image\/jpeg\" \/>\n<meta name=\"twitter:card\" content=\"summary_large_image\" \/>\n<meta name=\"twitter:label1\" content=\"Tempo di lettura stimato\" \/>\n\t<meta name=\"twitter:data1\" content=\"2 minuti\" \/>\n<script type=\"application\/ld+json\" class=\"yoast-schema-graph\">{\"@context\":\"https:\/\/schema.org\",\"@graph\":[{\"@type\":\"WebPage\",\"@id\":\"https:\/\/beconfident.com\/it\/produkt\/super-white-fresh-toothpaste\/\",\"url\":\"https:\/\/beconfident.com\/it\/produkt\/super-white-fresh-toothpaste\/\",\"name\":\"Super White &amp; Fresh Toothpaste - Beconfident\",\"isPartOf\":{\"@id\":\"https:\/\/beconfident.com\/lv\/#website\"},\"primaryImageOfPage\":{\"@id\":\"https:\/\/beconfident.com\/it\/produkt\/super-white-fresh-toothpaste\/#primaryimage\"},\"image\":{\"@id\":\"https:\/\/beconfident.com\/it\/produkt\/super-white-fresh-toothpaste\/#primaryimage\"},\"thumbnailUrl\":\"https:\/\/beconfident.com\/wp-content\/uploads\/2023\/07\/Beconfident-Super-Whitening-Fresh-Toothpaste-packaging-and-toothpaste.jpg\",\"datePublished\":\"2023-07-04T09:18:37+00:00\",\"dateModified\":\"2026-03-04T10:19:59+00:00\",\"breadcrumb\":{\"@id\":\"https:\/\/beconfident.com\/it\/produkt\/super-white-fresh-toothpaste\/#breadcrumb\"},\"inLanguage\":\"it-IT\",\"potentialAction\":[{\"@type\":\"ReadAction\",\"target\":[\"https:\/\/beconfident.com\/it\/produkt\/super-white-fresh-toothpaste\/\"]}]},{\"@type\":\"ImageObject\",\"inLanguage\":\"it-IT\",\"@id\":\"https:\/\/beconfident.com\/it\/produkt\/super-white-fresh-toothpaste\/#primaryimage\",\"url\":\"https:\/\/beconfident.com\/wp-content\/uploads\/2023\/07\/Beconfident-Super-Whitening-Fresh-Toothpaste-packaging-and-toothpaste.jpg\",\"contentUrl\":\"https:\/\/beconfident.com\/wp-content\/uploads\/2023\/07\/Beconfident-Super-Whitening-Fresh-Toothpaste-packaging-and-toothpaste.jpg\",\"width\":2000,\"height\":2000,\"caption\":\"Beconfident Super Whitening Fresh Toothpaste packaging and toothpaste\"},{\"@type\":\"BreadcrumbList\",\"@id\":\"https:\/\/beconfident.com\/it\/produkt\/super-white-fresh-toothpaste\/#breadcrumb\",\"itemListElement\":[{\"@type\":\"ListItem\",\"position\":1,\"name\":\"Hem\",\"item\":\"https:\/\/beconfident.com\/it\/\"},{\"@type\":\"ListItem\",\"position\":2,\"name\":\"Webbutik\",\"item\":\"https:\/\/beconfident.com\/it\/webbutik\/\"},{\"@type\":\"ListItem\",\"position\":3,\"name\":\"Super White &amp; Fresh Toothpaste\"}]},{\"@type\":\"WebSite\",\"@id\":\"https:\/\/beconfident.com\/lv\/#website\",\"url\":\"https:\/\/beconfident.com\/lv\/\",\"name\":\"Beconfident\",\"description\":\"\",\"potentialAction\":[{\"@type\":\"SearchAction\",\"target\":{\"@type\":\"EntryPoint\",\"urlTemplate\":\"https:\/\/beconfident.com\/lv\/?s={search_term_string}\"},\"query-input\":{\"@type\":\"PropertyValueSpecification\",\"valueRequired\":true,\"valueName\":\"search_term_string\"}}],\"inLanguage\":\"it-IT\"}]}<\/script>\n<!-- \/ Yoast SEO plugin. -->","yoast_head_json":{"title":"Super White &amp; Fresh Toothpaste - Beconfident","robots":{"index":"index","follow":"follow","max-snippet":"max-snippet:-1","max-image-preview":"max-image-preview:large","max-video-preview":"max-video-preview:-1"},"canonical":"https:\/\/beconfident.com\/it\/produkt\/super-white-fresh-toothpaste\/","og_locale":"it_IT","og_type":"article","og_title":"Super White &amp; Fresh Toothpaste - Beconfident","og_description":"Il nostro ultimo e pi\u00f9 grande dentifricio sbiancante che lascia la bocca meravigliosamente pulita e fresca. Per denti pi\u00f9 bianchi, smalto pi\u00f9 forte e alito fresco.","og_url":"https:\/\/beconfident.com\/it\/produkt\/super-white-fresh-toothpaste\/","og_site_name":"Beconfident","article_modified_time":"2026-03-04T10:19:59+00:00","og_image":[{"width":2000,"height":2000,"url":"https:\/\/beconfident.com\/wp-content\/uploads\/2023\/07\/Beconfident-Super-Whitening-Fresh-Toothpaste-packaging-and-toothpaste.jpg","type":"image\/jpeg"}],"twitter_card":"summary_large_image","twitter_misc":{"Tempo di lettura stimato":"2 minuti"},"schema":{"@context":"https:\/\/schema.org","@graph":[{"@type":"WebPage","@id":"https:\/\/beconfident.com\/it\/produkt\/super-white-fresh-toothpaste\/","url":"https:\/\/beconfident.com\/it\/produkt\/super-white-fresh-toothpaste\/","name":"Super White &amp; Fresh Toothpaste - Beconfident","isPartOf":{"@id":"https:\/\/beconfident.com\/lv\/#website"},"primaryImageOfPage":{"@id":"https:\/\/beconfident.com\/it\/produkt\/super-white-fresh-toothpaste\/#primaryimage"},"image":{"@id":"https:\/\/beconfident.com\/it\/produkt\/super-white-fresh-toothpaste\/#primaryimage"},"thumbnailUrl":"https:\/\/beconfident.com\/wp-content\/uploads\/2023\/07\/Beconfident-Super-Whitening-Fresh-Toothpaste-packaging-and-toothpaste.jpg","datePublished":"2023-07-04T09:18:37+00:00","dateModified":"2026-03-04T10:19:59+00:00","breadcrumb":{"@id":"https:\/\/beconfident.com\/it\/produkt\/super-white-fresh-toothpaste\/#breadcrumb"},"inLanguage":"it-IT","potentialAction":[{"@type":"ReadAction","target":["https:\/\/beconfident.com\/it\/produkt\/super-white-fresh-toothpaste\/"]}]},{"@type":"ImageObject","inLanguage":"it-IT","@id":"https:\/\/beconfident.com\/it\/produkt\/super-white-fresh-toothpaste\/#primaryimage","url":"https:\/\/beconfident.com\/wp-content\/uploads\/2023\/07\/Beconfident-Super-Whitening-Fresh-Toothpaste-packaging-and-toothpaste.jpg","contentUrl":"https:\/\/beconfident.com\/wp-content\/uploads\/2023\/07\/Beconfident-Super-Whitening-Fresh-Toothpaste-packaging-and-toothpaste.jpg","width":2000,"height":2000,"caption":"Beconfident Super Whitening Fresh Toothpaste packaging and toothpaste"},{"@type":"BreadcrumbList","@id":"https:\/\/beconfident.com\/it\/produkt\/super-white-fresh-toothpaste\/#breadcrumb","itemListElement":[{"@type":"ListItem","position":1,"name":"Hem","item":"https:\/\/beconfident.com\/it\/"},{"@type":"ListItem","position":2,"name":"Webbutik","item":"https:\/\/beconfident.com\/it\/webbutik\/"},{"@type":"ListItem","position":3,"name":"Super White &amp; Fresh Toothpaste"}]},{"@type":"WebSite","@id":"https:\/\/beconfident.com\/lv\/#website","url":"https:\/\/beconfident.com\/lv\/","name":"Beconfident","description":"","potentialAction":[{"@type":"SearchAction","target":{"@type":"EntryPoint","urlTemplate":"https:\/\/beconfident.com\/lv\/?s={search_term_string}"},"query-input":{"@type":"PropertyValueSpecification","valueRequired":true,"valueName":"search_term_string"}}],"inLanguage":"it-IT"}]}},"_links":{"self":[{"href":"https:\/\/beconfident.com\/it\/wp-json\/wp\/v2\/product\/52308","targetHints":{"allow":["GET"]}}],"collection":[{"href":"https:\/\/beconfident.com\/it\/wp-json\/wp\/v2\/product"}],"about":[{"href":"https:\/\/beconfident.com\/it\/wp-json\/wp\/v2\/types\/product"}],"replies":[{"embeddable":true,"href":"https:\/\/beconfident.com\/it\/wp-json\/wp\/v2\/comments?post=52308"}],"wp:featuredmedia":[{"embeddable":true,"href":"https:\/\/beconfident.com\/it\/wp-json\/wp\/v2\/media\/52268"}],"wp:attachment":[{"href":"https:\/\/beconfident.com\/it\/wp-json\/wp\/v2\/media?parent=52308"}],"wp:term":[{"taxonomy":"product_brand","embeddable":true,"href":"https:\/\/beconfident.com\/it\/wp-json\/wp\/v2\/product_brand?post=52308"},{"taxonomy":"product_cat","embeddable":true,"href":"https:\/\/beconfident.com\/it\/wp-json\/wp\/v2\/product_cat?post=52308"},{"taxonomy":"product_tag","embeddable":true,"href":"https:\/\/beconfident.com\/it\/wp-json\/wp\/v2\/product_tag?post=52308"}],"curies":[{"name":"wp","href":"https:\/\/api.w.org\/{rel}","templated":true}]}}