{"id":20540,"date":"2021-03-26T14:02:09","date_gmt":"2021-03-26T13:02:09","guid":{"rendered":"http:\/\/beconfident.beconfident.hemsida.eu\/produkt\/kit-sbiancamento-denti-x4-pro-kit\/"},"modified":"2024-07-29T00:40:18","modified_gmt":"2024-07-28T22:40:18","slug":"kit-sbiancamento-denti-x4-pro-kit","status":"publish","type":"product","link":"https:\/\/beconfident.com\/it\/produkt\/kit-sbiancamento-denti-x4-pro-kit\/","title":{"rendered":"KIT SBIANCAMENTO DENTI X4 PRO KIT"},"content":{"rendered":"<p>Beconfident\u00ae Pro Kit \u00e8 il nostro kit di sbiancamento dei denti pi\u00f9 efficace per i massimi risultati. Il gel sbiancante per denti contiene quattro principi attivi, PAP (acido \u03b5-ftalimmido perossi esanoico) + bicarbonato di sodio + solfato di cocco, che lavorano insieme per dare i migliori risultati di sbiancamento possibili senza perossido di idrogeno. Il quarto ingrediente, il gluconato ferroso, pu\u00f2 essere attivato con Beconfident\u00ae LED Booster Light per migliorare l\u2019effetto dello sbiancamento dei denti con un\u2019altra tonalit\u00e0. Il Pro Kit include un trattamento Protect and Repair, un gel riparatore che riduce la sensibilit\u00e0 dei denti dopo ogni trattamento e aiuta a riparare i piccoli danni dello smalto e rinforza e protegge lo smalto a lungo termine. La confezione contiene il gel sbiancante per denti Pro Kit (10 ml), il gel di finitura Protect &amp; Repair (10 ml), due vassoi per la bocca modellabili, applicatore di gel, scala colori e istruzioni per l\u2019uso.<\/p>\n","protected":false},"excerpt":{"rendered":"<p>Fino a 7 tonalit\u00e0 pi\u00f9 bianche dei denti in 10 giorni + un&#8217;altra tonalit\u00e0 pi\u00f9 bianca se utilizzata con LED Booster Light<\/p>\n","protected":false},"featured_media":2389,"comment_status":"open","ping_status":"closed","template":"","meta":{"_acf_changed":false,"inline_featured_image":false,"_monsterinsights_skip_tracking":false,"_monsterinsights_sitenote_active":false,"_monsterinsights_sitenote_note":"","_monsterinsights_sitenote_category":0},"product_brand":[],"product_cat":[736,278,366],"product_tag":[],"class_list":{"0":"post-20540","1":"product","2":"type-product","3":"status-publish","4":"has-post-thumbnail","6":"product_cat-all-products-it","7":"product_cat-kit-per-sbiancamento-dei-denti","8":"product_cat-sbiancamento-denti","10":"first","11":"instock","12":"taxable","13":"shipping-taxable","14":"purchasable","15":"product-type-simple"},"acf":[],"shsp-ext":{"main":{},"variations":[]},"yoast_head":"<!-- This site is optimized with the Yoast SEO plugin v27.5 - https:\/\/yoast.com\/product\/yoast-seo-wordpress\/ -->\n<title>KIT SBIANCAMENTO DENTI X4 PRO KIT - Beconfident<\/title>\n<meta name=\"robots\" content=\"index, follow, max-snippet:-1, max-image-preview:large, max-video-preview:-1\" \/>\n<link rel=\"canonical\" href=\"https:\/\/beconfident.com\/it\/produkt\/kit-sbiancamento-denti-x4-pro-kit\/\" \/>\n<meta property=\"og:locale\" content=\"it_IT\" \/>\n<meta property=\"og:type\" content=\"article\" \/>\n<meta property=\"og:title\" content=\"KIT SBIANCAMENTO DENTI X4 PRO KIT - Beconfident\" \/>\n<meta property=\"og:description\" content=\"Fino a 7 tonalit\u00e0 pi\u00f9 bianche dei denti in 10 giorni + un&#039;altra tonalit\u00e0 pi\u00f9 bianca se utilizzata con LED Booster Light\" \/>\n<meta property=\"og:url\" content=\"https:\/\/beconfident.com\/it\/produkt\/kit-sbiancamento-denti-x4-pro-kit\/\" \/>\n<meta property=\"og:site_name\" content=\"Beconfident\" \/>\n<meta property=\"article:modified_time\" content=\"2024-07-28T22:40:18+00:00\" \/>\n<meta property=\"og:image\" content=\"https:\/\/beconfident.com\/wp-content\/uploads\/2021\/01\/beconfident_pro_kit_1250xx_5.jpg\" \/>\n\t<meta property=\"og:image:width\" content=\"1417\" \/>\n\t<meta property=\"og:image:height\" content=\"1063\" \/>\n\t<meta property=\"og:image:type\" content=\"image\/jpeg\" \/>\n<meta name=\"twitter:card\" content=\"summary_large_image\" \/>\n<meta name=\"twitter:label1\" content=\"Tempo di lettura stimato\" \/>\n\t<meta name=\"twitter:data1\" content=\"1 minuto\" \/>\n<script type=\"application\/ld+json\" class=\"yoast-schema-graph\">{\"@context\":\"https:\\\/\\\/schema.org\",\"@graph\":[{\"@type\":\"WebPage\",\"@id\":\"https:\\\/\\\/beconfident.com\\\/it\\\/produkt\\\/kit-sbiancamento-denti-x4-pro-kit\\\/\",\"url\":\"https:\\\/\\\/beconfident.com\\\/it\\\/produkt\\\/kit-sbiancamento-denti-x4-pro-kit\\\/\",\"name\":\"KIT SBIANCAMENTO DENTI X4 PRO KIT - Beconfident\",\"isPartOf\":{\"@id\":\"https:\\\/\\\/beconfident.com\\\/lv\\\/#website\"},\"primaryImageOfPage\":{\"@id\":\"https:\\\/\\\/beconfident.com\\\/it\\\/produkt\\\/kit-sbiancamento-denti-x4-pro-kit\\\/#primaryimage\"},\"image\":{\"@id\":\"https:\\\/\\\/beconfident.com\\\/it\\\/produkt\\\/kit-sbiancamento-denti-x4-pro-kit\\\/#primaryimage\"},\"thumbnailUrl\":\"https:\\\/\\\/beconfident.com\\\/wp-content\\\/uploads\\\/2021\\\/01\\\/beconfident_pro_kit_1250xx_5.jpg\",\"datePublished\":\"2021-03-26T13:02:09+00:00\",\"dateModified\":\"2024-07-28T22:40:18+00:00\",\"breadcrumb\":{\"@id\":\"https:\\\/\\\/beconfident.com\\\/it\\\/produkt\\\/kit-sbiancamento-denti-x4-pro-kit\\\/#breadcrumb\"},\"inLanguage\":\"it-IT\",\"potentialAction\":[{\"@type\":\"ReadAction\",\"target\":[\"https:\\\/\\\/beconfident.com\\\/it\\\/produkt\\\/kit-sbiancamento-denti-x4-pro-kit\\\/\"]}]},{\"@type\":\"ImageObject\",\"inLanguage\":\"it-IT\",\"@id\":\"https:\\\/\\\/beconfident.com\\\/it\\\/produkt\\\/kit-sbiancamento-denti-x4-pro-kit\\\/#primaryimage\",\"url\":\"https:\\\/\\\/beconfident.com\\\/wp-content\\\/uploads\\\/2021\\\/01\\\/beconfident_pro_kit_1250xx_5.jpg\",\"contentUrl\":\"https:\\\/\\\/beconfident.com\\\/wp-content\\\/uploads\\\/2021\\\/01\\\/beconfident_pro_kit_1250xx_5.jpg\",\"width\":1417,\"height\":1063,\"caption\":\"beconfident pro kit 1250xx 5\"},{\"@type\":\"BreadcrumbList\",\"@id\":\"https:\\\/\\\/beconfident.com\\\/it\\\/produkt\\\/kit-sbiancamento-denti-x4-pro-kit\\\/#breadcrumb\",\"itemListElement\":[{\"@type\":\"ListItem\",\"position\":1,\"name\":\"Hem\",\"item\":\"https:\\\/\\\/beconfident.com\\\/it\\\/\"},{\"@type\":\"ListItem\",\"position\":2,\"name\":\"Webbutik\",\"item\":\"https:\\\/\\\/beconfident.com\\\/it\\\/webbutik\\\/\"},{\"@type\":\"ListItem\",\"position\":3,\"name\":\"KIT SBIANCAMENTO DENTI X4 PRO KIT\"}]},{\"@type\":\"WebSite\",\"@id\":\"https:\\\/\\\/beconfident.com\\\/lv\\\/#website\",\"url\":\"https:\\\/\\\/beconfident.com\\\/lv\\\/\",\"name\":\"Beconfident\",\"description\":\"\",\"potentialAction\":[{\"@type\":\"SearchAction\",\"target\":{\"@type\":\"EntryPoint\",\"urlTemplate\":\"https:\\\/\\\/beconfident.com\\\/lv\\\/?s={search_term_string}\"},\"query-input\":{\"@type\":\"PropertyValueSpecification\",\"valueRequired\":true,\"valueName\":\"search_term_string\"}}],\"inLanguage\":\"it-IT\"}]}<\/script>\n<!-- \/ Yoast SEO plugin. -->","yoast_head_json":{"title":"KIT SBIANCAMENTO DENTI X4 PRO KIT - Beconfident","robots":{"index":"index","follow":"follow","max-snippet":"max-snippet:-1","max-image-preview":"max-image-preview:large","max-video-preview":"max-video-preview:-1"},"canonical":"https:\/\/beconfident.com\/it\/produkt\/kit-sbiancamento-denti-x4-pro-kit\/","og_locale":"it_IT","og_type":"article","og_title":"KIT SBIANCAMENTO DENTI X4 PRO KIT - Beconfident","og_description":"Fino a 7 tonalit\u00e0 pi\u00f9 bianche dei denti in 10 giorni + un'altra tonalit\u00e0 pi\u00f9 bianca se utilizzata con LED Booster Light","og_url":"https:\/\/beconfident.com\/it\/produkt\/kit-sbiancamento-denti-x4-pro-kit\/","og_site_name":"Beconfident","article_modified_time":"2024-07-28T22:40:18+00:00","og_image":[{"width":1417,"height":1063,"url":"https:\/\/beconfident.com\/wp-content\/uploads\/2021\/01\/beconfident_pro_kit_1250xx_5.jpg","type":"image\/jpeg"}],"twitter_card":"summary_large_image","twitter_misc":{"Tempo di lettura stimato":"1 minuto"},"schema":{"@context":"https:\/\/schema.org","@graph":[{"@type":"WebPage","@id":"https:\/\/beconfident.com\/it\/produkt\/kit-sbiancamento-denti-x4-pro-kit\/","url":"https:\/\/beconfident.com\/it\/produkt\/kit-sbiancamento-denti-x4-pro-kit\/","name":"KIT SBIANCAMENTO DENTI X4 PRO KIT - Beconfident","isPartOf":{"@id":"https:\/\/beconfident.com\/lv\/#website"},"primaryImageOfPage":{"@id":"https:\/\/beconfident.com\/it\/produkt\/kit-sbiancamento-denti-x4-pro-kit\/#primaryimage"},"image":{"@id":"https:\/\/beconfident.com\/it\/produkt\/kit-sbiancamento-denti-x4-pro-kit\/#primaryimage"},"thumbnailUrl":"https:\/\/beconfident.com\/wp-content\/uploads\/2021\/01\/beconfident_pro_kit_1250xx_5.jpg","datePublished":"2021-03-26T13:02:09+00:00","dateModified":"2024-07-28T22:40:18+00:00","breadcrumb":{"@id":"https:\/\/beconfident.com\/it\/produkt\/kit-sbiancamento-denti-x4-pro-kit\/#breadcrumb"},"inLanguage":"it-IT","potentialAction":[{"@type":"ReadAction","target":["https:\/\/beconfident.com\/it\/produkt\/kit-sbiancamento-denti-x4-pro-kit\/"]}]},{"@type":"ImageObject","inLanguage":"it-IT","@id":"https:\/\/beconfident.com\/it\/produkt\/kit-sbiancamento-denti-x4-pro-kit\/#primaryimage","url":"https:\/\/beconfident.com\/wp-content\/uploads\/2021\/01\/beconfident_pro_kit_1250xx_5.jpg","contentUrl":"https:\/\/beconfident.com\/wp-content\/uploads\/2021\/01\/beconfident_pro_kit_1250xx_5.jpg","width":1417,"height":1063,"caption":"beconfident pro kit 1250xx 5"},{"@type":"BreadcrumbList","@id":"https:\/\/beconfident.com\/it\/produkt\/kit-sbiancamento-denti-x4-pro-kit\/#breadcrumb","itemListElement":[{"@type":"ListItem","position":1,"name":"Hem","item":"https:\/\/beconfident.com\/it\/"},{"@type":"ListItem","position":2,"name":"Webbutik","item":"https:\/\/beconfident.com\/it\/webbutik\/"},{"@type":"ListItem","position":3,"name":"KIT SBIANCAMENTO DENTI X4 PRO KIT"}]},{"@type":"WebSite","@id":"https:\/\/beconfident.com\/lv\/#website","url":"https:\/\/beconfident.com\/lv\/","name":"Beconfident","description":"","potentialAction":[{"@type":"SearchAction","target":{"@type":"EntryPoint","urlTemplate":"https:\/\/beconfident.com\/lv\/?s={search_term_string}"},"query-input":{"@type":"PropertyValueSpecification","valueRequired":true,"valueName":"search_term_string"}}],"inLanguage":"it-IT"}]}},"_links":{"self":[{"href":"https:\/\/beconfident.com\/it\/wp-json\/wp\/v2\/product\/20540","targetHints":{"allow":["GET"]}}],"collection":[{"href":"https:\/\/beconfident.com\/it\/wp-json\/wp\/v2\/product"}],"about":[{"href":"https:\/\/beconfident.com\/it\/wp-json\/wp\/v2\/types\/product"}],"replies":[{"embeddable":true,"href":"https:\/\/beconfident.com\/it\/wp-json\/wp\/v2\/comments?post=20540"}],"wp:featuredmedia":[{"embeddable":true,"href":"https:\/\/beconfident.com\/it\/wp-json\/wp\/v2\/media\/2389"}],"wp:attachment":[{"href":"https:\/\/beconfident.com\/it\/wp-json\/wp\/v2\/media?parent=20540"}],"wp:term":[{"taxonomy":"product_brand","embeddable":true,"href":"https:\/\/beconfident.com\/it\/wp-json\/wp\/v2\/product_brand?post=20540"},{"taxonomy":"product_cat","embeddable":true,"href":"https:\/\/beconfident.com\/it\/wp-json\/wp\/v2\/product_cat?post=20540"},{"taxonomy":"product_tag","embeddable":true,"href":"https:\/\/beconfident.com\/it\/wp-json\/wp\/v2\/product_tag?post=20540"}],"curies":[{"name":"wp","href":"https:\/\/api.w.org\/{rel}","templated":true}]}}