{"id":10208,"date":"2021-01-27T16:48:08","date_gmt":"2021-01-27T15:48:08","guid":{"rendered":"https:\/\/beconfident.simplesmile.hemsida.eu\/?post_type=product&#038;p=10208"},"modified":"2024-12-05T09:05:52","modified_gmt":"2024-12-05T08:05:52","slug":"multifunctional-whitening-tandkram-sensitive-mint-25ml","status":"publish","type":"product","link":"https:\/\/beconfident.com\/it\/produkt\/multifunctional-whitening-tandkram-sensitive-mint-25ml\/","title":{"rendered":"DENTIFRICIO SBIANCANTE MULTIFUNZIONALE SENSIBILE MENTA"},"content":{"rendered":"<p>Il dentifricio sbiancante multifunzionale Beconfident\u00ae \u00e8 stato sviluppato insieme a dentisti leader a livello mondiale per essere il dentifricio sbiancante pi\u00f9 completo sul mercato. Oltre a sbiancare i denti, protegge da carie e placca, rinforza le gengive e rimuove macchie e scolorimenti. Disponibile nei gusti: Acai + Menta, Cocco + Menta, Fragola + Menta, Extra Menta e Sensibile Menta. Per garantire che il dentifricio multifunzionale Beconfident\u00ae sia sicuro ed efficace, abbiamo condotto uno studio clinico della durata di quattro settimane. Lo studio \u00e8 stato eseguito in conformit\u00e0 con le linee guida per la buona pratica clinica e le linee guida ADA per testare dentifricio e prodotti per lo sbiancamento dei denti. Il dentifricio sbiancante multifunzionale Beconfident\u00ae contiene una miscela di fluoro, nitrato di potassio, fosfato di calcio, zinco, carbonio bianco e perossido di calcio per fornire all&#8217;utente la migliore igiene orale possibile.<\/p>\n","protected":false},"excerpt":{"rendered":"<p>Dentifricio sbiancante multifunzionale per denti pi\u00f9 bianchi, puliti e resistenti.<\/p>\n","protected":false},"featured_media":10225,"comment_status":"open","ping_status":"closed","template":"","meta":{"_acf_changed":false,"inline_featured_image":false,"_monsterinsights_skip_tracking":false,"_monsterinsights_sitenote_active":false,"_monsterinsights_sitenote_note":"","_monsterinsights_sitenote_category":0},"product_brand":[],"product_cat":[736,136,135],"product_tag":[],"class_list":{"0":"post-10208","1":"product","2":"type-product","3":"status-publish","4":"has-post-thumbnail","6":"product_cat-all-products-it","7":"product_cat-tandkram-it","8":"product_cat-multifunctional-tandkram-it","10":"first","11":"instock","12":"taxable","13":"shipping-taxable","14":"purchasable","15":"product-type-simple"},"acf":[],"shsp-ext":{"main":{},"variations":[]},"yoast_head":"<!-- This site is optimized with the Yoast SEO plugin v27.2 - https:\/\/yoast.com\/product\/yoast-seo-wordpress\/ -->\n<title>DENTIFRICIO SBIANCANTE MULTIFUNZIONALE SENSIBILE MENTA - Beconfident<\/title>\n<meta name=\"description\" content=\"Multifunktionell whitening tandkr\u00e4m f\u00f6r vitare, renare och starkare t\u00e4nder.\" \/>\n<meta name=\"robots\" content=\"index, follow, max-snippet:-1, max-image-preview:large, max-video-preview:-1\" \/>\n<link rel=\"canonical\" href=\"https:\/\/beconfident.com\/it\/produkt\/multifunctional-whitening-tandkram-sensitive-mint-25ml\/\" \/>\n<meta property=\"og:locale\" content=\"it_IT\" \/>\n<meta property=\"og:type\" content=\"article\" \/>\n<meta property=\"og:title\" content=\"DENTIFRICIO SBIANCANTE MULTIFUNZIONALE SENSIBILE MENTA - Beconfident\" \/>\n<meta property=\"og:description\" content=\"Multifunktionell whitening tandkr\u00e4m f\u00f6r vitare, renare och starkare t\u00e4nder.\" \/>\n<meta property=\"og:url\" content=\"https:\/\/beconfident.com\/it\/produkt\/multifunctional-whitening-tandkram-sensitive-mint-25ml\/\" \/>\n<meta property=\"og:site_name\" content=\"Beconfident\" \/>\n<meta property=\"article:modified_time\" content=\"2024-12-05T08:05:52+00:00\" \/>\n<meta property=\"og:image\" content=\"https:\/\/beconfident.com\/wp-content\/uploads\/2021\/01\/141598_Toothpaste_Sensitive3.jpg\" \/>\n\t<meta property=\"og:image:width\" content=\"1417\" \/>\n\t<meta property=\"og:image:height\" content=\"1063\" \/>\n\t<meta property=\"og:image:type\" content=\"image\/jpeg\" \/>\n<meta name=\"twitter:card\" content=\"summary_large_image\" \/>\n<meta name=\"twitter:label1\" content=\"Tempo di lettura stimato\" \/>\n\t<meta name=\"twitter:data1\" content=\"1 minuto\" \/>\n<script type=\"application\/ld+json\" class=\"yoast-schema-graph\">{\"@context\":\"https:\/\/schema.org\",\"@graph\":[{\"@type\":\"WebPage\",\"@id\":\"https:\/\/beconfident.com\/it\/produkt\/multifunctional-whitening-tandkram-sensitive-mint-25ml\/\",\"url\":\"https:\/\/beconfident.com\/it\/produkt\/multifunctional-whitening-tandkram-sensitive-mint-25ml\/\",\"name\":\"DENTIFRICIO SBIANCANTE MULTIFUNZIONALE SENSIBILE MENTA - Beconfident\",\"isPartOf\":{\"@id\":\"https:\/\/beconfident.com\/lv\/#website\"},\"primaryImageOfPage\":{\"@id\":\"https:\/\/beconfident.com\/it\/produkt\/multifunctional-whitening-tandkram-sensitive-mint-25ml\/#primaryimage\"},\"image\":{\"@id\":\"https:\/\/beconfident.com\/it\/produkt\/multifunctional-whitening-tandkram-sensitive-mint-25ml\/#primaryimage\"},\"thumbnailUrl\":\"https:\/\/beconfident.com\/wp-content\/uploads\/2021\/01\/141598_Toothpaste_Sensitive3.jpg\",\"datePublished\":\"2021-01-27T15:48:08+00:00\",\"dateModified\":\"2024-12-05T08:05:52+00:00\",\"description\":\"Multifunktionell whitening tandkr\u00e4m f\u00f6r vitare, renare och starkare t\u00e4nder.\",\"breadcrumb\":{\"@id\":\"https:\/\/beconfident.com\/it\/produkt\/multifunctional-whitening-tandkram-sensitive-mint-25ml\/#breadcrumb\"},\"inLanguage\":\"it-IT\",\"potentialAction\":[{\"@type\":\"ReadAction\",\"target\":[\"https:\/\/beconfident.com\/it\/produkt\/multifunctional-whitening-tandkram-sensitive-mint-25ml\/\"]}]},{\"@type\":\"ImageObject\",\"inLanguage\":\"it-IT\",\"@id\":\"https:\/\/beconfident.com\/it\/produkt\/multifunctional-whitening-tandkram-sensitive-mint-25ml\/#primaryimage\",\"url\":\"https:\/\/beconfident.com\/wp-content\/uploads\/2021\/01\/141598_Toothpaste_Sensitive3.jpg\",\"contentUrl\":\"https:\/\/beconfident.com\/wp-content\/uploads\/2021\/01\/141598_Toothpaste_Sensitive3.jpg\",\"width\":1417,\"height\":1063},{\"@type\":\"BreadcrumbList\",\"@id\":\"https:\/\/beconfident.com\/it\/produkt\/multifunctional-whitening-tandkram-sensitive-mint-25ml\/#breadcrumb\",\"itemListElement\":[{\"@type\":\"ListItem\",\"position\":1,\"name\":\"Hem\",\"item\":\"https:\/\/beconfident.com\/it\/\"},{\"@type\":\"ListItem\",\"position\":2,\"name\":\"Webbutik\",\"item\":\"https:\/\/beconfident.com\/it\/webbutik\/\"},{\"@type\":\"ListItem\",\"position\":3,\"name\":\"DENTIFRICIO SBIANCANTE MULTIFUNZIONALE SENSIBILE MENTA\"}]},{\"@type\":\"WebSite\",\"@id\":\"https:\/\/beconfident.com\/lv\/#website\",\"url\":\"https:\/\/beconfident.com\/lv\/\",\"name\":\"Beconfident\",\"description\":\"\",\"potentialAction\":[{\"@type\":\"SearchAction\",\"target\":{\"@type\":\"EntryPoint\",\"urlTemplate\":\"https:\/\/beconfident.com\/lv\/?s={search_term_string}\"},\"query-input\":{\"@type\":\"PropertyValueSpecification\",\"valueRequired\":true,\"valueName\":\"search_term_string\"}}],\"inLanguage\":\"it-IT\"}]}<\/script>\n<!-- \/ Yoast SEO plugin. -->","yoast_head_json":{"title":"DENTIFRICIO SBIANCANTE MULTIFUNZIONALE SENSIBILE MENTA - Beconfident","description":"Multifunktionell whitening tandkr\u00e4m f\u00f6r vitare, renare och starkare t\u00e4nder.","robots":{"index":"index","follow":"follow","max-snippet":"max-snippet:-1","max-image-preview":"max-image-preview:large","max-video-preview":"max-video-preview:-1"},"canonical":"https:\/\/beconfident.com\/it\/produkt\/multifunctional-whitening-tandkram-sensitive-mint-25ml\/","og_locale":"it_IT","og_type":"article","og_title":"DENTIFRICIO SBIANCANTE MULTIFUNZIONALE SENSIBILE MENTA - Beconfident","og_description":"Multifunktionell whitening tandkr\u00e4m f\u00f6r vitare, renare och starkare t\u00e4nder.","og_url":"https:\/\/beconfident.com\/it\/produkt\/multifunctional-whitening-tandkram-sensitive-mint-25ml\/","og_site_name":"Beconfident","article_modified_time":"2024-12-05T08:05:52+00:00","og_image":[{"width":1417,"height":1063,"url":"https:\/\/beconfident.com\/wp-content\/uploads\/2021\/01\/141598_Toothpaste_Sensitive3.jpg","type":"image\/jpeg"}],"twitter_card":"summary_large_image","twitter_misc":{"Tempo di lettura stimato":"1 minuto"},"schema":{"@context":"https:\/\/schema.org","@graph":[{"@type":"WebPage","@id":"https:\/\/beconfident.com\/it\/produkt\/multifunctional-whitening-tandkram-sensitive-mint-25ml\/","url":"https:\/\/beconfident.com\/it\/produkt\/multifunctional-whitening-tandkram-sensitive-mint-25ml\/","name":"DENTIFRICIO SBIANCANTE MULTIFUNZIONALE SENSIBILE MENTA - Beconfident","isPartOf":{"@id":"https:\/\/beconfident.com\/lv\/#website"},"primaryImageOfPage":{"@id":"https:\/\/beconfident.com\/it\/produkt\/multifunctional-whitening-tandkram-sensitive-mint-25ml\/#primaryimage"},"image":{"@id":"https:\/\/beconfident.com\/it\/produkt\/multifunctional-whitening-tandkram-sensitive-mint-25ml\/#primaryimage"},"thumbnailUrl":"https:\/\/beconfident.com\/wp-content\/uploads\/2021\/01\/141598_Toothpaste_Sensitive3.jpg","datePublished":"2021-01-27T15:48:08+00:00","dateModified":"2024-12-05T08:05:52+00:00","description":"Multifunktionell whitening tandkr\u00e4m f\u00f6r vitare, renare och starkare t\u00e4nder.","breadcrumb":{"@id":"https:\/\/beconfident.com\/it\/produkt\/multifunctional-whitening-tandkram-sensitive-mint-25ml\/#breadcrumb"},"inLanguage":"it-IT","potentialAction":[{"@type":"ReadAction","target":["https:\/\/beconfident.com\/it\/produkt\/multifunctional-whitening-tandkram-sensitive-mint-25ml\/"]}]},{"@type":"ImageObject","inLanguage":"it-IT","@id":"https:\/\/beconfident.com\/it\/produkt\/multifunctional-whitening-tandkram-sensitive-mint-25ml\/#primaryimage","url":"https:\/\/beconfident.com\/wp-content\/uploads\/2021\/01\/141598_Toothpaste_Sensitive3.jpg","contentUrl":"https:\/\/beconfident.com\/wp-content\/uploads\/2021\/01\/141598_Toothpaste_Sensitive3.jpg","width":1417,"height":1063},{"@type":"BreadcrumbList","@id":"https:\/\/beconfident.com\/it\/produkt\/multifunctional-whitening-tandkram-sensitive-mint-25ml\/#breadcrumb","itemListElement":[{"@type":"ListItem","position":1,"name":"Hem","item":"https:\/\/beconfident.com\/it\/"},{"@type":"ListItem","position":2,"name":"Webbutik","item":"https:\/\/beconfident.com\/it\/webbutik\/"},{"@type":"ListItem","position":3,"name":"DENTIFRICIO SBIANCANTE MULTIFUNZIONALE SENSIBILE MENTA"}]},{"@type":"WebSite","@id":"https:\/\/beconfident.com\/lv\/#website","url":"https:\/\/beconfident.com\/lv\/","name":"Beconfident","description":"","potentialAction":[{"@type":"SearchAction","target":{"@type":"EntryPoint","urlTemplate":"https:\/\/beconfident.com\/lv\/?s={search_term_string}"},"query-input":{"@type":"PropertyValueSpecification","valueRequired":true,"valueName":"search_term_string"}}],"inLanguage":"it-IT"}]}},"_links":{"self":[{"href":"https:\/\/beconfident.com\/it\/wp-json\/wp\/v2\/product\/10208","targetHints":{"allow":["GET"]}}],"collection":[{"href":"https:\/\/beconfident.com\/it\/wp-json\/wp\/v2\/product"}],"about":[{"href":"https:\/\/beconfident.com\/it\/wp-json\/wp\/v2\/types\/product"}],"replies":[{"embeddable":true,"href":"https:\/\/beconfident.com\/it\/wp-json\/wp\/v2\/comments?post=10208"}],"wp:featuredmedia":[{"embeddable":true,"href":"https:\/\/beconfident.com\/it\/wp-json\/wp\/v2\/media\/10225"}],"wp:attachment":[{"href":"https:\/\/beconfident.com\/it\/wp-json\/wp\/v2\/media?parent=10208"}],"wp:term":[{"taxonomy":"product_brand","embeddable":true,"href":"https:\/\/beconfident.com\/it\/wp-json\/wp\/v2\/product_brand?post=10208"},{"taxonomy":"product_cat","embeddable":true,"href":"https:\/\/beconfident.com\/it\/wp-json\/wp\/v2\/product_cat?post=10208"},{"taxonomy":"product_tag","embeddable":true,"href":"https:\/\/beconfident.com\/it\/wp-json\/wp\/v2\/product_tag?post=10208"}],"curies":[{"name":"wp","href":"https:\/\/api.w.org\/{rel}","templated":true}]}}