{"id":7672,"date":"2021-01-20T18:00:21","date_gmt":"2021-01-20T17:00:21","guid":{"rendered":"https:\/\/beconfident.simplesmile.hemsida.eu\/produkt\/brosse-a-dents-electrique-sonic-whitening-noir-ou-rose\/"},"modified":"2023-04-06T13:35:11","modified_gmt":"2023-04-06T11:35:11","slug":"brosse-a-dents-electrique-sonic-whitening-noir-ou-rose","status":"publish","type":"product","link":"https:\/\/beconfident.com\/fr\/produkt\/brosse-a-dents-electrique-sonic-whitening-noir-ou-rose\/","title":{"rendered":"BROSSE A DENTS ELECTRIQUE SONIC WHITENING NOIR \/ OU ROSE"},"content":{"rendered":"<p>La brosse \u00e0 dents Beconfident\u00ae Sonic Whitening fait plus que simplement nettoyer vos dents et rafra\u00eechir votre haleine &#8211; elle cr\u00e9e \u00e9galement une bonne sant\u00e9 bucco-dentaire avec des gencives plus saines et moins de caries. La brosse \u00e0 dents \u00e9lectrique Sonic vibre \u00e0 38 000 vibrations par minute et \u00e9limine la plaque dentaire 62% mieux que le brossage \u00e0 dents manuel. Les vibrations sonores cr\u00e9ent un effet de nettoyage secondaire \/ mouvement de l&#8217;eau qui aide \u00e0 \u00e9liminer la plaque dentaire m\u00eame entre les dents l\u00e0 o\u00f9 la brosse n&#8217;est pas accessible. Cela aide \u00e0 nettoyer toute la bouche et \u00e0 \u00e9liminer tous les rev\u00eatements pour des dents plus blanches. Vous obtenez la m\u00eame sensation de propret\u00e9 qu&#8217;apr\u00e8s une visite chez le dentiste.<\/p>\n<p>Nettoyage en profondeur: la brosse \u00e0 dents \u00e9lectrique sonique vibre 38 000 fois par minute et il est cliniquement prouv\u00e9 qu&#8217;elle \u00e9limine tr\u00e8s efficacement les couches de plaque.<br \/>\nBatterie puissante &#8220; longue dur\u00e9e &#8221;: une fois que la brosse \u00e0 dents \u00e9lectrique Sonic est compl\u00e8tement charg\u00e9e, une seule charge suffit pour jusqu&#8217;\u00e0 90 jours d&#8217;utilisation. La brosse \u00e0 dents \u00e9lectrique est charg\u00e9e \u00e0 l&#8217;aide du chargeur USB inclus, pratique \u00e0 utiliser \u00e0 la maison ou en d\u00e9placement. Peut \u00eatre charg\u00e9 dans un PC, une banque \u00e9lectrique, une voiture ou un chargeur de t\u00e9l\u00e9phone. Si elle est compl\u00e8tement charg\u00e9e, la batterie continuera de se charger jusqu&#8217;\u00e0 3 mois (en utilisation normale, 2 minutes 2 fois par jour).<br \/>\nMinuterie: Cela ne prend que deux minutes pour bien nettoyer vos dents. La minuterie \u00e9met un signal toutes les 30 secondes pour changer de quadrant. Apr\u00e8s deux minutes, la brosse \u00e0 dents s&#8217;arr\u00eate automatiquement.<br \/>\n5 fonctions de la brosse: Propre: pour une \u00e9limination optimale de la plaque dentaire, Sensible: position extra douce pour les dents et les gencives sensibles, Gum Care: coups de pinceau plus longs qui massent \u00e9galement les gencives, Blanc: a des oscillations altern\u00e9es sur la t\u00eate de la brosse pour \u00e9liminer la plaque et les taches et donne des dents plus blanches, polonais: nettoyage puissant pour un effet de polissage et de blanchiment.<br \/>\nEffet blanchissant avanc\u00e9: la t\u00eate de brosse blanchissante sup\u00e9rieure est sp\u00e9cialement d\u00e9velopp\u00e9e pour \u00e9liminer les taches sur les dents et vous donner des dents visiblement plus blanches. Toutes les t\u00eates de brosse \u00e0 dents Beconfident\u00ae ont des poils DuPont\u00ae avec une couleur fadeaway pour rappeler quand il est temps de changer de t\u00eate de brosse \u00e0 dents. Lorsque la couleur s&#8217;estompe, il est temps de changer &#8211; normalement tous les trois mois.<br \/>\nSp\u00e9cifications: batterie li-ion 2000 mAh. IPX7 \u00e9tanche. Approuv\u00e9 CE, Rohs, FCC et FDA. Un bouton pour la mise sous \/ hors tension et la s\u00e9lection du mode. Poils DuPont\u00ae avec rappel de couleur. Mode de charge sans fil via USB.<\/p>\n","protected":false},"excerpt":{"rendered":"<p>Pour une meilleure sant\u00e9 bucco-dentaire, des dents plus propres et un sourire plus blanc. Jusqu&#8217;\u00e0 90 jours d&#8217;autonomie.<\/p>\n","protected":false},"featured_media":1134,"comment_status":"closed","ping_status":"closed","template":"","meta":{"_acf_changed":false,"inline_featured_image":false,"_monsterinsights_skip_tracking":false,"_monsterinsights_sitenote_active":false,"_monsterinsights_sitenote_note":"","_monsterinsights_sitenote_category":0},"product_brand":[],"product_cat":[735,56,245],"product_tag":[],"class_list":{"0":"post-7672","1":"product","2":"type-product","3":"status-publish","4":"has-post-thumbnail","6":"product_cat-all-products-fr","7":"product_cat-non-classifiee","8":"product_cat-sonic-eltandsborstar-fr","10":"first","11":"instock","12":"purchasable","13":"product-type-simple"},"acf":[],"shsp-ext":{"main":{},"variations":[]},"yoast_head":"<!-- This site is optimized with the Yoast SEO plugin v27.2 - https:\/\/yoast.com\/product\/yoast-seo-wordpress\/ -->\n<title>BROSSE A DENTS ELECTRIQUE SONIC WHITENING NOIR \/ OU ROSE - Beconfident<\/title>\n<meta name=\"robots\" content=\"index, follow, max-snippet:-1, max-image-preview:large, max-video-preview:-1\" \/>\n<link rel=\"canonical\" href=\"https:\/\/beconfident.com\/fr\/produkt\/brosse-a-dents-electrique-sonic-whitening-noir-ou-rose\/\" \/>\n<meta property=\"og:locale\" content=\"fr_FR\" \/>\n<meta property=\"og:type\" content=\"article\" \/>\n<meta property=\"og:title\" content=\"BROSSE A DENTS ELECTRIQUE SONIC WHITENING NOIR \/ OU ROSE - Beconfident\" \/>\n<meta property=\"og:description\" content=\"Pour une meilleure sant\u00e9 bucco-dentaire, des dents plus propres et un sourire plus blanc. Jusqu&#039;\u00e0 90 jours d&#039;autonomie.\" \/>\n<meta property=\"og:url\" content=\"https:\/\/beconfident.com\/fr\/produkt\/brosse-a-dents-electrique-sonic-whitening-noir-ou-rose\/\" \/>\n<meta property=\"og:site_name\" content=\"Beconfident\" \/>\n<meta property=\"article:modified_time\" content=\"2023-04-06T11:35:11+00:00\" \/>\n<meta property=\"og:image\" content=\"https:\/\/beconfident.com\/wp-content\/uploads\/2021\/01\/650500-box-and-brush-scaled.jpg\" \/>\n\t<meta property=\"og:image:width\" content=\"1920\" \/>\n\t<meta property=\"og:image:height\" content=\"2560\" \/>\n\t<meta property=\"og:image:type\" content=\"image\/jpeg\" \/>\n<meta name=\"twitter:card\" content=\"summary_large_image\" \/>\n<meta name=\"twitter:label1\" content=\"Dur\u00e9e de lecture estim\u00e9e\" \/>\n\t<meta name=\"twitter:data1\" content=\"2 minutes\" \/>\n<script type=\"application\/ld+json\" class=\"yoast-schema-graph\">{\"@context\":\"https:\/\/schema.org\",\"@graph\":[{\"@type\":\"WebPage\",\"@id\":\"https:\/\/beconfident.com\/fr\/produkt\/brosse-a-dents-electrique-sonic-whitening-noir-ou-rose\/\",\"url\":\"https:\/\/beconfident.com\/fr\/produkt\/brosse-a-dents-electrique-sonic-whitening-noir-ou-rose\/\",\"name\":\"BROSSE A DENTS ELECTRIQUE SONIC WHITENING NOIR \/ OU ROSE - Beconfident\",\"isPartOf\":{\"@id\":\"https:\/\/beconfident.com\/lv\/#website\"},\"primaryImageOfPage\":{\"@id\":\"https:\/\/beconfident.com\/fr\/produkt\/brosse-a-dents-electrique-sonic-whitening-noir-ou-rose\/#primaryimage\"},\"image\":{\"@id\":\"https:\/\/beconfident.com\/fr\/produkt\/brosse-a-dents-electrique-sonic-whitening-noir-ou-rose\/#primaryimage\"},\"thumbnailUrl\":\"https:\/\/beconfident.com\/wp-content\/uploads\/2021\/01\/650500-box-and-brush-scaled.jpg\",\"datePublished\":\"2021-01-20T17:00:21+00:00\",\"dateModified\":\"2023-04-06T11:35:11+00:00\",\"breadcrumb\":{\"@id\":\"https:\/\/beconfident.com\/fr\/produkt\/brosse-a-dents-electrique-sonic-whitening-noir-ou-rose\/#breadcrumb\"},\"inLanguage\":\"fr-FR\",\"potentialAction\":[{\"@type\":\"ReadAction\",\"target\":[\"https:\/\/beconfident.com\/fr\/produkt\/brosse-a-dents-electrique-sonic-whitening-noir-ou-rose\/\"]}]},{\"@type\":\"ImageObject\",\"inLanguage\":\"fr-FR\",\"@id\":\"https:\/\/beconfident.com\/fr\/produkt\/brosse-a-dents-electrique-sonic-whitening-noir-ou-rose\/#primaryimage\",\"url\":\"https:\/\/beconfident.com\/wp-content\/uploads\/2021\/01\/650500-box-and-brush-scaled.jpg\",\"contentUrl\":\"https:\/\/beconfident.com\/wp-content\/uploads\/2021\/01\/650500-box-and-brush-scaled.jpg\",\"width\":1920,\"height\":2560,\"caption\":\"650500 box and brush\"},{\"@type\":\"BreadcrumbList\",\"@id\":\"https:\/\/beconfident.com\/fr\/produkt\/brosse-a-dents-electrique-sonic-whitening-noir-ou-rose\/#breadcrumb\",\"itemListElement\":[{\"@type\":\"ListItem\",\"position\":1,\"name\":\"Hem\",\"item\":\"https:\/\/beconfident.com\/fr\/\"},{\"@type\":\"ListItem\",\"position\":2,\"name\":\"Webbutik\",\"item\":\"https:\/\/beconfident.com\/fr\/webbutik\/\"},{\"@type\":\"ListItem\",\"position\":3,\"name\":\"BROSSE A DENTS ELECTRIQUE SONIC WHITENING NOIR \/ OU ROSE\"}]},{\"@type\":\"WebSite\",\"@id\":\"https:\/\/beconfident.com\/lv\/#website\",\"url\":\"https:\/\/beconfident.com\/lv\/\",\"name\":\"Beconfident\",\"description\":\"\",\"potentialAction\":[{\"@type\":\"SearchAction\",\"target\":{\"@type\":\"EntryPoint\",\"urlTemplate\":\"https:\/\/beconfident.com\/lv\/?s={search_term_string}\"},\"query-input\":{\"@type\":\"PropertyValueSpecification\",\"valueRequired\":true,\"valueName\":\"search_term_string\"}}],\"inLanguage\":\"fr-FR\"}]}<\/script>\n<!-- \/ Yoast SEO plugin. -->","yoast_head_json":{"title":"BROSSE A DENTS ELECTRIQUE SONIC WHITENING NOIR \/ OU ROSE - Beconfident","robots":{"index":"index","follow":"follow","max-snippet":"max-snippet:-1","max-image-preview":"max-image-preview:large","max-video-preview":"max-video-preview:-1"},"canonical":"https:\/\/beconfident.com\/fr\/produkt\/brosse-a-dents-electrique-sonic-whitening-noir-ou-rose\/","og_locale":"fr_FR","og_type":"article","og_title":"BROSSE A DENTS ELECTRIQUE SONIC WHITENING NOIR \/ OU ROSE - Beconfident","og_description":"Pour une meilleure sant\u00e9 bucco-dentaire, des dents plus propres et un sourire plus blanc. Jusqu'\u00e0 90 jours d'autonomie.","og_url":"https:\/\/beconfident.com\/fr\/produkt\/brosse-a-dents-electrique-sonic-whitening-noir-ou-rose\/","og_site_name":"Beconfident","article_modified_time":"2023-04-06T11:35:11+00:00","og_image":[{"width":1920,"height":2560,"url":"https:\/\/beconfident.com\/wp-content\/uploads\/2021\/01\/650500-box-and-brush-scaled.jpg","type":"image\/jpeg"}],"twitter_card":"summary_large_image","twitter_misc":{"Dur\u00e9e de lecture estim\u00e9e":"2 minutes"},"schema":{"@context":"https:\/\/schema.org","@graph":[{"@type":"WebPage","@id":"https:\/\/beconfident.com\/fr\/produkt\/brosse-a-dents-electrique-sonic-whitening-noir-ou-rose\/","url":"https:\/\/beconfident.com\/fr\/produkt\/brosse-a-dents-electrique-sonic-whitening-noir-ou-rose\/","name":"BROSSE A DENTS ELECTRIQUE SONIC WHITENING NOIR \/ OU ROSE - Beconfident","isPartOf":{"@id":"https:\/\/beconfident.com\/lv\/#website"},"primaryImageOfPage":{"@id":"https:\/\/beconfident.com\/fr\/produkt\/brosse-a-dents-electrique-sonic-whitening-noir-ou-rose\/#primaryimage"},"image":{"@id":"https:\/\/beconfident.com\/fr\/produkt\/brosse-a-dents-electrique-sonic-whitening-noir-ou-rose\/#primaryimage"},"thumbnailUrl":"https:\/\/beconfident.com\/wp-content\/uploads\/2021\/01\/650500-box-and-brush-scaled.jpg","datePublished":"2021-01-20T17:00:21+00:00","dateModified":"2023-04-06T11:35:11+00:00","breadcrumb":{"@id":"https:\/\/beconfident.com\/fr\/produkt\/brosse-a-dents-electrique-sonic-whitening-noir-ou-rose\/#breadcrumb"},"inLanguage":"fr-FR","potentialAction":[{"@type":"ReadAction","target":["https:\/\/beconfident.com\/fr\/produkt\/brosse-a-dents-electrique-sonic-whitening-noir-ou-rose\/"]}]},{"@type":"ImageObject","inLanguage":"fr-FR","@id":"https:\/\/beconfident.com\/fr\/produkt\/brosse-a-dents-electrique-sonic-whitening-noir-ou-rose\/#primaryimage","url":"https:\/\/beconfident.com\/wp-content\/uploads\/2021\/01\/650500-box-and-brush-scaled.jpg","contentUrl":"https:\/\/beconfident.com\/wp-content\/uploads\/2021\/01\/650500-box-and-brush-scaled.jpg","width":1920,"height":2560,"caption":"650500 box and brush"},{"@type":"BreadcrumbList","@id":"https:\/\/beconfident.com\/fr\/produkt\/brosse-a-dents-electrique-sonic-whitening-noir-ou-rose\/#breadcrumb","itemListElement":[{"@type":"ListItem","position":1,"name":"Hem","item":"https:\/\/beconfident.com\/fr\/"},{"@type":"ListItem","position":2,"name":"Webbutik","item":"https:\/\/beconfident.com\/fr\/webbutik\/"},{"@type":"ListItem","position":3,"name":"BROSSE A DENTS ELECTRIQUE SONIC WHITENING NOIR \/ OU ROSE"}]},{"@type":"WebSite","@id":"https:\/\/beconfident.com\/lv\/#website","url":"https:\/\/beconfident.com\/lv\/","name":"Beconfident","description":"","potentialAction":[{"@type":"SearchAction","target":{"@type":"EntryPoint","urlTemplate":"https:\/\/beconfident.com\/lv\/?s={search_term_string}"},"query-input":{"@type":"PropertyValueSpecification","valueRequired":true,"valueName":"search_term_string"}}],"inLanguage":"fr-FR"}]}},"_links":{"self":[{"href":"https:\/\/beconfident.com\/fr\/wp-json\/wp\/v2\/product\/7672","targetHints":{"allow":["GET"]}}],"collection":[{"href":"https:\/\/beconfident.com\/fr\/wp-json\/wp\/v2\/product"}],"about":[{"href":"https:\/\/beconfident.com\/fr\/wp-json\/wp\/v2\/types\/product"}],"replies":[{"embeddable":true,"href":"https:\/\/beconfident.com\/fr\/wp-json\/wp\/v2\/comments?post=7672"}],"wp:featuredmedia":[{"embeddable":true,"href":"https:\/\/beconfident.com\/fr\/wp-json\/wp\/v2\/media\/1134"}],"wp:attachment":[{"href":"https:\/\/beconfident.com\/fr\/wp-json\/wp\/v2\/media?parent=7672"}],"wp:term":[{"taxonomy":"product_brand","embeddable":true,"href":"https:\/\/beconfident.com\/fr\/wp-json\/wp\/v2\/product_brand?post=7672"},{"taxonomy":"product_cat","embeddable":true,"href":"https:\/\/beconfident.com\/fr\/wp-json\/wp\/v2\/product_cat?post=7672"},{"taxonomy":"product_tag","embeddable":true,"href":"https:\/\/beconfident.com\/fr\/wp-json\/wp\/v2\/product_tag?post=7672"}],"curies":[{"name":"wp","href":"https:\/\/api.w.org\/{rel}","templated":true}]}}