{"id":7670,"date":"2021-01-20T18:00:21","date_gmt":"2021-01-20T17:00:21","guid":{"rendered":"https:\/\/beconfident.simplesmile.hemsida.eu\/produkt\/attelle-dentaire-beconfident\/"},"modified":"2024-12-02T17:05:26","modified_gmt":"2024-12-02T16:05:26","slug":"attelle-dentaire-beconfident","status":"publish","type":"product","link":"https:\/\/beconfident.com\/fr\/produkt\/attelle-dentaire-beconfident\/","title":{"rendered":"ATTELLE DENTAIRE BECONFIDENT"},"content":{"rendered":"<p>Beconfident\u00ae Protect Dental Guard est utile pour soulager les muscles et prot\u00e9ger les dents en cas de l\u00e9gers grincements de dents ou de bruxisme.<br \/>\nLe prot\u00e8ge-dents de Beconfident est l\u00e9ger et flexible mais toujours durable. Il a des plaques de morsure qui soulagent les dents de la joue, ce qui emp\u00eache les dents de devant d&#8217;\u00eatre mordues ensemble et favorise \/ cr\u00e9e \/ permet \u00e9galement une voie a\u00e9rienne libre. Vous effectuez un ajustement ponctuel et prot\u00e9gez vos dents de mani\u00e8re tr\u00e8s confortable. C&#8217;est le garde parfait pour un utilisateur novice qui souhaite commencer \u00e0 dormir avec un prot\u00e8ge-dents. Enfin, vous pouvez vous r\u00e9veiller plein d&#8217;\u00e9nergie!<\/p>\n<p>&#8211; Convient pour le premier utilisateur<br \/>\n&#8211; Confort \u00e9lev\u00e9 (design minimaliste)<br \/>\n&#8211; Prix le plus bas<\/p>\n<p>Beconfident Protect est approuv\u00e9 en tant que dispositif m\u00e9dical par l&#8217;Agence su\u00e9doise des produits m\u00e9dicaux et respecte leurs r\u00e9glementations LVFS 2003: 11, LVFS 201: 7; LVFS 2001: 5. Nous garantissons qu&#8217;il ne contient pas de BPA, de silicone, d&#8217;acrylique, de gluten ou de toxines nocives et qu&#8217;il ne fuira aucun produit chimique dans la bouche. Il est fabriqu\u00e9 dans une installation inspect\u00e9e par la FDA et n&#8217;est pas fait de latex de caoutchouc naturel.<\/p>\n<p>Le produit est livr\u00e9 dans un emballage avec une bo\u00eete de rangement flexible et un mode d&#8217;emploi. Veuillez noter que les emballages cass\u00e9s ne peuvent pas \u00eatre retourn\u00e9s pour des raisons d&#8217;hygi\u00e8ne. Bien entendu, le droit d&#8217;\u00e9change de 14 jours s&#8217;applique.<\/p>\n","protected":false},"excerpt":{"rendered":"<p>Attelle facile \u00e0 utiliser pour le bruxisme \/ le grincement des dents.<\/p>\n","protected":false},"featured_media":60849,"comment_status":"closed","ping_status":"closed","template":"","meta":{"_acf_changed":false,"inline_featured_image":false,"_monsterinsights_skip_tracking":false,"_monsterinsights_sitenote_active":false,"_monsterinsights_sitenote_note":"","_monsterinsights_sitenote_category":0},"product_brand":[],"product_cat":[735,262],"product_tag":[],"class_list":{"0":"post-7670","1":"product","2":"type-product","3":"status-publish","4":"has-post-thumbnail","6":"product_cat-all-products-fr","7":"product_cat-plateaux-buccaux","9":"first","10":"instock","11":"taxable","12":"shipping-taxable","13":"purchasable","14":"product-type-simple"},"acf":[],"shsp-ext":{"main":{},"variations":[]},"yoast_head":"<!-- This site is optimized with the Yoast SEO plugin v27.2 - https:\/\/yoast.com\/product\/yoast-seo-wordpress\/ -->\n<title>ATTELLE DENTAIRE BECONFIDENT - Beconfident<\/title>\n<meta name=\"robots\" content=\"index, follow, max-snippet:-1, max-image-preview:large, max-video-preview:-1\" \/>\n<link rel=\"canonical\" href=\"https:\/\/beconfident.com\/fr\/produkt\/attelle-dentaire-beconfident\/\" \/>\n<meta property=\"og:locale\" content=\"fr_FR\" \/>\n<meta property=\"og:type\" content=\"article\" \/>\n<meta property=\"og:title\" content=\"ATTELLE DENTAIRE BECONFIDENT - Beconfident\" \/>\n<meta property=\"og:description\" content=\"Attelle facile \u00e0 utiliser pour le bruxisme \/ le grincement des dents.\" \/>\n<meta property=\"og:url\" content=\"https:\/\/beconfident.com\/fr\/produkt\/attelle-dentaire-beconfident\/\" \/>\n<meta property=\"og:site_name\" content=\"Beconfident\" \/>\n<meta property=\"article:modified_time\" content=\"2024-12-02T16:05:26+00:00\" \/>\n<meta property=\"og:image\" content=\"https:\/\/beconfident.com\/wp-content\/uploads\/2021\/01\/150305-Atelle-Dentaire-and-storagebox-2.jpg\" \/>\n\t<meta property=\"og:image:width\" content=\"1276\" \/>\n\t<meta property=\"og:image:height\" content=\"1417\" \/>\n\t<meta property=\"og:image:type\" content=\"image\/jpeg\" \/>\n<meta name=\"twitter:card\" content=\"summary_large_image\" \/>\n<meta name=\"twitter:label1\" content=\"Dur\u00e9e de lecture estim\u00e9e\" \/>\n\t<meta name=\"twitter:data1\" content=\"2 minutes\" \/>\n<script type=\"application\/ld+json\" class=\"yoast-schema-graph\">{\"@context\":\"https:\/\/schema.org\",\"@graph\":[{\"@type\":\"WebPage\",\"@id\":\"https:\/\/beconfident.com\/fr\/produkt\/attelle-dentaire-beconfident\/\",\"url\":\"https:\/\/beconfident.com\/fr\/produkt\/attelle-dentaire-beconfident\/\",\"name\":\"ATTELLE DENTAIRE BECONFIDENT - Beconfident\",\"isPartOf\":{\"@id\":\"https:\/\/beconfident.com\/lv\/#website\"},\"primaryImageOfPage\":{\"@id\":\"https:\/\/beconfident.com\/fr\/produkt\/attelle-dentaire-beconfident\/#primaryimage\"},\"image\":{\"@id\":\"https:\/\/beconfident.com\/fr\/produkt\/attelle-dentaire-beconfident\/#primaryimage\"},\"thumbnailUrl\":\"https:\/\/beconfident.com\/wp-content\/uploads\/2021\/01\/150305-Atelle-Dentaire-and-storagebox-2.jpg\",\"datePublished\":\"2021-01-20T17:00:21+00:00\",\"dateModified\":\"2024-12-02T16:05:26+00:00\",\"breadcrumb\":{\"@id\":\"https:\/\/beconfident.com\/fr\/produkt\/attelle-dentaire-beconfident\/#breadcrumb\"},\"inLanguage\":\"fr-FR\",\"potentialAction\":[{\"@type\":\"ReadAction\",\"target\":[\"https:\/\/beconfident.com\/fr\/produkt\/attelle-dentaire-beconfident\/\"]}]},{\"@type\":\"ImageObject\",\"inLanguage\":\"fr-FR\",\"@id\":\"https:\/\/beconfident.com\/fr\/produkt\/attelle-dentaire-beconfident\/#primaryimage\",\"url\":\"https:\/\/beconfident.com\/wp-content\/uploads\/2021\/01\/150305-Atelle-Dentaire-and-storagebox-2.jpg\",\"contentUrl\":\"https:\/\/beconfident.com\/wp-content\/uploads\/2021\/01\/150305-Atelle-Dentaire-and-storagebox-2.jpg\",\"width\":1276,\"height\":1417,\"caption\":\"150305 Atelle Dentaire and storagebox\"},{\"@type\":\"BreadcrumbList\",\"@id\":\"https:\/\/beconfident.com\/fr\/produkt\/attelle-dentaire-beconfident\/#breadcrumb\",\"itemListElement\":[{\"@type\":\"ListItem\",\"position\":1,\"name\":\"Hem\",\"item\":\"https:\/\/beconfident.com\/fr\/\"},{\"@type\":\"ListItem\",\"position\":2,\"name\":\"Webbutik\",\"item\":\"https:\/\/beconfident.com\/fr\/webbutik\/\"},{\"@type\":\"ListItem\",\"position\":3,\"name\":\"ATTELLE DENTAIRE BECONFIDENT\"}]},{\"@type\":\"WebSite\",\"@id\":\"https:\/\/beconfident.com\/lv\/#website\",\"url\":\"https:\/\/beconfident.com\/lv\/\",\"name\":\"Beconfident\",\"description\":\"\",\"potentialAction\":[{\"@type\":\"SearchAction\",\"target\":{\"@type\":\"EntryPoint\",\"urlTemplate\":\"https:\/\/beconfident.com\/lv\/?s={search_term_string}\"},\"query-input\":{\"@type\":\"PropertyValueSpecification\",\"valueRequired\":true,\"valueName\":\"search_term_string\"}}],\"inLanguage\":\"fr-FR\"}]}<\/script>\n<!-- \/ Yoast SEO plugin. -->","yoast_head_json":{"title":"ATTELLE DENTAIRE BECONFIDENT - Beconfident","robots":{"index":"index","follow":"follow","max-snippet":"max-snippet:-1","max-image-preview":"max-image-preview:large","max-video-preview":"max-video-preview:-1"},"canonical":"https:\/\/beconfident.com\/fr\/produkt\/attelle-dentaire-beconfident\/","og_locale":"fr_FR","og_type":"article","og_title":"ATTELLE DENTAIRE BECONFIDENT - Beconfident","og_description":"Attelle facile \u00e0 utiliser pour le bruxisme \/ le grincement des dents.","og_url":"https:\/\/beconfident.com\/fr\/produkt\/attelle-dentaire-beconfident\/","og_site_name":"Beconfident","article_modified_time":"2024-12-02T16:05:26+00:00","og_image":[{"width":1276,"height":1417,"url":"https:\/\/beconfident.com\/wp-content\/uploads\/2021\/01\/150305-Atelle-Dentaire-and-storagebox-2.jpg","type":"image\/jpeg"}],"twitter_card":"summary_large_image","twitter_misc":{"Dur\u00e9e de lecture estim\u00e9e":"2 minutes"},"schema":{"@context":"https:\/\/schema.org","@graph":[{"@type":"WebPage","@id":"https:\/\/beconfident.com\/fr\/produkt\/attelle-dentaire-beconfident\/","url":"https:\/\/beconfident.com\/fr\/produkt\/attelle-dentaire-beconfident\/","name":"ATTELLE DENTAIRE BECONFIDENT - Beconfident","isPartOf":{"@id":"https:\/\/beconfident.com\/lv\/#website"},"primaryImageOfPage":{"@id":"https:\/\/beconfident.com\/fr\/produkt\/attelle-dentaire-beconfident\/#primaryimage"},"image":{"@id":"https:\/\/beconfident.com\/fr\/produkt\/attelle-dentaire-beconfident\/#primaryimage"},"thumbnailUrl":"https:\/\/beconfident.com\/wp-content\/uploads\/2021\/01\/150305-Atelle-Dentaire-and-storagebox-2.jpg","datePublished":"2021-01-20T17:00:21+00:00","dateModified":"2024-12-02T16:05:26+00:00","breadcrumb":{"@id":"https:\/\/beconfident.com\/fr\/produkt\/attelle-dentaire-beconfident\/#breadcrumb"},"inLanguage":"fr-FR","potentialAction":[{"@type":"ReadAction","target":["https:\/\/beconfident.com\/fr\/produkt\/attelle-dentaire-beconfident\/"]}]},{"@type":"ImageObject","inLanguage":"fr-FR","@id":"https:\/\/beconfident.com\/fr\/produkt\/attelle-dentaire-beconfident\/#primaryimage","url":"https:\/\/beconfident.com\/wp-content\/uploads\/2021\/01\/150305-Atelle-Dentaire-and-storagebox-2.jpg","contentUrl":"https:\/\/beconfident.com\/wp-content\/uploads\/2021\/01\/150305-Atelle-Dentaire-and-storagebox-2.jpg","width":1276,"height":1417,"caption":"150305 Atelle Dentaire and storagebox"},{"@type":"BreadcrumbList","@id":"https:\/\/beconfident.com\/fr\/produkt\/attelle-dentaire-beconfident\/#breadcrumb","itemListElement":[{"@type":"ListItem","position":1,"name":"Hem","item":"https:\/\/beconfident.com\/fr\/"},{"@type":"ListItem","position":2,"name":"Webbutik","item":"https:\/\/beconfident.com\/fr\/webbutik\/"},{"@type":"ListItem","position":3,"name":"ATTELLE DENTAIRE BECONFIDENT"}]},{"@type":"WebSite","@id":"https:\/\/beconfident.com\/lv\/#website","url":"https:\/\/beconfident.com\/lv\/","name":"Beconfident","description":"","potentialAction":[{"@type":"SearchAction","target":{"@type":"EntryPoint","urlTemplate":"https:\/\/beconfident.com\/lv\/?s={search_term_string}"},"query-input":{"@type":"PropertyValueSpecification","valueRequired":true,"valueName":"search_term_string"}}],"inLanguage":"fr-FR"}]}},"_links":{"self":[{"href":"https:\/\/beconfident.com\/fr\/wp-json\/wp\/v2\/product\/7670","targetHints":{"allow":["GET"]}}],"collection":[{"href":"https:\/\/beconfident.com\/fr\/wp-json\/wp\/v2\/product"}],"about":[{"href":"https:\/\/beconfident.com\/fr\/wp-json\/wp\/v2\/types\/product"}],"replies":[{"embeddable":true,"href":"https:\/\/beconfident.com\/fr\/wp-json\/wp\/v2\/comments?post=7670"}],"wp:featuredmedia":[{"embeddable":true,"href":"https:\/\/beconfident.com\/fr\/wp-json\/wp\/v2\/media\/60849"}],"wp:attachment":[{"href":"https:\/\/beconfident.com\/fr\/wp-json\/wp\/v2\/media?parent=7670"}],"wp:term":[{"taxonomy":"product_brand","embeddable":true,"href":"https:\/\/beconfident.com\/fr\/wp-json\/wp\/v2\/product_brand?post=7670"},{"taxonomy":"product_cat","embeddable":true,"href":"https:\/\/beconfident.com\/fr\/wp-json\/wp\/v2\/product_cat?post=7670"},{"taxonomy":"product_tag","embeddable":true,"href":"https:\/\/beconfident.com\/fr\/wp-json\/wp\/v2\/product_tag?post=7670"}],"curies":[{"name":"wp","href":"https:\/\/api.w.org\/{rel}","templated":true}]}}