{"id":7577,"date":"2021-01-11T10:04:26","date_gmt":"2021-01-11T09:04:26","guid":{"rendered":"https:\/\/beconfident.simplesmile.hemsida.eu\/produkt\/teeth-whitening-touch-up-pen\/"},"modified":"2025-09-15T10:16:14","modified_gmt":"2025-09-15T08:16:14","slug":"teeth-whitening-touch-up-pen","status":"publish","type":"product","link":"https:\/\/beconfident.com\/fr\/produkt\/teeth-whitening-touch-up-pen\/","title":{"rendered":"STYLO DE RETOUCHE DE BLANCHIMENT DES DENTS 2 ML"},"content":{"rendered":"<p>Le stylo de nettoyage de retouche Beconfident\u00ae est adapt\u00e9 pour nettoyer vos dents en d\u00e9placement ou lorsque vous avez besoin d&#8217;un compl\u00e9ment de blanchiment rapide. Le stylo blanchissant \u00e9limine les taches de nombreux coupables, y compris les aliments color\u00e9s, les boissons et le tabagisme. Le stylo Beconfident est appliqu\u00e9 sur les dents \u00e0 l&#8217;aide de la brosse, ce qui en fait l&#8217;outil de blanchiment id\u00e9al pour cibler et \u00e9liminer les taches entre les dents. Le stylo de blanchiment des dents sans peroxyde Beconfident est parfait pour \u00e9liminer les taches entre les dents, aider \u00e0 maintenir les dents blanchies apr\u00e8s avoir utilis\u00e9 le kit de blanchiment Beconfident ou \u00e0 utiliser avec les traitements de blanchiment Beconfident. Blanchiment cibl\u00e9 des dents pour un sourire plus blanc magnifiquement mis en valeur.<\/p>\n","protected":false},"excerpt":{"rendered":"<p>Compl\u00e9ment facile \u00e0 utiliser aux kits complets de blanchiment des dents Beconfident.<\/p>\n","protected":false},"featured_media":395,"comment_status":"open","ping_status":"closed","template":"","meta":{"_acf_changed":false,"inline_featured_image":false,"_monsterinsights_skip_tracking":false,"_monsterinsights_sitenote_active":false,"_monsterinsights_sitenote_note":"","_monsterinsights_sitenote_category":0},"product_brand":[],"product_cat":[735,169],"product_tag":[],"class_list":{"0":"post-7577","1":"product","2":"type-product","3":"status-publish","4":"has-post-thumbnail","6":"product_cat-all-products-fr","7":"product_cat-underhall-fr","9":"first","10":"instock","11":"taxable","12":"shipping-taxable","13":"purchasable","14":"product-type-simple"},"acf":[],"shsp-ext":{"main":{},"variations":[]},"yoast_head":"<!-- This site is optimized with the Yoast SEO plugin v27.2 - https:\/\/yoast.com\/product\/yoast-seo-wordpress\/ -->\n<title>STYLO DE RETOUCHE DE BLANCHIMENT DES DENTS 2 ML - Beconfident<\/title>\n<meta name=\"robots\" content=\"index, follow, max-snippet:-1, max-image-preview:large, max-video-preview:-1\" \/>\n<link rel=\"canonical\" href=\"https:\/\/beconfident.com\/fr\/produkt\/teeth-whitening-touch-up-pen\/\" \/>\n<meta property=\"og:locale\" content=\"fr_FR\" \/>\n<meta property=\"og:type\" content=\"article\" \/>\n<meta property=\"og:title\" content=\"STYLO DE RETOUCHE DE BLANCHIMENT DES DENTS 2 ML - Beconfident\" \/>\n<meta property=\"og:description\" content=\"Compl\u00e9ment facile \u00e0 utiliser aux kits complets de blanchiment des dents Beconfident.\" \/>\n<meta property=\"og:url\" content=\"https:\/\/beconfident.com\/fr\/produkt\/teeth-whitening-touch-up-pen\/\" \/>\n<meta property=\"og:site_name\" content=\"Beconfident\" \/>\n<meta property=\"article:modified_time\" content=\"2025-09-15T08:16:14+00:00\" \/>\n<meta property=\"og:image\" content=\"https:\/\/beconfident.com\/wp-content\/uploads\/2021\/01\/120298-Teeth-Whitening-Touch-Up-Pen-X1.jpg\" \/>\n\t<meta property=\"og:image:width\" content=\"1100\" \/>\n\t<meta property=\"og:image:height\" content=\"1417\" \/>\n\t<meta property=\"og:image:type\" content=\"image\/jpeg\" \/>\n<meta name=\"twitter:card\" content=\"summary_large_image\" \/>\n<meta name=\"twitter:label1\" content=\"Dur\u00e9e de lecture estim\u00e9e\" \/>\n\t<meta name=\"twitter:data1\" content=\"1 minute\" \/>\n<script type=\"application\/ld+json\" class=\"yoast-schema-graph\">{\"@context\":\"https:\/\/schema.org\",\"@graph\":[{\"@type\":\"WebPage\",\"@id\":\"https:\/\/beconfident.com\/fr\/produkt\/teeth-whitening-touch-up-pen\/\",\"url\":\"https:\/\/beconfident.com\/fr\/produkt\/teeth-whitening-touch-up-pen\/\",\"name\":\"STYLO DE RETOUCHE DE BLANCHIMENT DES DENTS 2 ML - Beconfident\",\"isPartOf\":{\"@id\":\"https:\/\/beconfident.com\/lv\/#website\"},\"primaryImageOfPage\":{\"@id\":\"https:\/\/beconfident.com\/fr\/produkt\/teeth-whitening-touch-up-pen\/#primaryimage\"},\"image\":{\"@id\":\"https:\/\/beconfident.com\/fr\/produkt\/teeth-whitening-touch-up-pen\/#primaryimage\"},\"thumbnailUrl\":\"https:\/\/beconfident.com\/wp-content\/uploads\/2021\/01\/120298-Teeth-Whitening-Touch-Up-Pen-X1.jpg\",\"datePublished\":\"2021-01-11T09:04:26+00:00\",\"dateModified\":\"2025-09-15T08:16:14+00:00\",\"breadcrumb\":{\"@id\":\"https:\/\/beconfident.com\/fr\/produkt\/teeth-whitening-touch-up-pen\/#breadcrumb\"},\"inLanguage\":\"fr-FR\",\"potentialAction\":[{\"@type\":\"ReadAction\",\"target\":[\"https:\/\/beconfident.com\/fr\/produkt\/teeth-whitening-touch-up-pen\/\"]}]},{\"@type\":\"ImageObject\",\"inLanguage\":\"fr-FR\",\"@id\":\"https:\/\/beconfident.com\/fr\/produkt\/teeth-whitening-touch-up-pen\/#primaryimage\",\"url\":\"https:\/\/beconfident.com\/wp-content\/uploads\/2021\/01\/120298-Teeth-Whitening-Touch-Up-Pen-X1.jpg\",\"contentUrl\":\"https:\/\/beconfident.com\/wp-content\/uploads\/2021\/01\/120298-Teeth-Whitening-Touch-Up-Pen-X1.jpg\",\"width\":1100,\"height\":1417,\"caption\":\"120298 Teeth Whitening Touch Up Pen X1\"},{\"@type\":\"BreadcrumbList\",\"@id\":\"https:\/\/beconfident.com\/fr\/produkt\/teeth-whitening-touch-up-pen\/#breadcrumb\",\"itemListElement\":[{\"@type\":\"ListItem\",\"position\":1,\"name\":\"Hem\",\"item\":\"https:\/\/beconfident.com\/fr\/\"},{\"@type\":\"ListItem\",\"position\":2,\"name\":\"Webbutik\",\"item\":\"https:\/\/beconfident.com\/fr\/webbutik\/\"},{\"@type\":\"ListItem\",\"position\":3,\"name\":\"STYLO DE RETOUCHE DE BLANCHIMENT DES DENTS 2 ML\"}]},{\"@type\":\"WebSite\",\"@id\":\"https:\/\/beconfident.com\/lv\/#website\",\"url\":\"https:\/\/beconfident.com\/lv\/\",\"name\":\"Beconfident\",\"description\":\"\",\"potentialAction\":[{\"@type\":\"SearchAction\",\"target\":{\"@type\":\"EntryPoint\",\"urlTemplate\":\"https:\/\/beconfident.com\/lv\/?s={search_term_string}\"},\"query-input\":{\"@type\":\"PropertyValueSpecification\",\"valueRequired\":true,\"valueName\":\"search_term_string\"}}],\"inLanguage\":\"fr-FR\"}]}<\/script>\n<!-- \/ Yoast SEO plugin. -->","yoast_head_json":{"title":"STYLO DE RETOUCHE DE BLANCHIMENT DES DENTS 2 ML - Beconfident","robots":{"index":"index","follow":"follow","max-snippet":"max-snippet:-1","max-image-preview":"max-image-preview:large","max-video-preview":"max-video-preview:-1"},"canonical":"https:\/\/beconfident.com\/fr\/produkt\/teeth-whitening-touch-up-pen\/","og_locale":"fr_FR","og_type":"article","og_title":"STYLO DE RETOUCHE DE BLANCHIMENT DES DENTS 2 ML - Beconfident","og_description":"Compl\u00e9ment facile \u00e0 utiliser aux kits complets de blanchiment des dents Beconfident.","og_url":"https:\/\/beconfident.com\/fr\/produkt\/teeth-whitening-touch-up-pen\/","og_site_name":"Beconfident","article_modified_time":"2025-09-15T08:16:14+00:00","og_image":[{"width":1100,"height":1417,"url":"https:\/\/beconfident.com\/wp-content\/uploads\/2021\/01\/120298-Teeth-Whitening-Touch-Up-Pen-X1.jpg","type":"image\/jpeg"}],"twitter_card":"summary_large_image","twitter_misc":{"Dur\u00e9e de lecture estim\u00e9e":"1 minute"},"schema":{"@context":"https:\/\/schema.org","@graph":[{"@type":"WebPage","@id":"https:\/\/beconfident.com\/fr\/produkt\/teeth-whitening-touch-up-pen\/","url":"https:\/\/beconfident.com\/fr\/produkt\/teeth-whitening-touch-up-pen\/","name":"STYLO DE RETOUCHE DE BLANCHIMENT DES DENTS 2 ML - Beconfident","isPartOf":{"@id":"https:\/\/beconfident.com\/lv\/#website"},"primaryImageOfPage":{"@id":"https:\/\/beconfident.com\/fr\/produkt\/teeth-whitening-touch-up-pen\/#primaryimage"},"image":{"@id":"https:\/\/beconfident.com\/fr\/produkt\/teeth-whitening-touch-up-pen\/#primaryimage"},"thumbnailUrl":"https:\/\/beconfident.com\/wp-content\/uploads\/2021\/01\/120298-Teeth-Whitening-Touch-Up-Pen-X1.jpg","datePublished":"2021-01-11T09:04:26+00:00","dateModified":"2025-09-15T08:16:14+00:00","breadcrumb":{"@id":"https:\/\/beconfident.com\/fr\/produkt\/teeth-whitening-touch-up-pen\/#breadcrumb"},"inLanguage":"fr-FR","potentialAction":[{"@type":"ReadAction","target":["https:\/\/beconfident.com\/fr\/produkt\/teeth-whitening-touch-up-pen\/"]}]},{"@type":"ImageObject","inLanguage":"fr-FR","@id":"https:\/\/beconfident.com\/fr\/produkt\/teeth-whitening-touch-up-pen\/#primaryimage","url":"https:\/\/beconfident.com\/wp-content\/uploads\/2021\/01\/120298-Teeth-Whitening-Touch-Up-Pen-X1.jpg","contentUrl":"https:\/\/beconfident.com\/wp-content\/uploads\/2021\/01\/120298-Teeth-Whitening-Touch-Up-Pen-X1.jpg","width":1100,"height":1417,"caption":"120298 Teeth Whitening Touch Up Pen X1"},{"@type":"BreadcrumbList","@id":"https:\/\/beconfident.com\/fr\/produkt\/teeth-whitening-touch-up-pen\/#breadcrumb","itemListElement":[{"@type":"ListItem","position":1,"name":"Hem","item":"https:\/\/beconfident.com\/fr\/"},{"@type":"ListItem","position":2,"name":"Webbutik","item":"https:\/\/beconfident.com\/fr\/webbutik\/"},{"@type":"ListItem","position":3,"name":"STYLO DE RETOUCHE DE BLANCHIMENT DES DENTS 2 ML"}]},{"@type":"WebSite","@id":"https:\/\/beconfident.com\/lv\/#website","url":"https:\/\/beconfident.com\/lv\/","name":"Beconfident","description":"","potentialAction":[{"@type":"SearchAction","target":{"@type":"EntryPoint","urlTemplate":"https:\/\/beconfident.com\/lv\/?s={search_term_string}"},"query-input":{"@type":"PropertyValueSpecification","valueRequired":true,"valueName":"search_term_string"}}],"inLanguage":"fr-FR"}]}},"_links":{"self":[{"href":"https:\/\/beconfident.com\/fr\/wp-json\/wp\/v2\/product\/7577","targetHints":{"allow":["GET"]}}],"collection":[{"href":"https:\/\/beconfident.com\/fr\/wp-json\/wp\/v2\/product"}],"about":[{"href":"https:\/\/beconfident.com\/fr\/wp-json\/wp\/v2\/types\/product"}],"replies":[{"embeddable":true,"href":"https:\/\/beconfident.com\/fr\/wp-json\/wp\/v2\/comments?post=7577"}],"wp:featuredmedia":[{"embeddable":true,"href":"https:\/\/beconfident.com\/fr\/wp-json\/wp\/v2\/media\/395"}],"wp:attachment":[{"href":"https:\/\/beconfident.com\/fr\/wp-json\/wp\/v2\/media?parent=7577"}],"wp:term":[{"taxonomy":"product_brand","embeddable":true,"href":"https:\/\/beconfident.com\/fr\/wp-json\/wp\/v2\/product_brand?post=7577"},{"taxonomy":"product_cat","embeddable":true,"href":"https:\/\/beconfident.com\/fr\/wp-json\/wp\/v2\/product_cat?post=7577"},{"taxonomy":"product_tag","embeddable":true,"href":"https:\/\/beconfident.com\/fr\/wp-json\/wp\/v2\/product_tag?post=7577"}],"curies":[{"name":"wp","href":"https:\/\/api.w.org\/{rel}","templated":true}]}}