{"id":6977,"date":"2021-01-11T10:04:36","date_gmt":"2021-01-11T09:04:36","guid":{"rendered":"https:\/\/beconfident.simplesmile.hemsida.eu\/produkt\/clear-skin-reduce\/"},"modified":"2024-05-23T08:34:50","modified_gmt":"2024-05-23T06:34:50","slug":"clear-skin-reduce","status":"publish","type":"product","link":"https:\/\/beconfident.com\/fr\/produkt\/clear-skin-reduce\/","title":{"rendered":"CREME CLEAR SKIN REDUCE"},"content":{"rendered":"<p>Beconfident\u00ae Clear Skin Reduce agit pour maintenir le r\u00e9sultat apr\u00e8s avoir utilis\u00e9 le kit Clear Skin Start ou le kit Clear Skin Premium. La cr\u00e8me r\u00e9duit efficacement les boutons existants et, avec une utilisation continue, elle agit pour contrer l&#8217;apparition de nouveaux probl\u00e8mes d&#8217;acn\u00e9 tout en renfor\u00e7ant la peau, et en la rendant r\u00e9sistante avec des r\u00e9sultats \u00e0 long terme.<\/p>\n","protected":false},"excerpt":{"rendered":"<p>Utilisez Clear Skin Reduce quotidiennement pour maintenir les r\u00e9sultats de votre traitement Clear Skin<\/p>\n","protected":false},"featured_media":936,"comment_status":"open","ping_status":"closed","template":"","meta":{"_acf_changed":false,"inline_featured_image":false,"_monsterinsights_skip_tracking":false,"_monsterinsights_sitenote_active":false,"_monsterinsights_sitenote_note":"","_monsterinsights_sitenote_category":0},"product_brand":[],"product_cat":[735,154,183],"product_tag":[],"class_list":{"0":"post-6977","1":"product","2":"type-product","3":"status-publish","4":"has-post-thumbnail","6":"product_cat-all-products-fr","7":"product_cat-creme-de-jour","8":"product_cat-serie-clear-skin","10":"first","11":"outofstock","12":"taxable","13":"shipping-taxable","14":"purchasable","15":"product-type-simple"},"acf":[],"shsp-ext":{"main":{},"variations":[]},"yoast_head":"<!-- This site is optimized with the Yoast SEO plugin v27.2 - https:\/\/yoast.com\/product\/yoast-seo-wordpress\/ -->\n<title>CREME CLEAR SKIN REDUCE - Beconfident<\/title>\n<meta name=\"robots\" content=\"index, follow, max-snippet:-1, max-image-preview:large, max-video-preview:-1\" \/>\n<link rel=\"canonical\" href=\"https:\/\/beconfident.com\/fr\/produkt\/clear-skin-reduce\/\" \/>\n<meta property=\"og:locale\" content=\"fr_FR\" \/>\n<meta property=\"og:type\" content=\"article\" \/>\n<meta property=\"og:title\" content=\"CREME CLEAR SKIN REDUCE - Beconfident\" \/>\n<meta property=\"og:description\" content=\"Utilisez Clear Skin Reduce quotidiennement pour maintenir les r\u00e9sultats de votre traitement Clear Skin\" \/>\n<meta property=\"og:url\" content=\"https:\/\/beconfident.com\/fr\/produkt\/clear-skin-reduce\/\" \/>\n<meta property=\"og:site_name\" content=\"Beconfident\" \/>\n<meta property=\"article:modified_time\" content=\"2024-05-23T06:34:50+00:00\" \/>\n<meta property=\"og:image\" content=\"https:\/\/beconfident.com\/wp-content\/uploads\/2021\/01\/180300-Clear-Skin-Reduce-30-ml.jpg\" \/>\n\t<meta property=\"og:image:width\" content=\"1000\" \/>\n\t<meta property=\"og:image:height\" content=\"1000\" \/>\n\t<meta property=\"og:image:type\" content=\"image\/jpeg\" \/>\n<meta name=\"twitter:card\" content=\"summary_large_image\" \/>\n<script type=\"application\/ld+json\" class=\"yoast-schema-graph\">{\"@context\":\"https:\/\/schema.org\",\"@graph\":[{\"@type\":\"WebPage\",\"@id\":\"https:\/\/beconfident.com\/fr\/produkt\/clear-skin-reduce\/\",\"url\":\"https:\/\/beconfident.com\/fr\/produkt\/clear-skin-reduce\/\",\"name\":\"CREME CLEAR SKIN REDUCE - Beconfident\",\"isPartOf\":{\"@id\":\"https:\/\/beconfident.com\/lv\/#website\"},\"primaryImageOfPage\":{\"@id\":\"https:\/\/beconfident.com\/fr\/produkt\/clear-skin-reduce\/#primaryimage\"},\"image\":{\"@id\":\"https:\/\/beconfident.com\/fr\/produkt\/clear-skin-reduce\/#primaryimage\"},\"thumbnailUrl\":\"https:\/\/beconfident.com\/wp-content\/uploads\/2021\/01\/180300-Clear-Skin-Reduce-30-ml.jpg\",\"datePublished\":\"2021-01-11T09:04:36+00:00\",\"dateModified\":\"2024-05-23T06:34:50+00:00\",\"breadcrumb\":{\"@id\":\"https:\/\/beconfident.com\/fr\/produkt\/clear-skin-reduce\/#breadcrumb\"},\"inLanguage\":\"fr-FR\",\"potentialAction\":[{\"@type\":\"ReadAction\",\"target\":[\"https:\/\/beconfident.com\/fr\/produkt\/clear-skin-reduce\/\"]}]},{\"@type\":\"ImageObject\",\"inLanguage\":\"fr-FR\",\"@id\":\"https:\/\/beconfident.com\/fr\/produkt\/clear-skin-reduce\/#primaryimage\",\"url\":\"https:\/\/beconfident.com\/wp-content\/uploads\/2021\/01\/180300-Clear-Skin-Reduce-30-ml.jpg\",\"contentUrl\":\"https:\/\/beconfident.com\/wp-content\/uploads\/2021\/01\/180300-Clear-Skin-Reduce-30-ml.jpg\",\"width\":1000,\"height\":1000},{\"@type\":\"BreadcrumbList\",\"@id\":\"https:\/\/beconfident.com\/fr\/produkt\/clear-skin-reduce\/#breadcrumb\",\"itemListElement\":[{\"@type\":\"ListItem\",\"position\":1,\"name\":\"Hem\",\"item\":\"https:\/\/beconfident.com\/fr\/\"},{\"@type\":\"ListItem\",\"position\":2,\"name\":\"Webbutik\",\"item\":\"https:\/\/beconfident.com\/fr\/webbutik\/\"},{\"@type\":\"ListItem\",\"position\":3,\"name\":\"CREME CLEAR SKIN REDUCE\"}]},{\"@type\":\"WebSite\",\"@id\":\"https:\/\/beconfident.com\/lv\/#website\",\"url\":\"https:\/\/beconfident.com\/lv\/\",\"name\":\"Beconfident\",\"description\":\"\",\"potentialAction\":[{\"@type\":\"SearchAction\",\"target\":{\"@type\":\"EntryPoint\",\"urlTemplate\":\"https:\/\/beconfident.com\/lv\/?s={search_term_string}\"},\"query-input\":{\"@type\":\"PropertyValueSpecification\",\"valueRequired\":true,\"valueName\":\"search_term_string\"}}],\"inLanguage\":\"fr-FR\"}]}<\/script>\n<!-- \/ Yoast SEO plugin. -->","yoast_head_json":{"title":"CREME CLEAR SKIN REDUCE - Beconfident","robots":{"index":"index","follow":"follow","max-snippet":"max-snippet:-1","max-image-preview":"max-image-preview:large","max-video-preview":"max-video-preview:-1"},"canonical":"https:\/\/beconfident.com\/fr\/produkt\/clear-skin-reduce\/","og_locale":"fr_FR","og_type":"article","og_title":"CREME CLEAR SKIN REDUCE - Beconfident","og_description":"Utilisez Clear Skin Reduce quotidiennement pour maintenir les r\u00e9sultats de votre traitement Clear Skin","og_url":"https:\/\/beconfident.com\/fr\/produkt\/clear-skin-reduce\/","og_site_name":"Beconfident","article_modified_time":"2024-05-23T06:34:50+00:00","og_image":[{"width":1000,"height":1000,"url":"https:\/\/beconfident.com\/wp-content\/uploads\/2021\/01\/180300-Clear-Skin-Reduce-30-ml.jpg","type":"image\/jpeg"}],"twitter_card":"summary_large_image","schema":{"@context":"https:\/\/schema.org","@graph":[{"@type":"WebPage","@id":"https:\/\/beconfident.com\/fr\/produkt\/clear-skin-reduce\/","url":"https:\/\/beconfident.com\/fr\/produkt\/clear-skin-reduce\/","name":"CREME CLEAR SKIN REDUCE - Beconfident","isPartOf":{"@id":"https:\/\/beconfident.com\/lv\/#website"},"primaryImageOfPage":{"@id":"https:\/\/beconfident.com\/fr\/produkt\/clear-skin-reduce\/#primaryimage"},"image":{"@id":"https:\/\/beconfident.com\/fr\/produkt\/clear-skin-reduce\/#primaryimage"},"thumbnailUrl":"https:\/\/beconfident.com\/wp-content\/uploads\/2021\/01\/180300-Clear-Skin-Reduce-30-ml.jpg","datePublished":"2021-01-11T09:04:36+00:00","dateModified":"2024-05-23T06:34:50+00:00","breadcrumb":{"@id":"https:\/\/beconfident.com\/fr\/produkt\/clear-skin-reduce\/#breadcrumb"},"inLanguage":"fr-FR","potentialAction":[{"@type":"ReadAction","target":["https:\/\/beconfident.com\/fr\/produkt\/clear-skin-reduce\/"]}]},{"@type":"ImageObject","inLanguage":"fr-FR","@id":"https:\/\/beconfident.com\/fr\/produkt\/clear-skin-reduce\/#primaryimage","url":"https:\/\/beconfident.com\/wp-content\/uploads\/2021\/01\/180300-Clear-Skin-Reduce-30-ml.jpg","contentUrl":"https:\/\/beconfident.com\/wp-content\/uploads\/2021\/01\/180300-Clear-Skin-Reduce-30-ml.jpg","width":1000,"height":1000},{"@type":"BreadcrumbList","@id":"https:\/\/beconfident.com\/fr\/produkt\/clear-skin-reduce\/#breadcrumb","itemListElement":[{"@type":"ListItem","position":1,"name":"Hem","item":"https:\/\/beconfident.com\/fr\/"},{"@type":"ListItem","position":2,"name":"Webbutik","item":"https:\/\/beconfident.com\/fr\/webbutik\/"},{"@type":"ListItem","position":3,"name":"CREME CLEAR SKIN REDUCE"}]},{"@type":"WebSite","@id":"https:\/\/beconfident.com\/lv\/#website","url":"https:\/\/beconfident.com\/lv\/","name":"Beconfident","description":"","potentialAction":[{"@type":"SearchAction","target":{"@type":"EntryPoint","urlTemplate":"https:\/\/beconfident.com\/lv\/?s={search_term_string}"},"query-input":{"@type":"PropertyValueSpecification","valueRequired":true,"valueName":"search_term_string"}}],"inLanguage":"fr-FR"}]}},"_links":{"self":[{"href":"https:\/\/beconfident.com\/fr\/wp-json\/wp\/v2\/product\/6977","targetHints":{"allow":["GET"]}}],"collection":[{"href":"https:\/\/beconfident.com\/fr\/wp-json\/wp\/v2\/product"}],"about":[{"href":"https:\/\/beconfident.com\/fr\/wp-json\/wp\/v2\/types\/product"}],"replies":[{"embeddable":true,"href":"https:\/\/beconfident.com\/fr\/wp-json\/wp\/v2\/comments?post=6977"}],"wp:featuredmedia":[{"embeddable":true,"href":"https:\/\/beconfident.com\/fr\/wp-json\/wp\/v2\/media\/936"}],"wp:attachment":[{"href":"https:\/\/beconfident.com\/fr\/wp-json\/wp\/v2\/media?parent=6977"}],"wp:term":[{"taxonomy":"product_brand","embeddable":true,"href":"https:\/\/beconfident.com\/fr\/wp-json\/wp\/v2\/product_brand?post=6977"},{"taxonomy":"product_cat","embeddable":true,"href":"https:\/\/beconfident.com\/fr\/wp-json\/wp\/v2\/product_cat?post=6977"},{"taxonomy":"product_tag","embeddable":true,"href":"https:\/\/beconfident.com\/fr\/wp-json\/wp\/v2\/product_tag?post=6977"}],"curies":[{"name":"wp","href":"https:\/\/api.w.org\/{rel}","templated":true}]}}