{"id":6851,"date":"2021-01-20T11:50:19","date_gmt":"2021-01-20T10:50:19","guid":{"rendered":"https:\/\/beconfident.simplesmile.hemsida.eu\/produkt\/explore-kit-multifunctional-whitening-tandkramer\/"},"modified":"2026-03-04T11:24:34","modified_gmt":"2026-03-04T10:24:34","slug":"explore-kit-multifunctional-whitening-tandkramer","status":"publish","type":"product","link":"https:\/\/beconfident.com\/fr\/produkt\/explore-kit-multifunctional-whitening-tandkramer\/","title":{"rendered":"Explore Kit Multifunctional Whitening Toothpastes"},"content":{"rendered":"<p>Beconfident\u00ae de blanchiment multifonctionnel a \u00e9t\u00e9 d\u00e9velopp\u00e9 en collaboration avec des dentistes de premier plan pour \u00eatre le dentifrice blanchissant les dents le plus complet sur le march\u00e9. En plus de blanchir les dents, il prot\u00e8ge contre les caries et la plaque, renforce les gencives et \u00e9limine les taches et la d\u00e9coloration. Le multi-pack est parfait si vous voulez essayer les dentifrices pour la premi\u00e8re fois, que vous voulez de la vari\u00e9t\u00e9 lorsque vous vous brossez les dents ou s\u2019il peut y avoir des pr\u00e9f\u00e9rences diff\u00e9rentes au sein de la famille. Disponible dans les saveurs: A\u00e7ai + Menthe, Cocos + Menthe, Fraise + Menthe, Menthe Extra et Menthe Sensible.<\/p>\n<p>Afin de garantir que beconfident\u00ae dentifrice multifonctionnel est s\u00fbr et efficace, nous avons men\u00e9 une \u00e9tude clinique pendant quatre semaines. L\u2019\u00e9tude a \u00e9t\u00e9 r\u00e9alis\u00e9e conform\u00e9ment aux lignes directrices sur les bonnes pratiques cliniques et aux lignes directrices de l\u2019ADA pour tester le dentifrice et les produits de blanchiment des dents. Beconfident\u00ae Le dentifrice multifonctionnel de blanchiment contient un m\u00e9lange de fluor, de nitrate de potassium, de phosphate de calcium, de zinc, de carbone blanc et de peroxyde de calcium pour donner \u00e0 l\u2019utilisateur les meilleurs soins buccodentaire possibles.<\/p>\n","protected":false},"excerpt":{"rendered":"<p>Dentifrice de blanchiment multifonctionnel pour blanchir, nettoyant et renforcer les dents. Explore Kit contient toutes les saveurs en taille de voyage.<\/p>\n","protected":false},"featured_media":6585,"comment_status":"open","ping_status":"closed","template":"","meta":{"_acf_changed":false,"inline_featured_image":false,"_monsterinsights_skip_tracking":false,"_monsterinsights_sitenote_active":false,"_monsterinsights_sitenote_note":"","_monsterinsights_sitenote_category":0},"product_brand":[],"product_cat":[735,132,131],"product_tag":[],"class_list":{"0":"post-6851","1":"product","2":"type-product","3":"status-publish","4":"has-post-thumbnail","6":"product_cat-all-products-fr","7":"product_cat-tandkram-fr","8":"product_cat-multifunctional-tandkram-fr","10":"first","11":"instock","12":"taxable","13":"shipping-taxable","14":"purchasable","15":"product-type-simple"},"acf":[],"shsp-ext":{"main":{},"variations":[]},"yoast_head":"<!-- This site is optimized with the Yoast SEO plugin v27.2 - https:\/\/yoast.com\/product\/yoast-seo-wordpress\/ -->\n<title>Explore Kit Multifunctional Whitening Toothpastes - Beconfident<\/title>\n<meta name=\"description\" content=\"Multifunktionell whitening tandkr\u00e4m f\u00f6r vitare, renare och starkare t\u00e4nder. Explore Kit inneh\u00e5ller alla smaker i resestorlek.\" \/>\n<meta name=\"robots\" content=\"index, follow, max-snippet:-1, max-image-preview:large, max-video-preview:-1\" \/>\n<link rel=\"canonical\" href=\"https:\/\/beconfident.com\/fr\/produkt\/explore-kit-multifunctional-whitening-tandkramer\/\" \/>\n<meta property=\"og:locale\" content=\"fr_FR\" \/>\n<meta property=\"og:type\" content=\"article\" \/>\n<meta property=\"og:title\" content=\"Explore Kit Multifunctional Whitening Toothpastes - Beconfident\" \/>\n<meta property=\"og:description\" content=\"Multifunktionell whitening tandkr\u00e4m f\u00f6r vitare, renare och starkare t\u00e4nder. Explore Kit inneh\u00e5ller alla smaker i resestorlek.\" \/>\n<meta property=\"og:url\" content=\"https:\/\/beconfident.com\/fr\/produkt\/explore-kit-multifunctional-whitening-tandkramer\/\" \/>\n<meta property=\"og:site_name\" content=\"Beconfident\" \/>\n<meta property=\"article:modified_time\" content=\"2026-03-04T10:24:34+00:00\" \/>\n<meta property=\"og:image\" content=\"https:\/\/beconfident.com\/wp-content\/uploads\/2021\/01\/MP143025-Multifuntional-Whitening-Toothpaste-Explore-Kit.jpg\" \/>\n\t<meta property=\"og:image:width\" content=\"1000\" \/>\n\t<meta property=\"og:image:height\" content=\"925\" \/>\n\t<meta property=\"og:image:type\" content=\"image\/jpeg\" \/>\n<meta name=\"twitter:card\" content=\"summary_large_image\" \/>\n<meta name=\"twitter:label1\" content=\"Dur\u00e9e de lecture estim\u00e9e\" \/>\n\t<meta name=\"twitter:data1\" content=\"1 minute\" \/>\n<script type=\"application\/ld+json\" class=\"yoast-schema-graph\">{\"@context\":\"https:\/\/schema.org\",\"@graph\":[{\"@type\":\"WebPage\",\"@id\":\"https:\/\/beconfident.com\/fr\/produkt\/explore-kit-multifunctional-whitening-tandkramer\/\",\"url\":\"https:\/\/beconfident.com\/fr\/produkt\/explore-kit-multifunctional-whitening-tandkramer\/\",\"name\":\"Explore Kit Multifunctional Whitening Toothpastes - Beconfident\",\"isPartOf\":{\"@id\":\"https:\/\/beconfident.com\/lv\/#website\"},\"primaryImageOfPage\":{\"@id\":\"https:\/\/beconfident.com\/fr\/produkt\/explore-kit-multifunctional-whitening-tandkramer\/#primaryimage\"},\"image\":{\"@id\":\"https:\/\/beconfident.com\/fr\/produkt\/explore-kit-multifunctional-whitening-tandkramer\/#primaryimage\"},\"thumbnailUrl\":\"https:\/\/beconfident.com\/wp-content\/uploads\/2021\/01\/MP143025-Multifuntional-Whitening-Toothpaste-Explore-Kit.jpg\",\"datePublished\":\"2021-01-20T10:50:19+00:00\",\"dateModified\":\"2026-03-04T10:24:34+00:00\",\"description\":\"Multifunktionell whitening tandkr\u00e4m f\u00f6r vitare, renare och starkare t\u00e4nder. Explore Kit inneh\u00e5ller alla smaker i resestorlek.\",\"breadcrumb\":{\"@id\":\"https:\/\/beconfident.com\/fr\/produkt\/explore-kit-multifunctional-whitening-tandkramer\/#breadcrumb\"},\"inLanguage\":\"fr-FR\",\"potentialAction\":[{\"@type\":\"ReadAction\",\"target\":[\"https:\/\/beconfident.com\/fr\/produkt\/explore-kit-multifunctional-whitening-tandkramer\/\"]}]},{\"@type\":\"ImageObject\",\"inLanguage\":\"fr-FR\",\"@id\":\"https:\/\/beconfident.com\/fr\/produkt\/explore-kit-multifunctional-whitening-tandkramer\/#primaryimage\",\"url\":\"https:\/\/beconfident.com\/wp-content\/uploads\/2021\/01\/MP143025-Multifuntional-Whitening-Toothpaste-Explore-Kit.jpg\",\"contentUrl\":\"https:\/\/beconfident.com\/wp-content\/uploads\/2021\/01\/MP143025-Multifuntional-Whitening-Toothpaste-Explore-Kit.jpg\",\"width\":1000,\"height\":925,\"caption\":\"MP143025 Multifuntional Whitening Toothpaste Explore Kit\"},{\"@type\":\"BreadcrumbList\",\"@id\":\"https:\/\/beconfident.com\/fr\/produkt\/explore-kit-multifunctional-whitening-tandkramer\/#breadcrumb\",\"itemListElement\":[{\"@type\":\"ListItem\",\"position\":1,\"name\":\"Hem\",\"item\":\"https:\/\/beconfident.com\/fr\/\"},{\"@type\":\"ListItem\",\"position\":2,\"name\":\"Webbutik\",\"item\":\"https:\/\/beconfident.com\/fr\/webbutik\/\"},{\"@type\":\"ListItem\",\"position\":3,\"name\":\"Explore Kit Multifunctional Whitening Toothpastes\"}]},{\"@type\":\"WebSite\",\"@id\":\"https:\/\/beconfident.com\/lv\/#website\",\"url\":\"https:\/\/beconfident.com\/lv\/\",\"name\":\"Beconfident\",\"description\":\"\",\"potentialAction\":[{\"@type\":\"SearchAction\",\"target\":{\"@type\":\"EntryPoint\",\"urlTemplate\":\"https:\/\/beconfident.com\/lv\/?s={search_term_string}\"},\"query-input\":{\"@type\":\"PropertyValueSpecification\",\"valueRequired\":true,\"valueName\":\"search_term_string\"}}],\"inLanguage\":\"fr-FR\"}]}<\/script>\n<!-- \/ Yoast SEO plugin. -->","yoast_head_json":{"title":"Explore Kit Multifunctional Whitening Toothpastes - Beconfident","description":"Multifunktionell whitening tandkr\u00e4m f\u00f6r vitare, renare och starkare t\u00e4nder. Explore Kit inneh\u00e5ller alla smaker i resestorlek.","robots":{"index":"index","follow":"follow","max-snippet":"max-snippet:-1","max-image-preview":"max-image-preview:large","max-video-preview":"max-video-preview:-1"},"canonical":"https:\/\/beconfident.com\/fr\/produkt\/explore-kit-multifunctional-whitening-tandkramer\/","og_locale":"fr_FR","og_type":"article","og_title":"Explore Kit Multifunctional Whitening Toothpastes - Beconfident","og_description":"Multifunktionell whitening tandkr\u00e4m f\u00f6r vitare, renare och starkare t\u00e4nder. Explore Kit inneh\u00e5ller alla smaker i resestorlek.","og_url":"https:\/\/beconfident.com\/fr\/produkt\/explore-kit-multifunctional-whitening-tandkramer\/","og_site_name":"Beconfident","article_modified_time":"2026-03-04T10:24:34+00:00","og_image":[{"width":1000,"height":925,"url":"https:\/\/beconfident.com\/wp-content\/uploads\/2021\/01\/MP143025-Multifuntional-Whitening-Toothpaste-Explore-Kit.jpg","type":"image\/jpeg"}],"twitter_card":"summary_large_image","twitter_misc":{"Dur\u00e9e de lecture estim\u00e9e":"1 minute"},"schema":{"@context":"https:\/\/schema.org","@graph":[{"@type":"WebPage","@id":"https:\/\/beconfident.com\/fr\/produkt\/explore-kit-multifunctional-whitening-tandkramer\/","url":"https:\/\/beconfident.com\/fr\/produkt\/explore-kit-multifunctional-whitening-tandkramer\/","name":"Explore Kit Multifunctional Whitening Toothpastes - Beconfident","isPartOf":{"@id":"https:\/\/beconfident.com\/lv\/#website"},"primaryImageOfPage":{"@id":"https:\/\/beconfident.com\/fr\/produkt\/explore-kit-multifunctional-whitening-tandkramer\/#primaryimage"},"image":{"@id":"https:\/\/beconfident.com\/fr\/produkt\/explore-kit-multifunctional-whitening-tandkramer\/#primaryimage"},"thumbnailUrl":"https:\/\/beconfident.com\/wp-content\/uploads\/2021\/01\/MP143025-Multifuntional-Whitening-Toothpaste-Explore-Kit.jpg","datePublished":"2021-01-20T10:50:19+00:00","dateModified":"2026-03-04T10:24:34+00:00","description":"Multifunktionell whitening tandkr\u00e4m f\u00f6r vitare, renare och starkare t\u00e4nder. Explore Kit inneh\u00e5ller alla smaker i resestorlek.","breadcrumb":{"@id":"https:\/\/beconfident.com\/fr\/produkt\/explore-kit-multifunctional-whitening-tandkramer\/#breadcrumb"},"inLanguage":"fr-FR","potentialAction":[{"@type":"ReadAction","target":["https:\/\/beconfident.com\/fr\/produkt\/explore-kit-multifunctional-whitening-tandkramer\/"]}]},{"@type":"ImageObject","inLanguage":"fr-FR","@id":"https:\/\/beconfident.com\/fr\/produkt\/explore-kit-multifunctional-whitening-tandkramer\/#primaryimage","url":"https:\/\/beconfident.com\/wp-content\/uploads\/2021\/01\/MP143025-Multifuntional-Whitening-Toothpaste-Explore-Kit.jpg","contentUrl":"https:\/\/beconfident.com\/wp-content\/uploads\/2021\/01\/MP143025-Multifuntional-Whitening-Toothpaste-Explore-Kit.jpg","width":1000,"height":925,"caption":"MP143025 Multifuntional Whitening Toothpaste Explore Kit"},{"@type":"BreadcrumbList","@id":"https:\/\/beconfident.com\/fr\/produkt\/explore-kit-multifunctional-whitening-tandkramer\/#breadcrumb","itemListElement":[{"@type":"ListItem","position":1,"name":"Hem","item":"https:\/\/beconfident.com\/fr\/"},{"@type":"ListItem","position":2,"name":"Webbutik","item":"https:\/\/beconfident.com\/fr\/webbutik\/"},{"@type":"ListItem","position":3,"name":"Explore Kit Multifunctional Whitening Toothpastes"}]},{"@type":"WebSite","@id":"https:\/\/beconfident.com\/lv\/#website","url":"https:\/\/beconfident.com\/lv\/","name":"Beconfident","description":"","potentialAction":[{"@type":"SearchAction","target":{"@type":"EntryPoint","urlTemplate":"https:\/\/beconfident.com\/lv\/?s={search_term_string}"},"query-input":{"@type":"PropertyValueSpecification","valueRequired":true,"valueName":"search_term_string"}}],"inLanguage":"fr-FR"}]}},"_links":{"self":[{"href":"https:\/\/beconfident.com\/fr\/wp-json\/wp\/v2\/product\/6851","targetHints":{"allow":["GET"]}}],"collection":[{"href":"https:\/\/beconfident.com\/fr\/wp-json\/wp\/v2\/product"}],"about":[{"href":"https:\/\/beconfident.com\/fr\/wp-json\/wp\/v2\/types\/product"}],"replies":[{"embeddable":true,"href":"https:\/\/beconfident.com\/fr\/wp-json\/wp\/v2\/comments?post=6851"}],"wp:featuredmedia":[{"embeddable":true,"href":"https:\/\/beconfident.com\/fr\/wp-json\/wp\/v2\/media\/6585"}],"wp:attachment":[{"href":"https:\/\/beconfident.com\/fr\/wp-json\/wp\/v2\/media?parent=6851"}],"wp:term":[{"taxonomy":"product_brand","embeddable":true,"href":"https:\/\/beconfident.com\/fr\/wp-json\/wp\/v2\/product_brand?post=6851"},{"taxonomy":"product_cat","embeddable":true,"href":"https:\/\/beconfident.com\/fr\/wp-json\/wp\/v2\/product_cat?post=6851"},{"taxonomy":"product_tag","embeddable":true,"href":"https:\/\/beconfident.com\/fr\/wp-json\/wp\/v2\/product_tag?post=6851"}],"curies":[{"name":"wp","href":"https:\/\/api.w.org\/{rel}","templated":true}]}}