{"id":52303,"date":"2023-07-04T11:18:37","date_gmt":"2023-07-04T09:18:37","guid":{"rendered":"https:\/\/beconfident.com\/produkt\/super-white-fresh-toothpaste\/"},"modified":"2026-03-04T11:19:59","modified_gmt":"2026-03-04T10:19:59","slug":"super-white-fresh-toothpaste","status":"publish","type":"product","link":"https:\/\/beconfident.com\/fr\/produkt\/super-white-fresh-toothpaste\/","title":{"rendered":"Super White &amp; Fresh Toothpaste"},"content":{"rendered":"<p><strong>Beconfident\u00ae Le meilleur dentifrice blanchissant \u00e0 base de PaP et de peroxyde de calcium. <\/strong><br \/>\nCon\u00e7u par la science. Fabriqu\u00e9 en Su\u00e8de. Il garantit des dents propres et visiblement plus blanches, renforce l&#8217;\u00e9mail, rafra\u00eechit l&#8217;haleine et prot\u00e8ge contre la plaque dentaire et les caries. Utilise les ingr\u00e9dients les plus purs et les plus s\u00fbrs. C&#8217;est votre dentifrice. C&#8217;est un dentifrice pour tous les go\u00fbts, tous les besoins et tous les moments ; il est disponible en menthe verte fra\u00eeche.<\/p>\n<p>Le dentifrice est charg\u00e9 de nouveaux ingr\u00e9dients que personne n&#8217;a jamais inclus dans un dentifrice auparavant &#8211; comme le charbon blanc unique pour absorber les toxines et les mauvaises odeurs, l&#8217;acide hyaluronique pour la sant\u00e9 gingivale anti-inflammatoire, et la vitamine C pour la force g\u00e9n\u00e9rale, pour n&#8217;en mentionner que quelques-uns. Pour le blanchiment des dents Le peroxyde de calcium dissout la pellicule de prot\u00e9ines sur les dents qui attire les taches \u00e0 la surface de la dent et les retient prisonni\u00e8res. Lorsque la pellicule de prot\u00e9ines est dissoute, toutes les taches adh\u00e9rant \u00e0 la pellicule sont d\u00e9licatement \u00e9limin\u00e9es des dents sans ingr\u00e9dients agressifs tels que le peroxyde d&#8217;hydrog\u00e8ne. Les propri\u00e9t\u00e9s de lib\u00e9ration lente de l&#8217;oxyg\u00e8ne du peroxyde de calcium en font \u00e9galement une alternative id\u00e9ale, rentable, conservable et naturelle pour le blanchiment des dents. L&#8217;utilisation quotidienne du dentifrice pendant des semaines et des mois, la petite quantit\u00e9 d&#8217;oxyg\u00e8ne lib\u00e9r\u00e9e, a un effet blanchissant r\u00e9gulier sans abrasifs ou d\u00e9tergents puissants.<br \/>\nEn outre, nous avons une forte concentration d&#8217;acide phtalimidoperoxycapro\u00efque (PAP) qui est une alternative plus s\u00fbre aux ingr\u00e9dients blanchissants traditionnels et l&#8217;agent blanchissant actif. Il a \u00e9t\u00e9 prouv\u00e9 que l&#8217;acide phtalidop\u00e9roxycapro\u00efque blanchit efficacement sans endommager la structure interne ou externe de la dent.<\/p>\n<p><strong>Comment utiliser le dentifrice :<\/strong><br \/>\nBrosser les dents quotidiennement matin et soir pendant au moins 2 minutes avec le dentifrice Beconfident\u00ae Super White &amp; Fresh, ajouter une gorg\u00e9e d&#8217;eau et faire tourner pendant 30 secondes suppl\u00e9mentaires.<\/p>\n","protected":false},"excerpt":{"rendered":"<p>Notre dentifrice blanchissant le plus r\u00e9cent et le plus efficace, qui laisse une sensation de propret\u00e9 et de fra\u00eecheur dans la bouche. Pour des dents plus blanches, un \u00e9mail plus fort et une haleine fra\u00eeche.<\/p>\n","protected":false},"featured_media":52266,"comment_status":"open","ping_status":"closed","template":"","meta":{"_acf_changed":false,"inline_featured_image":false,"_monsterinsights_skip_tracking":false,"_monsterinsights_sitenote_active":false,"_monsterinsights_sitenote_note":"","_monsterinsights_sitenote_category":0},"product_brand":[],"product_cat":[132,131],"product_tag":[],"class_list":{"0":"post-52303","1":"product","2":"type-product","3":"status-publish","4":"has-post-thumbnail","6":"product_cat-tandkram-fr","7":"product_cat-multifunctional-tandkram-fr","9":"first","10":"instock","11":"featured","12":"taxable","13":"shipping-taxable","14":"purchasable","15":"product-type-simple"},"acf":[],"shsp-ext":{"main":{},"variations":[]},"yoast_head":"<!-- This site is optimized with the Yoast SEO plugin v27.2 - https:\/\/yoast.com\/product\/yoast-seo-wordpress\/ -->\n<title>Super White &amp; Fresh Toothpaste - Beconfident<\/title>\n<meta name=\"robots\" content=\"index, follow, max-snippet:-1, max-image-preview:large, max-video-preview:-1\" \/>\n<link rel=\"canonical\" href=\"https:\/\/beconfident.com\/fr\/produkt\/super-white-fresh-toothpaste\/\" \/>\n<meta property=\"og:locale\" content=\"fr_FR\" \/>\n<meta property=\"og:type\" content=\"article\" \/>\n<meta property=\"og:title\" content=\"Super White &amp; Fresh Toothpaste - Beconfident\" \/>\n<meta property=\"og:description\" content=\"Notre dentifrice blanchissant le plus r\u00e9cent et le plus efficace, qui laisse une sensation de propret\u00e9 et de fra\u00eecheur dans la bouche. Pour des dents plus blanches, un \u00e9mail plus fort et une haleine fra\u00eeche.\" \/>\n<meta property=\"og:url\" content=\"https:\/\/beconfident.com\/fr\/produkt\/super-white-fresh-toothpaste\/\" \/>\n<meta property=\"og:site_name\" content=\"Beconfident\" \/>\n<meta property=\"article:modified_time\" content=\"2026-03-04T10:19:59+00:00\" \/>\n<meta property=\"og:image\" content=\"https:\/\/beconfident.com\/wp-content\/uploads\/2023\/07\/Beconfident-Super-Whitening-Fresh-Toothpaste-packaging-and-toothpaste.jpg\" \/>\n\t<meta property=\"og:image:width\" content=\"2000\" \/>\n\t<meta property=\"og:image:height\" content=\"2000\" \/>\n\t<meta property=\"og:image:type\" content=\"image\/jpeg\" \/>\n<meta name=\"twitter:card\" content=\"summary_large_image\" \/>\n<meta name=\"twitter:label1\" content=\"Dur\u00e9e de lecture estim\u00e9e\" \/>\n\t<meta name=\"twitter:data1\" content=\"2 minutes\" \/>\n<script type=\"application\/ld+json\" class=\"yoast-schema-graph\">{\"@context\":\"https:\/\/schema.org\",\"@graph\":[{\"@type\":\"WebPage\",\"@id\":\"https:\/\/beconfident.com\/fr\/produkt\/super-white-fresh-toothpaste\/\",\"url\":\"https:\/\/beconfident.com\/fr\/produkt\/super-white-fresh-toothpaste\/\",\"name\":\"Super White &amp; Fresh Toothpaste - Beconfident\",\"isPartOf\":{\"@id\":\"https:\/\/beconfident.com\/lv\/#website\"},\"primaryImageOfPage\":{\"@id\":\"https:\/\/beconfident.com\/fr\/produkt\/super-white-fresh-toothpaste\/#primaryimage\"},\"image\":{\"@id\":\"https:\/\/beconfident.com\/fr\/produkt\/super-white-fresh-toothpaste\/#primaryimage\"},\"thumbnailUrl\":\"https:\/\/beconfident.com\/wp-content\/uploads\/2023\/07\/Beconfident-Super-Whitening-Fresh-Toothpaste-packaging-and-toothpaste.jpg\",\"datePublished\":\"2023-07-04T09:18:37+00:00\",\"dateModified\":\"2026-03-04T10:19:59+00:00\",\"breadcrumb\":{\"@id\":\"https:\/\/beconfident.com\/fr\/produkt\/super-white-fresh-toothpaste\/#breadcrumb\"},\"inLanguage\":\"fr-FR\",\"potentialAction\":[{\"@type\":\"ReadAction\",\"target\":[\"https:\/\/beconfident.com\/fr\/produkt\/super-white-fresh-toothpaste\/\"]}]},{\"@type\":\"ImageObject\",\"inLanguage\":\"fr-FR\",\"@id\":\"https:\/\/beconfident.com\/fr\/produkt\/super-white-fresh-toothpaste\/#primaryimage\",\"url\":\"https:\/\/beconfident.com\/wp-content\/uploads\/2023\/07\/Beconfident-Super-Whitening-Fresh-Toothpaste-packaging-and-toothpaste.jpg\",\"contentUrl\":\"https:\/\/beconfident.com\/wp-content\/uploads\/2023\/07\/Beconfident-Super-Whitening-Fresh-Toothpaste-packaging-and-toothpaste.jpg\",\"width\":2000,\"height\":2000,\"caption\":\"Beconfident Super Whitening Fresh Toothpaste packaging and toothpaste\"},{\"@type\":\"BreadcrumbList\",\"@id\":\"https:\/\/beconfident.com\/fr\/produkt\/super-white-fresh-toothpaste\/#breadcrumb\",\"itemListElement\":[{\"@type\":\"ListItem\",\"position\":1,\"name\":\"Hem\",\"item\":\"https:\/\/beconfident.com\/fr\/\"},{\"@type\":\"ListItem\",\"position\":2,\"name\":\"Webbutik\",\"item\":\"https:\/\/beconfident.com\/fr\/webbutik\/\"},{\"@type\":\"ListItem\",\"position\":3,\"name\":\"Super White &amp; Fresh Toothpaste\"}]},{\"@type\":\"WebSite\",\"@id\":\"https:\/\/beconfident.com\/lv\/#website\",\"url\":\"https:\/\/beconfident.com\/lv\/\",\"name\":\"Beconfident\",\"description\":\"\",\"potentialAction\":[{\"@type\":\"SearchAction\",\"target\":{\"@type\":\"EntryPoint\",\"urlTemplate\":\"https:\/\/beconfident.com\/lv\/?s={search_term_string}\"},\"query-input\":{\"@type\":\"PropertyValueSpecification\",\"valueRequired\":true,\"valueName\":\"search_term_string\"}}],\"inLanguage\":\"fr-FR\"}]}<\/script>\n<!-- \/ Yoast SEO plugin. -->","yoast_head_json":{"title":"Super White &amp; Fresh Toothpaste - Beconfident","robots":{"index":"index","follow":"follow","max-snippet":"max-snippet:-1","max-image-preview":"max-image-preview:large","max-video-preview":"max-video-preview:-1"},"canonical":"https:\/\/beconfident.com\/fr\/produkt\/super-white-fresh-toothpaste\/","og_locale":"fr_FR","og_type":"article","og_title":"Super White &amp; Fresh Toothpaste - Beconfident","og_description":"Notre dentifrice blanchissant le plus r\u00e9cent et le plus efficace, qui laisse une sensation de propret\u00e9 et de fra\u00eecheur dans la bouche. Pour des dents plus blanches, un \u00e9mail plus fort et une haleine fra\u00eeche.","og_url":"https:\/\/beconfident.com\/fr\/produkt\/super-white-fresh-toothpaste\/","og_site_name":"Beconfident","article_modified_time":"2026-03-04T10:19:59+00:00","og_image":[{"width":2000,"height":2000,"url":"https:\/\/beconfident.com\/wp-content\/uploads\/2023\/07\/Beconfident-Super-Whitening-Fresh-Toothpaste-packaging-and-toothpaste.jpg","type":"image\/jpeg"}],"twitter_card":"summary_large_image","twitter_misc":{"Dur\u00e9e de lecture estim\u00e9e":"2 minutes"},"schema":{"@context":"https:\/\/schema.org","@graph":[{"@type":"WebPage","@id":"https:\/\/beconfident.com\/fr\/produkt\/super-white-fresh-toothpaste\/","url":"https:\/\/beconfident.com\/fr\/produkt\/super-white-fresh-toothpaste\/","name":"Super White &amp; Fresh Toothpaste - Beconfident","isPartOf":{"@id":"https:\/\/beconfident.com\/lv\/#website"},"primaryImageOfPage":{"@id":"https:\/\/beconfident.com\/fr\/produkt\/super-white-fresh-toothpaste\/#primaryimage"},"image":{"@id":"https:\/\/beconfident.com\/fr\/produkt\/super-white-fresh-toothpaste\/#primaryimage"},"thumbnailUrl":"https:\/\/beconfident.com\/wp-content\/uploads\/2023\/07\/Beconfident-Super-Whitening-Fresh-Toothpaste-packaging-and-toothpaste.jpg","datePublished":"2023-07-04T09:18:37+00:00","dateModified":"2026-03-04T10:19:59+00:00","breadcrumb":{"@id":"https:\/\/beconfident.com\/fr\/produkt\/super-white-fresh-toothpaste\/#breadcrumb"},"inLanguage":"fr-FR","potentialAction":[{"@type":"ReadAction","target":["https:\/\/beconfident.com\/fr\/produkt\/super-white-fresh-toothpaste\/"]}]},{"@type":"ImageObject","inLanguage":"fr-FR","@id":"https:\/\/beconfident.com\/fr\/produkt\/super-white-fresh-toothpaste\/#primaryimage","url":"https:\/\/beconfident.com\/wp-content\/uploads\/2023\/07\/Beconfident-Super-Whitening-Fresh-Toothpaste-packaging-and-toothpaste.jpg","contentUrl":"https:\/\/beconfident.com\/wp-content\/uploads\/2023\/07\/Beconfident-Super-Whitening-Fresh-Toothpaste-packaging-and-toothpaste.jpg","width":2000,"height":2000,"caption":"Beconfident Super Whitening Fresh Toothpaste packaging and toothpaste"},{"@type":"BreadcrumbList","@id":"https:\/\/beconfident.com\/fr\/produkt\/super-white-fresh-toothpaste\/#breadcrumb","itemListElement":[{"@type":"ListItem","position":1,"name":"Hem","item":"https:\/\/beconfident.com\/fr\/"},{"@type":"ListItem","position":2,"name":"Webbutik","item":"https:\/\/beconfident.com\/fr\/webbutik\/"},{"@type":"ListItem","position":3,"name":"Super White &amp; Fresh Toothpaste"}]},{"@type":"WebSite","@id":"https:\/\/beconfident.com\/lv\/#website","url":"https:\/\/beconfident.com\/lv\/","name":"Beconfident","description":"","potentialAction":[{"@type":"SearchAction","target":{"@type":"EntryPoint","urlTemplate":"https:\/\/beconfident.com\/lv\/?s={search_term_string}"},"query-input":{"@type":"PropertyValueSpecification","valueRequired":true,"valueName":"search_term_string"}}],"inLanguage":"fr-FR"}]}},"_links":{"self":[{"href":"https:\/\/beconfident.com\/fr\/wp-json\/wp\/v2\/product\/52303","targetHints":{"allow":["GET"]}}],"collection":[{"href":"https:\/\/beconfident.com\/fr\/wp-json\/wp\/v2\/product"}],"about":[{"href":"https:\/\/beconfident.com\/fr\/wp-json\/wp\/v2\/types\/product"}],"replies":[{"embeddable":true,"href":"https:\/\/beconfident.com\/fr\/wp-json\/wp\/v2\/comments?post=52303"}],"wp:featuredmedia":[{"embeddable":true,"href":"https:\/\/beconfident.com\/fr\/wp-json\/wp\/v2\/media\/52266"}],"wp:attachment":[{"href":"https:\/\/beconfident.com\/fr\/wp-json\/wp\/v2\/media?parent=52303"}],"wp:term":[{"taxonomy":"product_brand","embeddable":true,"href":"https:\/\/beconfident.com\/fr\/wp-json\/wp\/v2\/product_brand?post=52303"},{"taxonomy":"product_cat","embeddable":true,"href":"https:\/\/beconfident.com\/fr\/wp-json\/wp\/v2\/product_cat?post=52303"},{"taxonomy":"product_tag","embeddable":true,"href":"https:\/\/beconfident.com\/fr\/wp-json\/wp\/v2\/product_tag?post=52303"}],"curies":[{"name":"wp","href":"https:\/\/api.w.org\/{rel}","templated":true}]}}