{"id":33678,"date":"2021-08-16T08:43:51","date_gmt":"2021-08-16T06:43:51","guid":{"rendered":"http:\/\/beconfident.beconfident.hemsida.eu\/?post_type=product&#038;p=33678"},"modified":"2026-03-22T23:35:38","modified_gmt":"2026-03-22T22:35:38","slug":"brosse-a-dents-electrique-silver-sonic","status":"publish","type":"product","link":"https:\/\/beconfident.com\/fr\/produkt\/brosse-a-dents-electrique-silver-sonic\/","title":{"rendered":"BROSSE A DENTS ELECTRIQUE SONIC SILVER"},"content":{"rendered":"<p><span data-sheets-value=\"{&quot;1&quot;:2,&quot;2&quot;:&quot;Beconfident\u00ae Sonic Silver Toothbrush White\/Silver: Sonic Whitening Electric Toothbrush vibre avec 38 000 oscillations\/76 000 mouvements par minute et cliniquement prouv\u00e9 enl\u00e8ve la plaque 62% mieux qu\u2019une brosse \u00e0 dents manuelle. En plus du brossage m\u00e9canique, sonic cr\u00e9e les vibrations, avec le dentifrice et la salive, tourbillons qui fournissent un effet de nettoyage secondaire et aident \u00e0 enlever la plaque m\u00eame lorsque la brosse ne peut pas \u00eatre consult\u00e9. Le traitement m\u00e9canique efficace \u00e9limine \u00e9galement les taches, donne des dents plus blanches et fournit le m\u00eame effet de nettoyage qu\u2019apr\u00e8s une visite chez l\u2019hygi\u00e9niste dentaire. Sonic Whitening Electric Toothbrush est livr\u00e9 avec 1 t\u00eate de brosse r\u00e9guli\u00e8re (il ya blanchissant et soft versions pour s\u2019adapter) et peut \u00eatre d\u00e9fini en 3 modes diff\u00e9rents: Sensible, Propre et blanchissant. Une minuterie donne un signal toutes les 30 secondes de sorte que les quatre quadrants dans la bouche obtenir le m\u00eame nettoyage et il s\u2019\u00e9teint automatiquement apr\u00e8s un total de deux minutes. La batterie rechargeable int\u00e9gr\u00e9e a une charge rapide et se recharge enti\u00e8rement en 6 heures qui dure 90 jours complets lors du brossage quatre minutes par jour. Le paquet comprend une t\u00eate de brosse \u00e0 dents Sonic Regular, un cordon DC (connexion directe) au chargeur USB (non inclus) et des instructions d\u2019utilisation. T\u00eate de brosse \u00e0 dents d\u00e9velopp\u00e9e pour et adapt\u00e9 seulement pour beconfident\u00ae brosses \u00e0 dents \u00e9lectriques.&quot;}\" data-sheets-userformat=\"{&quot;2&quot;:13309,&quot;3&quot;:{&quot;1&quot;:0},&quot;5&quot;:{&quot;1&quot;:[{&quot;1&quot;:2,&quot;2&quot;:0,&quot;5&quot;:{&quot;1&quot;:2,&quot;2&quot;:0}},{&quot;1&quot;:0,&quot;2&quot;:0,&quot;3&quot;:3},{&quot;1&quot;:1,&quot;2&quot;:0,&quot;4&quot;:1}]},&quot;6&quot;:{&quot;1&quot;:[{&quot;1&quot;:2,&quot;2&quot;:0,&quot;5&quot;:{&quot;1&quot;:2,&quot;2&quot;:0}},{&quot;1&quot;:0,&quot;2&quot;:0,&quot;3&quot;:3},{&quot;1&quot;:1,&quot;2&quot;:0,&quot;4&quot;:1}]},&quot;7&quot;:{&quot;1&quot;:[{&quot;1&quot;:2,&quot;2&quot;:0,&quot;5&quot;:{&quot;1&quot;:2,&quot;2&quot;:0}},{&quot;1&quot;:0,&quot;2&quot;:0,&quot;3&quot;:3},{&quot;1&quot;:1,&quot;2&quot;:0,&quot;4&quot;:1}]},&quot;8&quot;:{&quot;1&quot;:[{&quot;1&quot;:2,&quot;2&quot;:0,&quot;5&quot;:{&quot;1&quot;:2,&quot;2&quot;:0}},{&quot;1&quot;:0,&quot;2&quot;:0,&quot;3&quot;:3},{&quot;1&quot;:1,&quot;2&quot;:0,&quot;4&quot;:1}]},&quot;9&quot;:0,&quot;10&quot;:0,&quot;11&quot;:4,&quot;12&quot;:0,&quot;15&quot;:&quot;Avenir&quot;,&quot;16&quot;:10}\">Beconfident\u00ae Sonic Silver Toothbrush White\/Silver: Sonic Whitening Electric Toothbrush vibre avec 38 000 oscillations\/76 000 mouvements par minute et cliniquement prouv\u00e9 enl\u00e8ve la plaque 62% mieux qu\u2019une brosse \u00e0 dents manuelle. En plus du brossage m\u00e9canique, sonic cr\u00e9e les vibrations, avec le dentifrice et la salive, tourbillons qui fournissent un effet de nettoyage secondaire et aident \u00e0 enlever la plaque m\u00eame lorsque la brosse ne peut pas \u00eatre consult\u00e9. Le traitement m\u00e9canique efficace \u00e9limine \u00e9galement les taches, donne des dents plus blanches et fournit le m\u00eame effet de nettoyage qu\u2019apr\u00e8s une visite chez l\u2019hygi\u00e9niste dentaire. Sonic Whitening Electric Toothbrush est livr\u00e9 avec 1 t\u00eate de brosse r\u00e9guli\u00e8re (il ya blanchissant et soft versions pour s\u2019adapter) et peut \u00eatre d\u00e9fini en 3 modes diff\u00e9rents: Sensible, Propre et blanchissant. Une minuterie donne un signal toutes les 30 secondes de sorte que les quatre quadrants dans la bouche obtenir le m\u00eame nettoyage et il s\u2019\u00e9teint automatiquement apr\u00e8s un total de deux minutes. La batterie rechargeable int\u00e9gr\u00e9e a une charge rapide et se recharge enti\u00e8rement en 6 heures qui dure 90 jours complets lors du brossage quatre minutes par jour. Le paquet comprend une t\u00eate de brosse \u00e0 dents Sonic Regular, un cordon DC (connexion directe) au chargeur USB (non inclus) et des instructions d\u2019utilisation. T\u00eate de brosse \u00e0 dents d\u00e9velopp\u00e9e pour et adapt\u00e9 seulement pour beconfident\u00ae brosses \u00e0 dents \u00e9lectriques.<\/span><\/p>\n","protected":false},"excerpt":{"rendered":"<p id=\"tw-target-text\" class=\"tw-data-text tw-text-large XcVN5d tw-ta\" dir=\"ltr\" data-placeholder=\"\u00d6vers\u00e4ttning\"><span class=\"Y2IQFc\" lang=\"fr\">Brosse \u00e0 dents \u00e9lectrique Silver Sonic Whitening blanc\/argent. Complet avec 1 t\u00eate de brosse ordinaire, c\u00e2ble pour chargeur USB et manuel.<\/span><\/p>\n","protected":false},"featured_media":58661,"comment_status":"open","ping_status":"closed","template":"","meta":{"_acf_changed":false,"inline_featured_image":false,"_monsterinsights_skip_tracking":false,"_monsterinsights_sitenote_active":false,"_monsterinsights_sitenote_note":"","_monsterinsights_sitenote_category":0},"product_brand":[],"product_cat":[735,235,245],"product_tag":[],"class_list":{"0":"post-33678","1":"product","2":"type-product","3":"status-publish","4":"has-post-thumbnail","6":"product_cat-all-products-fr","7":"product_cat-soins-buccaux","8":"product_cat-sonic-eltandsborstar-fr","10":"first","11":"instock","12":"featured","13":"taxable","14":"shipping-taxable","15":"purchasable","16":"product-type-simple"},"acf":[],"shsp-ext":{"main":{},"variations":[]},"yoast_head":"<!-- This site is optimized with the Yoast SEO plugin v27.2 - https:\/\/yoast.com\/product\/yoast-seo-wordpress\/ -->\n<title>BROSSE A DENTS ELECTRIQUE SONIC SILVER - Beconfident<\/title>\n<meta name=\"robots\" content=\"index, follow, max-snippet:-1, max-image-preview:large, max-video-preview:-1\" \/>\n<link rel=\"canonical\" href=\"https:\/\/beconfident.com\/fr\/produkt\/brosse-a-dents-electrique-silver-sonic\/\" \/>\n<meta property=\"og:locale\" content=\"fr_FR\" \/>\n<meta property=\"og:type\" content=\"article\" \/>\n<meta property=\"og:title\" content=\"BROSSE A DENTS ELECTRIQUE SONIC SILVER - Beconfident\" \/>\n<meta property=\"og:description\" content=\"Brosse \u00e0 dents \u00e9lectrique Silver Sonic Whitening blanc\/argent. Complet avec 1 t\u00eate de brosse ordinaire, c\u00e2ble pour chargeur USB et manuel.\" \/>\n<meta property=\"og:url\" content=\"https:\/\/beconfident.com\/fr\/produkt\/brosse-a-dents-electrique-silver-sonic\/\" \/>\n<meta property=\"og:site_name\" content=\"Beconfident\" \/>\n<meta property=\"article:modified_time\" content=\"2026-03-22T22:35:38+00:00\" \/>\n<meta property=\"og:image\" content=\"https:\/\/beconfident.com\/wp-content\/uploads\/2021\/08\/Sonic-toothbrush-old.jpg\" \/>\n\t<meta property=\"og:image:width\" content=\"2000\" \/>\n\t<meta property=\"og:image:height\" content=\"2000\" \/>\n\t<meta property=\"og:image:type\" content=\"image\/jpeg\" \/>\n<meta name=\"twitter:card\" content=\"summary_large_image\" \/>\n<meta name=\"twitter:label1\" content=\"Dur\u00e9e de lecture estim\u00e9e\" \/>\n\t<meta name=\"twitter:data1\" content=\"1 minute\" \/>\n<script type=\"application\/ld+json\" class=\"yoast-schema-graph\">{\"@context\":\"https:\/\/schema.org\",\"@graph\":[{\"@type\":\"WebPage\",\"@id\":\"https:\/\/beconfident.com\/fr\/produkt\/brosse-a-dents-electrique-silver-sonic\/\",\"url\":\"https:\/\/beconfident.com\/fr\/produkt\/brosse-a-dents-electrique-silver-sonic\/\",\"name\":\"BROSSE A DENTS ELECTRIQUE SONIC SILVER - Beconfident\",\"isPartOf\":{\"@id\":\"https:\/\/beconfident.com\/lv\/#website\"},\"primaryImageOfPage\":{\"@id\":\"https:\/\/beconfident.com\/fr\/produkt\/brosse-a-dents-electrique-silver-sonic\/#primaryimage\"},\"image\":{\"@id\":\"https:\/\/beconfident.com\/fr\/produkt\/brosse-a-dents-electrique-silver-sonic\/#primaryimage\"},\"thumbnailUrl\":\"https:\/\/beconfident.com\/wp-content\/uploads\/2021\/08\/Sonic-toothbrush-old.jpg\",\"datePublished\":\"2021-08-16T06:43:51+00:00\",\"dateModified\":\"2026-03-22T22:35:38+00:00\",\"breadcrumb\":{\"@id\":\"https:\/\/beconfident.com\/fr\/produkt\/brosse-a-dents-electrique-silver-sonic\/#breadcrumb\"},\"inLanguage\":\"fr-FR\",\"potentialAction\":[{\"@type\":\"ReadAction\",\"target\":[\"https:\/\/beconfident.com\/fr\/produkt\/brosse-a-dents-electrique-silver-sonic\/\"]}]},{\"@type\":\"ImageObject\",\"inLanguage\":\"fr-FR\",\"@id\":\"https:\/\/beconfident.com\/fr\/produkt\/brosse-a-dents-electrique-silver-sonic\/#primaryimage\",\"url\":\"https:\/\/beconfident.com\/wp-content\/uploads\/2021\/08\/Sonic-toothbrush-old.jpg\",\"contentUrl\":\"https:\/\/beconfident.com\/wp-content\/uploads\/2021\/08\/Sonic-toothbrush-old.jpg\",\"width\":2000,\"height\":2000},{\"@type\":\"BreadcrumbList\",\"@id\":\"https:\/\/beconfident.com\/fr\/produkt\/brosse-a-dents-electrique-silver-sonic\/#breadcrumb\",\"itemListElement\":[{\"@type\":\"ListItem\",\"position\":1,\"name\":\"Hem\",\"item\":\"https:\/\/beconfident.com\/fr\/\"},{\"@type\":\"ListItem\",\"position\":2,\"name\":\"Webbutik\",\"item\":\"https:\/\/beconfident.com\/fr\/webbutik\/\"},{\"@type\":\"ListItem\",\"position\":3,\"name\":\"BROSSE A DENTS ELECTRIQUE SONIC SILVER\"}]},{\"@type\":\"WebSite\",\"@id\":\"https:\/\/beconfident.com\/lv\/#website\",\"url\":\"https:\/\/beconfident.com\/lv\/\",\"name\":\"Beconfident\",\"description\":\"\",\"potentialAction\":[{\"@type\":\"SearchAction\",\"target\":{\"@type\":\"EntryPoint\",\"urlTemplate\":\"https:\/\/beconfident.com\/lv\/?s={search_term_string}\"},\"query-input\":{\"@type\":\"PropertyValueSpecification\",\"valueRequired\":true,\"valueName\":\"search_term_string\"}}],\"inLanguage\":\"fr-FR\"}]}<\/script>\n<!-- \/ Yoast SEO plugin. -->","yoast_head_json":{"title":"BROSSE A DENTS ELECTRIQUE SONIC SILVER - Beconfident","robots":{"index":"index","follow":"follow","max-snippet":"max-snippet:-1","max-image-preview":"max-image-preview:large","max-video-preview":"max-video-preview:-1"},"canonical":"https:\/\/beconfident.com\/fr\/produkt\/brosse-a-dents-electrique-silver-sonic\/","og_locale":"fr_FR","og_type":"article","og_title":"BROSSE A DENTS ELECTRIQUE SONIC SILVER - Beconfident","og_description":"Brosse \u00e0 dents \u00e9lectrique Silver Sonic Whitening blanc\/argent. Complet avec 1 t\u00eate de brosse ordinaire, c\u00e2ble pour chargeur USB et manuel.","og_url":"https:\/\/beconfident.com\/fr\/produkt\/brosse-a-dents-electrique-silver-sonic\/","og_site_name":"Beconfident","article_modified_time":"2026-03-22T22:35:38+00:00","og_image":[{"width":2000,"height":2000,"url":"https:\/\/beconfident.com\/wp-content\/uploads\/2021\/08\/Sonic-toothbrush-old.jpg","type":"image\/jpeg"}],"twitter_card":"summary_large_image","twitter_misc":{"Dur\u00e9e de lecture estim\u00e9e":"1 minute"},"schema":{"@context":"https:\/\/schema.org","@graph":[{"@type":"WebPage","@id":"https:\/\/beconfident.com\/fr\/produkt\/brosse-a-dents-electrique-silver-sonic\/","url":"https:\/\/beconfident.com\/fr\/produkt\/brosse-a-dents-electrique-silver-sonic\/","name":"BROSSE A DENTS ELECTRIQUE SONIC SILVER - Beconfident","isPartOf":{"@id":"https:\/\/beconfident.com\/lv\/#website"},"primaryImageOfPage":{"@id":"https:\/\/beconfident.com\/fr\/produkt\/brosse-a-dents-electrique-silver-sonic\/#primaryimage"},"image":{"@id":"https:\/\/beconfident.com\/fr\/produkt\/brosse-a-dents-electrique-silver-sonic\/#primaryimage"},"thumbnailUrl":"https:\/\/beconfident.com\/wp-content\/uploads\/2021\/08\/Sonic-toothbrush-old.jpg","datePublished":"2021-08-16T06:43:51+00:00","dateModified":"2026-03-22T22:35:38+00:00","breadcrumb":{"@id":"https:\/\/beconfident.com\/fr\/produkt\/brosse-a-dents-electrique-silver-sonic\/#breadcrumb"},"inLanguage":"fr-FR","potentialAction":[{"@type":"ReadAction","target":["https:\/\/beconfident.com\/fr\/produkt\/brosse-a-dents-electrique-silver-sonic\/"]}]},{"@type":"ImageObject","inLanguage":"fr-FR","@id":"https:\/\/beconfident.com\/fr\/produkt\/brosse-a-dents-electrique-silver-sonic\/#primaryimage","url":"https:\/\/beconfident.com\/wp-content\/uploads\/2021\/08\/Sonic-toothbrush-old.jpg","contentUrl":"https:\/\/beconfident.com\/wp-content\/uploads\/2021\/08\/Sonic-toothbrush-old.jpg","width":2000,"height":2000},{"@type":"BreadcrumbList","@id":"https:\/\/beconfident.com\/fr\/produkt\/brosse-a-dents-electrique-silver-sonic\/#breadcrumb","itemListElement":[{"@type":"ListItem","position":1,"name":"Hem","item":"https:\/\/beconfident.com\/fr\/"},{"@type":"ListItem","position":2,"name":"Webbutik","item":"https:\/\/beconfident.com\/fr\/webbutik\/"},{"@type":"ListItem","position":3,"name":"BROSSE A DENTS ELECTRIQUE SONIC SILVER"}]},{"@type":"WebSite","@id":"https:\/\/beconfident.com\/lv\/#website","url":"https:\/\/beconfident.com\/lv\/","name":"Beconfident","description":"","potentialAction":[{"@type":"SearchAction","target":{"@type":"EntryPoint","urlTemplate":"https:\/\/beconfident.com\/lv\/?s={search_term_string}"},"query-input":{"@type":"PropertyValueSpecification","valueRequired":true,"valueName":"search_term_string"}}],"inLanguage":"fr-FR"}]}},"_links":{"self":[{"href":"https:\/\/beconfident.com\/fr\/wp-json\/wp\/v2\/product\/33678","targetHints":{"allow":["GET"]}}],"collection":[{"href":"https:\/\/beconfident.com\/fr\/wp-json\/wp\/v2\/product"}],"about":[{"href":"https:\/\/beconfident.com\/fr\/wp-json\/wp\/v2\/types\/product"}],"replies":[{"embeddable":true,"href":"https:\/\/beconfident.com\/fr\/wp-json\/wp\/v2\/comments?post=33678"}],"wp:featuredmedia":[{"embeddable":true,"href":"https:\/\/beconfident.com\/fr\/wp-json\/wp\/v2\/media\/58661"}],"wp:attachment":[{"href":"https:\/\/beconfident.com\/fr\/wp-json\/wp\/v2\/media?parent=33678"}],"wp:term":[{"taxonomy":"product_brand","embeddable":true,"href":"https:\/\/beconfident.com\/fr\/wp-json\/wp\/v2\/product_brand?post=33678"},{"taxonomy":"product_cat","embeddable":true,"href":"https:\/\/beconfident.com\/fr\/wp-json\/wp\/v2\/product_cat?post=33678"},{"taxonomy":"product_tag","embeddable":true,"href":"https:\/\/beconfident.com\/fr\/wp-json\/wp\/v2\/product_tag?post=33678"}],"curies":[{"name":"wp","href":"https:\/\/api.w.org\/{rel}","templated":true}]}}