{"id":19100,"date":"2021-03-26T14:02:09","date_gmt":"2021-03-26T13:12:52","guid":{"rendered":"http:\/\/beconfident.beconfident.hemsida.eu\/?post_type=product&#038;p=19100"},"modified":"2023-04-06T13:34:33","modified_gmt":"2023-04-06T11:34:33","slug":"kit-de-blanchiment-des-dents-x4-pro","status":"publish","type":"product","link":"https:\/\/beconfident.com\/fr\/produkt\/kit-de-blanchiment-des-dents-x4-pro\/","title":{"rendered":"KIT DE BLANCHIMENT DES DENTS X4 PRO"},"content":{"rendered":"<p>Beconfident\u00ae Pro Kit est notre kit de blanchiment des dents le plus efficace pour des r\u00e9sultats optimaux. Le gel de blanchiment des dents contient quatre ingr\u00e9dients actifs, PAP (acide \u03b5-phtalimido peroxy hexano\u00efque) + bicarbonate de sodium + sulfate de coco, qui agissent ensemble pour donner les meilleurs r\u00e9sultats de blanchiment possible sans peroxyde d\u2019hydrog\u00e8ne. Le quatri\u00e8me ingr\u00e9dient, le gluconate ferreux, peut \u00eatre activ\u00e9 avec Beconfident\u00ae LED Booster Light pour am\u00e9liorer l\u2019effet de blanchiment de vos dents avec une autre teinte. Le Kit Pro comprend un traitement Protect and Repair, un gel r\u00e9parateur qui r\u00e9duit la sensibilit\u00e9 des dents apr\u00e8s chaque traitement et aide \u00e0 r\u00e9parer les petits dommages de l\u2019\u00e9mail et \u00e0 renforcer et prot\u00e9ger l\u2019\u00e9mail sur le long terme. L\u2019emballage contient le gel de blanchiment des dents Pro Kit (10 ml), le gel de finition Protect &amp; Repair (10 ml), deux goutti\u00e8res moulables, un applicateur de gel, un guide de teintes et un mode d\u2019emploi.<\/p>\n","protected":false},"excerpt":{"rendered":"<p class=\"p1\">Jusqu&#8217;\u00e0 7 teintes de dents plus blanches en 10 jours + une teinte suppl\u00e9mentaire en cas d&#8217;utilisation avec le LED Booster Light.<\/p>\n","protected":false},"featured_media":628,"comment_status":"open","ping_status":"closed","template":"","meta":{"_acf_changed":false,"inline_featured_image":false,"_monsterinsights_skip_tracking":false,"_monsterinsights_sitenote_active":false,"_monsterinsights_sitenote_note":"","_monsterinsights_sitenote_category":0},"product_brand":[],"product_cat":[735,357,276],"product_tag":[],"class_list":{"0":"post-19100","1":"product","2":"type-product","3":"status-publish","4":"has-post-thumbnail","6":"product_cat-all-products-fr","7":"product_cat-blanchiment-des-dents","8":"product_cat-kit-de-blanchiment-des-dents","10":"first","11":"instock","12":"taxable","13":"shipping-taxable","14":"purchasable","15":"product-type-simple"},"acf":[],"shsp-ext":{"main":{},"variations":[]},"yoast_head":"<!-- This site is optimized with the Yoast SEO plugin v27.5 - https:\/\/yoast.com\/product\/yoast-seo-wordpress\/ -->\n<title>KIT DE BLANCHIMENT DES DENTS X4 PRO - Beconfident<\/title>\n<meta name=\"robots\" content=\"index, follow, max-snippet:-1, max-image-preview:large, max-video-preview:-1\" \/>\n<link rel=\"canonical\" href=\"https:\/\/beconfident.com\/fr\/produkt\/kit-de-blanchiment-des-dents-x4-pro\/\" \/>\n<meta property=\"og:locale\" content=\"fr_FR\" \/>\n<meta property=\"og:type\" content=\"article\" \/>\n<meta property=\"og:title\" content=\"KIT DE BLANCHIMENT DES DENTS X4 PRO - Beconfident\" \/>\n<meta property=\"og:description\" content=\"Jusqu&#039;\u00e0 7 teintes de dents plus blanches en 10 jours + une teinte suppl\u00e9mentaire en cas d&#039;utilisation avec le LED Booster Light.\" \/>\n<meta property=\"og:url\" content=\"https:\/\/beconfident.com\/fr\/produkt\/kit-de-blanchiment-des-dents-x4-pro\/\" \/>\n<meta property=\"og:site_name\" content=\"Beconfident\" \/>\n<meta property=\"article:modified_time\" content=\"2023-04-06T11:34:33+00:00\" \/>\n<meta property=\"og:image\" content=\"https:\/\/beconfident.com\/wp-content\/uploads\/2021\/01\/beconfident_pro_kit_1250xx_5.jpg\" \/>\n\t<meta property=\"og:image:width\" content=\"1417\" \/>\n\t<meta property=\"og:image:height\" content=\"1063\" \/>\n\t<meta property=\"og:image:type\" content=\"image\/jpeg\" \/>\n<meta name=\"twitter:card\" content=\"summary_large_image\" \/>\n<meta name=\"twitter:label1\" content=\"Dur\u00e9e de lecture estim\u00e9e\" \/>\n\t<meta name=\"twitter:data1\" content=\"1 minute\" \/>\n<script type=\"application\/ld+json\" class=\"yoast-schema-graph\">{\"@context\":\"https:\\\/\\\/schema.org\",\"@graph\":[{\"@type\":\"WebPage\",\"@id\":\"https:\\\/\\\/beconfident.com\\\/fr\\\/produkt\\\/kit-de-blanchiment-des-dents-x4-pro\\\/\",\"url\":\"https:\\\/\\\/beconfident.com\\\/fr\\\/produkt\\\/kit-de-blanchiment-des-dents-x4-pro\\\/\",\"name\":\"KIT DE BLANCHIMENT DES DENTS X4 PRO - Beconfident\",\"isPartOf\":{\"@id\":\"https:\\\/\\\/beconfident.com\\\/lv\\\/#website\"},\"primaryImageOfPage\":{\"@id\":\"https:\\\/\\\/beconfident.com\\\/fr\\\/produkt\\\/kit-de-blanchiment-des-dents-x4-pro\\\/#primaryimage\"},\"image\":{\"@id\":\"https:\\\/\\\/beconfident.com\\\/fr\\\/produkt\\\/kit-de-blanchiment-des-dents-x4-pro\\\/#primaryimage\"},\"thumbnailUrl\":\"https:\\\/\\\/beconfident.com\\\/wp-content\\\/uploads\\\/2021\\\/01\\\/beconfident_pro_kit_1250xx_5.jpg\",\"datePublished\":\"2021-03-26T13:12:52+00:00\",\"dateModified\":\"2023-04-06T11:34:33+00:00\",\"breadcrumb\":{\"@id\":\"https:\\\/\\\/beconfident.com\\\/fr\\\/produkt\\\/kit-de-blanchiment-des-dents-x4-pro\\\/#breadcrumb\"},\"inLanguage\":\"fr-FR\",\"potentialAction\":[{\"@type\":\"ReadAction\",\"target\":[\"https:\\\/\\\/beconfident.com\\\/fr\\\/produkt\\\/kit-de-blanchiment-des-dents-x4-pro\\\/\"]}]},{\"@type\":\"ImageObject\",\"inLanguage\":\"fr-FR\",\"@id\":\"https:\\\/\\\/beconfident.com\\\/fr\\\/produkt\\\/kit-de-blanchiment-des-dents-x4-pro\\\/#primaryimage\",\"url\":\"https:\\\/\\\/beconfident.com\\\/wp-content\\\/uploads\\\/2021\\\/01\\\/beconfident_pro_kit_1250xx_5.jpg\",\"contentUrl\":\"https:\\\/\\\/beconfident.com\\\/wp-content\\\/uploads\\\/2021\\\/01\\\/beconfident_pro_kit_1250xx_5.jpg\",\"width\":1417,\"height\":1063,\"caption\":\"beconfident pro kit 1250xx 5\"},{\"@type\":\"BreadcrumbList\",\"@id\":\"https:\\\/\\\/beconfident.com\\\/fr\\\/produkt\\\/kit-de-blanchiment-des-dents-x4-pro\\\/#breadcrumb\",\"itemListElement\":[{\"@type\":\"ListItem\",\"position\":1,\"name\":\"Hem\",\"item\":\"https:\\\/\\\/beconfident.com\\\/fr\\\/\"},{\"@type\":\"ListItem\",\"position\":2,\"name\":\"Webbutik\",\"item\":\"https:\\\/\\\/beconfident.com\\\/fr\\\/webbutik\\\/\"},{\"@type\":\"ListItem\",\"position\":3,\"name\":\"KIT DE BLANCHIMENT DES DENTS X4 PRO\"}]},{\"@type\":\"WebSite\",\"@id\":\"https:\\\/\\\/beconfident.com\\\/lv\\\/#website\",\"url\":\"https:\\\/\\\/beconfident.com\\\/lv\\\/\",\"name\":\"Beconfident\",\"description\":\"\",\"potentialAction\":[{\"@type\":\"SearchAction\",\"target\":{\"@type\":\"EntryPoint\",\"urlTemplate\":\"https:\\\/\\\/beconfident.com\\\/lv\\\/?s={search_term_string}\"},\"query-input\":{\"@type\":\"PropertyValueSpecification\",\"valueRequired\":true,\"valueName\":\"search_term_string\"}}],\"inLanguage\":\"fr-FR\"}]}<\/script>\n<!-- \/ Yoast SEO plugin. -->","yoast_head_json":{"title":"KIT DE BLANCHIMENT DES DENTS X4 PRO - Beconfident","robots":{"index":"index","follow":"follow","max-snippet":"max-snippet:-1","max-image-preview":"max-image-preview:large","max-video-preview":"max-video-preview:-1"},"canonical":"https:\/\/beconfident.com\/fr\/produkt\/kit-de-blanchiment-des-dents-x4-pro\/","og_locale":"fr_FR","og_type":"article","og_title":"KIT DE BLANCHIMENT DES DENTS X4 PRO - Beconfident","og_description":"Jusqu'\u00e0 7 teintes de dents plus blanches en 10 jours + une teinte suppl\u00e9mentaire en cas d'utilisation avec le LED Booster Light.","og_url":"https:\/\/beconfident.com\/fr\/produkt\/kit-de-blanchiment-des-dents-x4-pro\/","og_site_name":"Beconfident","article_modified_time":"2023-04-06T11:34:33+00:00","og_image":[{"width":1417,"height":1063,"url":"https:\/\/beconfident.com\/wp-content\/uploads\/2021\/01\/beconfident_pro_kit_1250xx_5.jpg","type":"image\/jpeg"}],"twitter_card":"summary_large_image","twitter_misc":{"Dur\u00e9e de lecture estim\u00e9e":"1 minute"},"schema":{"@context":"https:\/\/schema.org","@graph":[{"@type":"WebPage","@id":"https:\/\/beconfident.com\/fr\/produkt\/kit-de-blanchiment-des-dents-x4-pro\/","url":"https:\/\/beconfident.com\/fr\/produkt\/kit-de-blanchiment-des-dents-x4-pro\/","name":"KIT DE BLANCHIMENT DES DENTS X4 PRO - Beconfident","isPartOf":{"@id":"https:\/\/beconfident.com\/lv\/#website"},"primaryImageOfPage":{"@id":"https:\/\/beconfident.com\/fr\/produkt\/kit-de-blanchiment-des-dents-x4-pro\/#primaryimage"},"image":{"@id":"https:\/\/beconfident.com\/fr\/produkt\/kit-de-blanchiment-des-dents-x4-pro\/#primaryimage"},"thumbnailUrl":"https:\/\/beconfident.com\/wp-content\/uploads\/2021\/01\/beconfident_pro_kit_1250xx_5.jpg","datePublished":"2021-03-26T13:12:52+00:00","dateModified":"2023-04-06T11:34:33+00:00","breadcrumb":{"@id":"https:\/\/beconfident.com\/fr\/produkt\/kit-de-blanchiment-des-dents-x4-pro\/#breadcrumb"},"inLanguage":"fr-FR","potentialAction":[{"@type":"ReadAction","target":["https:\/\/beconfident.com\/fr\/produkt\/kit-de-blanchiment-des-dents-x4-pro\/"]}]},{"@type":"ImageObject","inLanguage":"fr-FR","@id":"https:\/\/beconfident.com\/fr\/produkt\/kit-de-blanchiment-des-dents-x4-pro\/#primaryimage","url":"https:\/\/beconfident.com\/wp-content\/uploads\/2021\/01\/beconfident_pro_kit_1250xx_5.jpg","contentUrl":"https:\/\/beconfident.com\/wp-content\/uploads\/2021\/01\/beconfident_pro_kit_1250xx_5.jpg","width":1417,"height":1063,"caption":"beconfident pro kit 1250xx 5"},{"@type":"BreadcrumbList","@id":"https:\/\/beconfident.com\/fr\/produkt\/kit-de-blanchiment-des-dents-x4-pro\/#breadcrumb","itemListElement":[{"@type":"ListItem","position":1,"name":"Hem","item":"https:\/\/beconfident.com\/fr\/"},{"@type":"ListItem","position":2,"name":"Webbutik","item":"https:\/\/beconfident.com\/fr\/webbutik\/"},{"@type":"ListItem","position":3,"name":"KIT DE BLANCHIMENT DES DENTS X4 PRO"}]},{"@type":"WebSite","@id":"https:\/\/beconfident.com\/lv\/#website","url":"https:\/\/beconfident.com\/lv\/","name":"Beconfident","description":"","potentialAction":[{"@type":"SearchAction","target":{"@type":"EntryPoint","urlTemplate":"https:\/\/beconfident.com\/lv\/?s={search_term_string}"},"query-input":{"@type":"PropertyValueSpecification","valueRequired":true,"valueName":"search_term_string"}}],"inLanguage":"fr-FR"}]}},"_links":{"self":[{"href":"https:\/\/beconfident.com\/fr\/wp-json\/wp\/v2\/product\/19100","targetHints":{"allow":["GET"]}}],"collection":[{"href":"https:\/\/beconfident.com\/fr\/wp-json\/wp\/v2\/product"}],"about":[{"href":"https:\/\/beconfident.com\/fr\/wp-json\/wp\/v2\/types\/product"}],"replies":[{"embeddable":true,"href":"https:\/\/beconfident.com\/fr\/wp-json\/wp\/v2\/comments?post=19100"}],"wp:featuredmedia":[{"embeddable":true,"href":"https:\/\/beconfident.com\/fr\/wp-json\/wp\/v2\/media\/628"}],"wp:attachment":[{"href":"https:\/\/beconfident.com\/fr\/wp-json\/wp\/v2\/media?parent=19100"}],"wp:term":[{"taxonomy":"product_brand","embeddable":true,"href":"https:\/\/beconfident.com\/fr\/wp-json\/wp\/v2\/product_brand?post=19100"},{"taxonomy":"product_cat","embeddable":true,"href":"https:\/\/beconfident.com\/fr\/wp-json\/wp\/v2\/product_cat?post=19100"},{"taxonomy":"product_tag","embeddable":true,"href":"https:\/\/beconfident.com\/fr\/wp-json\/wp\/v2\/product_tag?post=19100"}],"curies":[{"name":"wp","href":"https:\/\/api.w.org\/{rel}","templated":true}]}}