{"id":21271,"date":"2021-01-11T10:04:26","date_gmt":"2021-01-11T09:04:26","guid":{"rendered":"http:\/\/beconfident.beconfident.hemsida.eu\/produkt\/tooth-gloss-mint-10-ml\/"},"modified":"2025-06-25T08:03:10","modified_gmt":"2025-06-25T06:03:10","slug":"tooth-gloss-mint-10-ml","status":"publish","type":"product","link":"https:\/\/beconfident.com\/fi_sv\/produkt\/tooth-gloss-mint-10-ml\/","title":{"rendered":"Tandgloss Mintsmak &#8211; 10 ml"},"content":{"rendered":"<p>Med Beconfident\u00ae tandgloss f\u00e5r t\u00e4nderna en fantastisk lyster tack vare en patenterad formula. Tandglosset ger inte bara ett vackert leende, det skyddar \u00e4ven effektivt t\u00e4nderna mot f\u00e4rgade drycker och missf\u00e4rgningar och passar d\u00e4rf\u00f6r utm\u00e4rkt som skydd efter tandblekning. Beconfidents tandgloss kan anv\u00e4ndas dagligen eller vid behov n\u00e4r man vill visa upp sitt b\u00e4sta leende.<\/p>\n<p>Applicering: f\u00f6r vuxna och barn \u00f6ver 12 \u00e5r: F\u00f6r b\u00e4sta resultat applicera en tunn str\u00e4ng av Tandgloss p\u00e5 tandborsten och borsta normalt efter behov. Produkten kan \u00e4ven appliceras med fingertopparna. F\u00f6rpackningen inneh\u00e5ller 1 x Tandgloss (10 ml) och bruksanvisning.<\/p>\n","protected":false},"excerpt":{"rendered":"<p>Tandgloss som effektivt skyddar t\u00e4nderna mot missf\u00e4rgningar och ger t\u00e4nderna vacker glans<\/p>\n","protected":false},"featured_media":21272,"comment_status":"open","ping_status":"closed","template":"","meta":{"_acf_changed":false,"inline_featured_image":false,"_monsterinsights_skip_tracking":false,"_monsterinsights_sitenote_active":false,"_monsterinsights_sitenote_note":"","_monsterinsights_sitenote_category":0},"product_brand":[],"product_cat":[723,487],"product_tag":[],"class_list":{"0":"post-21271","1":"product","2":"type-product","3":"status-publish","4":"has-post-thumbnail","6":"product_cat-alla-produkter-fi_sv","7":"product_cat-underhall-fi_sv","9":"first","10":"instock","11":"taxable","12":"shipping-taxable","13":"purchasable","14":"product-type-simple"},"acf":[],"shsp-ext":{"main":{},"variations":[]},"yoast_head":"<!-- This site is optimized with the Yoast SEO plugin v27.2 - https:\/\/yoast.com\/product\/yoast-seo-wordpress\/ -->\n<title>Tandgloss Mintsmak - 10 ml - Beconfident<\/title>\n<meta name=\"description\" content=\"Tandgloss som effektivt skyddar t\u00e4nderna mot missf\u00e4rgningar och ger t\u00e4nderna en vacker glans f\u00f6r ett vitare leende.\" \/>\n<meta name=\"robots\" content=\"index, follow, max-snippet:-1, max-image-preview:large, max-video-preview:-1\" \/>\n<link rel=\"canonical\" href=\"https:\/\/beconfident.com\/fi_sv\/produkt\/tooth-gloss-mint-10-ml\/\" \/>\n<meta property=\"og:locale\" content=\"fi_FI\" \/>\n<meta property=\"og:type\" content=\"article\" \/>\n<meta property=\"og:title\" content=\"Tandgloss Mintsmak - 10 ml - Beconfident\" \/>\n<meta property=\"og:description\" content=\"Tandgloss som effektivt skyddar t\u00e4nderna mot missf\u00e4rgningar och ger t\u00e4nderna en vacker glans f\u00f6r ett vitare leende.\" \/>\n<meta property=\"og:url\" content=\"https:\/\/beconfident.com\/fi_sv\/produkt\/tooth-gloss-mint-10-ml\/\" \/>\n<meta property=\"og:site_name\" content=\"Beconfident\" \/>\n<meta property=\"article:modified_time\" content=\"2025-06-25T06:03:10+00:00\" \/>\n<meta property=\"og:image\" content=\"https:\/\/beconfident.com\/wp-content\/uploads\/2021\/01\/140198-Tooth-Gloss-Mint-10ml.jpg\" \/>\n\t<meta property=\"og:image:width\" content=\"700\" \/>\n\t<meta property=\"og:image:height\" content=\"700\" \/>\n\t<meta property=\"og:image:type\" content=\"image\/jpeg\" \/>\n<meta name=\"twitter:card\" content=\"summary_large_image\" \/>\n<meta name=\"twitter:label1\" content=\"Est. reading time\" \/>\n\t<meta name=\"twitter:data1\" content=\"1 minute\" \/>\n<script type=\"application\/ld+json\" class=\"yoast-schema-graph\">{\"@context\":\"https:\/\/schema.org\",\"@graph\":[{\"@type\":\"WebPage\",\"@id\":\"https:\/\/beconfident.com\/fi_sv\/produkt\/tooth-gloss-mint-10-ml\/\",\"url\":\"https:\/\/beconfident.com\/fi_sv\/produkt\/tooth-gloss-mint-10-ml\/\",\"name\":\"Tandgloss Mintsmak - 10 ml - Beconfident\",\"isPartOf\":{\"@id\":\"https:\/\/beconfident.com\/lv\/#website\"},\"primaryImageOfPage\":{\"@id\":\"https:\/\/beconfident.com\/fi_sv\/produkt\/tooth-gloss-mint-10-ml\/#primaryimage\"},\"image\":{\"@id\":\"https:\/\/beconfident.com\/fi_sv\/produkt\/tooth-gloss-mint-10-ml\/#primaryimage\"},\"thumbnailUrl\":\"https:\/\/beconfident.com\/wp-content\/uploads\/2021\/01\/140198-Tooth-Gloss-Mint-10ml.jpg\",\"datePublished\":\"2021-01-11T09:04:26+00:00\",\"dateModified\":\"2025-06-25T06:03:10+00:00\",\"description\":\"Tandgloss som effektivt skyddar t\u00e4nderna mot missf\u00e4rgningar och ger t\u00e4nderna en vacker glans f\u00f6r ett vitare leende.\",\"breadcrumb\":{\"@id\":\"https:\/\/beconfident.com\/fi_sv\/produkt\/tooth-gloss-mint-10-ml\/#breadcrumb\"},\"inLanguage\":\"fi-SE\",\"potentialAction\":[{\"@type\":\"ReadAction\",\"target\":[\"https:\/\/beconfident.com\/fi_sv\/produkt\/tooth-gloss-mint-10-ml\/\"]}]},{\"@type\":\"ImageObject\",\"inLanguage\":\"fi-SE\",\"@id\":\"https:\/\/beconfident.com\/fi_sv\/produkt\/tooth-gloss-mint-10-ml\/#primaryimage\",\"url\":\"https:\/\/beconfident.com\/wp-content\/uploads\/2021\/01\/140198-Tooth-Gloss-Mint-10ml.jpg\",\"contentUrl\":\"https:\/\/beconfident.com\/wp-content\/uploads\/2021\/01\/140198-Tooth-Gloss-Mint-10ml.jpg\",\"width\":700,\"height\":700},{\"@type\":\"BreadcrumbList\",\"@id\":\"https:\/\/beconfident.com\/fi_sv\/produkt\/tooth-gloss-mint-10-ml\/#breadcrumb\",\"itemListElement\":[{\"@type\":\"ListItem\",\"position\":1,\"name\":\"Hem\",\"item\":\"https:\/\/beconfident.com\/fi_sv\/\"},{\"@type\":\"ListItem\",\"position\":2,\"name\":\"Webbutik\",\"item\":\"https:\/\/beconfident.com\/fi_sv\/butik\/\"},{\"@type\":\"ListItem\",\"position\":3,\"name\":\"Tandgloss Mintsmak &#8211; 10 ml\"}]},{\"@type\":\"WebSite\",\"@id\":\"https:\/\/beconfident.com\/lv\/#website\",\"url\":\"https:\/\/beconfident.com\/lv\/\",\"name\":\"Beconfident\",\"description\":\"\",\"potentialAction\":[{\"@type\":\"SearchAction\",\"target\":{\"@type\":\"EntryPoint\",\"urlTemplate\":\"https:\/\/beconfident.com\/lv\/?s={search_term_string}\"},\"query-input\":{\"@type\":\"PropertyValueSpecification\",\"valueRequired\":true,\"valueName\":\"search_term_string\"}}],\"inLanguage\":\"fi-SE\"}]}<\/script>\n<!-- \/ Yoast SEO plugin. -->","yoast_head_json":{"title":"Tandgloss Mintsmak - 10 ml - Beconfident","description":"Tandgloss som effektivt skyddar t\u00e4nderna mot missf\u00e4rgningar och ger t\u00e4nderna en vacker glans f\u00f6r ett vitare leende.","robots":{"index":"index","follow":"follow","max-snippet":"max-snippet:-1","max-image-preview":"max-image-preview:large","max-video-preview":"max-video-preview:-1"},"canonical":"https:\/\/beconfident.com\/fi_sv\/produkt\/tooth-gloss-mint-10-ml\/","og_locale":"fi_FI","og_type":"article","og_title":"Tandgloss Mintsmak - 10 ml - Beconfident","og_description":"Tandgloss som effektivt skyddar t\u00e4nderna mot missf\u00e4rgningar och ger t\u00e4nderna en vacker glans f\u00f6r ett vitare leende.","og_url":"https:\/\/beconfident.com\/fi_sv\/produkt\/tooth-gloss-mint-10-ml\/","og_site_name":"Beconfident","article_modified_time":"2025-06-25T06:03:10+00:00","og_image":[{"width":700,"height":700,"url":"https:\/\/beconfident.com\/wp-content\/uploads\/2021\/01\/140198-Tooth-Gloss-Mint-10ml.jpg","type":"image\/jpeg"}],"twitter_card":"summary_large_image","twitter_misc":{"Est. reading time":"1 minute"},"schema":{"@context":"https:\/\/schema.org","@graph":[{"@type":"WebPage","@id":"https:\/\/beconfident.com\/fi_sv\/produkt\/tooth-gloss-mint-10-ml\/","url":"https:\/\/beconfident.com\/fi_sv\/produkt\/tooth-gloss-mint-10-ml\/","name":"Tandgloss Mintsmak - 10 ml - Beconfident","isPartOf":{"@id":"https:\/\/beconfident.com\/lv\/#website"},"primaryImageOfPage":{"@id":"https:\/\/beconfident.com\/fi_sv\/produkt\/tooth-gloss-mint-10-ml\/#primaryimage"},"image":{"@id":"https:\/\/beconfident.com\/fi_sv\/produkt\/tooth-gloss-mint-10-ml\/#primaryimage"},"thumbnailUrl":"https:\/\/beconfident.com\/wp-content\/uploads\/2021\/01\/140198-Tooth-Gloss-Mint-10ml.jpg","datePublished":"2021-01-11T09:04:26+00:00","dateModified":"2025-06-25T06:03:10+00:00","description":"Tandgloss som effektivt skyddar t\u00e4nderna mot missf\u00e4rgningar och ger t\u00e4nderna en vacker glans f\u00f6r ett vitare leende.","breadcrumb":{"@id":"https:\/\/beconfident.com\/fi_sv\/produkt\/tooth-gloss-mint-10-ml\/#breadcrumb"},"inLanguage":"fi-SE","potentialAction":[{"@type":"ReadAction","target":["https:\/\/beconfident.com\/fi_sv\/produkt\/tooth-gloss-mint-10-ml\/"]}]},{"@type":"ImageObject","inLanguage":"fi-SE","@id":"https:\/\/beconfident.com\/fi_sv\/produkt\/tooth-gloss-mint-10-ml\/#primaryimage","url":"https:\/\/beconfident.com\/wp-content\/uploads\/2021\/01\/140198-Tooth-Gloss-Mint-10ml.jpg","contentUrl":"https:\/\/beconfident.com\/wp-content\/uploads\/2021\/01\/140198-Tooth-Gloss-Mint-10ml.jpg","width":700,"height":700},{"@type":"BreadcrumbList","@id":"https:\/\/beconfident.com\/fi_sv\/produkt\/tooth-gloss-mint-10-ml\/#breadcrumb","itemListElement":[{"@type":"ListItem","position":1,"name":"Hem","item":"https:\/\/beconfident.com\/fi_sv\/"},{"@type":"ListItem","position":2,"name":"Webbutik","item":"https:\/\/beconfident.com\/fi_sv\/butik\/"},{"@type":"ListItem","position":3,"name":"Tandgloss Mintsmak &#8211; 10 ml"}]},{"@type":"WebSite","@id":"https:\/\/beconfident.com\/lv\/#website","url":"https:\/\/beconfident.com\/lv\/","name":"Beconfident","description":"","potentialAction":[{"@type":"SearchAction","target":{"@type":"EntryPoint","urlTemplate":"https:\/\/beconfident.com\/lv\/?s={search_term_string}"},"query-input":{"@type":"PropertyValueSpecification","valueRequired":true,"valueName":"search_term_string"}}],"inLanguage":"fi-SE"}]}},"_links":{"self":[{"href":"https:\/\/beconfident.com\/fi_sv\/wp-json\/wp\/v2\/product\/21271","targetHints":{"allow":["GET"]}}],"collection":[{"href":"https:\/\/beconfident.com\/fi_sv\/wp-json\/wp\/v2\/product"}],"about":[{"href":"https:\/\/beconfident.com\/fi_sv\/wp-json\/wp\/v2\/types\/product"}],"replies":[{"embeddable":true,"href":"https:\/\/beconfident.com\/fi_sv\/wp-json\/wp\/v2\/comments?post=21271"}],"wp:featuredmedia":[{"embeddable":true,"href":"https:\/\/beconfident.com\/fi_sv\/wp-json\/wp\/v2\/media\/21272"}],"wp:attachment":[{"href":"https:\/\/beconfident.com\/fi_sv\/wp-json\/wp\/v2\/media?parent=21271"}],"wp:term":[{"taxonomy":"product_brand","embeddable":true,"href":"https:\/\/beconfident.com\/fi_sv\/wp-json\/wp\/v2\/product_brand?post=21271"},{"taxonomy":"product_cat","embeddable":true,"href":"https:\/\/beconfident.com\/fi_sv\/wp-json\/wp\/v2\/product_cat?post=21271"},{"taxonomy":"product_tag","embeddable":true,"href":"https:\/\/beconfident.com\/fi_sv\/wp-json\/wp\/v2\/product_tag?post=21271"}],"curies":[{"name":"wp","href":"https:\/\/api.w.org\/{rel}","templated":true}]}}