{"id":21232,"date":"2021-01-11T10:04:26","date_gmt":"2021-01-11T09:04:26","guid":{"rendered":"http:\/\/beconfident.beconfident.hemsida.eu\/produkt\/teeth-whitening-strips-10-days\/"},"modified":"2021-05-27T10:25:41","modified_gmt":"2021-05-27T08:25:41","slug":"teeth-whitening-strips-10-days-2","status":"publish","type":"product","link":"https:\/\/beconfident.com\/fi_sv\/produkt\/teeth-whitening-strips-10-days-2\/","title":{"rendered":"Tandblekning X3 Strips &#8211; 10 dagar"},"content":{"rendered":"<p>Beconfident\u00ae Tandblekningsstrips \u00e4r ett enkelt och snabbt s\u00e4tt att bleka t\u00e4nderna. De speciellt utformade stripsen appliceras direkt p\u00e5 t\u00e4nderna, varje kuvert inneh\u00e5ller tv\u00e5 strips som \u00e4r individuellt utformade f\u00f6r b\u00e4sta m\u00f6jliga passform till \u00f6ver- respektive underk\u00e4ken. Tandblekningsgelen bygger p\u00e5 v\u00e5r patenterade Dual Boost X1 tandblekningsgel + 0,1% peroxid som i en f\u00f6rsta fas avl\u00e4gsnar missf\u00e4rgningar med kokossultfat och i den andra fasen ger vitare t\u00e4nder med hj\u00e4lp av 32% bikarbonat. Ingen formning av munskenor beh\u00f6vs utan det \u00e4r bara att \u00f6ppna f\u00f6rpackningen s\u00e5 \u00e4r du good to go!<\/p>\n<p>Stripsen \u00e4r helt s\u00e4kra att anv\u00e4nda och skapar varken obehag eller \u00f6kad k\u00e4nslighet i t\u00e4nderna. F\u00f6rpackningen r\u00e4cker i 10 dagar och stripsen ska verka i 15 minuter per g\u00e5ng. F\u00f6rpackningen inneh\u00e5ller 2&#215;10 tandblekningsstrips.<\/p>\n<p><strong>S\u00e5 h\u00e4r g\u00f6r du:<\/strong><br \/>\n<em>Tips! Vi rekommenderar att anv\u00e4nda en spegel f\u00f6r att l\u00e4ttast applicera stripsen.<\/em><br \/>\n1. \u00d6ppna p\u00e5sen f\u00f6rsiktigt och ta ut den transparanta folien med stripsen. \u00d6ppnad p\u00e5se ska anv\u00e4ndas direkt, v\u00e4nta inte l\u00e4ngre \u00e4n 15 minuter efter \u00f6ppning.<br \/>\n2. Lyft av den l\u00e4ngre rektangul\u00e4ra remsan fr\u00e5n folien. Placera den p\u00e5 den \u00f6vre tandraden med den sida som satt p\u00e5 folien mot t\u00e4nderna. Placera j\u00e4mt l\u00e4ngst med tandk\u00f6ttet. \u00c5terst\u00e5ende strip ska vikas bakom t\u00e4nderna. Tryck l\u00e4tt mot stripsen f\u00f6r att f\u00e4sta p\u00e5 t\u00e4nderna.<br \/>\n3. Ta bort den korta, svagt b\u00f6jda remsan f\u00f6r den nedre tandraden fr\u00e5n folien. Applicera den p\u00e5 den nedre raden av t\u00e4nder som beskrivs f\u00f6r \u00f6vre raden. Tryck f\u00f6rsiktigt f\u00f6r att f\u00e4sta.<br \/>\n4. L\u00e5t verka i 15 minuter.<br \/>\n5. Avl\u00e4gsna stripsen. Resterande gelrester tas enkelt bort med hj\u00e4lp av en tandborste. Sk\u00f6lj munnen ordentligt med vatten.<\/p>\n","protected":false},"excerpt":{"rendered":"<p>Upp till 4 nyanser vitare t\u00e4nder p\u00e5 10 dagar. Inneh\u00e5ller 2&#215;10 strips i separata kuvert.<\/p>\n","protected":false},"featured_media":21233,"comment_status":"open","ping_status":"closed","template":"","meta":{"_acf_changed":false,"inline_featured_image":false,"_monsterinsights_skip_tracking":false,"_monsterinsights_sitenote_active":false,"_monsterinsights_sitenote_note":"","_monsterinsights_sitenote_category":0},"product_brand":[],"product_cat":[483],"product_tag":[],"class_list":{"0":"post-21232","1":"product","2":"type-product","3":"status-publish","4":"has-post-thumbnail","6":"product_cat-okategoriserad-fi_sv","8":"first","9":"instock","10":"taxable","11":"shipping-taxable","12":"purchasable","13":"product-type-simple"},"acf":[],"shsp-ext":{"main":{},"variations":[]},"yoast_head":"<!-- This site is optimized with the Yoast SEO plugin v27.2 - https:\/\/yoast.com\/product\/yoast-seo-wordpress\/ -->\n<title>Tandblekning X3 Strips - 10 dagar - Beconfident<\/title>\n<meta name=\"description\" content=\"Tandblekande strips f\u00f6r effektiv och enkel tandblekning hemma eller on the go. Upp till 4 nyanser vitare t\u00e4nder p\u00e5 10 dagar.\" \/>\n<meta name=\"robots\" content=\"index, follow, max-snippet:-1, max-image-preview:large, max-video-preview:-1\" \/>\n<link rel=\"canonical\" href=\"https:\/\/beconfident.com\/fi_sv\/produkt\/teeth-whitening-strips-10-days-2\/\" \/>\n<meta property=\"og:locale\" content=\"fi_FI\" \/>\n<meta property=\"og:type\" content=\"article\" \/>\n<meta property=\"og:title\" content=\"Tandblekning X3 Strips - 10 dagar - Beconfident\" \/>\n<meta property=\"og:description\" content=\"Tandblekande strips f\u00f6r effektiv och enkel tandblekning hemma eller on the go. Upp till 4 nyanser vitare t\u00e4nder p\u00e5 10 dagar.\" \/>\n<meta property=\"og:url\" content=\"https:\/\/beconfident.com\/fi_sv\/produkt\/teeth-whitening-strips-10-days-2\/\" \/>\n<meta property=\"og:site_name\" content=\"Beconfident\" \/>\n<meta property=\"article:modified_time\" content=\"2021-05-27T08:25:41+00:00\" \/>\n<meta property=\"og:image\" content=\"https:\/\/beconfident.com\/wp-content\/uploads\/2021\/01\/123098-Teeth-Whitening-Strips-10-days.jpg\" \/>\n\t<meta property=\"og:image:width\" content=\"1000\" \/>\n\t<meta property=\"og:image:height\" content=\"1000\" \/>\n\t<meta property=\"og:image:type\" content=\"image\/jpeg\" \/>\n<meta name=\"twitter:card\" content=\"summary_large_image\" \/>\n<meta name=\"twitter:label1\" content=\"Est. reading time\" \/>\n\t<meta name=\"twitter:data1\" content=\"2 minutes\" \/>\n<script type=\"application\/ld+json\" class=\"yoast-schema-graph\">{\"@context\":\"https:\/\/schema.org\",\"@graph\":[{\"@type\":\"WebPage\",\"@id\":\"https:\/\/beconfident.com\/fi_sv\/produkt\/teeth-whitening-strips-10-days-2\/\",\"url\":\"https:\/\/beconfident.com\/fi_sv\/produkt\/teeth-whitening-strips-10-days-2\/\",\"name\":\"Tandblekning X3 Strips - 10 dagar - Beconfident\",\"isPartOf\":{\"@id\":\"https:\/\/beconfident.com\/lv\/#website\"},\"primaryImageOfPage\":{\"@id\":\"https:\/\/beconfident.com\/fi_sv\/produkt\/teeth-whitening-strips-10-days-2\/#primaryimage\"},\"image\":{\"@id\":\"https:\/\/beconfident.com\/fi_sv\/produkt\/teeth-whitening-strips-10-days-2\/#primaryimage\"},\"thumbnailUrl\":\"https:\/\/beconfident.com\/wp-content\/uploads\/2021\/01\/123098-Teeth-Whitening-Strips-10-days.jpg\",\"datePublished\":\"2021-01-11T09:04:26+00:00\",\"dateModified\":\"2021-05-27T08:25:41+00:00\",\"description\":\"Tandblekande strips f\u00f6r effektiv och enkel tandblekning hemma eller on the go. Upp till 4 nyanser vitare t\u00e4nder p\u00e5 10 dagar.\",\"breadcrumb\":{\"@id\":\"https:\/\/beconfident.com\/fi_sv\/produkt\/teeth-whitening-strips-10-days-2\/#breadcrumb\"},\"inLanguage\":\"fi-SE\",\"potentialAction\":[{\"@type\":\"ReadAction\",\"target\":[\"https:\/\/beconfident.com\/fi_sv\/produkt\/teeth-whitening-strips-10-days-2\/\"]}]},{\"@type\":\"ImageObject\",\"inLanguage\":\"fi-SE\",\"@id\":\"https:\/\/beconfident.com\/fi_sv\/produkt\/teeth-whitening-strips-10-days-2\/#primaryimage\",\"url\":\"https:\/\/beconfident.com\/wp-content\/uploads\/2021\/01\/123098-Teeth-Whitening-Strips-10-days.jpg\",\"contentUrl\":\"https:\/\/beconfident.com\/wp-content\/uploads\/2021\/01\/123098-Teeth-Whitening-Strips-10-days.jpg\",\"width\":1000,\"height\":1000},{\"@type\":\"BreadcrumbList\",\"@id\":\"https:\/\/beconfident.com\/fi_sv\/produkt\/teeth-whitening-strips-10-days-2\/#breadcrumb\",\"itemListElement\":[{\"@type\":\"ListItem\",\"position\":1,\"name\":\"Hem\",\"item\":\"https:\/\/beconfident.com\/fi_sv\/\"},{\"@type\":\"ListItem\",\"position\":2,\"name\":\"Webbutik\",\"item\":\"https:\/\/beconfident.com\/fi_sv\/butik\/\"},{\"@type\":\"ListItem\",\"position\":3,\"name\":\"Tandblekning X3 Strips &#8211; 10 dagar\"}]},{\"@type\":\"WebSite\",\"@id\":\"https:\/\/beconfident.com\/lv\/#website\",\"url\":\"https:\/\/beconfident.com\/lv\/\",\"name\":\"Beconfident\",\"description\":\"\",\"potentialAction\":[{\"@type\":\"SearchAction\",\"target\":{\"@type\":\"EntryPoint\",\"urlTemplate\":\"https:\/\/beconfident.com\/lv\/?s={search_term_string}\"},\"query-input\":{\"@type\":\"PropertyValueSpecification\",\"valueRequired\":true,\"valueName\":\"search_term_string\"}}],\"inLanguage\":\"fi-SE\"}]}<\/script>\n<!-- \/ Yoast SEO plugin. -->","yoast_head_json":{"title":"Tandblekning X3 Strips - 10 dagar - Beconfident","description":"Tandblekande strips f\u00f6r effektiv och enkel tandblekning hemma eller on the go. Upp till 4 nyanser vitare t\u00e4nder p\u00e5 10 dagar.","robots":{"index":"index","follow":"follow","max-snippet":"max-snippet:-1","max-image-preview":"max-image-preview:large","max-video-preview":"max-video-preview:-1"},"canonical":"https:\/\/beconfident.com\/fi_sv\/produkt\/teeth-whitening-strips-10-days-2\/","og_locale":"fi_FI","og_type":"article","og_title":"Tandblekning X3 Strips - 10 dagar - Beconfident","og_description":"Tandblekande strips f\u00f6r effektiv och enkel tandblekning hemma eller on the go. Upp till 4 nyanser vitare t\u00e4nder p\u00e5 10 dagar.","og_url":"https:\/\/beconfident.com\/fi_sv\/produkt\/teeth-whitening-strips-10-days-2\/","og_site_name":"Beconfident","article_modified_time":"2021-05-27T08:25:41+00:00","og_image":[{"width":1000,"height":1000,"url":"https:\/\/beconfident.com\/wp-content\/uploads\/2021\/01\/123098-Teeth-Whitening-Strips-10-days.jpg","type":"image\/jpeg"}],"twitter_card":"summary_large_image","twitter_misc":{"Est. reading time":"2 minutes"},"schema":{"@context":"https:\/\/schema.org","@graph":[{"@type":"WebPage","@id":"https:\/\/beconfident.com\/fi_sv\/produkt\/teeth-whitening-strips-10-days-2\/","url":"https:\/\/beconfident.com\/fi_sv\/produkt\/teeth-whitening-strips-10-days-2\/","name":"Tandblekning X3 Strips - 10 dagar - Beconfident","isPartOf":{"@id":"https:\/\/beconfident.com\/lv\/#website"},"primaryImageOfPage":{"@id":"https:\/\/beconfident.com\/fi_sv\/produkt\/teeth-whitening-strips-10-days-2\/#primaryimage"},"image":{"@id":"https:\/\/beconfident.com\/fi_sv\/produkt\/teeth-whitening-strips-10-days-2\/#primaryimage"},"thumbnailUrl":"https:\/\/beconfident.com\/wp-content\/uploads\/2021\/01\/123098-Teeth-Whitening-Strips-10-days.jpg","datePublished":"2021-01-11T09:04:26+00:00","dateModified":"2021-05-27T08:25:41+00:00","description":"Tandblekande strips f\u00f6r effektiv och enkel tandblekning hemma eller on the go. Upp till 4 nyanser vitare t\u00e4nder p\u00e5 10 dagar.","breadcrumb":{"@id":"https:\/\/beconfident.com\/fi_sv\/produkt\/teeth-whitening-strips-10-days-2\/#breadcrumb"},"inLanguage":"fi-SE","potentialAction":[{"@type":"ReadAction","target":["https:\/\/beconfident.com\/fi_sv\/produkt\/teeth-whitening-strips-10-days-2\/"]}]},{"@type":"ImageObject","inLanguage":"fi-SE","@id":"https:\/\/beconfident.com\/fi_sv\/produkt\/teeth-whitening-strips-10-days-2\/#primaryimage","url":"https:\/\/beconfident.com\/wp-content\/uploads\/2021\/01\/123098-Teeth-Whitening-Strips-10-days.jpg","contentUrl":"https:\/\/beconfident.com\/wp-content\/uploads\/2021\/01\/123098-Teeth-Whitening-Strips-10-days.jpg","width":1000,"height":1000},{"@type":"BreadcrumbList","@id":"https:\/\/beconfident.com\/fi_sv\/produkt\/teeth-whitening-strips-10-days-2\/#breadcrumb","itemListElement":[{"@type":"ListItem","position":1,"name":"Hem","item":"https:\/\/beconfident.com\/fi_sv\/"},{"@type":"ListItem","position":2,"name":"Webbutik","item":"https:\/\/beconfident.com\/fi_sv\/butik\/"},{"@type":"ListItem","position":3,"name":"Tandblekning X3 Strips &#8211; 10 dagar"}]},{"@type":"WebSite","@id":"https:\/\/beconfident.com\/lv\/#website","url":"https:\/\/beconfident.com\/lv\/","name":"Beconfident","description":"","potentialAction":[{"@type":"SearchAction","target":{"@type":"EntryPoint","urlTemplate":"https:\/\/beconfident.com\/lv\/?s={search_term_string}"},"query-input":{"@type":"PropertyValueSpecification","valueRequired":true,"valueName":"search_term_string"}}],"inLanguage":"fi-SE"}]}},"_links":{"self":[{"href":"https:\/\/beconfident.com\/fi_sv\/wp-json\/wp\/v2\/product\/21232","targetHints":{"allow":["GET"]}}],"collection":[{"href":"https:\/\/beconfident.com\/fi_sv\/wp-json\/wp\/v2\/product"}],"about":[{"href":"https:\/\/beconfident.com\/fi_sv\/wp-json\/wp\/v2\/types\/product"}],"replies":[{"embeddable":true,"href":"https:\/\/beconfident.com\/fi_sv\/wp-json\/wp\/v2\/comments?post=21232"}],"wp:featuredmedia":[{"embeddable":true,"href":"https:\/\/beconfident.com\/fi_sv\/wp-json\/wp\/v2\/media\/21233"}],"wp:attachment":[{"href":"https:\/\/beconfident.com\/fi_sv\/wp-json\/wp\/v2\/media?parent=21232"}],"wp:term":[{"taxonomy":"product_brand","embeddable":true,"href":"https:\/\/beconfident.com\/fi_sv\/wp-json\/wp\/v2\/product_brand?post=21232"},{"taxonomy":"product_cat","embeddable":true,"href":"https:\/\/beconfident.com\/fi_sv\/wp-json\/wp\/v2\/product_cat?post=21232"},{"taxonomy":"product_tag","embeddable":true,"href":"https:\/\/beconfident.com\/fi_sv\/wp-json\/wp\/v2\/product_tag?post=21232"}],"curies":[{"name":"wp","href":"https:\/\/api.w.org\/{rel}","templated":true}]}}