{"id":21208,"date":"2021-01-11T10:04:26","date_gmt":"2021-01-11T09:04:26","guid":{"rendered":"http:\/\/beconfident.beconfident.hemsida.eu\/produkt\/teeth-whitening-x1-start-kit\/"},"modified":"2026-04-20T10:13:26","modified_gmt":"2026-04-20T08:13:26","slug":"beconfident-tandblekning-x1-tandblekning-startkit","status":"publish","type":"product","link":"https:\/\/beconfident.com\/fi_sv\/produkt\/beconfident-tandblekning-x1-tandblekning-startkit\/","title":{"rendered":"Beconfident Tandblekning X1 tandblekning startkit"},"content":{"rendered":"<p data-path-to-node=\"5\">Beconfident Tandblekning X1 tandblekning startkit<\/p>\n<h1 data-path-to-node=\"6\">F\u00e5 vitare t\u00e4nder p\u00e5 bara 15 minuter \u2013 helt utan ilningar<\/h1>\n<p data-path-to-node=\"7\">Dr\u00f6mmer du om ett bl\u00e4ndande vitt leende, men tvekar f\u00f6r att du \u00e4r orolig f\u00f6r ilningar och irriterat tandk\u00f6tt? I s\u00e5 fall \u00e4r Beconfident Tandblekning X1 Start Kit den perfekta l\u00f6sningen f\u00f6r dig.<\/p>\n<p data-path-to-node=\"8\">Detta \u00e4r n\u00e4mligen en skonsam, effektiv och 100 % v\u00e4teperoxidfri tandblekning f\u00f6r hemmabruk. Som ett resultat f\u00e5r du synliga f\u00f6rb\u00e4ttringar \u2013 helt utan obehagliga biverkningar.<\/p>\n<h2 data-path-to-node=\"9\">Varf\u00f6r ska du v\u00e4lja Beconfident X1 Start Kit?<\/h2>\n<ul data-path-to-node=\"10\">\n<li>\n<p data-path-to-node=\"10,0,0\">F\u00f6r det f\u00f6rsta \u2013 Snabba resultat: Behandlingen tar endast 15 minuter per g\u00e5ng. D\u00e4rigenom \u00e4r det perfekt att bleka t\u00e4nderna medan du tittar p\u00e5 en serie eller g\u00f6r dig i ordning f\u00f6r kv\u00e4llen.<\/p>\n<\/li>\n<li>\n<p data-path-to-node=\"10,1,0\">Dessutom \u2013 Inga ilningar: V\u00e5r bepr\u00f6vade formula \u00e4r helt fri fr\u00e5n v\u00e4teperoxid (hydrogen peroxide). F\u00f6ljaktligen \u00e4r den otroligt skonsam f\u00f6r b\u00e5de dina t\u00e4nder och ditt tandk\u00f6tt.<\/p>\n<\/li>\n<li>\n<p data-path-to-node=\"10,2,0\">Vidare \u2013 Trippelverkande teknologi: Genom att anv\u00e4nda den senaste PaP-teknologin i kombination med kokossulfat och natriumbikarbonat oxideras missf\u00e4rgningar. D\u00e4refter lyfts de skonsamt bort fr\u00e5n tandytan.<\/p>\n<\/li>\n<li>\n<p data-path-to-node=\"10,3,0\">Slutligen \u2013 Mycket f\u00f6r pengarna: En tub gel (10 ml) r\u00e4cker ftill hela 10 behandlingar.<\/p>\n<\/li>\n<\/ul>\n<h2 data-path-to-node=\"11\">S\u00e5 enkelt f\u00e5r du ditt nya leende<\/h2>\n<p data-path-to-node=\"12\">Visserligen varar ingen tandblekning f\u00f6r evigt utan underh\u00e5ll. Men \u00e5 andra sidan har du med X1-gelen en trygg produkt som du kan anv\u00e4nda g\u00e5ng p\u00e5 g\u00e5ng, helt utan att skada emaljen.<\/p>\n<p data-path-to-node=\"13\">Till att b\u00f6rja med formas de medf\u00f6ljande munskenorna enkelt efter dina egna t\u00e4nder med hj\u00e4lp av varmt vatten. P\u00e5 s\u00e5 s\u00e4tt garanteras en optimal kontakt mellan den mintsmakande gelen och dina t\u00e4nder f\u00f6r absolut b\u00e4sta effekt.<\/p>\n<p data-path-to-node=\"14\">D\u00e4refter rekommenderar vi att du g\u00f6r behandlingen dagligen tills gelen \u00e4r slut. N\u00e4r kuren \u00e4r klar kan du enkelt fr\u00e4scha upp leendet vid behov, f\u00f6rslagsvis var tredje m\u00e5nad. Givetvis \u00e4r skenorna l\u00e4tta att reng\u00f6ra och kan s\u00e5ledes sparas till n\u00e4sta g\u00e5ng, milj\u00f6v\u00e4nligt och bra f\u00f6r pl\u00e5nboken!<\/p>\n<h3 data-path-to-node=\"15\">Detta ing\u00e5r i f\u00f6rpackningen:<\/h3>\n<ul data-path-to-node=\"16\">\n<li>\n<p data-path-to-node=\"16,0,0\">1 x Tandblekningsgel med fr\u00e4sch mintsmak (10 ml)<\/p>\n<\/li>\n<li>\n<p data-path-to-node=\"16,1,0\">3 x Formbara munskenor (f\u00f6r perfekt, individuell passform)<\/p>\n<\/li>\n<li>\n<p data-path-to-node=\"16,2,0\">1 x Nyansguide (s\u00e5 att du kan f\u00f6lja dina framsteg!)<\/p>\n<\/li>\n<li>\n<p data-path-to-node=\"16,3,0\">1 x Tydlig bruksanvisning p\u00e5 flera spr\u00e5k<\/p>\n<\/li>\n<\/ul>\n<p data-path-to-node=\"17\">Sammanfattningsvis ger detta kit ditt leende ett lyft p\u00e5 ett s\u00e4kert, snabbt och skonsamt s\u00e4tt.<\/p>\n","protected":false},"excerpt":{"rendered":"<p>Upp till 4 nyanser vitare t\u00e4nder p\u00e5 10 dagar<\/p>\n","protected":false},"featured_media":56026,"comment_status":"open","ping_status":"closed","template":"","meta":{"_acf_changed":false,"inline_featured_image":false,"_monsterinsights_skip_tracking":false,"_monsterinsights_sitenote_active":false,"_monsterinsights_sitenote_note":"","_monsterinsights_sitenote_category":0},"product_brand":[],"product_cat":[723,484,496],"product_tag":[],"class_list":{"0":"post-21208","1":"product","2":"type-product","3":"status-publish","4":"has-post-thumbnail","6":"product_cat-alla-produkter-fi_sv","7":"product_cat-tandblekning-fi_sv","8":"product_cat-tandblekningskit-fi_sv","10":"first","11":"instock","12":"sale","13":"featured","14":"taxable","15":"shipping-taxable","16":"purchasable","17":"product-type-simple"},"acf":[],"shsp-ext":{"main":{},"variations":[]},"yoast_head":"<!-- This site is optimized with the Yoast SEO plugin v27.2 - https:\/\/yoast.com\/product\/yoast-seo-wordpress\/ -->\n<title>Beconfident Tandblekning X1 tandblekning startkit<\/title>\n<meta name=\"description\" content=\"Beconfident Tandblekning X1 tandblekning startkit. Vitare t\u00e4nder p\u00e5 15 minuter \u2013 utan ilningar och irriterat tandk\u00f6tt. K\u00f6p tandblekning hos Beconfident\u00ae.\" \/>\n<meta name=\"robots\" content=\"index, follow, max-snippet:-1, max-image-preview:large, max-video-preview:-1\" \/>\n<link rel=\"canonical\" href=\"https:\/\/beconfident.com\/fi_sv\/produkt\/beconfident-tandblekning-x1-tandblekning-startkit\/\" \/>\n<meta property=\"og:locale\" content=\"fi_FI\" \/>\n<meta property=\"og:type\" content=\"article\" \/>\n<meta property=\"og:title\" content=\"Beconfident Tandblekning X1 tandblekning startkit\" \/>\n<meta property=\"og:description\" content=\"Beconfident Tandblekning X1 tandblekning startkit. Vitare t\u00e4nder p\u00e5 15 minuter \u2013 utan ilningar och irriterat tandk\u00f6tt. K\u00f6p tandblekning hos Beconfident\u00ae.\" \/>\n<meta property=\"og:url\" content=\"https:\/\/beconfident.com\/fi_sv\/produkt\/beconfident-tandblekning-x1-tandblekning-startkit\/\" \/>\n<meta property=\"og:site_name\" content=\"Beconfident\" \/>\n<meta property=\"article:modified_time\" content=\"2026-04-20T08:13:26+00:00\" \/>\n<meta property=\"og:image\" content=\"https:\/\/beconfident.com\/wp-content\/uploads\/2021\/01\/Teeth-whitening-x1-start-kit-with-badge-2.jpg\" \/>\n\t<meta property=\"og:image:width\" content=\"2000\" \/>\n\t<meta property=\"og:image:height\" content=\"2000\" \/>\n\t<meta property=\"og:image:type\" content=\"image\/jpeg\" \/>\n<meta name=\"twitter:card\" content=\"summary_large_image\" \/>\n<meta name=\"twitter:label1\" content=\"Est. reading time\" \/>\n\t<meta name=\"twitter:data1\" content=\"2 minutes\" \/>\n<script type=\"application\/ld+json\" class=\"yoast-schema-graph\">{\"@context\":\"https:\/\/schema.org\",\"@graph\":[{\"@type\":\"WebPage\",\"@id\":\"https:\/\/beconfident.com\/fi_sv\/produkt\/beconfident-tandblekning-x1-tandblekning-startkit\/\",\"url\":\"https:\/\/beconfident.com\/fi_sv\/produkt\/beconfident-tandblekning-x1-tandblekning-startkit\/\",\"name\":\"Beconfident Tandblekning X1 tandblekning startkit\",\"isPartOf\":{\"@id\":\"https:\/\/beconfident.com\/lv\/#website\"},\"primaryImageOfPage\":{\"@id\":\"https:\/\/beconfident.com\/fi_sv\/produkt\/beconfident-tandblekning-x1-tandblekning-startkit\/#primaryimage\"},\"image\":{\"@id\":\"https:\/\/beconfident.com\/fi_sv\/produkt\/beconfident-tandblekning-x1-tandblekning-startkit\/#primaryimage\"},\"thumbnailUrl\":\"https:\/\/beconfident.com\/wp-content\/uploads\/2021\/01\/Teeth-whitening-x1-start-kit-with-badge-2.jpg\",\"datePublished\":\"2021-01-11T09:04:26+00:00\",\"dateModified\":\"2026-04-20T08:13:26+00:00\",\"description\":\"Beconfident Tandblekning X1 tandblekning startkit. Vitare t\u00e4nder p\u00e5 15 minuter \u2013 utan ilningar och irriterat tandk\u00f6tt. K\u00f6p tandblekning hos Beconfident\u00ae.\",\"breadcrumb\":{\"@id\":\"https:\/\/beconfident.com\/fi_sv\/produkt\/beconfident-tandblekning-x1-tandblekning-startkit\/#breadcrumb\"},\"inLanguage\":\"fi-SE\",\"potentialAction\":[{\"@type\":\"ReadAction\",\"target\":[\"https:\/\/beconfident.com\/fi_sv\/produkt\/beconfident-tandblekning-x1-tandblekning-startkit\/\"]}]},{\"@type\":\"ImageObject\",\"inLanguage\":\"fi-SE\",\"@id\":\"https:\/\/beconfident.com\/fi_sv\/produkt\/beconfident-tandblekning-x1-tandblekning-startkit\/#primaryimage\",\"url\":\"https:\/\/beconfident.com\/wp-content\/uploads\/2021\/01\/Teeth-whitening-x1-start-kit-with-badge-2.jpg\",\"contentUrl\":\"https:\/\/beconfident.com\/wp-content\/uploads\/2021\/01\/Teeth-whitening-x1-start-kit-with-badge-2.jpg\",\"width\":2000,\"height\":2000},{\"@type\":\"BreadcrumbList\",\"@id\":\"https:\/\/beconfident.com\/fi_sv\/produkt\/beconfident-tandblekning-x1-tandblekning-startkit\/#breadcrumb\",\"itemListElement\":[{\"@type\":\"ListItem\",\"position\":1,\"name\":\"Hem\",\"item\":\"https:\/\/beconfident.com\/fi_sv\/\"},{\"@type\":\"ListItem\",\"position\":2,\"name\":\"Webbutik\",\"item\":\"https:\/\/beconfident.com\/fi_sv\/butik\/\"},{\"@type\":\"ListItem\",\"position\":3,\"name\":\"Beconfident Tandblekning X1 tandblekning startkit\"}]},{\"@type\":\"WebSite\",\"@id\":\"https:\/\/beconfident.com\/lv\/#website\",\"url\":\"https:\/\/beconfident.com\/lv\/\",\"name\":\"Beconfident\",\"description\":\"\",\"potentialAction\":[{\"@type\":\"SearchAction\",\"target\":{\"@type\":\"EntryPoint\",\"urlTemplate\":\"https:\/\/beconfident.com\/lv\/?s={search_term_string}\"},\"query-input\":{\"@type\":\"PropertyValueSpecification\",\"valueRequired\":true,\"valueName\":\"search_term_string\"}}],\"inLanguage\":\"fi-SE\"}]}<\/script>\n<!-- \/ Yoast SEO plugin. -->","yoast_head_json":{"title":"Beconfident Tandblekning X1 tandblekning startkit","description":"Beconfident Tandblekning X1 tandblekning startkit. Vitare t\u00e4nder p\u00e5 15 minuter \u2013 utan ilningar och irriterat tandk\u00f6tt. K\u00f6p tandblekning hos Beconfident\u00ae.","robots":{"index":"index","follow":"follow","max-snippet":"max-snippet:-1","max-image-preview":"max-image-preview:large","max-video-preview":"max-video-preview:-1"},"canonical":"https:\/\/beconfident.com\/fi_sv\/produkt\/beconfident-tandblekning-x1-tandblekning-startkit\/","og_locale":"fi_FI","og_type":"article","og_title":"Beconfident Tandblekning X1 tandblekning startkit","og_description":"Beconfident Tandblekning X1 tandblekning startkit. Vitare t\u00e4nder p\u00e5 15 minuter \u2013 utan ilningar och irriterat tandk\u00f6tt. K\u00f6p tandblekning hos Beconfident\u00ae.","og_url":"https:\/\/beconfident.com\/fi_sv\/produkt\/beconfident-tandblekning-x1-tandblekning-startkit\/","og_site_name":"Beconfident","article_modified_time":"2026-04-20T08:13:26+00:00","og_image":[{"width":2000,"height":2000,"url":"https:\/\/beconfident.com\/wp-content\/uploads\/2021\/01\/Teeth-whitening-x1-start-kit-with-badge-2.jpg","type":"image\/jpeg"}],"twitter_card":"summary_large_image","twitter_misc":{"Est. reading time":"2 minutes"},"schema":{"@context":"https:\/\/schema.org","@graph":[{"@type":"WebPage","@id":"https:\/\/beconfident.com\/fi_sv\/produkt\/beconfident-tandblekning-x1-tandblekning-startkit\/","url":"https:\/\/beconfident.com\/fi_sv\/produkt\/beconfident-tandblekning-x1-tandblekning-startkit\/","name":"Beconfident Tandblekning X1 tandblekning startkit","isPartOf":{"@id":"https:\/\/beconfident.com\/lv\/#website"},"primaryImageOfPage":{"@id":"https:\/\/beconfident.com\/fi_sv\/produkt\/beconfident-tandblekning-x1-tandblekning-startkit\/#primaryimage"},"image":{"@id":"https:\/\/beconfident.com\/fi_sv\/produkt\/beconfident-tandblekning-x1-tandblekning-startkit\/#primaryimage"},"thumbnailUrl":"https:\/\/beconfident.com\/wp-content\/uploads\/2021\/01\/Teeth-whitening-x1-start-kit-with-badge-2.jpg","datePublished":"2021-01-11T09:04:26+00:00","dateModified":"2026-04-20T08:13:26+00:00","description":"Beconfident Tandblekning X1 tandblekning startkit. Vitare t\u00e4nder p\u00e5 15 minuter \u2013 utan ilningar och irriterat tandk\u00f6tt. K\u00f6p tandblekning hos Beconfident\u00ae.","breadcrumb":{"@id":"https:\/\/beconfident.com\/fi_sv\/produkt\/beconfident-tandblekning-x1-tandblekning-startkit\/#breadcrumb"},"inLanguage":"fi-SE","potentialAction":[{"@type":"ReadAction","target":["https:\/\/beconfident.com\/fi_sv\/produkt\/beconfident-tandblekning-x1-tandblekning-startkit\/"]}]},{"@type":"ImageObject","inLanguage":"fi-SE","@id":"https:\/\/beconfident.com\/fi_sv\/produkt\/beconfident-tandblekning-x1-tandblekning-startkit\/#primaryimage","url":"https:\/\/beconfident.com\/wp-content\/uploads\/2021\/01\/Teeth-whitening-x1-start-kit-with-badge-2.jpg","contentUrl":"https:\/\/beconfident.com\/wp-content\/uploads\/2021\/01\/Teeth-whitening-x1-start-kit-with-badge-2.jpg","width":2000,"height":2000},{"@type":"BreadcrumbList","@id":"https:\/\/beconfident.com\/fi_sv\/produkt\/beconfident-tandblekning-x1-tandblekning-startkit\/#breadcrumb","itemListElement":[{"@type":"ListItem","position":1,"name":"Hem","item":"https:\/\/beconfident.com\/fi_sv\/"},{"@type":"ListItem","position":2,"name":"Webbutik","item":"https:\/\/beconfident.com\/fi_sv\/butik\/"},{"@type":"ListItem","position":3,"name":"Beconfident Tandblekning X1 tandblekning startkit"}]},{"@type":"WebSite","@id":"https:\/\/beconfident.com\/lv\/#website","url":"https:\/\/beconfident.com\/lv\/","name":"Beconfident","description":"","potentialAction":[{"@type":"SearchAction","target":{"@type":"EntryPoint","urlTemplate":"https:\/\/beconfident.com\/lv\/?s={search_term_string}"},"query-input":{"@type":"PropertyValueSpecification","valueRequired":true,"valueName":"search_term_string"}}],"inLanguage":"fi-SE"}]}},"_links":{"self":[{"href":"https:\/\/beconfident.com\/fi_sv\/wp-json\/wp\/v2\/product\/21208","targetHints":{"allow":["GET"]}}],"collection":[{"href":"https:\/\/beconfident.com\/fi_sv\/wp-json\/wp\/v2\/product"}],"about":[{"href":"https:\/\/beconfident.com\/fi_sv\/wp-json\/wp\/v2\/types\/product"}],"replies":[{"embeddable":true,"href":"https:\/\/beconfident.com\/fi_sv\/wp-json\/wp\/v2\/comments?post=21208"}],"wp:featuredmedia":[{"embeddable":true,"href":"https:\/\/beconfident.com\/fi_sv\/wp-json\/wp\/v2\/media\/56026"}],"wp:attachment":[{"href":"https:\/\/beconfident.com\/fi_sv\/wp-json\/wp\/v2\/media?parent=21208"}],"wp:term":[{"taxonomy":"product_brand","embeddable":true,"href":"https:\/\/beconfident.com\/fi_sv\/wp-json\/wp\/v2\/product_brand?post=21208"},{"taxonomy":"product_cat","embeddable":true,"href":"https:\/\/beconfident.com\/fi_sv\/wp-json\/wp\/v2\/product_cat?post=21208"},{"taxonomy":"product_tag","embeddable":true,"href":"https:\/\/beconfident.com\/fi_sv\/wp-json\/wp\/v2\/product_tag?post=21208"}],"curies":[{"name":"wp","href":"https:\/\/api.w.org\/{rel}","templated":true}]}}