{"id":21193,"date":"2021-01-11T10:04:26","date_gmt":"2021-01-11T09:04:26","guid":{"rendered":"http:\/\/beconfident.beconfident.hemsida.eu\/produkt\/teeth-whitening-x4-pro-kit\/"},"modified":"2026-04-14T22:12:46","modified_gmt":"2026-04-14T20:12:46","slug":"teeth-whitening-x4-pro-kit","status":"publish","type":"product","link":"https:\/\/beconfident.com\/fi_sv\/produkt\/teeth-whitening-x4-pro-kit\/","title":{"rendered":"Tandblekning X4 Pro Kit"},"content":{"rendered":"<p>Beconfident\u00ae Pro Kit \u00e4r v\u00e5rt mest effektiva tandblekningskit f\u00f6r maximalt resultat. Tandblekningsgelen inneh\u00e5ller fyra aktiva ingredienser, PAP (\u03b5-phthalimido peroxy hexanoic acid) + natriumbikarbonat + kokosulfat arbetar tillsammans f\u00f6r att ge b\u00e4sta m\u00f6jliga blekningsresultat utan v\u00e4teperoxid. Den fj\u00e4rde ingrediensen, Ferrous Gluconate, kan aktiveras med Beconfident\u00ae LED Booster Light f\u00f6r att f\u00f6rb\u00e4ttra effekten av tandblekningen med ytterligare en nyans.<\/p>\n<p>I Pro Kit ing\u00e5r en Protect and Repair efterbehandling, en reparerande gel som minskar t\u00e4ndernas k\u00e4nslighet efter varje behandling och hj\u00e4lper till att reparera sm\u00e5 emaljskador samt st\u00e4rka och skydda emaljen l\u00e5ngsiktigt. F\u00f6rpackningen inneh\u00e5ller Pro Kit tandblekningsgel (10 ml), Protect &amp; Repair efterbehandlingsgel (10 ml), tv\u00e5 stycken formbara munskenor, gelapplikator, nyansguide samt bruksanvisning.<\/p>\n","protected":false},"excerpt":{"rendered":"<p>Upp till 7 nyanser vitare t\u00e4nder p\u00e5 10 dagar + ytterligare 1 nyans vitare vid anv\u00e4ndning tillsammans med LED Booster Light<\/p>\n","protected":false},"featured_media":55846,"comment_status":"open","ping_status":"closed","template":"","meta":{"_acf_changed":false,"inline_featured_image":false,"_monsterinsights_skip_tracking":false,"_monsterinsights_sitenote_active":false,"_monsterinsights_sitenote_note":"","_monsterinsights_sitenote_category":0},"product_brand":[],"product_cat":[723,484,496],"product_tag":[],"class_list":{"0":"post-21193","1":"product","2":"type-product","3":"status-publish","4":"has-post-thumbnail","6":"product_cat-alla-produkter-fi_sv","7":"product_cat-tandblekning-fi_sv","8":"product_cat-tandblekningskit-fi_sv","10":"first","11":"instock","12":"featured","13":"taxable","14":"shipping-taxable","15":"purchasable","16":"product-type-simple"},"acf":[],"shsp-ext":{"main":{},"variations":[]},"yoast_head":"<!-- This site is optimized with the Yoast SEO plugin v27.2 - https:\/\/yoast.com\/product\/yoast-seo-wordpress\/ -->\n<title>Tandblekning X4 Pro Kit - Beconfident<\/title>\n<meta name=\"description\" content=\"V\u00e5r b\u00e4sta tandblekning f\u00f6r maximalt resultat. Upp till 7 nyanser vitare t\u00e4nder p\u00e5 10 dagar. Blek t\u00e4nderna hemma skonsamt och effektivt.\" \/>\n<meta name=\"robots\" content=\"index, follow, max-snippet:-1, max-image-preview:large, max-video-preview:-1\" \/>\n<link rel=\"canonical\" href=\"https:\/\/beconfident.com\/fi_sv\/produkt\/teeth-whitening-x4-pro-kit\/\" \/>\n<meta property=\"og:locale\" content=\"fi_FI\" \/>\n<meta property=\"og:type\" content=\"article\" \/>\n<meta property=\"og:title\" content=\"Tandblekning X4 Pro Kit - Beconfident\" \/>\n<meta property=\"og:description\" content=\"V\u00e5r b\u00e4sta tandblekning f\u00f6r maximalt resultat. Upp till 7 nyanser vitare t\u00e4nder p\u00e5 10 dagar. Blek t\u00e4nderna hemma skonsamt och effektivt.\" \/>\n<meta property=\"og:url\" content=\"https:\/\/beconfident.com\/fi_sv\/produkt\/teeth-whitening-x4-pro-kit\/\" \/>\n<meta property=\"og:site_name\" content=\"Beconfident\" \/>\n<meta property=\"article:modified_time\" content=\"2026-04-14T20:12:46+00:00\" \/>\n<meta property=\"og:image\" content=\"https:\/\/beconfident.com\/wp-content\/uploads\/2021\/01\/X4-pro-kit-with-badge-2.jpg\" \/>\n\t<meta property=\"og:image:width\" content=\"2000\" \/>\n\t<meta property=\"og:image:height\" content=\"2000\" \/>\n\t<meta property=\"og:image:type\" content=\"image\/jpeg\" \/>\n<meta name=\"twitter:card\" content=\"summary_large_image\" \/>\n<meta name=\"twitter:label1\" content=\"Est. reading time\" \/>\n\t<meta name=\"twitter:data1\" content=\"1 minute\" \/>\n<script type=\"application\/ld+json\" class=\"yoast-schema-graph\">{\"@context\":\"https:\/\/schema.org\",\"@graph\":[{\"@type\":\"WebPage\",\"@id\":\"https:\/\/beconfident.com\/fi_sv\/produkt\/teeth-whitening-x4-pro-kit\/\",\"url\":\"https:\/\/beconfident.com\/fi_sv\/produkt\/teeth-whitening-x4-pro-kit\/\",\"name\":\"Tandblekning X4 Pro Kit - Beconfident\",\"isPartOf\":{\"@id\":\"https:\/\/beconfident.com\/lv\/#website\"},\"primaryImageOfPage\":{\"@id\":\"https:\/\/beconfident.com\/fi_sv\/produkt\/teeth-whitening-x4-pro-kit\/#primaryimage\"},\"image\":{\"@id\":\"https:\/\/beconfident.com\/fi_sv\/produkt\/teeth-whitening-x4-pro-kit\/#primaryimage\"},\"thumbnailUrl\":\"https:\/\/beconfident.com\/wp-content\/uploads\/2021\/01\/X4-pro-kit-with-badge-2.jpg\",\"datePublished\":\"2021-01-11T09:04:26+00:00\",\"dateModified\":\"2026-04-14T20:12:46+00:00\",\"description\":\"V\u00e5r b\u00e4sta tandblekning f\u00f6r maximalt resultat. Upp till 7 nyanser vitare t\u00e4nder p\u00e5 10 dagar. Blek t\u00e4nderna hemma skonsamt och effektivt.\",\"breadcrumb\":{\"@id\":\"https:\/\/beconfident.com\/fi_sv\/produkt\/teeth-whitening-x4-pro-kit\/#breadcrumb\"},\"inLanguage\":\"fi-SE\",\"potentialAction\":[{\"@type\":\"ReadAction\",\"target\":[\"https:\/\/beconfident.com\/fi_sv\/produkt\/teeth-whitening-x4-pro-kit\/\"]}]},{\"@type\":\"ImageObject\",\"inLanguage\":\"fi-SE\",\"@id\":\"https:\/\/beconfident.com\/fi_sv\/produkt\/teeth-whitening-x4-pro-kit\/#primaryimage\",\"url\":\"https:\/\/beconfident.com\/wp-content\/uploads\/2021\/01\/X4-pro-kit-with-badge-2.jpg\",\"contentUrl\":\"https:\/\/beconfident.com\/wp-content\/uploads\/2021\/01\/X4-pro-kit-with-badge-2.jpg\",\"width\":2000,\"height\":2000},{\"@type\":\"BreadcrumbList\",\"@id\":\"https:\/\/beconfident.com\/fi_sv\/produkt\/teeth-whitening-x4-pro-kit\/#breadcrumb\",\"itemListElement\":[{\"@type\":\"ListItem\",\"position\":1,\"name\":\"Hem\",\"item\":\"https:\/\/beconfident.com\/fi_sv\/\"},{\"@type\":\"ListItem\",\"position\":2,\"name\":\"Webbutik\",\"item\":\"https:\/\/beconfident.com\/fi_sv\/butik\/\"},{\"@type\":\"ListItem\",\"position\":3,\"name\":\"Tandblekning X4 Pro Kit\"}]},{\"@type\":\"WebSite\",\"@id\":\"https:\/\/beconfident.com\/lv\/#website\",\"url\":\"https:\/\/beconfident.com\/lv\/\",\"name\":\"Beconfident\",\"description\":\"\",\"potentialAction\":[{\"@type\":\"SearchAction\",\"target\":{\"@type\":\"EntryPoint\",\"urlTemplate\":\"https:\/\/beconfident.com\/lv\/?s={search_term_string}\"},\"query-input\":{\"@type\":\"PropertyValueSpecification\",\"valueRequired\":true,\"valueName\":\"search_term_string\"}}],\"inLanguage\":\"fi-SE\"}]}<\/script>\n<!-- \/ Yoast SEO plugin. -->","yoast_head_json":{"title":"Tandblekning X4 Pro Kit - Beconfident","description":"V\u00e5r b\u00e4sta tandblekning f\u00f6r maximalt resultat. Upp till 7 nyanser vitare t\u00e4nder p\u00e5 10 dagar. Blek t\u00e4nderna hemma skonsamt och effektivt.","robots":{"index":"index","follow":"follow","max-snippet":"max-snippet:-1","max-image-preview":"max-image-preview:large","max-video-preview":"max-video-preview:-1"},"canonical":"https:\/\/beconfident.com\/fi_sv\/produkt\/teeth-whitening-x4-pro-kit\/","og_locale":"fi_FI","og_type":"article","og_title":"Tandblekning X4 Pro Kit - Beconfident","og_description":"V\u00e5r b\u00e4sta tandblekning f\u00f6r maximalt resultat. Upp till 7 nyanser vitare t\u00e4nder p\u00e5 10 dagar. Blek t\u00e4nderna hemma skonsamt och effektivt.","og_url":"https:\/\/beconfident.com\/fi_sv\/produkt\/teeth-whitening-x4-pro-kit\/","og_site_name":"Beconfident","article_modified_time":"2026-04-14T20:12:46+00:00","og_image":[{"width":2000,"height":2000,"url":"https:\/\/beconfident.com\/wp-content\/uploads\/2021\/01\/X4-pro-kit-with-badge-2.jpg","type":"image\/jpeg"}],"twitter_card":"summary_large_image","twitter_misc":{"Est. reading time":"1 minute"},"schema":{"@context":"https:\/\/schema.org","@graph":[{"@type":"WebPage","@id":"https:\/\/beconfident.com\/fi_sv\/produkt\/teeth-whitening-x4-pro-kit\/","url":"https:\/\/beconfident.com\/fi_sv\/produkt\/teeth-whitening-x4-pro-kit\/","name":"Tandblekning X4 Pro Kit - Beconfident","isPartOf":{"@id":"https:\/\/beconfident.com\/lv\/#website"},"primaryImageOfPage":{"@id":"https:\/\/beconfident.com\/fi_sv\/produkt\/teeth-whitening-x4-pro-kit\/#primaryimage"},"image":{"@id":"https:\/\/beconfident.com\/fi_sv\/produkt\/teeth-whitening-x4-pro-kit\/#primaryimage"},"thumbnailUrl":"https:\/\/beconfident.com\/wp-content\/uploads\/2021\/01\/X4-pro-kit-with-badge-2.jpg","datePublished":"2021-01-11T09:04:26+00:00","dateModified":"2026-04-14T20:12:46+00:00","description":"V\u00e5r b\u00e4sta tandblekning f\u00f6r maximalt resultat. Upp till 7 nyanser vitare t\u00e4nder p\u00e5 10 dagar. Blek t\u00e4nderna hemma skonsamt och effektivt.","breadcrumb":{"@id":"https:\/\/beconfident.com\/fi_sv\/produkt\/teeth-whitening-x4-pro-kit\/#breadcrumb"},"inLanguage":"fi-SE","potentialAction":[{"@type":"ReadAction","target":["https:\/\/beconfident.com\/fi_sv\/produkt\/teeth-whitening-x4-pro-kit\/"]}]},{"@type":"ImageObject","inLanguage":"fi-SE","@id":"https:\/\/beconfident.com\/fi_sv\/produkt\/teeth-whitening-x4-pro-kit\/#primaryimage","url":"https:\/\/beconfident.com\/wp-content\/uploads\/2021\/01\/X4-pro-kit-with-badge-2.jpg","contentUrl":"https:\/\/beconfident.com\/wp-content\/uploads\/2021\/01\/X4-pro-kit-with-badge-2.jpg","width":2000,"height":2000},{"@type":"BreadcrumbList","@id":"https:\/\/beconfident.com\/fi_sv\/produkt\/teeth-whitening-x4-pro-kit\/#breadcrumb","itemListElement":[{"@type":"ListItem","position":1,"name":"Hem","item":"https:\/\/beconfident.com\/fi_sv\/"},{"@type":"ListItem","position":2,"name":"Webbutik","item":"https:\/\/beconfident.com\/fi_sv\/butik\/"},{"@type":"ListItem","position":3,"name":"Tandblekning X4 Pro Kit"}]},{"@type":"WebSite","@id":"https:\/\/beconfident.com\/lv\/#website","url":"https:\/\/beconfident.com\/lv\/","name":"Beconfident","description":"","potentialAction":[{"@type":"SearchAction","target":{"@type":"EntryPoint","urlTemplate":"https:\/\/beconfident.com\/lv\/?s={search_term_string}"},"query-input":{"@type":"PropertyValueSpecification","valueRequired":true,"valueName":"search_term_string"}}],"inLanguage":"fi-SE"}]}},"_links":{"self":[{"href":"https:\/\/beconfident.com\/fi_sv\/wp-json\/wp\/v2\/product\/21193","targetHints":{"allow":["GET"]}}],"collection":[{"href":"https:\/\/beconfident.com\/fi_sv\/wp-json\/wp\/v2\/product"}],"about":[{"href":"https:\/\/beconfident.com\/fi_sv\/wp-json\/wp\/v2\/types\/product"}],"replies":[{"embeddable":true,"href":"https:\/\/beconfident.com\/fi_sv\/wp-json\/wp\/v2\/comments?post=21193"}],"wp:featuredmedia":[{"embeddable":true,"href":"https:\/\/beconfident.com\/fi_sv\/wp-json\/wp\/v2\/media\/55846"}],"wp:attachment":[{"href":"https:\/\/beconfident.com\/fi_sv\/wp-json\/wp\/v2\/media?parent=21193"}],"wp:term":[{"taxonomy":"product_brand","embeddable":true,"href":"https:\/\/beconfident.com\/fi_sv\/wp-json\/wp\/v2\/product_brand?post=21193"},{"taxonomy":"product_cat","embeddable":true,"href":"https:\/\/beconfident.com\/fi_sv\/wp-json\/wp\/v2\/product_cat?post=21193"},{"taxonomy":"product_tag","embeddable":true,"href":"https:\/\/beconfident.com\/fi_sv\/wp-json\/wp\/v2\/product_tag?post=21193"}],"curies":[{"name":"wp","href":"https:\/\/api.w.org\/{rel}","templated":true}]}}