{"id":21174,"date":"2021-01-11T10:04:26","date_gmt":"2021-01-11T09:04:26","guid":{"rendered":"http:\/\/beconfident.beconfident.hemsida.eu\/produkt\/multifunctional-whitening-toothpaste-strawberrymint\/"},"modified":"2026-04-13T23:13:04","modified_gmt":"2026-04-13T21:13:04","slug":"multifunctional-whitening-toothpaste-strawberrymint","status":"publish","type":"product","link":"https:\/\/beconfident.com\/fi_sv\/produkt\/multifunctional-whitening-toothpaste-strawberrymint\/","title":{"rendered":"Multifunctional Whitening Tandkr\u00e4m Jordgubb + Mint 75ml"},"content":{"rendered":"<p>Beconfident\u00ae Multifunctional Whitening Tandkr\u00e4m har utvecklats tillsammans med v\u00e4rldsledande tandl\u00e4kare f\u00f6r att vara den mest kompletta tandblekande tandkr\u00e4men p\u00e5 marknaden. F\u00f6rutom att g\u00f6ra t\u00e4nderna vitare s\u00e5 skyddar den mot karies och plack, st\u00e4rker tandk\u00f6ttet samt tar bort fl\u00e4ckar och missf\u00e4rgningar. Finns i smakerna: Acai + Mint, Cocos + Mint, Jordgubb + Mint, Extra Mint och Sensitive Mint.<\/p>\n<p>F\u00f6r att kunna garantera att Beconfident\u00ae Multifunctional Tandkr\u00e4m \u00e4r s\u00e4ker och effektiv har vi genomf\u00f6rt en kliniskt studie under fyra veckor. Studien utf\u00f6rdes i enlighet med riktlinjerna f\u00f6r god klinisk praxis och ADA-riktlinjer f\u00f6r testning av tandkr\u00e4m och tandblekningsprodukter. Beconfident\u00ae Multifunctional Whitening Tandkr\u00e4m inneh\u00e5ller en blandning av fluor, kaliumnitrat, kalciumfosfat, zink, vitt kol och kalciumperoxid f\u00f6r att ge anv\u00e4ndaren b\u00e4sta m\u00f6jliga munv\u00e5rd.<\/p>\n","protected":false},"excerpt":{"rendered":"<p>Multifunktionell whitening tandkr\u00e4m f\u00f6r vitare, renare och starkare t\u00e4nder.<\/p>\n","protected":false},"featured_media":21175,"comment_status":"open","ping_status":"closed","template":"","meta":{"_acf_changed":false,"inline_featured_image":false,"_monsterinsights_skip_tracking":false,"_monsterinsights_sitenote_active":false,"_monsterinsights_sitenote_note":"","_monsterinsights_sitenote_category":0},"product_brand":[],"product_cat":[717,68,61],"product_tag":[],"class_list":{"0":"post-21174","1":"product","2":"type-product","3":"status-publish","4":"has-post-thumbnail","6":"product_cat-alla-produkter","7":"product_cat-multifunctional-tandkram","8":"product_cat-tandkram","10":"first","11":"instock","12":"taxable","13":"shipping-taxable","14":"purchasable","15":"product-type-simple"},"acf":[],"shsp-ext":{"main":{},"variations":[]},"yoast_head":"<!-- This site is optimized with the Yoast SEO plugin v27.2 - https:\/\/yoast.com\/product\/yoast-seo-wordpress\/ -->\n<title>Multifunctional Whitening Tandkr\u00e4m Jordgubb + Mint 75ml - Beconfident<\/title>\n<meta name=\"description\" content=\"Beconfident\u00ae Multifunctional Whitening Toothpaste has been developed with world-leading dentists to be the most complete toothpaste on the market.\" \/>\n<meta name=\"robots\" content=\"index, follow, max-snippet:-1, max-image-preview:large, max-video-preview:-1\" \/>\n<link rel=\"canonical\" href=\"https:\/\/beconfident.com\/fi_sv\/produkt\/multifunctional-whitening-toothpaste-strawberrymint\/\" \/>\n<meta property=\"og:locale\" content=\"fi_FI\" \/>\n<meta property=\"og:type\" content=\"article\" \/>\n<meta property=\"og:title\" content=\"Multifunctional Whitening Tandkr\u00e4m Jordgubb + Mint 75ml - Beconfident\" \/>\n<meta property=\"og:description\" content=\"Beconfident\u00ae Multifunctional Whitening Toothpaste has been developed with world-leading dentists to be the most complete toothpaste on the market.\" \/>\n<meta property=\"og:url\" content=\"https:\/\/beconfident.com\/fi_sv\/produkt\/multifunctional-whitening-toothpaste-strawberrymint\/\" \/>\n<meta property=\"og:site_name\" content=\"Beconfident\" \/>\n<meta property=\"article:modified_time\" content=\"2026-04-13T21:13:04+00:00\" \/>\n<meta property=\"og:image\" content=\"https:\/\/beconfident.com\/wp-content\/uploads\/2021\/01\/141198-Multifunctional-Whitening-Toothpaste-Jordgubb-Mint.jpg\" \/>\n\t<meta property=\"og:image:width\" content=\"1000\" \/>\n\t<meta property=\"og:image:height\" content=\"1000\" \/>\n\t<meta property=\"og:image:type\" content=\"image\/jpeg\" \/>\n<meta name=\"twitter:card\" content=\"summary_large_image\" \/>\n<meta name=\"twitter:label1\" content=\"Est. reading time\" \/>\n\t<meta name=\"twitter:data1\" content=\"1 minute\" \/>\n<script type=\"application\/ld+json\" class=\"yoast-schema-graph\">{\"@context\":\"https:\/\/schema.org\",\"@graph\":[{\"@type\":\"WebPage\",\"@id\":\"https:\/\/beconfident.com\/fi_sv\/produkt\/multifunctional-whitening-toothpaste-strawberrymint\/\",\"url\":\"https:\/\/beconfident.com\/fi_sv\/produkt\/multifunctional-whitening-toothpaste-strawberrymint\/\",\"name\":\"Multifunctional Whitening Tandkr\u00e4m Jordgubb + Mint 75ml - Beconfident\",\"isPartOf\":{\"@id\":\"https:\/\/beconfident.com\/lv\/#website\"},\"primaryImageOfPage\":{\"@id\":\"https:\/\/beconfident.com\/fi_sv\/produkt\/multifunctional-whitening-toothpaste-strawberrymint\/#primaryimage\"},\"image\":{\"@id\":\"https:\/\/beconfident.com\/fi_sv\/produkt\/multifunctional-whitening-toothpaste-strawberrymint\/#primaryimage\"},\"thumbnailUrl\":\"https:\/\/beconfident.com\/wp-content\/uploads\/2021\/01\/141198-Multifunctional-Whitening-Toothpaste-Jordgubb-Mint.jpg\",\"datePublished\":\"2021-01-11T09:04:26+00:00\",\"dateModified\":\"2026-04-13T21:13:04+00:00\",\"description\":\"Beconfident\u00ae Multifunctional Whitening Toothpaste has been developed with world-leading dentists to be the most complete toothpaste on the market.\",\"breadcrumb\":{\"@id\":\"https:\/\/beconfident.com\/fi_sv\/produkt\/multifunctional-whitening-toothpaste-strawberrymint\/#breadcrumb\"},\"inLanguage\":\"fi-SE\",\"potentialAction\":[{\"@type\":\"ReadAction\",\"target\":[\"https:\/\/beconfident.com\/fi_sv\/produkt\/multifunctional-whitening-toothpaste-strawberrymint\/\"]}]},{\"@type\":\"ImageObject\",\"inLanguage\":\"fi-SE\",\"@id\":\"https:\/\/beconfident.com\/fi_sv\/produkt\/multifunctional-whitening-toothpaste-strawberrymint\/#primaryimage\",\"url\":\"https:\/\/beconfident.com\/wp-content\/uploads\/2021\/01\/141198-Multifunctional-Whitening-Toothpaste-Jordgubb-Mint.jpg\",\"contentUrl\":\"https:\/\/beconfident.com\/wp-content\/uploads\/2021\/01\/141198-Multifunctional-Whitening-Toothpaste-Jordgubb-Mint.jpg\",\"width\":1000,\"height\":1000},{\"@type\":\"BreadcrumbList\",\"@id\":\"https:\/\/beconfident.com\/fi_sv\/produkt\/multifunctional-whitening-toothpaste-strawberrymint\/#breadcrumb\",\"itemListElement\":[{\"@type\":\"ListItem\",\"position\":1,\"name\":\"Hem\",\"item\":\"https:\/\/beconfident.com\/fi_sv\/\"},{\"@type\":\"ListItem\",\"position\":2,\"name\":\"Webbutik\",\"item\":\"https:\/\/beconfident.com\/fi_sv\/butik\/\"},{\"@type\":\"ListItem\",\"position\":3,\"name\":\"Multifunctional Whitening Tandkr\u00e4m Jordgubb + Mint 75ml\"}]},{\"@type\":\"WebSite\",\"@id\":\"https:\/\/beconfident.com\/lv\/#website\",\"url\":\"https:\/\/beconfident.com\/lv\/\",\"name\":\"Beconfident\",\"description\":\"\",\"potentialAction\":[{\"@type\":\"SearchAction\",\"target\":{\"@type\":\"EntryPoint\",\"urlTemplate\":\"https:\/\/beconfident.com\/lv\/?s={search_term_string}\"},\"query-input\":{\"@type\":\"PropertyValueSpecification\",\"valueRequired\":true,\"valueName\":\"search_term_string\"}}],\"inLanguage\":\"fi-SE\"}]}<\/script>\n<!-- \/ Yoast SEO plugin. -->","yoast_head_json":{"title":"Multifunctional Whitening Tandkr\u00e4m Jordgubb + Mint 75ml - Beconfident","description":"Beconfident\u00ae Multifunctional Whitening Toothpaste has been developed with world-leading dentists to be the most complete toothpaste on the market.","robots":{"index":"index","follow":"follow","max-snippet":"max-snippet:-1","max-image-preview":"max-image-preview:large","max-video-preview":"max-video-preview:-1"},"canonical":"https:\/\/beconfident.com\/fi_sv\/produkt\/multifunctional-whitening-toothpaste-strawberrymint\/","og_locale":"fi_FI","og_type":"article","og_title":"Multifunctional Whitening Tandkr\u00e4m Jordgubb + Mint 75ml - Beconfident","og_description":"Beconfident\u00ae Multifunctional Whitening Toothpaste has been developed with world-leading dentists to be the most complete toothpaste on the market.","og_url":"https:\/\/beconfident.com\/fi_sv\/produkt\/multifunctional-whitening-toothpaste-strawberrymint\/","og_site_name":"Beconfident","article_modified_time":"2026-04-13T21:13:04+00:00","og_image":[{"width":1000,"height":1000,"url":"https:\/\/beconfident.com\/wp-content\/uploads\/2021\/01\/141198-Multifunctional-Whitening-Toothpaste-Jordgubb-Mint.jpg","type":"image\/jpeg"}],"twitter_card":"summary_large_image","twitter_misc":{"Est. reading time":"1 minute"},"schema":{"@context":"https:\/\/schema.org","@graph":[{"@type":"WebPage","@id":"https:\/\/beconfident.com\/fi_sv\/produkt\/multifunctional-whitening-toothpaste-strawberrymint\/","url":"https:\/\/beconfident.com\/fi_sv\/produkt\/multifunctional-whitening-toothpaste-strawberrymint\/","name":"Multifunctional Whitening Tandkr\u00e4m Jordgubb + Mint 75ml - Beconfident","isPartOf":{"@id":"https:\/\/beconfident.com\/lv\/#website"},"primaryImageOfPage":{"@id":"https:\/\/beconfident.com\/fi_sv\/produkt\/multifunctional-whitening-toothpaste-strawberrymint\/#primaryimage"},"image":{"@id":"https:\/\/beconfident.com\/fi_sv\/produkt\/multifunctional-whitening-toothpaste-strawberrymint\/#primaryimage"},"thumbnailUrl":"https:\/\/beconfident.com\/wp-content\/uploads\/2021\/01\/141198-Multifunctional-Whitening-Toothpaste-Jordgubb-Mint.jpg","datePublished":"2021-01-11T09:04:26+00:00","dateModified":"2026-04-13T21:13:04+00:00","description":"Beconfident\u00ae Multifunctional Whitening Toothpaste has been developed with world-leading dentists to be the most complete toothpaste on the market.","breadcrumb":{"@id":"https:\/\/beconfident.com\/fi_sv\/produkt\/multifunctional-whitening-toothpaste-strawberrymint\/#breadcrumb"},"inLanguage":"fi-SE","potentialAction":[{"@type":"ReadAction","target":["https:\/\/beconfident.com\/fi_sv\/produkt\/multifunctional-whitening-toothpaste-strawberrymint\/"]}]},{"@type":"ImageObject","inLanguage":"fi-SE","@id":"https:\/\/beconfident.com\/fi_sv\/produkt\/multifunctional-whitening-toothpaste-strawberrymint\/#primaryimage","url":"https:\/\/beconfident.com\/wp-content\/uploads\/2021\/01\/141198-Multifunctional-Whitening-Toothpaste-Jordgubb-Mint.jpg","contentUrl":"https:\/\/beconfident.com\/wp-content\/uploads\/2021\/01\/141198-Multifunctional-Whitening-Toothpaste-Jordgubb-Mint.jpg","width":1000,"height":1000},{"@type":"BreadcrumbList","@id":"https:\/\/beconfident.com\/fi_sv\/produkt\/multifunctional-whitening-toothpaste-strawberrymint\/#breadcrumb","itemListElement":[{"@type":"ListItem","position":1,"name":"Hem","item":"https:\/\/beconfident.com\/fi_sv\/"},{"@type":"ListItem","position":2,"name":"Webbutik","item":"https:\/\/beconfident.com\/fi_sv\/butik\/"},{"@type":"ListItem","position":3,"name":"Multifunctional Whitening Tandkr\u00e4m Jordgubb + Mint 75ml"}]},{"@type":"WebSite","@id":"https:\/\/beconfident.com\/lv\/#website","url":"https:\/\/beconfident.com\/lv\/","name":"Beconfident","description":"","potentialAction":[{"@type":"SearchAction","target":{"@type":"EntryPoint","urlTemplate":"https:\/\/beconfident.com\/lv\/?s={search_term_string}"},"query-input":{"@type":"PropertyValueSpecification","valueRequired":true,"valueName":"search_term_string"}}],"inLanguage":"fi-SE"}]}},"_links":{"self":[{"href":"https:\/\/beconfident.com\/fi_sv\/wp-json\/wp\/v2\/product\/21174","targetHints":{"allow":["GET"]}}],"collection":[{"href":"https:\/\/beconfident.com\/fi_sv\/wp-json\/wp\/v2\/product"}],"about":[{"href":"https:\/\/beconfident.com\/fi_sv\/wp-json\/wp\/v2\/types\/product"}],"replies":[{"embeddable":true,"href":"https:\/\/beconfident.com\/fi_sv\/wp-json\/wp\/v2\/comments?post=21174"}],"wp:featuredmedia":[{"embeddable":true,"href":"https:\/\/beconfident.com\/fi_sv\/wp-json\/wp\/v2\/media\/21175"}],"wp:attachment":[{"href":"https:\/\/beconfident.com\/fi_sv\/wp-json\/wp\/v2\/media?parent=21174"}],"wp:term":[{"taxonomy":"product_brand","embeddable":true,"href":"https:\/\/beconfident.com\/fi_sv\/wp-json\/wp\/v2\/product_brand?post=21174"},{"taxonomy":"product_cat","embeddable":true,"href":"https:\/\/beconfident.com\/fi_sv\/wp-json\/wp\/v2\/product_cat?post=21174"},{"taxonomy":"product_tag","embeddable":true,"href":"https:\/\/beconfident.com\/fi_sv\/wp-json\/wp\/v2\/product_tag?post=21174"}],"curies":[{"name":"wp","href":"https:\/\/api.w.org\/{rel}","templated":true}]}}