{"id":21108,"date":"2021-01-11T10:04:31","date_gmt":"2021-01-11T09:04:31","guid":{"rendered":"http:\/\/beconfident.beconfident.hemsida.eu\/produkt\/sonic-tandborsthuvuden-regular-4p-vit\/"},"modified":"2026-04-20T10:17:52","modified_gmt":"2026-04-20T08:17:52","slug":"sonic-tandborsthuvuden-regular-4p-vit","status":"publish","type":"product","link":"https:\/\/beconfident.com\/fi_sv\/produkt\/sonic-tandborsthuvuden-regular-4p-vit\/","title":{"rendered":"Sonic Tandborsthuvuden Regular 4-p Vit"},"content":{"rendered":"<p>F\u00e5 vitare, renare och starkare t\u00e4nder med 4-pack Beconfident\u00ae Sonic Tandborsthuvuden Regular Vit. Tandborsthuvudet har DuPont\u00ae borststr\u00e5n med inbyggd f\u00e4rgp\u00e5minnelse f\u00f6r n\u00e4r det \u00e4r dags att byta tandborsthuvud. H\u00e5rdhet: vanlig\/mjuk f\u00f6r daglig anv\u00e4ndning. Vi rekommenderar att man byter tandborsthuvud var tredje m\u00e5nad f\u00f6r b\u00e4sta reng\u00f6ring och minsta slitage p\u00e5 emaljen.<\/p>\n<p>Beconfident\u00a9 Sonic Toothbrush heads kan ej anv\u00e4ndas varken till Philips Sonicare eller Oral-B\u2019s eltandborstar. Passningen mellan tandborste och borsthuvud m\u00e5ste vara exakt f\u00f6r att ge r\u00e4tt sv\u00e4ngning\/vibration, vilket \u00e4r avg\u00f6rande f\u00f6r att t\u00e4nderna ska bli rena.<\/p>\n","protected":false},"excerpt":{"rendered":"<p>Beconfident\u00ae Sonic tandborsthuvuden med DuPont\u00ae borststr\u00e5n och Pedex f\u00e4rgp\u00e5minnelse<\/p>\n","protected":false},"featured_media":21111,"comment_status":"open","ping_status":"closed","template":"","meta":{"_acf_changed":false,"inline_featured_image":false,"_monsterinsights_skip_tracking":false,"_monsterinsights_sitenote_active":false,"_monsterinsights_sitenote_note":"","_monsterinsights_sitenote_category":0},"product_brand":[],"product_cat":[723,491],"product_tag":[],"class_list":{"0":"post-21108","1":"product","2":"type-product","3":"status-publish","4":"has-post-thumbnail","6":"product_cat-alla-produkter-fi_sv","7":"product_cat-sonic-eltandborstar-fi_sv","9":"first","10":"instock","11":"taxable","12":"shipping-taxable","13":"purchasable","14":"product-type-simple"},"acf":[],"shsp-ext":{"main":{},"variations":[]},"yoast_head":"<!-- This site is optimized with the Yoast SEO plugin v27.2 - https:\/\/yoast.com\/product\/yoast-seo-wordpress\/ -->\n<title>Sonic Tandborsthuvuden Regular 4-p Vit - Beconfident<\/title>\n<meta name=\"description\" content=\"Beconfident\u00ae Sonic tandborsthuvuden med DuPont\u00ae borststr\u00e5n och Pedex f\u00e4rgp\u00e5minnelse\" \/>\n<meta name=\"robots\" content=\"index, follow, max-snippet:-1, max-image-preview:large, max-video-preview:-1\" \/>\n<link rel=\"canonical\" href=\"https:\/\/beconfident.com\/fi_sv\/produkt\/sonic-tandborsthuvuden-regular-4p-vit\/\" \/>\n<meta property=\"og:locale\" content=\"fi_FI\" \/>\n<meta property=\"og:type\" content=\"article\" \/>\n<meta property=\"og:title\" content=\"Sonic Tandborsthuvuden Regular 4-p Vit - Beconfident\" \/>\n<meta property=\"og:description\" content=\"Beconfident\u00ae Sonic tandborsthuvuden med DuPont\u00ae borststr\u00e5n och Pedex f\u00e4rgp\u00e5minnelse\" \/>\n<meta property=\"og:url\" content=\"https:\/\/beconfident.com\/fi_sv\/produkt\/sonic-tandborsthuvuden-regular-4p-vit\/\" \/>\n<meta property=\"og:site_name\" content=\"Beconfident\" \/>\n<meta property=\"article:modified_time\" content=\"2026-04-20T08:17:52+00:00\" \/>\n<meta property=\"og:image\" content=\"https:\/\/beconfident.com\/wp-content\/uploads\/2021\/01\/Beconfident\u00ae-Quattro-Regular-brushpackwhite_650198.jpg\" \/>\n\t<meta property=\"og:image:width\" content=\"1417\" \/>\n\t<meta property=\"og:image:height\" content=\"1063\" \/>\n\t<meta property=\"og:image:type\" content=\"image\/jpeg\" \/>\n<meta name=\"twitter:card\" content=\"summary_large_image\" \/>\n<meta name=\"twitter:label1\" content=\"Est. reading time\" \/>\n\t<meta name=\"twitter:data1\" content=\"1 minute\" \/>\n<script type=\"application\/ld+json\" class=\"yoast-schema-graph\">{\"@context\":\"https:\/\/schema.org\",\"@graph\":[{\"@type\":\"WebPage\",\"@id\":\"https:\/\/beconfident.com\/fi_sv\/produkt\/sonic-tandborsthuvuden-regular-4p-vit\/\",\"url\":\"https:\/\/beconfident.com\/fi_sv\/produkt\/sonic-tandborsthuvuden-regular-4p-vit\/\",\"name\":\"Sonic Tandborsthuvuden Regular 4-p Vit - Beconfident\",\"isPartOf\":{\"@id\":\"https:\/\/beconfident.com\/lv\/#website\"},\"primaryImageOfPage\":{\"@id\":\"https:\/\/beconfident.com\/fi_sv\/produkt\/sonic-tandborsthuvuden-regular-4p-vit\/#primaryimage\"},\"image\":{\"@id\":\"https:\/\/beconfident.com\/fi_sv\/produkt\/sonic-tandborsthuvuden-regular-4p-vit\/#primaryimage\"},\"thumbnailUrl\":\"https:\/\/beconfident.com\/wp-content\/uploads\/2021\/01\/Beconfident\u00ae-Quattro-Regular-brushpackwhite_650198.jpg\",\"datePublished\":\"2021-01-11T09:04:31+00:00\",\"dateModified\":\"2026-04-20T08:17:52+00:00\",\"description\":\"Beconfident\u00ae Sonic tandborsthuvuden med DuPont\u00ae borststr\u00e5n och Pedex f\u00e4rgp\u00e5minnelse\",\"breadcrumb\":{\"@id\":\"https:\/\/beconfident.com\/fi_sv\/produkt\/sonic-tandborsthuvuden-regular-4p-vit\/#breadcrumb\"},\"inLanguage\":\"fi-SE\",\"potentialAction\":[{\"@type\":\"ReadAction\",\"target\":[\"https:\/\/beconfident.com\/fi_sv\/produkt\/sonic-tandborsthuvuden-regular-4p-vit\/\"]}]},{\"@type\":\"ImageObject\",\"inLanguage\":\"fi-SE\",\"@id\":\"https:\/\/beconfident.com\/fi_sv\/produkt\/sonic-tandborsthuvuden-regular-4p-vit\/#primaryimage\",\"url\":\"https:\/\/beconfident.com\/wp-content\/uploads\/2021\/01\/Beconfident\u00ae-Quattro-Regular-brushpackwhite_650198.jpg\",\"contentUrl\":\"https:\/\/beconfident.com\/wp-content\/uploads\/2021\/01\/Beconfident\u00ae-Quattro-Regular-brushpackwhite_650198.jpg\",\"width\":1417,\"height\":1063},{\"@type\":\"BreadcrumbList\",\"@id\":\"https:\/\/beconfident.com\/fi_sv\/produkt\/sonic-tandborsthuvuden-regular-4p-vit\/#breadcrumb\",\"itemListElement\":[{\"@type\":\"ListItem\",\"position\":1,\"name\":\"Hem\",\"item\":\"https:\/\/beconfident.com\/fi_sv\/\"},{\"@type\":\"ListItem\",\"position\":2,\"name\":\"Webbutik\",\"item\":\"https:\/\/beconfident.com\/fi_sv\/butik\/\"},{\"@type\":\"ListItem\",\"position\":3,\"name\":\"Sonic Tandborsthuvuden Regular 4-p Vit\"}]},{\"@type\":\"WebSite\",\"@id\":\"https:\/\/beconfident.com\/lv\/#website\",\"url\":\"https:\/\/beconfident.com\/lv\/\",\"name\":\"Beconfident\",\"description\":\"\",\"potentialAction\":[{\"@type\":\"SearchAction\",\"target\":{\"@type\":\"EntryPoint\",\"urlTemplate\":\"https:\/\/beconfident.com\/lv\/?s={search_term_string}\"},\"query-input\":{\"@type\":\"PropertyValueSpecification\",\"valueRequired\":true,\"valueName\":\"search_term_string\"}}],\"inLanguage\":\"fi-SE\"}]}<\/script>\n<!-- \/ Yoast SEO plugin. -->","yoast_head_json":{"title":"Sonic Tandborsthuvuden Regular 4-p Vit - Beconfident","description":"Beconfident\u00ae Sonic tandborsthuvuden med DuPont\u00ae borststr\u00e5n och Pedex f\u00e4rgp\u00e5minnelse","robots":{"index":"index","follow":"follow","max-snippet":"max-snippet:-1","max-image-preview":"max-image-preview:large","max-video-preview":"max-video-preview:-1"},"canonical":"https:\/\/beconfident.com\/fi_sv\/produkt\/sonic-tandborsthuvuden-regular-4p-vit\/","og_locale":"fi_FI","og_type":"article","og_title":"Sonic Tandborsthuvuden Regular 4-p Vit - Beconfident","og_description":"Beconfident\u00ae Sonic tandborsthuvuden med DuPont\u00ae borststr\u00e5n och Pedex f\u00e4rgp\u00e5minnelse","og_url":"https:\/\/beconfident.com\/fi_sv\/produkt\/sonic-tandborsthuvuden-regular-4p-vit\/","og_site_name":"Beconfident","article_modified_time":"2026-04-20T08:17:52+00:00","og_image":[{"width":1417,"height":1063,"url":"https:\/\/beconfident.com\/wp-content\/uploads\/2021\/01\/Beconfident\u00ae-Quattro-Regular-brushpackwhite_650198.jpg","type":"image\/jpeg"}],"twitter_card":"summary_large_image","twitter_misc":{"Est. reading time":"1 minute"},"schema":{"@context":"https:\/\/schema.org","@graph":[{"@type":"WebPage","@id":"https:\/\/beconfident.com\/fi_sv\/produkt\/sonic-tandborsthuvuden-regular-4p-vit\/","url":"https:\/\/beconfident.com\/fi_sv\/produkt\/sonic-tandborsthuvuden-regular-4p-vit\/","name":"Sonic Tandborsthuvuden Regular 4-p Vit - Beconfident","isPartOf":{"@id":"https:\/\/beconfident.com\/lv\/#website"},"primaryImageOfPage":{"@id":"https:\/\/beconfident.com\/fi_sv\/produkt\/sonic-tandborsthuvuden-regular-4p-vit\/#primaryimage"},"image":{"@id":"https:\/\/beconfident.com\/fi_sv\/produkt\/sonic-tandborsthuvuden-regular-4p-vit\/#primaryimage"},"thumbnailUrl":"https:\/\/beconfident.com\/wp-content\/uploads\/2021\/01\/Beconfident\u00ae-Quattro-Regular-brushpackwhite_650198.jpg","datePublished":"2021-01-11T09:04:31+00:00","dateModified":"2026-04-20T08:17:52+00:00","description":"Beconfident\u00ae Sonic tandborsthuvuden med DuPont\u00ae borststr\u00e5n och Pedex f\u00e4rgp\u00e5minnelse","breadcrumb":{"@id":"https:\/\/beconfident.com\/fi_sv\/produkt\/sonic-tandborsthuvuden-regular-4p-vit\/#breadcrumb"},"inLanguage":"fi-SE","potentialAction":[{"@type":"ReadAction","target":["https:\/\/beconfident.com\/fi_sv\/produkt\/sonic-tandborsthuvuden-regular-4p-vit\/"]}]},{"@type":"ImageObject","inLanguage":"fi-SE","@id":"https:\/\/beconfident.com\/fi_sv\/produkt\/sonic-tandborsthuvuden-regular-4p-vit\/#primaryimage","url":"https:\/\/beconfident.com\/wp-content\/uploads\/2021\/01\/Beconfident\u00ae-Quattro-Regular-brushpackwhite_650198.jpg","contentUrl":"https:\/\/beconfident.com\/wp-content\/uploads\/2021\/01\/Beconfident\u00ae-Quattro-Regular-brushpackwhite_650198.jpg","width":1417,"height":1063},{"@type":"BreadcrumbList","@id":"https:\/\/beconfident.com\/fi_sv\/produkt\/sonic-tandborsthuvuden-regular-4p-vit\/#breadcrumb","itemListElement":[{"@type":"ListItem","position":1,"name":"Hem","item":"https:\/\/beconfident.com\/fi_sv\/"},{"@type":"ListItem","position":2,"name":"Webbutik","item":"https:\/\/beconfident.com\/fi_sv\/butik\/"},{"@type":"ListItem","position":3,"name":"Sonic Tandborsthuvuden Regular 4-p Vit"}]},{"@type":"WebSite","@id":"https:\/\/beconfident.com\/lv\/#website","url":"https:\/\/beconfident.com\/lv\/","name":"Beconfident","description":"","potentialAction":[{"@type":"SearchAction","target":{"@type":"EntryPoint","urlTemplate":"https:\/\/beconfident.com\/lv\/?s={search_term_string}"},"query-input":{"@type":"PropertyValueSpecification","valueRequired":true,"valueName":"search_term_string"}}],"inLanguage":"fi-SE"}]}},"_links":{"self":[{"href":"https:\/\/beconfident.com\/fi_sv\/wp-json\/wp\/v2\/product\/21108","targetHints":{"allow":["GET"]}}],"collection":[{"href":"https:\/\/beconfident.com\/fi_sv\/wp-json\/wp\/v2\/product"}],"about":[{"href":"https:\/\/beconfident.com\/fi_sv\/wp-json\/wp\/v2\/types\/product"}],"replies":[{"embeddable":true,"href":"https:\/\/beconfident.com\/fi_sv\/wp-json\/wp\/v2\/comments?post=21108"}],"wp:featuredmedia":[{"embeddable":true,"href":"https:\/\/beconfident.com\/fi_sv\/wp-json\/wp\/v2\/media\/21111"}],"wp:attachment":[{"href":"https:\/\/beconfident.com\/fi_sv\/wp-json\/wp\/v2\/media?parent=21108"}],"wp:term":[{"taxonomy":"product_brand","embeddable":true,"href":"https:\/\/beconfident.com\/fi_sv\/wp-json\/wp\/v2\/product_brand?post=21108"},{"taxonomy":"product_cat","embeddable":true,"href":"https:\/\/beconfident.com\/fi_sv\/wp-json\/wp\/v2\/product_cat?post=21108"},{"taxonomy":"product_tag","embeddable":true,"href":"https:\/\/beconfident.com\/fi_sv\/wp-json\/wp\/v2\/product_tag?post=21108"}],"curies":[{"name":"wp","href":"https:\/\/api.w.org\/{rel}","templated":true}]}}