{"id":21075,"date":"2021-01-11T10:04:36","date_gmt":"2021-01-11T09:04:36","guid":{"rendered":"http:\/\/beconfident.beconfident.hemsida.eu\/produkt\/stay-fresh-day-cream\/"},"modified":"2026-03-03T12:24:46","modified_gmt":"2026-03-03T11:24:46","slug":"stay-fresh-day-cream","status":"publish","type":"product","link":"https:\/\/beconfident.com\/fi_sv\/produkt\/stay-fresh-day-cream\/","title":{"rendered":"Stay Fresh Day Cream"},"content":{"rendered":"<p>Beconfident\u00ae Stay Fresh Day Cream \u00e5terfuktar huden under hela dagen genom naturlig jojobaolja och kokosolja som tillsammans med sheasm\u00f6r, gr\u00f6nt te och vitamin A g\u00f6r Stay Fresh Day Cream till en \u00e5terfuktande och st\u00e4rkande dagkr\u00e4m som f\u00f6rhindrar yttorrhet och uppkomsten av finnar och tillt\u00e4pptheter. Den hj\u00e4lper till att &#8220;ladda om&#8221; en tr\u00f6tt hud och \u00f6ka upptagningsf\u00f6rm\u00e5gan av de n\u00e4ringsrika ingredienserna. Anv\u00e4nds med f\u00f6rdel efter Revitalizing Boost Serum f\u00f6r en \u00e5terfuktad, motst\u00e5ndskraftig hud full av ungdomlig lyster.<\/p>\n<p>Stay Fresh inneh\u00e5ller 4% Betaine som \u00e5terfuktar huden, g\u00f6r den starkare och mer elastisk samt har anti-inflammatorisk effekt. Den inneh\u00e5ller ocks\u00e5 ekologisk jojoba- och kokosolja som p\u00e5 ett naturligt s\u00e4tt \u00e5terfuktar huden. Stay Fresh inneh\u00e5ller ocks\u00e5 A-vitamin (Retinol) som f\u00f6rb\u00e4ttrar hudens kvalitet genom att stimulera kollagenproduktionen.<\/p>\n<p>F\u00f6rpackad i v\u00e5r airless-flaska bibeh\u00e5ller alla ingredienser sin effekt samtidigt som flaskan \u00e4r hygienisk. Passar alla med normal till fet hy.<\/p>\n","protected":false},"excerpt":{"rendered":"<p>Vitaminrik dagkr\u00e4m med retinol som l\u00e4mnar huden \u00e5terfuktad, fast och glowig<\/p>\n","protected":false},"featured_media":21076,"comment_status":"open","ping_status":"closed","template":"","meta":{"_acf_changed":false,"inline_featured_image":false,"_monsterinsights_skip_tracking":false,"_monsterinsights_sitenote_active":false,"_monsterinsights_sitenote_note":"","_monsterinsights_sitenote_category":0},"product_brand":[],"product_cat":[483],"product_tag":[],"class_list":{"0":"post-21075","1":"product","2":"type-product","3":"status-publish","4":"has-post-thumbnail","6":"product_cat-okategoriserad-fi_sv","8":"first","9":"outofstock","10":"taxable","11":"shipping-taxable","12":"purchasable","13":"product-type-simple"},"acf":[],"shsp-ext":{"main":{},"variations":[]},"yoast_head":"<!-- This site is optimized with the Yoast SEO plugin v27.2 - https:\/\/yoast.com\/product\/yoast-seo-wordpress\/ -->\n<title>Stay Fresh Day Cream - Beconfident<\/title>\n<meta name=\"robots\" content=\"index, follow, max-snippet:-1, max-image-preview:large, max-video-preview:-1\" \/>\n<link rel=\"canonical\" href=\"https:\/\/beconfident.com\/fi_sv\/produkt\/stay-fresh-day-cream\/\" \/>\n<meta property=\"og:locale\" content=\"fi_FI\" \/>\n<meta property=\"og:type\" content=\"article\" \/>\n<meta property=\"og:title\" content=\"Stay Fresh Day Cream - Beconfident\" \/>\n<meta property=\"og:description\" content=\"Vitaminrik dagkr\u00e4m med retinol som l\u00e4mnar huden \u00e5terfuktad, fast och glowig\" \/>\n<meta property=\"og:url\" content=\"https:\/\/beconfident.com\/fi_sv\/produkt\/stay-fresh-day-cream\/\" \/>\n<meta property=\"og:site_name\" content=\"Beconfident\" \/>\n<meta property=\"article:modified_time\" content=\"2026-03-03T11:24:46+00:00\" \/>\n<meta property=\"og:image\" content=\"https:\/\/beconfident.com\/wp-content\/uploads\/2021\/01\/180500-Stay-Fresh-Day-Cream.jpg\" \/>\n\t<meta property=\"og:image:width\" content=\"1000\" \/>\n\t<meta property=\"og:image:height\" content=\"1000\" \/>\n\t<meta property=\"og:image:type\" content=\"image\/jpeg\" \/>\n<meta name=\"twitter:card\" content=\"summary_large_image\" \/>\n<meta name=\"twitter:label1\" content=\"Est. reading time\" \/>\n\t<meta name=\"twitter:data1\" content=\"1 minute\" \/>\n<script type=\"application\/ld+json\" class=\"yoast-schema-graph\">{\"@context\":\"https:\/\/schema.org\",\"@graph\":[{\"@type\":\"WebPage\",\"@id\":\"https:\/\/beconfident.com\/fi_sv\/produkt\/stay-fresh-day-cream\/\",\"url\":\"https:\/\/beconfident.com\/fi_sv\/produkt\/stay-fresh-day-cream\/\",\"name\":\"Stay Fresh Day Cream - Beconfident\",\"isPartOf\":{\"@id\":\"https:\/\/beconfident.com\/lv\/#website\"},\"primaryImageOfPage\":{\"@id\":\"https:\/\/beconfident.com\/fi_sv\/produkt\/stay-fresh-day-cream\/#primaryimage\"},\"image\":{\"@id\":\"https:\/\/beconfident.com\/fi_sv\/produkt\/stay-fresh-day-cream\/#primaryimage\"},\"thumbnailUrl\":\"https:\/\/beconfident.com\/wp-content\/uploads\/2021\/01\/180500-Stay-Fresh-Day-Cream.jpg\",\"datePublished\":\"2021-01-11T09:04:36+00:00\",\"dateModified\":\"2026-03-03T11:24:46+00:00\",\"breadcrumb\":{\"@id\":\"https:\/\/beconfident.com\/fi_sv\/produkt\/stay-fresh-day-cream\/#breadcrumb\"},\"inLanguage\":\"fi-SE\",\"potentialAction\":[{\"@type\":\"ReadAction\",\"target\":[\"https:\/\/beconfident.com\/fi_sv\/produkt\/stay-fresh-day-cream\/\"]}]},{\"@type\":\"ImageObject\",\"inLanguage\":\"fi-SE\",\"@id\":\"https:\/\/beconfident.com\/fi_sv\/produkt\/stay-fresh-day-cream\/#primaryimage\",\"url\":\"https:\/\/beconfident.com\/wp-content\/uploads\/2021\/01\/180500-Stay-Fresh-Day-Cream.jpg\",\"contentUrl\":\"https:\/\/beconfident.com\/wp-content\/uploads\/2021\/01\/180500-Stay-Fresh-Day-Cream.jpg\",\"width\":1000,\"height\":1000},{\"@type\":\"BreadcrumbList\",\"@id\":\"https:\/\/beconfident.com\/fi_sv\/produkt\/stay-fresh-day-cream\/#breadcrumb\",\"itemListElement\":[{\"@type\":\"ListItem\",\"position\":1,\"name\":\"Hem\",\"item\":\"https:\/\/beconfident.com\/fi_sv\/\"},{\"@type\":\"ListItem\",\"position\":2,\"name\":\"Webbutik\",\"item\":\"https:\/\/beconfident.com\/fi_sv\/butik\/\"},{\"@type\":\"ListItem\",\"position\":3,\"name\":\"Stay Fresh Day Cream\"}]},{\"@type\":\"WebSite\",\"@id\":\"https:\/\/beconfident.com\/lv\/#website\",\"url\":\"https:\/\/beconfident.com\/lv\/\",\"name\":\"Beconfident\",\"description\":\"\",\"potentialAction\":[{\"@type\":\"SearchAction\",\"target\":{\"@type\":\"EntryPoint\",\"urlTemplate\":\"https:\/\/beconfident.com\/lv\/?s={search_term_string}\"},\"query-input\":{\"@type\":\"PropertyValueSpecification\",\"valueRequired\":true,\"valueName\":\"search_term_string\"}}],\"inLanguage\":\"fi-SE\"}]}<\/script>\n<!-- \/ Yoast SEO plugin. -->","yoast_head_json":{"title":"Stay Fresh Day Cream - Beconfident","robots":{"index":"index","follow":"follow","max-snippet":"max-snippet:-1","max-image-preview":"max-image-preview:large","max-video-preview":"max-video-preview:-1"},"canonical":"https:\/\/beconfident.com\/fi_sv\/produkt\/stay-fresh-day-cream\/","og_locale":"fi_FI","og_type":"article","og_title":"Stay Fresh Day Cream - Beconfident","og_description":"Vitaminrik dagkr\u00e4m med retinol som l\u00e4mnar huden \u00e5terfuktad, fast och glowig","og_url":"https:\/\/beconfident.com\/fi_sv\/produkt\/stay-fresh-day-cream\/","og_site_name":"Beconfident","article_modified_time":"2026-03-03T11:24:46+00:00","og_image":[{"width":1000,"height":1000,"url":"https:\/\/beconfident.com\/wp-content\/uploads\/2021\/01\/180500-Stay-Fresh-Day-Cream.jpg","type":"image\/jpeg"}],"twitter_card":"summary_large_image","twitter_misc":{"Est. reading time":"1 minute"},"schema":{"@context":"https:\/\/schema.org","@graph":[{"@type":"WebPage","@id":"https:\/\/beconfident.com\/fi_sv\/produkt\/stay-fresh-day-cream\/","url":"https:\/\/beconfident.com\/fi_sv\/produkt\/stay-fresh-day-cream\/","name":"Stay Fresh Day Cream - Beconfident","isPartOf":{"@id":"https:\/\/beconfident.com\/lv\/#website"},"primaryImageOfPage":{"@id":"https:\/\/beconfident.com\/fi_sv\/produkt\/stay-fresh-day-cream\/#primaryimage"},"image":{"@id":"https:\/\/beconfident.com\/fi_sv\/produkt\/stay-fresh-day-cream\/#primaryimage"},"thumbnailUrl":"https:\/\/beconfident.com\/wp-content\/uploads\/2021\/01\/180500-Stay-Fresh-Day-Cream.jpg","datePublished":"2021-01-11T09:04:36+00:00","dateModified":"2026-03-03T11:24:46+00:00","breadcrumb":{"@id":"https:\/\/beconfident.com\/fi_sv\/produkt\/stay-fresh-day-cream\/#breadcrumb"},"inLanguage":"fi-SE","potentialAction":[{"@type":"ReadAction","target":["https:\/\/beconfident.com\/fi_sv\/produkt\/stay-fresh-day-cream\/"]}]},{"@type":"ImageObject","inLanguage":"fi-SE","@id":"https:\/\/beconfident.com\/fi_sv\/produkt\/stay-fresh-day-cream\/#primaryimage","url":"https:\/\/beconfident.com\/wp-content\/uploads\/2021\/01\/180500-Stay-Fresh-Day-Cream.jpg","contentUrl":"https:\/\/beconfident.com\/wp-content\/uploads\/2021\/01\/180500-Stay-Fresh-Day-Cream.jpg","width":1000,"height":1000},{"@type":"BreadcrumbList","@id":"https:\/\/beconfident.com\/fi_sv\/produkt\/stay-fresh-day-cream\/#breadcrumb","itemListElement":[{"@type":"ListItem","position":1,"name":"Hem","item":"https:\/\/beconfident.com\/fi_sv\/"},{"@type":"ListItem","position":2,"name":"Webbutik","item":"https:\/\/beconfident.com\/fi_sv\/butik\/"},{"@type":"ListItem","position":3,"name":"Stay Fresh Day Cream"}]},{"@type":"WebSite","@id":"https:\/\/beconfident.com\/lv\/#website","url":"https:\/\/beconfident.com\/lv\/","name":"Beconfident","description":"","potentialAction":[{"@type":"SearchAction","target":{"@type":"EntryPoint","urlTemplate":"https:\/\/beconfident.com\/lv\/?s={search_term_string}"},"query-input":{"@type":"PropertyValueSpecification","valueRequired":true,"valueName":"search_term_string"}}],"inLanguage":"fi-SE"}]}},"_links":{"self":[{"href":"https:\/\/beconfident.com\/fi_sv\/wp-json\/wp\/v2\/product\/21075","targetHints":{"allow":["GET"]}}],"collection":[{"href":"https:\/\/beconfident.com\/fi_sv\/wp-json\/wp\/v2\/product"}],"about":[{"href":"https:\/\/beconfident.com\/fi_sv\/wp-json\/wp\/v2\/types\/product"}],"replies":[{"embeddable":true,"href":"https:\/\/beconfident.com\/fi_sv\/wp-json\/wp\/v2\/comments?post=21075"}],"wp:featuredmedia":[{"embeddable":true,"href":"https:\/\/beconfident.com\/fi_sv\/wp-json\/wp\/v2\/media\/21076"}],"wp:attachment":[{"href":"https:\/\/beconfident.com\/fi_sv\/wp-json\/wp\/v2\/media?parent=21075"}],"wp:term":[{"taxonomy":"product_brand","embeddable":true,"href":"https:\/\/beconfident.com\/fi_sv\/wp-json\/wp\/v2\/product_brand?post=21075"},{"taxonomy":"product_cat","embeddable":true,"href":"https:\/\/beconfident.com\/fi_sv\/wp-json\/wp\/v2\/product_cat?post=21075"},{"taxonomy":"product_tag","embeddable":true,"href":"https:\/\/beconfident.com\/fi_sv\/wp-json\/wp\/v2\/product_tag?post=21075"}],"curies":[{"name":"wp","href":"https:\/\/api.w.org\/{rel}","templated":true}]}}