{"id":21049,"date":"2021-01-12T12:09:23","date_gmt":"2021-01-12T11:09:23","guid":{"rendered":"http:\/\/beconfident.beconfident.hemsida.eu\/produkt\/hyaluronic-anti-ageing-cream-50-ml\/"},"modified":"2026-03-04T11:17:33","modified_gmt":"2026-03-04T10:17:33","slug":"hyaluronic-anti-ageing-cream-50-ml","status":"publish","type":"product","link":"https:\/\/beconfident.com\/fi_sv\/produkt\/hyaluronic-anti-ageing-cream-50-ml\/","title":{"rendered":"Hyaluronic Anti-Ageing Cream 50 ml"},"content":{"rendered":"<p><span data-sheets-value=\"{&quot;1&quot;:2,&quot;2&quot;:&quot;Beconfident\u00ae Hyaluronic Anti-Aging Cream inneh\u00e5ller en avancerad formel med skyddande egenskaper som b\u00e5de \u00e4r fuktgivande och f\u00f6rebygger tecken p\u00e5 \u00e5ldrande. Produkten inneh\u00e5ller Hylasome\u00ae EG 10 vilket \u00e4r en icke-animalisk hyaluronsyra som \u00e4r 50 g\u00e5nger mer vattenbindande \u00e4n vanlig hyaluronsyra och 5 g\u00e5nger mer \u00e5terfuktande efter 24 timmar. Kr\u00e4men \u00e5teruppbygger hudens elasticiteten samtidigt som den \u00e5terfuktar i 24 timmar tack vare den h\u00f6ga halten hyaluronsyra. Vitamin E och B5 p\u00e5skyndar hudens l\u00e4kning och gr\u00f6nt te extrakt tillf\u00f6r antioxidanter vilket g\u00f6r att huden k\u00e4nnas frisk och fr\u00e4sch. Tillverkad i Sverige. Apoteksgodk\u00e4nd. Registrerad hos L\u00e4kemedelsverket. F\u00f6rpackningen inneh\u00e5ller 1 x Hyaluronic Anti-Agein Cream (20 ml) samt bruksanvisning. \\n&quot;}\" data-sheets-userformat=\"{&quot;2&quot;:12729,&quot;3&quot;:{&quot;1&quot;:0},&quot;6&quot;:{&quot;1&quot;:[{&quot;1&quot;:2,&quot;2&quot;:0,&quot;5&quot;:{&quot;1&quot;:2,&quot;2&quot;:0}},{&quot;1&quot;:0,&quot;2&quot;:0,&quot;3&quot;:3},{&quot;1&quot;:1,&quot;2&quot;:0,&quot;4&quot;:1}]},&quot;7&quot;:{&quot;1&quot;:[{&quot;1&quot;:2,&quot;2&quot;:0,&quot;5&quot;:{&quot;1&quot;:2,&quot;2&quot;:0}},{&quot;1&quot;:0,&quot;2&quot;:0,&quot;3&quot;:3},{&quot;1&quot;:1,&quot;2&quot;:0,&quot;4&quot;:1}]},&quot;8&quot;:{&quot;1&quot;:[{&quot;1&quot;:2,&quot;2&quot;:0,&quot;5&quot;:{&quot;1&quot;:2,&quot;2&quot;:0}},{&quot;1&quot;:0,&quot;2&quot;:0,&quot;3&quot;:3},{&quot;1&quot;:1,&quot;2&quot;:0,&quot;4&quot;:1}]},&quot;10&quot;:0,&quot;11&quot;:4,&quot;15&quot;:&quot;Work Sans&quot;,&quot;16&quot;:12}\">Beconfident\u00ae Hyaluronic Anti-Aging Cream inneh\u00e5ller en avancerad formel med skyddande egenskaper som b\u00e5de \u00e4r intensivt \u00e5terfuktande och f\u00f6rebygger tecken p\u00e5 \u00e5ldrande. <\/span><\/p>\n<p><span data-sheets-value=\"{&quot;1&quot;:2,&quot;2&quot;:&quot;Beconfident\u00ae Hyaluronic Anti-Aging Cream inneh\u00e5ller en avancerad formel med skyddande egenskaper som b\u00e5de \u00e4r fuktgivande och f\u00f6rebygger tecken p\u00e5 \u00e5ldrande. Produkten inneh\u00e5ller Hylasome\u00ae EG 10 vilket \u00e4r en icke-animalisk hyaluronsyra som \u00e4r 50 g\u00e5nger mer vattenbindande \u00e4n vanlig hyaluronsyra och 5 g\u00e5nger mer \u00e5terfuktande efter 24 timmar. Kr\u00e4men \u00e5teruppbygger hudens elasticiteten samtidigt som den \u00e5terfuktar i 24 timmar tack vare den h\u00f6ga halten hyaluronsyra. Vitamin E och B5 p\u00e5skyndar hudens l\u00e4kning och gr\u00f6nt te extrakt tillf\u00f6r antioxidanter vilket g\u00f6r att huden k\u00e4nnas frisk och fr\u00e4sch. Tillverkad i Sverige. Apoteksgodk\u00e4nd. Registrerad hos L\u00e4kemedelsverket. F\u00f6rpackningen inneh\u00e5ller 1 x Hyaluronic Anti-Agein Cream (20 ml) samt bruksanvisning. \\n&quot;}\" data-sheets-userformat=\"{&quot;2&quot;:12729,&quot;3&quot;:{&quot;1&quot;:0},&quot;6&quot;:{&quot;1&quot;:[{&quot;1&quot;:2,&quot;2&quot;:0,&quot;5&quot;:{&quot;1&quot;:2,&quot;2&quot;:0}},{&quot;1&quot;:0,&quot;2&quot;:0,&quot;3&quot;:3},{&quot;1&quot;:1,&quot;2&quot;:0,&quot;4&quot;:1}]},&quot;7&quot;:{&quot;1&quot;:[{&quot;1&quot;:2,&quot;2&quot;:0,&quot;5&quot;:{&quot;1&quot;:2,&quot;2&quot;:0}},{&quot;1&quot;:0,&quot;2&quot;:0,&quot;3&quot;:3},{&quot;1&quot;:1,&quot;2&quot;:0,&quot;4&quot;:1}]},&quot;8&quot;:{&quot;1&quot;:[{&quot;1&quot;:2,&quot;2&quot;:0,&quot;5&quot;:{&quot;1&quot;:2,&quot;2&quot;:0}},{&quot;1&quot;:0,&quot;2&quot;:0,&quot;3&quot;:3},{&quot;1&quot;:1,&quot;2&quot;:0,&quot;4&quot;:1}]},&quot;10&quot;:0,&quot;11&quot;:4,&quot;15&quot;:&quot;Work Sans&quot;,&quot;16&quot;:12}\">Produkten inneh\u00e5ller Hylasome\u00ae EG 10 vilket \u00e4r en icke-animalisk hyaluronsyra som \u00e4r 50 g\u00e5nger mer vattenbindande \u00e4n vanlig hyaluronsyra och 5 g\u00e5nger mer \u00e5terfuktande.\u00a0<\/span><span data-sheets-value=\"{&quot;1&quot;:2,&quot;2&quot;:&quot;Beconfident\u00ae Hyaluronic Anti-Aging Cream inneh\u00e5ller en avancerad formel med skyddande egenskaper som b\u00e5de \u00e4r fuktgivande och f\u00f6rebygger tecken p\u00e5 \u00e5ldrande. Produkten inneh\u00e5ller Hylasome\u00ae EG 10 vilket \u00e4r en icke-animalisk hyaluronsyra som \u00e4r 50 g\u00e5nger mer vattenbindande \u00e4n vanlig hyaluronsyra och 5 g\u00e5nger mer \u00e5terfuktande efter 24 timmar. Kr\u00e4men \u00e5teruppbygger hudens elasticiteten samtidigt som den \u00e5terfuktar i 24 timmar tack vare den h\u00f6ga halten hyaluronsyra. Vitamin E och B5 p\u00e5skyndar hudens l\u00e4kning och gr\u00f6nt te extrakt tillf\u00f6r antioxidanter vilket g\u00f6r att huden k\u00e4nnas frisk och fr\u00e4sch. Tillverkad i Sverige. Apoteksgodk\u00e4nd. Registrerad hos L\u00e4kemedelsverket. F\u00f6rpackningen inneh\u00e5ller 1 x Hyaluronic Anti-Agein Cream (20 ml) samt bruksanvisning. \\n&quot;}\" data-sheets-userformat=\"{&quot;2&quot;:12729,&quot;3&quot;:{&quot;1&quot;:0},&quot;6&quot;:{&quot;1&quot;:[{&quot;1&quot;:2,&quot;2&quot;:0,&quot;5&quot;:{&quot;1&quot;:2,&quot;2&quot;:0}},{&quot;1&quot;:0,&quot;2&quot;:0,&quot;3&quot;:3},{&quot;1&quot;:1,&quot;2&quot;:0,&quot;4&quot;:1}]},&quot;7&quot;:{&quot;1&quot;:[{&quot;1&quot;:2,&quot;2&quot;:0,&quot;5&quot;:{&quot;1&quot;:2,&quot;2&quot;:0}},{&quot;1&quot;:0,&quot;2&quot;:0,&quot;3&quot;:3},{&quot;1&quot;:1,&quot;2&quot;:0,&quot;4&quot;:1}]},&quot;8&quot;:{&quot;1&quot;:[{&quot;1&quot;:2,&quot;2&quot;:0,&quot;5&quot;:{&quot;1&quot;:2,&quot;2&quot;:0}},{&quot;1&quot;:0,&quot;2&quot;:0,&quot;3&quot;:3},{&quot;1&quot;:1,&quot;2&quot;:0,&quot;4&quot;:1}]},&quot;10&quot;:0,&quot;11&quot;:4,&quot;15&quot;:&quot;Work Sans&quot;,&quot;16&quot;:12}\">Kr\u00e4men \u00e5teruppbygger hudens elasticiteten samtidigt som den \u00e5terfuktar i 24 timmar tack vare den h\u00f6ga halten hyaluronsyra. Vitamin E och B5 p\u00e5skyndar hudens l\u00e4kning och gr\u00f6nt te extrakt tillf\u00f6r antioxidanter vilket g\u00f6r att huden k\u00e4nns frisk och fr\u00e4sch.<\/span><\/p>\n<p><span data-sheets-value=\"{&quot;1&quot;:2,&quot;2&quot;:&quot;Beconfident\u00ae Hyaluronic Anti-Aging Cream inneh\u00e5ller en avancerad formel med skyddande egenskaper som b\u00e5de \u00e4r fuktgivande och f\u00f6rebygger tecken p\u00e5 \u00e5ldrande. Produkten inneh\u00e5ller Hylasome\u00ae EG 10 vilket \u00e4r en icke-animalisk hyaluronsyra som \u00e4r 50 g\u00e5nger mer vattenbindande \u00e4n vanlig hyaluronsyra och 5 g\u00e5nger mer \u00e5terfuktande efter 24 timmar. Kr\u00e4men \u00e5teruppbygger hudens elasticiteten samtidigt som den \u00e5terfuktar i 24 timmar tack vare den h\u00f6ga halten hyaluronsyra. Vitamin E och B5 p\u00e5skyndar hudens l\u00e4kning och gr\u00f6nt te extrakt tillf\u00f6r antioxidanter vilket g\u00f6r att huden k\u00e4nnas frisk och fr\u00e4sch. Tillverkad i Sverige. Apoteksgodk\u00e4nd. Registrerad hos L\u00e4kemedelsverket. F\u00f6rpackningen inneh\u00e5ller 1 x Hyaluronic Anti-Agein Cream (20 ml) samt bruksanvisning. \\n&quot;}\" data-sheets-userformat=\"{&quot;2&quot;:12729,&quot;3&quot;:{&quot;1&quot;:0},&quot;6&quot;:{&quot;1&quot;:[{&quot;1&quot;:2,&quot;2&quot;:0,&quot;5&quot;:{&quot;1&quot;:2,&quot;2&quot;:0}},{&quot;1&quot;:0,&quot;2&quot;:0,&quot;3&quot;:3},{&quot;1&quot;:1,&quot;2&quot;:0,&quot;4&quot;:1}]},&quot;7&quot;:{&quot;1&quot;:[{&quot;1&quot;:2,&quot;2&quot;:0,&quot;5&quot;:{&quot;1&quot;:2,&quot;2&quot;:0}},{&quot;1&quot;:0,&quot;2&quot;:0,&quot;3&quot;:3},{&quot;1&quot;:1,&quot;2&quot;:0,&quot;4&quot;:1}]},&quot;8&quot;:{&quot;1&quot;:[{&quot;1&quot;:2,&quot;2&quot;:0,&quot;5&quot;:{&quot;1&quot;:2,&quot;2&quot;:0}},{&quot;1&quot;:0,&quot;2&quot;:0,&quot;3&quot;:3},{&quot;1&quot;:1,&quot;2&quot;:0,&quot;4&quot;:1}]},&quot;10&quot;:0,&quot;11&quot;:4,&quot;15&quot;:&quot;Work Sans&quot;,&quot;16&quot;:12}\">Tillverkad i Sverige. Apoteksgodk\u00e4nd. Registrerad hos L\u00e4kemedelsverket. F\u00f6rpackningen inneh\u00e5ller 1 x Hyaluronic Anti-Ageing Cream (50 ml) samt bruksanvisning.<br \/>\n<\/span><\/p>\n","protected":false},"excerpt":{"rendered":"<p>\u00c5terfuktande dagkr\u00e4m som motverkar rynkor, pigmentfl\u00e4ckar och \u00e5teruppbygger huden.<\/p>\n","protected":false},"featured_media":21055,"comment_status":"open","ping_status":"closed","template":"","meta":{"_acf_changed":false,"inline_featured_image":false,"_monsterinsights_skip_tracking":false,"_monsterinsights_sitenote_active":false,"_monsterinsights_sitenote_note":"","_monsterinsights_sitenote_category":0},"product_brand":[],"product_cat":[483],"product_tag":[],"class_list":{"0":"post-21049","1":"product","2":"type-product","3":"status-publish","4":"has-post-thumbnail","6":"product_cat-okategoriserad-fi_sv","8":"first","9":"outofstock","10":"taxable","11":"shipping-taxable","12":"purchasable","13":"product-type-simple"},"acf":[],"shsp-ext":{"main":{},"variations":[]},"yoast_head":"<!-- This site is optimized with the Yoast SEO plugin v27.2 - https:\/\/yoast.com\/product\/yoast-seo-wordpress\/ -->\n<title>Hyaluronic Anti-Ageing Cream \u00e5terfuktar och f\u00f6rebygger \u00e5lderstecken<\/title>\n<meta name=\"description\" content=\"Beconfident\u00ae Hyaluronic Anti-Ageing Cream med hyaluronsyra, vitamin E och B5 \u00e5terfuktar p\u00e5 djupet och f\u00f6rebygger tecken p\u00e5 \u00e5ldrande.\" \/>\n<meta name=\"robots\" content=\"index, follow, max-snippet:-1, max-image-preview:large, max-video-preview:-1\" \/>\n<link rel=\"canonical\" href=\"https:\/\/beconfident.com\/fi_sv\/produkt\/hyaluronic-anti-ageing-cream-50-ml\/\" \/>\n<meta property=\"og:locale\" content=\"fi_FI\" \/>\n<meta property=\"og:type\" content=\"article\" \/>\n<meta property=\"og:title\" content=\"Hyaluronic Anti-Ageing Cream \u00e5terfuktar och f\u00f6rebygger \u00e5lderstecken\" \/>\n<meta property=\"og:description\" content=\"Beconfident\u00ae Hyaluronic Anti-Ageing Cream med hyaluronsyra, vitamin E och B5 \u00e5terfuktar p\u00e5 djupet och f\u00f6rebygger tecken p\u00e5 \u00e5ldrande.\" \/>\n<meta property=\"og:url\" content=\"https:\/\/beconfident.com\/fi_sv\/produkt\/hyaluronic-anti-ageing-cream-50-ml\/\" \/>\n<meta property=\"og:site_name\" content=\"Beconfident\" \/>\n<meta property=\"article:modified_time\" content=\"2026-03-04T10:17:33+00:00\" \/>\n<meta property=\"og:image\" content=\"https:\/\/beconfident.com\/wp-content\/uploads\/2021\/01\/180798-Hyaluronic-Anti-Ageing-Cream-50-ml.jpg\" \/>\n\t<meta property=\"og:image:width\" content=\"1000\" \/>\n\t<meta property=\"og:image:height\" content=\"1000\" \/>\n\t<meta property=\"og:image:type\" content=\"image\/jpeg\" \/>\n<meta name=\"twitter:card\" content=\"summary_large_image\" \/>\n<meta name=\"twitter:label1\" content=\"Est. reading time\" \/>\n\t<meta name=\"twitter:data1\" content=\"1 minute\" \/>\n<script type=\"application\/ld+json\" class=\"yoast-schema-graph\">{\"@context\":\"https:\/\/schema.org\",\"@graph\":[{\"@type\":\"WebPage\",\"@id\":\"https:\/\/beconfident.com\/fi_sv\/produkt\/hyaluronic-anti-ageing-cream-50-ml\/\",\"url\":\"https:\/\/beconfident.com\/fi_sv\/produkt\/hyaluronic-anti-ageing-cream-50-ml\/\",\"name\":\"Hyaluronic Anti-Ageing Cream \u00e5terfuktar och f\u00f6rebygger \u00e5lderstecken\",\"isPartOf\":{\"@id\":\"https:\/\/beconfident.com\/lv\/#website\"},\"primaryImageOfPage\":{\"@id\":\"https:\/\/beconfident.com\/fi_sv\/produkt\/hyaluronic-anti-ageing-cream-50-ml\/#primaryimage\"},\"image\":{\"@id\":\"https:\/\/beconfident.com\/fi_sv\/produkt\/hyaluronic-anti-ageing-cream-50-ml\/#primaryimage\"},\"thumbnailUrl\":\"https:\/\/beconfident.com\/wp-content\/uploads\/2021\/01\/180798-Hyaluronic-Anti-Ageing-Cream-50-ml.jpg\",\"datePublished\":\"2021-01-12T11:09:23+00:00\",\"dateModified\":\"2026-03-04T10:17:33+00:00\",\"description\":\"Beconfident\u00ae Hyaluronic Anti-Ageing Cream med hyaluronsyra, vitamin E och B5 \u00e5terfuktar p\u00e5 djupet och f\u00f6rebygger tecken p\u00e5 \u00e5ldrande.\",\"breadcrumb\":{\"@id\":\"https:\/\/beconfident.com\/fi_sv\/produkt\/hyaluronic-anti-ageing-cream-50-ml\/#breadcrumb\"},\"inLanguage\":\"fi-SE\",\"potentialAction\":[{\"@type\":\"ReadAction\",\"target\":[\"https:\/\/beconfident.com\/fi_sv\/produkt\/hyaluronic-anti-ageing-cream-50-ml\/\"]}]},{\"@type\":\"ImageObject\",\"inLanguage\":\"fi-SE\",\"@id\":\"https:\/\/beconfident.com\/fi_sv\/produkt\/hyaluronic-anti-ageing-cream-50-ml\/#primaryimage\",\"url\":\"https:\/\/beconfident.com\/wp-content\/uploads\/2021\/01\/180798-Hyaluronic-Anti-Ageing-Cream-50-ml.jpg\",\"contentUrl\":\"https:\/\/beconfident.com\/wp-content\/uploads\/2021\/01\/180798-Hyaluronic-Anti-Ageing-Cream-50-ml.jpg\",\"width\":1000,\"height\":1000},{\"@type\":\"BreadcrumbList\",\"@id\":\"https:\/\/beconfident.com\/fi_sv\/produkt\/hyaluronic-anti-ageing-cream-50-ml\/#breadcrumb\",\"itemListElement\":[{\"@type\":\"ListItem\",\"position\":1,\"name\":\"Hem\",\"item\":\"https:\/\/beconfident.com\/fi_sv\/\"},{\"@type\":\"ListItem\",\"position\":2,\"name\":\"Webbutik\",\"item\":\"https:\/\/beconfident.com\/fi_sv\/butik\/\"},{\"@type\":\"ListItem\",\"position\":3,\"name\":\"Hyaluronic Anti-Ageing Cream 50 ml\"}]},{\"@type\":\"WebSite\",\"@id\":\"https:\/\/beconfident.com\/lv\/#website\",\"url\":\"https:\/\/beconfident.com\/lv\/\",\"name\":\"Beconfident\",\"description\":\"\",\"potentialAction\":[{\"@type\":\"SearchAction\",\"target\":{\"@type\":\"EntryPoint\",\"urlTemplate\":\"https:\/\/beconfident.com\/lv\/?s={search_term_string}\"},\"query-input\":{\"@type\":\"PropertyValueSpecification\",\"valueRequired\":true,\"valueName\":\"search_term_string\"}}],\"inLanguage\":\"fi-SE\"}]}<\/script>\n<!-- \/ Yoast SEO plugin. -->","yoast_head_json":{"title":"Hyaluronic Anti-Ageing Cream \u00e5terfuktar och f\u00f6rebygger \u00e5lderstecken","description":"Beconfident\u00ae Hyaluronic Anti-Ageing Cream med hyaluronsyra, vitamin E och B5 \u00e5terfuktar p\u00e5 djupet och f\u00f6rebygger tecken p\u00e5 \u00e5ldrande.","robots":{"index":"index","follow":"follow","max-snippet":"max-snippet:-1","max-image-preview":"max-image-preview:large","max-video-preview":"max-video-preview:-1"},"canonical":"https:\/\/beconfident.com\/fi_sv\/produkt\/hyaluronic-anti-ageing-cream-50-ml\/","og_locale":"fi_FI","og_type":"article","og_title":"Hyaluronic Anti-Ageing Cream \u00e5terfuktar och f\u00f6rebygger \u00e5lderstecken","og_description":"Beconfident\u00ae Hyaluronic Anti-Ageing Cream med hyaluronsyra, vitamin E och B5 \u00e5terfuktar p\u00e5 djupet och f\u00f6rebygger tecken p\u00e5 \u00e5ldrande.","og_url":"https:\/\/beconfident.com\/fi_sv\/produkt\/hyaluronic-anti-ageing-cream-50-ml\/","og_site_name":"Beconfident","article_modified_time":"2026-03-04T10:17:33+00:00","og_image":[{"width":1000,"height":1000,"url":"https:\/\/beconfident.com\/wp-content\/uploads\/2021\/01\/180798-Hyaluronic-Anti-Ageing-Cream-50-ml.jpg","type":"image\/jpeg"}],"twitter_card":"summary_large_image","twitter_misc":{"Est. reading time":"1 minute"},"schema":{"@context":"https:\/\/schema.org","@graph":[{"@type":"WebPage","@id":"https:\/\/beconfident.com\/fi_sv\/produkt\/hyaluronic-anti-ageing-cream-50-ml\/","url":"https:\/\/beconfident.com\/fi_sv\/produkt\/hyaluronic-anti-ageing-cream-50-ml\/","name":"Hyaluronic Anti-Ageing Cream \u00e5terfuktar och f\u00f6rebygger \u00e5lderstecken","isPartOf":{"@id":"https:\/\/beconfident.com\/lv\/#website"},"primaryImageOfPage":{"@id":"https:\/\/beconfident.com\/fi_sv\/produkt\/hyaluronic-anti-ageing-cream-50-ml\/#primaryimage"},"image":{"@id":"https:\/\/beconfident.com\/fi_sv\/produkt\/hyaluronic-anti-ageing-cream-50-ml\/#primaryimage"},"thumbnailUrl":"https:\/\/beconfident.com\/wp-content\/uploads\/2021\/01\/180798-Hyaluronic-Anti-Ageing-Cream-50-ml.jpg","datePublished":"2021-01-12T11:09:23+00:00","dateModified":"2026-03-04T10:17:33+00:00","description":"Beconfident\u00ae Hyaluronic Anti-Ageing Cream med hyaluronsyra, vitamin E och B5 \u00e5terfuktar p\u00e5 djupet och f\u00f6rebygger tecken p\u00e5 \u00e5ldrande.","breadcrumb":{"@id":"https:\/\/beconfident.com\/fi_sv\/produkt\/hyaluronic-anti-ageing-cream-50-ml\/#breadcrumb"},"inLanguage":"fi-SE","potentialAction":[{"@type":"ReadAction","target":["https:\/\/beconfident.com\/fi_sv\/produkt\/hyaluronic-anti-ageing-cream-50-ml\/"]}]},{"@type":"ImageObject","inLanguage":"fi-SE","@id":"https:\/\/beconfident.com\/fi_sv\/produkt\/hyaluronic-anti-ageing-cream-50-ml\/#primaryimage","url":"https:\/\/beconfident.com\/wp-content\/uploads\/2021\/01\/180798-Hyaluronic-Anti-Ageing-Cream-50-ml.jpg","contentUrl":"https:\/\/beconfident.com\/wp-content\/uploads\/2021\/01\/180798-Hyaluronic-Anti-Ageing-Cream-50-ml.jpg","width":1000,"height":1000},{"@type":"BreadcrumbList","@id":"https:\/\/beconfident.com\/fi_sv\/produkt\/hyaluronic-anti-ageing-cream-50-ml\/#breadcrumb","itemListElement":[{"@type":"ListItem","position":1,"name":"Hem","item":"https:\/\/beconfident.com\/fi_sv\/"},{"@type":"ListItem","position":2,"name":"Webbutik","item":"https:\/\/beconfident.com\/fi_sv\/butik\/"},{"@type":"ListItem","position":3,"name":"Hyaluronic Anti-Ageing Cream 50 ml"}]},{"@type":"WebSite","@id":"https:\/\/beconfident.com\/lv\/#website","url":"https:\/\/beconfident.com\/lv\/","name":"Beconfident","description":"","potentialAction":[{"@type":"SearchAction","target":{"@type":"EntryPoint","urlTemplate":"https:\/\/beconfident.com\/lv\/?s={search_term_string}"},"query-input":{"@type":"PropertyValueSpecification","valueRequired":true,"valueName":"search_term_string"}}],"inLanguage":"fi-SE"}]}},"_links":{"self":[{"href":"https:\/\/beconfident.com\/fi_sv\/wp-json\/wp\/v2\/product\/21049","targetHints":{"allow":["GET"]}}],"collection":[{"href":"https:\/\/beconfident.com\/fi_sv\/wp-json\/wp\/v2\/product"}],"about":[{"href":"https:\/\/beconfident.com\/fi_sv\/wp-json\/wp\/v2\/types\/product"}],"replies":[{"embeddable":true,"href":"https:\/\/beconfident.com\/fi_sv\/wp-json\/wp\/v2\/comments?post=21049"}],"wp:featuredmedia":[{"embeddable":true,"href":"https:\/\/beconfident.com\/fi_sv\/wp-json\/wp\/v2\/media\/21055"}],"wp:attachment":[{"href":"https:\/\/beconfident.com\/fi_sv\/wp-json\/wp\/v2\/media?parent=21049"}],"wp:term":[{"taxonomy":"product_brand","embeddable":true,"href":"https:\/\/beconfident.com\/fi_sv\/wp-json\/wp\/v2\/product_brand?post=21049"},{"taxonomy":"product_cat","embeddable":true,"href":"https:\/\/beconfident.com\/fi_sv\/wp-json\/wp\/v2\/product_cat?post=21049"},{"taxonomy":"product_tag","embeddable":true,"href":"https:\/\/beconfident.com\/fi_sv\/wp-json\/wp\/v2\/product_tag?post=21049"}],"curies":[{"name":"wp","href":"https:\/\/api.w.org\/{rel}","templated":true}]}}