{"id":163,"date":"2021-01-11T10:04:36","date_gmt":"2021-01-11T09:04:36","guid":{"rendered":"https:\/\/beconfident.simplesmile.hemsida.eu\/produkt\/clear-skin-start-kit\/"},"modified":"2024-06-24T17:57:42","modified_gmt":"2024-06-24T15:57:42","slug":"clear-skin-start-kit-2","status":"publish","type":"product","link":"https:\/\/beconfident.com\/fi_sv\/produkt\/clear-skin-start-kit-2\/","title":{"rendered":"Clear Skin Start Kit"},"content":{"rendered":"<p>Beconfident\u00ae Clear Skin Start Kit \u00e4r ett komplett system med allt du beh\u00f6ver f\u00f6r att minska finnar, tillt\u00e4pptheter och akne i tv\u00e5 enkla steg.<\/p>\n<p>Steg 1 &#8211; Clear Skin Prepare inneh\u00e5ller lactoperoxidas vilket \u00e4r en unik r\u00e5mj\u00f6lksprodukt som har till uppgift att reducera aknebakterierna med minsta m\u00f6jliga irritation av din hud. Produkterna \u00e4r skonsamma men inneh\u00e5ller ingredienser som effektivt minskar dina besv\u00e4r av akne, samtidigt som den st\u00e4rker huden l\u00e5ngsiktigt och d\u00e4rmed f\u00f6rebygger att nya finnar uppst\u00e5r.<br \/>\nSteg 2 &#8211; Clear Skin Reduce kommer vid daglig anv\u00e4ndning att l\u00e5ngsiktig g\u00f6ra din hud starkare och mer motst\u00e5ndskraftig s\u00e5 att ny akne inte uppkommer och d\u00e4rmed begr\u00e4nsa dina framtida besv\u00e4r.<br \/>\nAkne bearbetas b\u00e4st i varje fas med precis r\u00e4tt m\u00e4ngd av aktiva ingredienser. Vi s\u00e4ljer d\u00e4rf\u00f6r behandlingen som ett komplett kit inneh\u00e5llande tv\u00e5 airless flaskor (f\u00f6r b\u00e4sta m\u00f6jliga hygien), Clear Skin Prepare att inleda behandlingen med och Clear Skin Reduce f\u00f6r ett l\u00e5ngsiktigt h\u00e5llbart resultat. P\u00e5 s\u00e5 vis bek\u00e4mpas din akne s\u00e5 effektivt som m\u00f6jligt i varje fas.<\/p>\n<p>Clear Skin \u00e4r framtagen av experter vid Lunds Universitet och med kliniskt bevisade resultat som visar 30% minskad akne p\u00e5 3 veckor och upp till 65% efter 6 veckor. Clear Skin produkterna inneh\u00e5ller inte acetylsalicylsyra som kan irritera en redan k\u00e4nslig hud.<br \/>\nF\u00f6rpackningen inneh\u00e5ller 1 x Prepare (10 ml), 1 x Reduce (10 ml) samt bruksanvisning.<\/p>\n","protected":false},"excerpt":{"rendered":"<p>Ett komplett hudv\u00e5rdssystem med bevisad effekt mot tillt\u00e4pptheter och akne<\/p>\n","protected":false},"featured_media":1036,"comment_status":"open","ping_status":"closed","template":"","meta":{"_acf_changed":false,"inline_featured_image":false,"_monsterinsights_skip_tracking":false,"_monsterinsights_sitenote_active":false,"_monsterinsights_sitenote_note":"","_monsterinsights_sitenote_category":0},"product_brand":[],"product_cat":[488],"product_tag":[],"class_list":{"0":"post-163","1":"product","2":"type-product","3":"status-publish","4":"has-post-thumbnail","6":"product_cat-clear-skin-serie-fi_sv","8":"first","9":"outofstock","10":"taxable","11":"shipping-taxable","12":"purchasable","13":"product-type-simple"},"acf":[],"shsp-ext":{"main":{},"variations":[]},"yoast_head":"<!-- This site is optimized with the Yoast SEO plugin v27.5 - https:\/\/yoast.com\/product\/yoast-seo-wordpress\/ -->\n<title>Clear Skin Start Kit - Beconfident<\/title>\n<meta name=\"robots\" content=\"index, follow, max-snippet:-1, max-image-preview:large, max-video-preview:-1\" \/>\n<link rel=\"canonical\" href=\"https:\/\/beconfident.com\/fi_sv\/produkt\/clear-skin-start-kit-2\/\" \/>\n<meta property=\"og:locale\" content=\"fi_FI\" \/>\n<meta property=\"og:type\" content=\"article\" \/>\n<meta property=\"og:title\" content=\"Clear Skin Start Kit - Beconfident\" \/>\n<meta property=\"og:description\" content=\"Ett komplett hudv\u00e5rdssystem med bevisad effekt mot tillt\u00e4pptheter och akne\" \/>\n<meta property=\"og:url\" content=\"https:\/\/beconfident.com\/fi_sv\/produkt\/clear-skin-start-kit-2\/\" \/>\n<meta property=\"og:site_name\" content=\"Beconfident\" \/>\n<meta property=\"article:modified_time\" content=\"2024-06-24T15:57:42+00:00\" \/>\n<meta property=\"og:image\" content=\"https:\/\/beconfident.com\/wp-content\/uploads\/2021\/01\/190097-Clear-Skin-Start-Kit.jpg\" \/>\n\t<meta property=\"og:image:width\" content=\"1000\" \/>\n\t<meta property=\"og:image:height\" content=\"1000\" \/>\n\t<meta property=\"og:image:type\" content=\"image\/jpeg\" \/>\n<meta name=\"twitter:card\" content=\"summary_large_image\" \/>\n<meta name=\"twitter:label1\" content=\"Est. reading time\" \/>\n\t<meta name=\"twitter:data1\" content=\"1 minute\" \/>\n<script type=\"application\/ld+json\" class=\"yoast-schema-graph\">{\"@context\":\"https:\\\/\\\/schema.org\",\"@graph\":[{\"@type\":\"WebPage\",\"@id\":\"https:\\\/\\\/beconfident.com\\\/fi_sv\\\/produkt\\\/clear-skin-start-kit-2\\\/\",\"url\":\"https:\\\/\\\/beconfident.com\\\/fi_sv\\\/produkt\\\/clear-skin-start-kit-2\\\/\",\"name\":\"Clear Skin Start Kit - Beconfident\",\"isPartOf\":{\"@id\":\"https:\\\/\\\/beconfident.com\\\/lv\\\/#website\"},\"primaryImageOfPage\":{\"@id\":\"https:\\\/\\\/beconfident.com\\\/fi_sv\\\/produkt\\\/clear-skin-start-kit-2\\\/#primaryimage\"},\"image\":{\"@id\":\"https:\\\/\\\/beconfident.com\\\/fi_sv\\\/produkt\\\/clear-skin-start-kit-2\\\/#primaryimage\"},\"thumbnailUrl\":\"https:\\\/\\\/beconfident.com\\\/wp-content\\\/uploads\\\/2021\\\/01\\\/190097-Clear-Skin-Start-Kit.jpg\",\"datePublished\":\"2021-01-11T09:04:36+00:00\",\"dateModified\":\"2024-06-24T15:57:42+00:00\",\"breadcrumb\":{\"@id\":\"https:\\\/\\\/beconfident.com\\\/fi_sv\\\/produkt\\\/clear-skin-start-kit-2\\\/#breadcrumb\"},\"inLanguage\":\"fi-SE\",\"potentialAction\":[{\"@type\":\"ReadAction\",\"target\":[\"https:\\\/\\\/beconfident.com\\\/fi_sv\\\/produkt\\\/clear-skin-start-kit-2\\\/\"]}]},{\"@type\":\"ImageObject\",\"inLanguage\":\"fi-SE\",\"@id\":\"https:\\\/\\\/beconfident.com\\\/fi_sv\\\/produkt\\\/clear-skin-start-kit-2\\\/#primaryimage\",\"url\":\"https:\\\/\\\/beconfident.com\\\/wp-content\\\/uploads\\\/2021\\\/01\\\/190097-Clear-Skin-Start-Kit.jpg\",\"contentUrl\":\"https:\\\/\\\/beconfident.com\\\/wp-content\\\/uploads\\\/2021\\\/01\\\/190097-Clear-Skin-Start-Kit.jpg\",\"width\":1000,\"height\":1000,\"caption\":\"190097 Clear Skin Start Kit\"},{\"@type\":\"BreadcrumbList\",\"@id\":\"https:\\\/\\\/beconfident.com\\\/fi_sv\\\/produkt\\\/clear-skin-start-kit-2\\\/#breadcrumb\",\"itemListElement\":[{\"@type\":\"ListItem\",\"position\":1,\"name\":\"Hem\",\"item\":\"https:\\\/\\\/beconfident.com\\\/fi_sv\\\/\"},{\"@type\":\"ListItem\",\"position\":2,\"name\":\"Webbutik\",\"item\":\"https:\\\/\\\/beconfident.com\\\/fi_sv\\\/butik\\\/\"},{\"@type\":\"ListItem\",\"position\":3,\"name\":\"Clear Skin Start Kit\"}]},{\"@type\":\"WebSite\",\"@id\":\"https:\\\/\\\/beconfident.com\\\/lv\\\/#website\",\"url\":\"https:\\\/\\\/beconfident.com\\\/lv\\\/\",\"name\":\"Beconfident\",\"description\":\"\",\"potentialAction\":[{\"@type\":\"SearchAction\",\"target\":{\"@type\":\"EntryPoint\",\"urlTemplate\":\"https:\\\/\\\/beconfident.com\\\/lv\\\/?s={search_term_string}\"},\"query-input\":{\"@type\":\"PropertyValueSpecification\",\"valueRequired\":true,\"valueName\":\"search_term_string\"}}],\"inLanguage\":\"fi-SE\"}]}<\/script>\n<!-- \/ Yoast SEO plugin. -->","yoast_head_json":{"title":"Clear Skin Start Kit - Beconfident","robots":{"index":"index","follow":"follow","max-snippet":"max-snippet:-1","max-image-preview":"max-image-preview:large","max-video-preview":"max-video-preview:-1"},"canonical":"https:\/\/beconfident.com\/fi_sv\/produkt\/clear-skin-start-kit-2\/","og_locale":"fi_FI","og_type":"article","og_title":"Clear Skin Start Kit - Beconfident","og_description":"Ett komplett hudv\u00e5rdssystem med bevisad effekt mot tillt\u00e4pptheter och akne","og_url":"https:\/\/beconfident.com\/fi_sv\/produkt\/clear-skin-start-kit-2\/","og_site_name":"Beconfident","article_modified_time":"2024-06-24T15:57:42+00:00","og_image":[{"width":1000,"height":1000,"url":"https:\/\/beconfident.com\/wp-content\/uploads\/2021\/01\/190097-Clear-Skin-Start-Kit.jpg","type":"image\/jpeg"}],"twitter_card":"summary_large_image","twitter_misc":{"Est. reading time":"1 minute"},"schema":{"@context":"https:\/\/schema.org","@graph":[{"@type":"WebPage","@id":"https:\/\/beconfident.com\/fi_sv\/produkt\/clear-skin-start-kit-2\/","url":"https:\/\/beconfident.com\/fi_sv\/produkt\/clear-skin-start-kit-2\/","name":"Clear Skin Start Kit - Beconfident","isPartOf":{"@id":"https:\/\/beconfident.com\/lv\/#website"},"primaryImageOfPage":{"@id":"https:\/\/beconfident.com\/fi_sv\/produkt\/clear-skin-start-kit-2\/#primaryimage"},"image":{"@id":"https:\/\/beconfident.com\/fi_sv\/produkt\/clear-skin-start-kit-2\/#primaryimage"},"thumbnailUrl":"https:\/\/beconfident.com\/wp-content\/uploads\/2021\/01\/190097-Clear-Skin-Start-Kit.jpg","datePublished":"2021-01-11T09:04:36+00:00","dateModified":"2024-06-24T15:57:42+00:00","breadcrumb":{"@id":"https:\/\/beconfident.com\/fi_sv\/produkt\/clear-skin-start-kit-2\/#breadcrumb"},"inLanguage":"fi-SE","potentialAction":[{"@type":"ReadAction","target":["https:\/\/beconfident.com\/fi_sv\/produkt\/clear-skin-start-kit-2\/"]}]},{"@type":"ImageObject","inLanguage":"fi-SE","@id":"https:\/\/beconfident.com\/fi_sv\/produkt\/clear-skin-start-kit-2\/#primaryimage","url":"https:\/\/beconfident.com\/wp-content\/uploads\/2021\/01\/190097-Clear-Skin-Start-Kit.jpg","contentUrl":"https:\/\/beconfident.com\/wp-content\/uploads\/2021\/01\/190097-Clear-Skin-Start-Kit.jpg","width":1000,"height":1000,"caption":"190097 Clear Skin Start Kit"},{"@type":"BreadcrumbList","@id":"https:\/\/beconfident.com\/fi_sv\/produkt\/clear-skin-start-kit-2\/#breadcrumb","itemListElement":[{"@type":"ListItem","position":1,"name":"Hem","item":"https:\/\/beconfident.com\/fi_sv\/"},{"@type":"ListItem","position":2,"name":"Webbutik","item":"https:\/\/beconfident.com\/fi_sv\/butik\/"},{"@type":"ListItem","position":3,"name":"Clear Skin Start Kit"}]},{"@type":"WebSite","@id":"https:\/\/beconfident.com\/lv\/#website","url":"https:\/\/beconfident.com\/lv\/","name":"Beconfident","description":"","potentialAction":[{"@type":"SearchAction","target":{"@type":"EntryPoint","urlTemplate":"https:\/\/beconfident.com\/lv\/?s={search_term_string}"},"query-input":{"@type":"PropertyValueSpecification","valueRequired":true,"valueName":"search_term_string"}}],"inLanguage":"fi-SE"}]}},"_links":{"self":[{"href":"https:\/\/beconfident.com\/fi_sv\/wp-json\/wp\/v2\/product\/163","targetHints":{"allow":["GET"]}}],"collection":[{"href":"https:\/\/beconfident.com\/fi_sv\/wp-json\/wp\/v2\/product"}],"about":[{"href":"https:\/\/beconfident.com\/fi_sv\/wp-json\/wp\/v2\/types\/product"}],"replies":[{"embeddable":true,"href":"https:\/\/beconfident.com\/fi_sv\/wp-json\/wp\/v2\/comments?post=163"}],"wp:featuredmedia":[{"embeddable":true,"href":"https:\/\/beconfident.com\/fi_sv\/wp-json\/wp\/v2\/media\/1036"}],"wp:attachment":[{"href":"https:\/\/beconfident.com\/fi_sv\/wp-json\/wp\/v2\/media?parent=163"}],"wp:term":[{"taxonomy":"product_brand","embeddable":true,"href":"https:\/\/beconfident.com\/fi_sv\/wp-json\/wp\/v2\/product_brand?post=163"},{"taxonomy":"product_cat","embeddable":true,"href":"https:\/\/beconfident.com\/fi_sv\/wp-json\/wp\/v2\/product_cat?post=163"},{"taxonomy":"product_tag","embeddable":true,"href":"https:\/\/beconfident.com\/fi_sv\/wp-json\/wp\/v2\/product_tag?post=163"}],"curies":[{"name":"wp","href":"https:\/\/api.w.org\/{rel}","templated":true}]}}