{"id":52312,"date":"2023-07-04T11:18:37","date_gmt":"2023-07-04T09:18:37","guid":{"rendered":"https:\/\/beconfident.com\/produkt\/super-white-fresh-toothpaste\/"},"modified":"2026-03-04T11:19:59","modified_gmt":"2026-03-04T10:19:59","slug":"super-white-fresh-toothpaste","status":"publish","type":"product","link":"https:\/\/beconfident.com\/et\/produkt\/super-white-fresh-toothpaste\/","title":{"rendered":"Super White &amp; Fresh Toothpaste"},"content":{"rendered":"<p><strong>Beconfident\u00ae Parim valgendav hambapasta, mis sisaldab nii PaP-d kui ka kaltsiumperoksiidi. <\/strong><br \/>\nTeaduse poolt v\u00e4lja t\u00f6\u00f6tatud. Valmistatud Rootsis. Tagab puhtad, n\u00e4htavalt valgemad hambad, tugevdab hambaemaili, v\u00e4rskendab hinge\u00f5hku ning kaitseb hambakivi ja hambakaevude eest. Kasutab k\u00f5ige puhtamaid ja ohutumaid koostisosi. See on Sinu hambapasta. See on hambapasta igale maitsele, vajadusele ja hetkeolukorrale; on saadaval V\u00e4rske piparm\u00fcndiga.<\/p>\n<p>Hambapasta on t\u00e4is uusi koostisosi, mida keegi pole varem hambapastasse lisanud &#8211; n\u00e4iteks ainulaadne valge s\u00fcsi toksiinide ja halbade l\u00f5hnade absorbeerimiseks, h\u00fcaluroonhape p\u00f5letikuvastaseks igemete terviseks ja C-vitamiin \u00fcldiseks tugevuseks, kui vaid m\u00f5ned neist mainida. Hammaste valgendamiseks Kaltsiumperoksiid lahustab, valkukihi hammastel, mis t\u00f5mbab plekke hambapinnale ja hoiab neid kinni. Kui valgupellikkel lahustub, eemaldatakse k\u00f5ik pelliklile kinnitunud plekid hammastelt \u00f5rnalt ilma karmide koostisaineteta, nagu vesinikperoksiid. Kaltsiumperoksiidi aeglane hapniku eraldumine muudab selle ka ideaalseks, kulut\u00f5husaks, s\u00e4ilivaks ja looduslikuks alternatiiviks hammaste valgendamiseks. Hambapasta igap\u00e4evasel kasutamisel n\u00e4dalate ja kuude jooksul on v\u00e4ikesel hulgal vabanev hapnik p\u00fcsivalt valgendav m\u00f5ju ilma karmide abrasiivsete v\u00f5i tugevate puhastusvahenditeta.<br \/>\nLisaks on meil k\u00f5rge kontsentratsiooniga ftalmidoperoks\u00fckaproehapet (PAP), mis on ohutum alternatiiv traditsioonilistele valgendavatele koostisosadele ja aktiivsele valgendavale ainele. On t\u00f5estatud, et PAP valgendab t\u00f5husalt, ilma et see kahjustaks hamba sise- v\u00f5i v\u00e4lisstruktuuri.<\/p>\n<p><strong>Kuidas kasutada hambapastat:<\/strong><br \/>\nPeske hambaid iga p\u00e4ev hommikul ja \u00f5htul v\u00e4hemalt 2 minutit Beconfident\u00ae Super White &amp; Fresh hambapastaga, lisage lonks vett ja keerutage veel 30 sekundit.<\/p>\n","protected":false},"excerpt":{"rendered":"<p>Meie uusim ja parim valgendav hambapasta, mis j\u00e4tab suhu imeliselt puhta ja v\u00e4rske tunde. Valgemate hammaste, tugevama emaili ja v\u00e4rske hinge\u00f5hu eest.<\/p>\n","protected":false},"featured_media":52263,"comment_status":"open","ping_status":"closed","template":"","meta":{"_acf_changed":false,"inline_featured_image":false,"_monsterinsights_skip_tracking":false,"_monsterinsights_sitenote_active":false,"_monsterinsights_sitenote_note":"","_monsterinsights_sitenote_category":0},"product_brand":[],"product_cat":[127,128],"product_tag":[],"class_list":{"0":"post-52312","1":"product","2":"type-product","3":"status-publish","4":"has-post-thumbnail","6":"product_cat-multifunctional-tandkram-et","7":"product_cat-toothpaste","9":"first","10":"instock","11":"featured","12":"taxable","13":"shipping-taxable","14":"purchasable","15":"product-type-simple"},"acf":[],"shsp-ext":{"main":{},"variations":[]},"yoast_head":"<!-- This site is optimized with the Yoast SEO plugin v27.2 - https:\/\/yoast.com\/product\/yoast-seo-wordpress\/ -->\n<title>Super White &amp; Fresh Toothpaste - Beconfident<\/title>\n<meta name=\"robots\" content=\"index, follow, max-snippet:-1, max-image-preview:large, max-video-preview:-1\" \/>\n<link rel=\"canonical\" href=\"https:\/\/beconfident.com\/et\/produkt\/super-white-fresh-toothpaste\/\" \/>\n<meta property=\"og:locale\" content=\"et_EE\" \/>\n<meta property=\"og:type\" content=\"article\" \/>\n<meta property=\"og:title\" content=\"Super White &amp; Fresh Toothpaste - Beconfident\" \/>\n<meta property=\"og:description\" content=\"Meie uusim ja parim valgendav hambapasta, mis j\u00e4tab suhu imeliselt puhta ja v\u00e4rske tunde. Valgemate hammaste, tugevama emaili ja v\u00e4rske hinge\u00f5hu eest.\" \/>\n<meta property=\"og:url\" content=\"https:\/\/beconfident.com\/et\/produkt\/super-white-fresh-toothpaste\/\" \/>\n<meta property=\"og:site_name\" content=\"Beconfident\" \/>\n<meta property=\"article:modified_time\" content=\"2026-03-04T10:19:59+00:00\" \/>\n<meta property=\"og:image\" content=\"https:\/\/beconfident.com\/wp-content\/uploads\/2023\/07\/Beconfident-Super-Whitening-Fresh-Toothpaste-packaging-and-toothpaste.jpg\" \/>\n\t<meta property=\"og:image:width\" content=\"2000\" \/>\n\t<meta property=\"og:image:height\" content=\"2000\" \/>\n\t<meta property=\"og:image:type\" content=\"image\/jpeg\" \/>\n<meta name=\"twitter:card\" content=\"summary_large_image\" \/>\n<meta name=\"twitter:label1\" content=\"Est. reading time\" \/>\n\t<meta name=\"twitter:data1\" content=\"2 minutit\" \/>\n<script type=\"application\/ld+json\" class=\"yoast-schema-graph\">{\"@context\":\"https:\/\/schema.org\",\"@graph\":[{\"@type\":\"WebPage\",\"@id\":\"https:\/\/beconfident.com\/et\/produkt\/super-white-fresh-toothpaste\/\",\"url\":\"https:\/\/beconfident.com\/et\/produkt\/super-white-fresh-toothpaste\/\",\"name\":\"Super White &amp; Fresh Toothpaste - Beconfident\",\"isPartOf\":{\"@id\":\"https:\/\/beconfident.com\/lv\/#website\"},\"primaryImageOfPage\":{\"@id\":\"https:\/\/beconfident.com\/et\/produkt\/super-white-fresh-toothpaste\/#primaryimage\"},\"image\":{\"@id\":\"https:\/\/beconfident.com\/et\/produkt\/super-white-fresh-toothpaste\/#primaryimage\"},\"thumbnailUrl\":\"https:\/\/beconfident.com\/wp-content\/uploads\/2023\/07\/Beconfident-Super-Whitening-Fresh-Toothpaste-packaging-and-toothpaste.jpg\",\"datePublished\":\"2023-07-04T09:18:37+00:00\",\"dateModified\":\"2026-03-04T10:19:59+00:00\",\"breadcrumb\":{\"@id\":\"https:\/\/beconfident.com\/et\/produkt\/super-white-fresh-toothpaste\/#breadcrumb\"},\"inLanguage\":\"et\",\"potentialAction\":[{\"@type\":\"ReadAction\",\"target\":[\"https:\/\/beconfident.com\/et\/produkt\/super-white-fresh-toothpaste\/\"]}]},{\"@type\":\"ImageObject\",\"inLanguage\":\"et\",\"@id\":\"https:\/\/beconfident.com\/et\/produkt\/super-white-fresh-toothpaste\/#primaryimage\",\"url\":\"https:\/\/beconfident.com\/wp-content\/uploads\/2023\/07\/Beconfident-Super-Whitening-Fresh-Toothpaste-packaging-and-toothpaste.jpg\",\"contentUrl\":\"https:\/\/beconfident.com\/wp-content\/uploads\/2023\/07\/Beconfident-Super-Whitening-Fresh-Toothpaste-packaging-and-toothpaste.jpg\",\"width\":2000,\"height\":2000,\"caption\":\"Beconfident Super Whitening Fresh Toothpaste packaging and toothpaste\"},{\"@type\":\"BreadcrumbList\",\"@id\":\"https:\/\/beconfident.com\/et\/produkt\/super-white-fresh-toothpaste\/#breadcrumb\",\"itemListElement\":[{\"@type\":\"ListItem\",\"position\":1,\"name\":\"Hem\",\"item\":\"https:\/\/beconfident.com\/et\/\"},{\"@type\":\"ListItem\",\"position\":2,\"name\":\"Webbutik\",\"item\":\"https:\/\/beconfident.com\/et\/webbutik\/\"},{\"@type\":\"ListItem\",\"position\":3,\"name\":\"Super White &amp; Fresh Toothpaste\"}]},{\"@type\":\"WebSite\",\"@id\":\"https:\/\/beconfident.com\/lv\/#website\",\"url\":\"https:\/\/beconfident.com\/lv\/\",\"name\":\"Beconfident\",\"description\":\"\",\"potentialAction\":[{\"@type\":\"SearchAction\",\"target\":{\"@type\":\"EntryPoint\",\"urlTemplate\":\"https:\/\/beconfident.com\/lv\/?s={search_term_string}\"},\"query-input\":{\"@type\":\"PropertyValueSpecification\",\"valueRequired\":true,\"valueName\":\"search_term_string\"}}],\"inLanguage\":\"et\"}]}<\/script>\n<!-- \/ Yoast SEO plugin. -->","yoast_head_json":{"title":"Super White &amp; Fresh Toothpaste - Beconfident","robots":{"index":"index","follow":"follow","max-snippet":"max-snippet:-1","max-image-preview":"max-image-preview:large","max-video-preview":"max-video-preview:-1"},"canonical":"https:\/\/beconfident.com\/et\/produkt\/super-white-fresh-toothpaste\/","og_locale":"et_EE","og_type":"article","og_title":"Super White &amp; Fresh Toothpaste - Beconfident","og_description":"Meie uusim ja parim valgendav hambapasta, mis j\u00e4tab suhu imeliselt puhta ja v\u00e4rske tunde. Valgemate hammaste, tugevama emaili ja v\u00e4rske hinge\u00f5hu eest.","og_url":"https:\/\/beconfident.com\/et\/produkt\/super-white-fresh-toothpaste\/","og_site_name":"Beconfident","article_modified_time":"2026-03-04T10:19:59+00:00","og_image":[{"width":2000,"height":2000,"url":"https:\/\/beconfident.com\/wp-content\/uploads\/2023\/07\/Beconfident-Super-Whitening-Fresh-Toothpaste-packaging-and-toothpaste.jpg","type":"image\/jpeg"}],"twitter_card":"summary_large_image","twitter_misc":{"Est. reading time":"2 minutit"},"schema":{"@context":"https:\/\/schema.org","@graph":[{"@type":"WebPage","@id":"https:\/\/beconfident.com\/et\/produkt\/super-white-fresh-toothpaste\/","url":"https:\/\/beconfident.com\/et\/produkt\/super-white-fresh-toothpaste\/","name":"Super White &amp; Fresh Toothpaste - Beconfident","isPartOf":{"@id":"https:\/\/beconfident.com\/lv\/#website"},"primaryImageOfPage":{"@id":"https:\/\/beconfident.com\/et\/produkt\/super-white-fresh-toothpaste\/#primaryimage"},"image":{"@id":"https:\/\/beconfident.com\/et\/produkt\/super-white-fresh-toothpaste\/#primaryimage"},"thumbnailUrl":"https:\/\/beconfident.com\/wp-content\/uploads\/2023\/07\/Beconfident-Super-Whitening-Fresh-Toothpaste-packaging-and-toothpaste.jpg","datePublished":"2023-07-04T09:18:37+00:00","dateModified":"2026-03-04T10:19:59+00:00","breadcrumb":{"@id":"https:\/\/beconfident.com\/et\/produkt\/super-white-fresh-toothpaste\/#breadcrumb"},"inLanguage":"et","potentialAction":[{"@type":"ReadAction","target":["https:\/\/beconfident.com\/et\/produkt\/super-white-fresh-toothpaste\/"]}]},{"@type":"ImageObject","inLanguage":"et","@id":"https:\/\/beconfident.com\/et\/produkt\/super-white-fresh-toothpaste\/#primaryimage","url":"https:\/\/beconfident.com\/wp-content\/uploads\/2023\/07\/Beconfident-Super-Whitening-Fresh-Toothpaste-packaging-and-toothpaste.jpg","contentUrl":"https:\/\/beconfident.com\/wp-content\/uploads\/2023\/07\/Beconfident-Super-Whitening-Fresh-Toothpaste-packaging-and-toothpaste.jpg","width":2000,"height":2000,"caption":"Beconfident Super Whitening Fresh Toothpaste packaging and toothpaste"},{"@type":"BreadcrumbList","@id":"https:\/\/beconfident.com\/et\/produkt\/super-white-fresh-toothpaste\/#breadcrumb","itemListElement":[{"@type":"ListItem","position":1,"name":"Hem","item":"https:\/\/beconfident.com\/et\/"},{"@type":"ListItem","position":2,"name":"Webbutik","item":"https:\/\/beconfident.com\/et\/webbutik\/"},{"@type":"ListItem","position":3,"name":"Super White &amp; Fresh Toothpaste"}]},{"@type":"WebSite","@id":"https:\/\/beconfident.com\/lv\/#website","url":"https:\/\/beconfident.com\/lv\/","name":"Beconfident","description":"","potentialAction":[{"@type":"SearchAction","target":{"@type":"EntryPoint","urlTemplate":"https:\/\/beconfident.com\/lv\/?s={search_term_string}"},"query-input":{"@type":"PropertyValueSpecification","valueRequired":true,"valueName":"search_term_string"}}],"inLanguage":"et"}]}},"_links":{"self":[{"href":"https:\/\/beconfident.com\/et\/wp-json\/wp\/v2\/product\/52312","targetHints":{"allow":["GET"]}}],"collection":[{"href":"https:\/\/beconfident.com\/et\/wp-json\/wp\/v2\/product"}],"about":[{"href":"https:\/\/beconfident.com\/et\/wp-json\/wp\/v2\/types\/product"}],"replies":[{"embeddable":true,"href":"https:\/\/beconfident.com\/et\/wp-json\/wp\/v2\/comments?post=52312"}],"wp:featuredmedia":[{"embeddable":true,"href":"https:\/\/beconfident.com\/et\/wp-json\/wp\/v2\/media\/52263"}],"wp:attachment":[{"href":"https:\/\/beconfident.com\/et\/wp-json\/wp\/v2\/media?parent=52312"}],"wp:term":[{"taxonomy":"product_brand","embeddable":true,"href":"https:\/\/beconfident.com\/et\/wp-json\/wp\/v2\/product_brand?post=52312"},{"taxonomy":"product_cat","embeddable":true,"href":"https:\/\/beconfident.com\/et\/wp-json\/wp\/v2\/product_cat?post=52312"},{"taxonomy":"product_tag","embeddable":true,"href":"https:\/\/beconfident.com\/et\/wp-json\/wp\/v2\/product_tag?post=52312"}],"curies":[{"name":"wp","href":"https:\/\/api.w.org\/{rel}","templated":true}]}}