{"id":7682,"date":"2021-01-20T18:07:26","date_gmt":"2021-01-20T17:07:26","guid":{"rendered":"https:\/\/beconfident.simplesmile.hemsida.eu\/produkt\/cepillo-electrico-blanqueador-sonico-blanco-oro-rosa\/"},"modified":"2023-04-06T13:53:21","modified_gmt":"2023-04-06T11:53:21","slug":"cepillo-electrico-blanqueador-sonico-blanco-oro-rosa","status":"publish","type":"product","link":"https:\/\/beconfident.com\/es\/produkt\/cepillo-electrico-blanqueador-sonico-blanco-oro-rosa\/","title":{"rendered":"CEPILLO ELECTRICO BLANQUEADOR SONICO BLANCO \/ ORO ROSA"},"content":{"rendered":"<p>El cepillo de dientes Beconfident\u00ae Sonic Whitening hace m\u00e1s que simplemente limpiar sus dientes y refrescar su aliento, tambi\u00e9n crea una buena salud bucal con enc\u00edas m\u00e1s saludables y menos caries. El cepillo de dientes el\u00e9ctrico s\u00f3nico vibra a 38.000 vibraciones por minuto y elimina la placa un 62% mejor que el cepillado manual. Las vibraciones s\u00f3nicas crean un efecto de limpieza secundario \/ movimiento del agua que ayuda a eliminar la placa incluso entre los dientes donde el cepillo no es accesible, esto ayuda a limpiar toda la boca y eliminar todos los recubrimientos para dientes m\u00e1s blancos. Obtiene la misma sensaci\u00f3n de limpieza que despu\u00e9s de una visita al dentista.<\/p>\n<p>Limpieza profunda: el cepillo de dientes el\u00e9ctrico s\u00f3nico vibra 38.000 veces por minuto y est\u00e1 cl\u00ednicamente probado que elimina los recubrimientos de placa de manera muy eficaz<br \/>\n. Bater\u00eda potente de larga duraci\u00f3n: si el cepillo de dientes el\u00e9ctrico s\u00f3nico est\u00e1 completamente cargado, una sola carga es suficiente para hasta 90 d\u00edas de uso. El cepillo de dientes el\u00e9ctrico se carga con el cargador USB incluido, conveniente para usar en casa o mientras viaja. Se puede cargar en PC, banco el\u00e9ctrico, autom\u00f3vil o cargador de tel\u00e9fono. Si est\u00e1 completamente cargada, la bater\u00eda seguir\u00e1 carg\u00e1ndose hasta por 3 meses (en uso normal, 2 minutos 2 veces al d\u00eda).<br \/>\nTemporizador: solo se necesitan dos minutos para limpiar a fondo sus dientes. El temporizador emite una se\u00f1al cada 30 segundos para cambiar de cuadrante. Despu\u00e9s de dos minutos, el cepillo de dientes se detiene autom\u00e1ticamente.<br \/>\n5 funciones de cepillo: Limpiar: para una eliminaci\u00f3n \u00f3ptima de la placa Sensible: posici\u00f3n extra suave para dientes y enc\u00edas sensibles Cuidado de las enc\u00edas: cepillos m\u00e1s largos que tambi\u00e9n masajean las enc\u00edas Blanco: tiene oscilaciones alternas en el cabezal del cepillo para eliminar la placa y las manchas y dar dientes m\u00e1s blancos Pulido: limpieza fuerte para un efecto pulidor y blanqueador.<br \/>\nEfecto de blanqueamiento avanzado: el cabezal de cepillo blanqueador superior est\u00e1 especialmente desarrollado para eliminar las manchas de los dientes y darle unos dientes visiblemente m\u00e1s blancos. Todos los cabezales de cepillo de dientes Beconfident\u00ae tienen cerdas DuPont\u00ae con un color desva\u00eddo como recordatorio de cu\u00e1ndo es el momento de cambiar los cabezales de cepillo de dientes. Cuando el color se desvanece, es hora de cambiar, normalmente cada tres meses.<br \/>\nEspecificaciones: bater\u00eda de iones de litio de 2000 mAh. IPX7 a prueba de agua. CE, Rohs. Aprobado por FCC y FDA. Un bot\u00f3n para encendido \/ apagado y selecci\u00f3n de modo. Cerdas DuPont\u00ae con recordatorio de color. Modo de carga inal\u00e1mbrica a trav\u00e9s de USB.<\/p>\n","protected":false},"excerpt":{"rendered":"<p>Para una mejor salud bucal, dientes m\u00e1s limpios y una sonrisa m\u00e1s blanca. Hasta 90 d\u00edas de duraci\u00f3n de la bater\u00eda<\/p>\n","protected":false},"featured_media":1082,"comment_status":"closed","ping_status":"closed","template":"","meta":{"_acf_changed":false,"inline_featured_image":false,"_monsterinsights_skip_tracking":false,"_monsterinsights_sitenote_active":false,"_monsterinsights_sitenote_note":"","_monsterinsights_sitenote_category":0},"product_brand":[],"product_cat":[738,59,252],"product_tag":[],"class_list":{"0":"post-7682","1":"product","2":"type-product","3":"status-publish","4":"has-post-thumbnail","6":"product_cat-all-products-es","7":"product_cat-sin-categorizar","8":"product_cat-sonic-eltandsborstar-es","10":"first","11":"instock","12":"purchasable","13":"product-type-simple"},"acf":[],"shsp-ext":{"main":{},"variations":[]},"yoast_head":"<!-- This site is optimized with the Yoast SEO plugin v27.5 - https:\/\/yoast.com\/product\/yoast-seo-wordpress\/ -->\n<title>CEPILLO ELECTRICO BLANQUEADOR SONICO BLANCO \/ ORO ROSA - Beconfident<\/title>\n<meta name=\"robots\" content=\"index, follow, max-snippet:-1, max-image-preview:large, max-video-preview:-1\" \/>\n<link rel=\"canonical\" href=\"https:\/\/beconfident.com\/es\/produkt\/cepillo-electrico-blanqueador-sonico-blanco-oro-rosa\/\" \/>\n<meta property=\"og:locale\" content=\"es_ES\" \/>\n<meta property=\"og:type\" content=\"article\" \/>\n<meta property=\"og:title\" content=\"CEPILLO ELECTRICO BLANQUEADOR SONICO BLANCO \/ ORO ROSA - Beconfident\" \/>\n<meta property=\"og:description\" content=\"Para una mejor salud bucal, dientes m\u00e1s limpios y una sonrisa m\u00e1s blanca. Hasta 90 d\u00edas de duraci\u00f3n de la bater\u00eda\" \/>\n<meta property=\"og:url\" content=\"https:\/\/beconfident.com\/es\/produkt\/cepillo-electrico-blanqueador-sonico-blanco-oro-rosa\/\" \/>\n<meta property=\"og:site_name\" content=\"Beconfident\" \/>\n<meta property=\"article:modified_time\" content=\"2023-04-06T11:53:21+00:00\" \/>\n<meta property=\"og:image\" content=\"https:\/\/beconfident.com\/wp-content\/uploads\/2021\/01\/650000-Box-and-brush.jpg\" \/>\n\t<meta property=\"og:image:width\" content=\"1063\" \/>\n\t<meta property=\"og:image:height\" content=\"1417\" \/>\n\t<meta property=\"og:image:type\" content=\"image\/jpeg\" \/>\n<meta name=\"twitter:card\" content=\"summary_large_image\" \/>\n<meta name=\"twitter:label1\" content=\"Tiempo de lectura\" \/>\n\t<meta name=\"twitter:data1\" content=\"2 minutos\" \/>\n<script type=\"application\/ld+json\" class=\"yoast-schema-graph\">{\"@context\":\"https:\\\/\\\/schema.org\",\"@graph\":[{\"@type\":\"WebPage\",\"@id\":\"https:\\\/\\\/beconfident.com\\\/es\\\/produkt\\\/cepillo-electrico-blanqueador-sonico-blanco-oro-rosa\\\/\",\"url\":\"https:\\\/\\\/beconfident.com\\\/es\\\/produkt\\\/cepillo-electrico-blanqueador-sonico-blanco-oro-rosa\\\/\",\"name\":\"CEPILLO ELECTRICO BLANQUEADOR SONICO BLANCO \\\/ ORO ROSA - Beconfident\",\"isPartOf\":{\"@id\":\"https:\\\/\\\/beconfident.com\\\/lv\\\/#website\"},\"primaryImageOfPage\":{\"@id\":\"https:\\\/\\\/beconfident.com\\\/es\\\/produkt\\\/cepillo-electrico-blanqueador-sonico-blanco-oro-rosa\\\/#primaryimage\"},\"image\":{\"@id\":\"https:\\\/\\\/beconfident.com\\\/es\\\/produkt\\\/cepillo-electrico-blanqueador-sonico-blanco-oro-rosa\\\/#primaryimage\"},\"thumbnailUrl\":\"https:\\\/\\\/beconfident.com\\\/wp-content\\\/uploads\\\/2021\\\/01\\\/650000-Box-and-brush.jpg\",\"datePublished\":\"2021-01-20T17:07:26+00:00\",\"dateModified\":\"2023-04-06T11:53:21+00:00\",\"breadcrumb\":{\"@id\":\"https:\\\/\\\/beconfident.com\\\/es\\\/produkt\\\/cepillo-electrico-blanqueador-sonico-blanco-oro-rosa\\\/#breadcrumb\"},\"inLanguage\":\"es\",\"potentialAction\":[{\"@type\":\"ReadAction\",\"target\":[\"https:\\\/\\\/beconfident.com\\\/es\\\/produkt\\\/cepillo-electrico-blanqueador-sonico-blanco-oro-rosa\\\/\"]}]},{\"@type\":\"ImageObject\",\"inLanguage\":\"es\",\"@id\":\"https:\\\/\\\/beconfident.com\\\/es\\\/produkt\\\/cepillo-electrico-blanqueador-sonico-blanco-oro-rosa\\\/#primaryimage\",\"url\":\"https:\\\/\\\/beconfident.com\\\/wp-content\\\/uploads\\\/2021\\\/01\\\/650000-Box-and-brush.jpg\",\"contentUrl\":\"https:\\\/\\\/beconfident.com\\\/wp-content\\\/uploads\\\/2021\\\/01\\\/650000-Box-and-brush.jpg\",\"width\":1063,\"height\":1417,\"caption\":\"650000 Box and brush\"},{\"@type\":\"BreadcrumbList\",\"@id\":\"https:\\\/\\\/beconfident.com\\\/es\\\/produkt\\\/cepillo-electrico-blanqueador-sonico-blanco-oro-rosa\\\/#breadcrumb\",\"itemListElement\":[{\"@type\":\"ListItem\",\"position\":1,\"name\":\"Hem\",\"item\":\"https:\\\/\\\/beconfident.com\\\/es\\\/\"},{\"@type\":\"ListItem\",\"position\":2,\"name\":\"Webbutik\",\"item\":\"https:\\\/\\\/beconfident.com\\\/es\\\/webbutik\\\/\"},{\"@type\":\"ListItem\",\"position\":3,\"name\":\"CEPILLO ELECTRICO BLANQUEADOR SONICO BLANCO \\\/ ORO ROSA\"}]},{\"@type\":\"WebSite\",\"@id\":\"https:\\\/\\\/beconfident.com\\\/lv\\\/#website\",\"url\":\"https:\\\/\\\/beconfident.com\\\/lv\\\/\",\"name\":\"Beconfident\",\"description\":\"\",\"potentialAction\":[{\"@type\":\"SearchAction\",\"target\":{\"@type\":\"EntryPoint\",\"urlTemplate\":\"https:\\\/\\\/beconfident.com\\\/lv\\\/?s={search_term_string}\"},\"query-input\":{\"@type\":\"PropertyValueSpecification\",\"valueRequired\":true,\"valueName\":\"search_term_string\"}}],\"inLanguage\":\"es\"}]}<\/script>\n<!-- \/ Yoast SEO plugin. -->","yoast_head_json":{"title":"CEPILLO ELECTRICO BLANQUEADOR SONICO BLANCO \/ ORO ROSA - Beconfident","robots":{"index":"index","follow":"follow","max-snippet":"max-snippet:-1","max-image-preview":"max-image-preview:large","max-video-preview":"max-video-preview:-1"},"canonical":"https:\/\/beconfident.com\/es\/produkt\/cepillo-electrico-blanqueador-sonico-blanco-oro-rosa\/","og_locale":"es_ES","og_type":"article","og_title":"CEPILLO ELECTRICO BLANQUEADOR SONICO BLANCO \/ ORO ROSA - Beconfident","og_description":"Para una mejor salud bucal, dientes m\u00e1s limpios y una sonrisa m\u00e1s blanca. Hasta 90 d\u00edas de duraci\u00f3n de la bater\u00eda","og_url":"https:\/\/beconfident.com\/es\/produkt\/cepillo-electrico-blanqueador-sonico-blanco-oro-rosa\/","og_site_name":"Beconfident","article_modified_time":"2023-04-06T11:53:21+00:00","og_image":[{"width":1063,"height":1417,"url":"https:\/\/beconfident.com\/wp-content\/uploads\/2021\/01\/650000-Box-and-brush.jpg","type":"image\/jpeg"}],"twitter_card":"summary_large_image","twitter_misc":{"Tiempo de lectura":"2 minutos"},"schema":{"@context":"https:\/\/schema.org","@graph":[{"@type":"WebPage","@id":"https:\/\/beconfident.com\/es\/produkt\/cepillo-electrico-blanqueador-sonico-blanco-oro-rosa\/","url":"https:\/\/beconfident.com\/es\/produkt\/cepillo-electrico-blanqueador-sonico-blanco-oro-rosa\/","name":"CEPILLO ELECTRICO BLANQUEADOR SONICO BLANCO \/ ORO ROSA - Beconfident","isPartOf":{"@id":"https:\/\/beconfident.com\/lv\/#website"},"primaryImageOfPage":{"@id":"https:\/\/beconfident.com\/es\/produkt\/cepillo-electrico-blanqueador-sonico-blanco-oro-rosa\/#primaryimage"},"image":{"@id":"https:\/\/beconfident.com\/es\/produkt\/cepillo-electrico-blanqueador-sonico-blanco-oro-rosa\/#primaryimage"},"thumbnailUrl":"https:\/\/beconfident.com\/wp-content\/uploads\/2021\/01\/650000-Box-and-brush.jpg","datePublished":"2021-01-20T17:07:26+00:00","dateModified":"2023-04-06T11:53:21+00:00","breadcrumb":{"@id":"https:\/\/beconfident.com\/es\/produkt\/cepillo-electrico-blanqueador-sonico-blanco-oro-rosa\/#breadcrumb"},"inLanguage":"es","potentialAction":[{"@type":"ReadAction","target":["https:\/\/beconfident.com\/es\/produkt\/cepillo-electrico-blanqueador-sonico-blanco-oro-rosa\/"]}]},{"@type":"ImageObject","inLanguage":"es","@id":"https:\/\/beconfident.com\/es\/produkt\/cepillo-electrico-blanqueador-sonico-blanco-oro-rosa\/#primaryimage","url":"https:\/\/beconfident.com\/wp-content\/uploads\/2021\/01\/650000-Box-and-brush.jpg","contentUrl":"https:\/\/beconfident.com\/wp-content\/uploads\/2021\/01\/650000-Box-and-brush.jpg","width":1063,"height":1417,"caption":"650000 Box and brush"},{"@type":"BreadcrumbList","@id":"https:\/\/beconfident.com\/es\/produkt\/cepillo-electrico-blanqueador-sonico-blanco-oro-rosa\/#breadcrumb","itemListElement":[{"@type":"ListItem","position":1,"name":"Hem","item":"https:\/\/beconfident.com\/es\/"},{"@type":"ListItem","position":2,"name":"Webbutik","item":"https:\/\/beconfident.com\/es\/webbutik\/"},{"@type":"ListItem","position":3,"name":"CEPILLO ELECTRICO BLANQUEADOR SONICO BLANCO \/ ORO ROSA"}]},{"@type":"WebSite","@id":"https:\/\/beconfident.com\/lv\/#website","url":"https:\/\/beconfident.com\/lv\/","name":"Beconfident","description":"","potentialAction":[{"@type":"SearchAction","target":{"@type":"EntryPoint","urlTemplate":"https:\/\/beconfident.com\/lv\/?s={search_term_string}"},"query-input":{"@type":"PropertyValueSpecification","valueRequired":true,"valueName":"search_term_string"}}],"inLanguage":"es"}]}},"_links":{"self":[{"href":"https:\/\/beconfident.com\/es\/wp-json\/wp\/v2\/product\/7682","targetHints":{"allow":["GET"]}}],"collection":[{"href":"https:\/\/beconfident.com\/es\/wp-json\/wp\/v2\/product"}],"about":[{"href":"https:\/\/beconfident.com\/es\/wp-json\/wp\/v2\/types\/product"}],"replies":[{"embeddable":true,"href":"https:\/\/beconfident.com\/es\/wp-json\/wp\/v2\/comments?post=7682"}],"wp:featuredmedia":[{"embeddable":true,"href":"https:\/\/beconfident.com\/es\/wp-json\/wp\/v2\/media\/1082"}],"wp:attachment":[{"href":"https:\/\/beconfident.com\/es\/wp-json\/wp\/v2\/media?parent=7682"}],"wp:term":[{"taxonomy":"product_brand","embeddable":true,"href":"https:\/\/beconfident.com\/es\/wp-json\/wp\/v2\/product_brand?post=7682"},{"taxonomy":"product_cat","embeddable":true,"href":"https:\/\/beconfident.com\/es\/wp-json\/wp\/v2\/product_cat?post=7682"},{"taxonomy":"product_tag","embeddable":true,"href":"https:\/\/beconfident.com\/es\/wp-json\/wp\/v2\/product_tag?post=7682"}],"curies":[{"name":"wp","href":"https:\/\/api.w.org\/{rel}","templated":true}]}}