{"id":7681,"date":"2021-01-20T18:07:26","date_gmt":"2021-01-20T17:07:26","guid":{"rendered":"https:\/\/beconfident.simplesmile.hemsida.eu\/produkt\/protector-dental\/"},"modified":"2024-12-02T15:02:35","modified_gmt":"2024-12-02T14:02:35","slug":"protector-dental","status":"publish","type":"product","link":"https:\/\/beconfident.com\/es\/produkt\/protector-dental\/","title":{"rendered":"PROTECTOR DENTAL"},"content":{"rendered":"<p>Beconfident\u00ae Protect Dental Guard sirve para aliviar los m\u00fasculos y proteger los dientes en caso de un leve crujir de dientes o bruxismo.<br \/>\nEl protector bucal de Beconfident es ligero y flexible, pero duradero. Tiene placas de mordida que alivian los dientes de las mejillas, lo que evita que los dientes frontales se muerdan y luego tambi\u00e9n tenga una v\u00eda a\u00e9rea libre. Realizas un ajuste \u00fanico y proteges tus dientes de una forma muy c\u00f3moda. Este es el aparato ortop\u00e9dico perfecto para un usuario primerizo que quiere empezar a dormir con aparatos ortop\u00e9dicos. \u00a1Finalmente puedes despertarte lleno de energ\u00eda!<\/p>\n<p>&#8211; Apto para el primer usuario<br \/>\n&#8211; Gran comodidad (dise\u00f1o minimalista)<br \/>\n&#8211; Precio m\u00e1s bajo<\/p>\n<p>Beconfident Protect est\u00e1 aprobado como dispositivo m\u00e9dico por la Agencia Sueca de Productos M\u00e9dicos y sigue sus regulaciones LVFS 2003: 11, LVFS 201: 7; LVFS 2001: 5. Garantizamos que no contiene BPA, silicona, acr\u00edlico, gluten ni ninguna toxina da\u00f1ina y que no filtrar\u00e1 ning\u00fan qu\u00edmico en la boca. Se fabrica en una instalaci\u00f3n inspeccionada por la FDA y no est\u00e1 hecho de l\u00e1tex de caucho natural.<\/p>\n<p>El producto se entrega en un embalaje con una caja de almacenamiento flexible e instrucciones de uso. Tenga en cuenta que los envases rotos no se pueden devolver por motivos de higiene. Por supuesto, se aplica el derecho de canje de 14 d\u00edas.<\/p>\n","protected":false},"excerpt":{"rendered":"<p>Protector bucal f\u00e1cil de usar para bruxismo \/ rechinar de los dientes<\/p>\n","protected":false},"featured_media":60691,"comment_status":"closed","ping_status":"closed","template":"","meta":{"_acf_changed":false,"inline_featured_image":false,"_monsterinsights_skip_tracking":false,"_monsterinsights_sitenote_active":false,"_monsterinsights_sitenote_note":"","_monsterinsights_sitenote_category":0},"product_brand":[],"product_cat":[738,265],"product_tag":[],"class_list":{"0":"post-7681","1":"product","2":"type-product","3":"status-publish","4":"has-post-thumbnail","6":"product_cat-all-products-es","7":"product_cat-bandejas-para-la-boca","9":"first","10":"instock","11":"taxable","12":"shipping-taxable","13":"purchasable","14":"product-type-simple"},"acf":[],"shsp-ext":{"main":{},"variations":[]},"yoast_head":"<!-- This site is optimized with the Yoast SEO plugin v27.5 - https:\/\/yoast.com\/product\/yoast-seo-wordpress\/ -->\n<title>PROTECTOR DENTAL - Beconfident<\/title>\n<meta name=\"robots\" content=\"index, follow, max-snippet:-1, max-image-preview:large, max-video-preview:-1\" \/>\n<link rel=\"canonical\" href=\"https:\/\/beconfident.com\/es\/produkt\/protector-dental\/\" \/>\n<meta property=\"og:locale\" content=\"es_ES\" \/>\n<meta property=\"og:type\" content=\"article\" \/>\n<meta property=\"og:title\" content=\"PROTECTOR DENTAL - Beconfident\" \/>\n<meta property=\"og:description\" content=\"Protector bucal f\u00e1cil de usar para bruxismo \/ rechinar de los dientes\" \/>\n<meta property=\"og:url\" content=\"https:\/\/beconfident.com\/es\/produkt\/protector-dental\/\" \/>\n<meta property=\"og:site_name\" content=\"Beconfident\" \/>\n<meta property=\"article:modified_time\" content=\"2024-12-02T14:02:35+00:00\" \/>\n<meta property=\"og:image\" content=\"https:\/\/beconfident.com\/wp-content\/uploads\/2021\/01\/150308-Protector-Dental-and-storagebox.jpg\" \/>\n\t<meta property=\"og:image:width\" content=\"1276\" \/>\n\t<meta property=\"og:image:height\" content=\"1417\" \/>\n\t<meta property=\"og:image:type\" content=\"image\/jpeg\" \/>\n<meta name=\"twitter:card\" content=\"summary_large_image\" \/>\n<meta name=\"twitter:label1\" content=\"Tiempo de lectura\" \/>\n\t<meta name=\"twitter:data1\" content=\"1 minuto\" \/>\n<script type=\"application\/ld+json\" class=\"yoast-schema-graph\">{\"@context\":\"https:\\\/\\\/schema.org\",\"@graph\":[{\"@type\":\"WebPage\",\"@id\":\"https:\\\/\\\/beconfident.com\\\/es\\\/produkt\\\/protector-dental\\\/\",\"url\":\"https:\\\/\\\/beconfident.com\\\/es\\\/produkt\\\/protector-dental\\\/\",\"name\":\"PROTECTOR DENTAL - Beconfident\",\"isPartOf\":{\"@id\":\"https:\\\/\\\/beconfident.com\\\/lv\\\/#website\"},\"primaryImageOfPage\":{\"@id\":\"https:\\\/\\\/beconfident.com\\\/es\\\/produkt\\\/protector-dental\\\/#primaryimage\"},\"image\":{\"@id\":\"https:\\\/\\\/beconfident.com\\\/es\\\/produkt\\\/protector-dental\\\/#primaryimage\"},\"thumbnailUrl\":\"https:\\\/\\\/beconfident.com\\\/wp-content\\\/uploads\\\/2021\\\/01\\\/150308-Protector-Dental-and-storagebox.jpg\",\"datePublished\":\"2021-01-20T17:07:26+00:00\",\"dateModified\":\"2024-12-02T14:02:35+00:00\",\"breadcrumb\":{\"@id\":\"https:\\\/\\\/beconfident.com\\\/es\\\/produkt\\\/protector-dental\\\/#breadcrumb\"},\"inLanguage\":\"es\",\"potentialAction\":[{\"@type\":\"ReadAction\",\"target\":[\"https:\\\/\\\/beconfident.com\\\/es\\\/produkt\\\/protector-dental\\\/\"]}]},{\"@type\":\"ImageObject\",\"inLanguage\":\"es\",\"@id\":\"https:\\\/\\\/beconfident.com\\\/es\\\/produkt\\\/protector-dental\\\/#primaryimage\",\"url\":\"https:\\\/\\\/beconfident.com\\\/wp-content\\\/uploads\\\/2021\\\/01\\\/150308-Protector-Dental-and-storagebox.jpg\",\"contentUrl\":\"https:\\\/\\\/beconfident.com\\\/wp-content\\\/uploads\\\/2021\\\/01\\\/150308-Protector-Dental-and-storagebox.jpg\",\"width\":1276,\"height\":1417,\"caption\":\"150308 Protector Dental and storagebox\"},{\"@type\":\"BreadcrumbList\",\"@id\":\"https:\\\/\\\/beconfident.com\\\/es\\\/produkt\\\/protector-dental\\\/#breadcrumb\",\"itemListElement\":[{\"@type\":\"ListItem\",\"position\":1,\"name\":\"Hem\",\"item\":\"https:\\\/\\\/beconfident.com\\\/es\\\/\"},{\"@type\":\"ListItem\",\"position\":2,\"name\":\"Webbutik\",\"item\":\"https:\\\/\\\/beconfident.com\\\/es\\\/webbutik\\\/\"},{\"@type\":\"ListItem\",\"position\":3,\"name\":\"PROTECTOR DENTAL\"}]},{\"@type\":\"WebSite\",\"@id\":\"https:\\\/\\\/beconfident.com\\\/lv\\\/#website\",\"url\":\"https:\\\/\\\/beconfident.com\\\/lv\\\/\",\"name\":\"Beconfident\",\"description\":\"\",\"potentialAction\":[{\"@type\":\"SearchAction\",\"target\":{\"@type\":\"EntryPoint\",\"urlTemplate\":\"https:\\\/\\\/beconfident.com\\\/lv\\\/?s={search_term_string}\"},\"query-input\":{\"@type\":\"PropertyValueSpecification\",\"valueRequired\":true,\"valueName\":\"search_term_string\"}}],\"inLanguage\":\"es\"}]}<\/script>\n<!-- \/ Yoast SEO plugin. -->","yoast_head_json":{"title":"PROTECTOR DENTAL - Beconfident","robots":{"index":"index","follow":"follow","max-snippet":"max-snippet:-1","max-image-preview":"max-image-preview:large","max-video-preview":"max-video-preview:-1"},"canonical":"https:\/\/beconfident.com\/es\/produkt\/protector-dental\/","og_locale":"es_ES","og_type":"article","og_title":"PROTECTOR DENTAL - Beconfident","og_description":"Protector bucal f\u00e1cil de usar para bruxismo \/ rechinar de los dientes","og_url":"https:\/\/beconfident.com\/es\/produkt\/protector-dental\/","og_site_name":"Beconfident","article_modified_time":"2024-12-02T14:02:35+00:00","og_image":[{"width":1276,"height":1417,"url":"https:\/\/beconfident.com\/wp-content\/uploads\/2021\/01\/150308-Protector-Dental-and-storagebox.jpg","type":"image\/jpeg"}],"twitter_card":"summary_large_image","twitter_misc":{"Tiempo de lectura":"1 minuto"},"schema":{"@context":"https:\/\/schema.org","@graph":[{"@type":"WebPage","@id":"https:\/\/beconfident.com\/es\/produkt\/protector-dental\/","url":"https:\/\/beconfident.com\/es\/produkt\/protector-dental\/","name":"PROTECTOR DENTAL - Beconfident","isPartOf":{"@id":"https:\/\/beconfident.com\/lv\/#website"},"primaryImageOfPage":{"@id":"https:\/\/beconfident.com\/es\/produkt\/protector-dental\/#primaryimage"},"image":{"@id":"https:\/\/beconfident.com\/es\/produkt\/protector-dental\/#primaryimage"},"thumbnailUrl":"https:\/\/beconfident.com\/wp-content\/uploads\/2021\/01\/150308-Protector-Dental-and-storagebox.jpg","datePublished":"2021-01-20T17:07:26+00:00","dateModified":"2024-12-02T14:02:35+00:00","breadcrumb":{"@id":"https:\/\/beconfident.com\/es\/produkt\/protector-dental\/#breadcrumb"},"inLanguage":"es","potentialAction":[{"@type":"ReadAction","target":["https:\/\/beconfident.com\/es\/produkt\/protector-dental\/"]}]},{"@type":"ImageObject","inLanguage":"es","@id":"https:\/\/beconfident.com\/es\/produkt\/protector-dental\/#primaryimage","url":"https:\/\/beconfident.com\/wp-content\/uploads\/2021\/01\/150308-Protector-Dental-and-storagebox.jpg","contentUrl":"https:\/\/beconfident.com\/wp-content\/uploads\/2021\/01\/150308-Protector-Dental-and-storagebox.jpg","width":1276,"height":1417,"caption":"150308 Protector Dental and storagebox"},{"@type":"BreadcrumbList","@id":"https:\/\/beconfident.com\/es\/produkt\/protector-dental\/#breadcrumb","itemListElement":[{"@type":"ListItem","position":1,"name":"Hem","item":"https:\/\/beconfident.com\/es\/"},{"@type":"ListItem","position":2,"name":"Webbutik","item":"https:\/\/beconfident.com\/es\/webbutik\/"},{"@type":"ListItem","position":3,"name":"PROTECTOR DENTAL"}]},{"@type":"WebSite","@id":"https:\/\/beconfident.com\/lv\/#website","url":"https:\/\/beconfident.com\/lv\/","name":"Beconfident","description":"","potentialAction":[{"@type":"SearchAction","target":{"@type":"EntryPoint","urlTemplate":"https:\/\/beconfident.com\/lv\/?s={search_term_string}"},"query-input":{"@type":"PropertyValueSpecification","valueRequired":true,"valueName":"search_term_string"}}],"inLanguage":"es"}]}},"_links":{"self":[{"href":"https:\/\/beconfident.com\/es\/wp-json\/wp\/v2\/product\/7681","targetHints":{"allow":["GET"]}}],"collection":[{"href":"https:\/\/beconfident.com\/es\/wp-json\/wp\/v2\/product"}],"about":[{"href":"https:\/\/beconfident.com\/es\/wp-json\/wp\/v2\/types\/product"}],"replies":[{"embeddable":true,"href":"https:\/\/beconfident.com\/es\/wp-json\/wp\/v2\/comments?post=7681"}],"wp:featuredmedia":[{"embeddable":true,"href":"https:\/\/beconfident.com\/es\/wp-json\/wp\/v2\/media\/60691"}],"wp:attachment":[{"href":"https:\/\/beconfident.com\/es\/wp-json\/wp\/v2\/media?parent=7681"}],"wp:term":[{"taxonomy":"product_brand","embeddable":true,"href":"https:\/\/beconfident.com\/es\/wp-json\/wp\/v2\/product_brand?post=7681"},{"taxonomy":"product_cat","embeddable":true,"href":"https:\/\/beconfident.com\/es\/wp-json\/wp\/v2\/product_cat?post=7681"},{"taxonomy":"product_tag","embeddable":true,"href":"https:\/\/beconfident.com\/es\/wp-json\/wp\/v2\/product_tag?post=7681"}],"curies":[{"name":"wp","href":"https:\/\/api.w.org\/{rel}","templated":true}]}}