{"id":7487,"date":"2021-01-11T10:04:26","date_gmt":"2021-01-11T09:04:26","guid":{"rendered":"https:\/\/beconfident.simplesmile.hemsida.eu\/produkt\/teeth-whitening-night-serum\/"},"modified":"2025-02-05T09:18:23","modified_gmt":"2025-02-05T08:18:23","slug":"teeth-whitening-night-serum","status":"publish","type":"product","link":"https:\/\/beconfident.com\/es\/produkt\/teeth-whitening-night-serum\/","title":{"rendered":"SERUM NOCHE BLANQUEADOR DENTAL"},"content":{"rendered":"<p>Beconfident\u00ae Night Serum repara el esmalte y blanquea tus dientes mientras duermes. Este suero innovador se aplica con brocha sobre los dientes y ayuda a fortalecer y rellenar las microgrietas del esmalte mientras elimina eficazmente la decoloraci\u00f3n. El resultado: Dientes reparados, fuertes y visiblemente m\u00e1s blancos con una superficie brillante. El suero tambi\u00e9n contiene fluoruro para fortalecer a\u00fan m\u00e1s el esmalte y prevenir la caries. Con sabor a menta org\u00e1nica para una experiencia fresca. El paquete contiene Night Serum (10 ml), cepillo de aplicaci\u00f3n e instrucciones de uso.<\/p>\n","protected":false},"excerpt":{"rendered":"<p>Repara y blanquea los dientes mientras duermes<\/p>\n","protected":false},"featured_media":567,"comment_status":"open","ping_status":"closed","template":"","meta":{"_acf_changed":false,"inline_featured_image":false,"_monsterinsights_skip_tracking":false,"_monsterinsights_sitenote_active":false,"_monsterinsights_sitenote_note":"","_monsterinsights_sitenote_category":0},"product_brand":[],"product_cat":[738,176],"product_tag":[],"class_list":{"0":"post-7487","1":"product","2":"type-product","3":"status-publish","4":"has-post-thumbnail","6":"product_cat-all-products-es","7":"product_cat-underhall-es","9":"first","10":"instock","11":"taxable","12":"shipping-taxable","13":"purchasable","14":"product-type-simple"},"acf":[],"shsp-ext":{"main":{},"variations":[]},"yoast_head":"<!-- This site is optimized with the Yoast SEO plugin v27.5 - https:\/\/yoast.com\/product\/yoast-seo-wordpress\/ -->\n<title>SERUM NOCHE BLANQUEADOR DENTAL - Beconfident<\/title>\n<meta name=\"robots\" content=\"index, follow, max-snippet:-1, max-image-preview:large, max-video-preview:-1\" \/>\n<link rel=\"canonical\" href=\"https:\/\/beconfident.com\/es\/produkt\/teeth-whitening-night-serum\/\" \/>\n<meta property=\"og:locale\" content=\"es_ES\" \/>\n<meta property=\"og:type\" content=\"article\" \/>\n<meta property=\"og:title\" content=\"SERUM NOCHE BLANQUEADOR DENTAL - Beconfident\" \/>\n<meta property=\"og:description\" content=\"Repara y blanquea los dientes mientras duermes\" \/>\n<meta property=\"og:url\" content=\"https:\/\/beconfident.com\/es\/produkt\/teeth-whitening-night-serum\/\" \/>\n<meta property=\"og:site_name\" content=\"Beconfident\" \/>\n<meta property=\"article:modified_time\" content=\"2025-02-05T08:18:23+00:00\" \/>\n<meta property=\"og:image\" content=\"https:\/\/beconfident.com\/wp-content\/uploads\/2021\/01\/123197-Night-serum.jpg\" \/>\n\t<meta property=\"og:image:width\" content=\"1134\" \/>\n\t<meta property=\"og:image:height\" content=\"851\" \/>\n\t<meta property=\"og:image:type\" content=\"image\/jpeg\" \/>\n<meta name=\"twitter:card\" content=\"summary_large_image\" \/>\n<script type=\"application\/ld+json\" class=\"yoast-schema-graph\">{\"@context\":\"https:\\\/\\\/schema.org\",\"@graph\":[{\"@type\":\"WebPage\",\"@id\":\"https:\\\/\\\/beconfident.com\\\/es\\\/produkt\\\/teeth-whitening-night-serum\\\/\",\"url\":\"https:\\\/\\\/beconfident.com\\\/es\\\/produkt\\\/teeth-whitening-night-serum\\\/\",\"name\":\"SERUM NOCHE BLANQUEADOR DENTAL - Beconfident\",\"isPartOf\":{\"@id\":\"https:\\\/\\\/beconfident.com\\\/lv\\\/#website\"},\"primaryImageOfPage\":{\"@id\":\"https:\\\/\\\/beconfident.com\\\/es\\\/produkt\\\/teeth-whitening-night-serum\\\/#primaryimage\"},\"image\":{\"@id\":\"https:\\\/\\\/beconfident.com\\\/es\\\/produkt\\\/teeth-whitening-night-serum\\\/#primaryimage\"},\"thumbnailUrl\":\"https:\\\/\\\/beconfident.com\\\/wp-content\\\/uploads\\\/2021\\\/01\\\/123197-Night-serum.jpg\",\"datePublished\":\"2021-01-11T09:04:26+00:00\",\"dateModified\":\"2025-02-05T08:18:23+00:00\",\"breadcrumb\":{\"@id\":\"https:\\\/\\\/beconfident.com\\\/es\\\/produkt\\\/teeth-whitening-night-serum\\\/#breadcrumb\"},\"inLanguage\":\"es\",\"potentialAction\":[{\"@type\":\"ReadAction\",\"target\":[\"https:\\\/\\\/beconfident.com\\\/es\\\/produkt\\\/teeth-whitening-night-serum\\\/\"]}]},{\"@type\":\"ImageObject\",\"inLanguage\":\"es\",\"@id\":\"https:\\\/\\\/beconfident.com\\\/es\\\/produkt\\\/teeth-whitening-night-serum\\\/#primaryimage\",\"url\":\"https:\\\/\\\/beconfident.com\\\/wp-content\\\/uploads\\\/2021\\\/01\\\/123197-Night-serum.jpg\",\"contentUrl\":\"https:\\\/\\\/beconfident.com\\\/wp-content\\\/uploads\\\/2021\\\/01\\\/123197-Night-serum.jpg\",\"width\":1134,\"height\":851,\"caption\":\"123197 Night serum\"},{\"@type\":\"BreadcrumbList\",\"@id\":\"https:\\\/\\\/beconfident.com\\\/es\\\/produkt\\\/teeth-whitening-night-serum\\\/#breadcrumb\",\"itemListElement\":[{\"@type\":\"ListItem\",\"position\":1,\"name\":\"Hem\",\"item\":\"https:\\\/\\\/beconfident.com\\\/es\\\/\"},{\"@type\":\"ListItem\",\"position\":2,\"name\":\"Webbutik\",\"item\":\"https:\\\/\\\/beconfident.com\\\/es\\\/webbutik\\\/\"},{\"@type\":\"ListItem\",\"position\":3,\"name\":\"SERUM NOCHE BLANQUEADOR DENTAL\"}]},{\"@type\":\"WebSite\",\"@id\":\"https:\\\/\\\/beconfident.com\\\/lv\\\/#website\",\"url\":\"https:\\\/\\\/beconfident.com\\\/lv\\\/\",\"name\":\"Beconfident\",\"description\":\"\",\"potentialAction\":[{\"@type\":\"SearchAction\",\"target\":{\"@type\":\"EntryPoint\",\"urlTemplate\":\"https:\\\/\\\/beconfident.com\\\/lv\\\/?s={search_term_string}\"},\"query-input\":{\"@type\":\"PropertyValueSpecification\",\"valueRequired\":true,\"valueName\":\"search_term_string\"}}],\"inLanguage\":\"es\"}]}<\/script>\n<!-- \/ Yoast SEO plugin. -->","yoast_head_json":{"title":"SERUM NOCHE BLANQUEADOR DENTAL - Beconfident","robots":{"index":"index","follow":"follow","max-snippet":"max-snippet:-1","max-image-preview":"max-image-preview:large","max-video-preview":"max-video-preview:-1"},"canonical":"https:\/\/beconfident.com\/es\/produkt\/teeth-whitening-night-serum\/","og_locale":"es_ES","og_type":"article","og_title":"SERUM NOCHE BLANQUEADOR DENTAL - Beconfident","og_description":"Repara y blanquea los dientes mientras duermes","og_url":"https:\/\/beconfident.com\/es\/produkt\/teeth-whitening-night-serum\/","og_site_name":"Beconfident","article_modified_time":"2025-02-05T08:18:23+00:00","og_image":[{"width":1134,"height":851,"url":"https:\/\/beconfident.com\/wp-content\/uploads\/2021\/01\/123197-Night-serum.jpg","type":"image\/jpeg"}],"twitter_card":"summary_large_image","schema":{"@context":"https:\/\/schema.org","@graph":[{"@type":"WebPage","@id":"https:\/\/beconfident.com\/es\/produkt\/teeth-whitening-night-serum\/","url":"https:\/\/beconfident.com\/es\/produkt\/teeth-whitening-night-serum\/","name":"SERUM NOCHE BLANQUEADOR DENTAL - Beconfident","isPartOf":{"@id":"https:\/\/beconfident.com\/lv\/#website"},"primaryImageOfPage":{"@id":"https:\/\/beconfident.com\/es\/produkt\/teeth-whitening-night-serum\/#primaryimage"},"image":{"@id":"https:\/\/beconfident.com\/es\/produkt\/teeth-whitening-night-serum\/#primaryimage"},"thumbnailUrl":"https:\/\/beconfident.com\/wp-content\/uploads\/2021\/01\/123197-Night-serum.jpg","datePublished":"2021-01-11T09:04:26+00:00","dateModified":"2025-02-05T08:18:23+00:00","breadcrumb":{"@id":"https:\/\/beconfident.com\/es\/produkt\/teeth-whitening-night-serum\/#breadcrumb"},"inLanguage":"es","potentialAction":[{"@type":"ReadAction","target":["https:\/\/beconfident.com\/es\/produkt\/teeth-whitening-night-serum\/"]}]},{"@type":"ImageObject","inLanguage":"es","@id":"https:\/\/beconfident.com\/es\/produkt\/teeth-whitening-night-serum\/#primaryimage","url":"https:\/\/beconfident.com\/wp-content\/uploads\/2021\/01\/123197-Night-serum.jpg","contentUrl":"https:\/\/beconfident.com\/wp-content\/uploads\/2021\/01\/123197-Night-serum.jpg","width":1134,"height":851,"caption":"123197 Night serum"},{"@type":"BreadcrumbList","@id":"https:\/\/beconfident.com\/es\/produkt\/teeth-whitening-night-serum\/#breadcrumb","itemListElement":[{"@type":"ListItem","position":1,"name":"Hem","item":"https:\/\/beconfident.com\/es\/"},{"@type":"ListItem","position":2,"name":"Webbutik","item":"https:\/\/beconfident.com\/es\/webbutik\/"},{"@type":"ListItem","position":3,"name":"SERUM NOCHE BLANQUEADOR DENTAL"}]},{"@type":"WebSite","@id":"https:\/\/beconfident.com\/lv\/#website","url":"https:\/\/beconfident.com\/lv\/","name":"Beconfident","description":"","potentialAction":[{"@type":"SearchAction","target":{"@type":"EntryPoint","urlTemplate":"https:\/\/beconfident.com\/lv\/?s={search_term_string}"},"query-input":{"@type":"PropertyValueSpecification","valueRequired":true,"valueName":"search_term_string"}}],"inLanguage":"es"}]}},"_links":{"self":[{"href":"https:\/\/beconfident.com\/es\/wp-json\/wp\/v2\/product\/7487","targetHints":{"allow":["GET"]}}],"collection":[{"href":"https:\/\/beconfident.com\/es\/wp-json\/wp\/v2\/product"}],"about":[{"href":"https:\/\/beconfident.com\/es\/wp-json\/wp\/v2\/types\/product"}],"replies":[{"embeddable":true,"href":"https:\/\/beconfident.com\/es\/wp-json\/wp\/v2\/comments?post=7487"}],"wp:featuredmedia":[{"embeddable":true,"href":"https:\/\/beconfident.com\/es\/wp-json\/wp\/v2\/media\/567"}],"wp:attachment":[{"href":"https:\/\/beconfident.com\/es\/wp-json\/wp\/v2\/media?parent=7487"}],"wp:term":[{"taxonomy":"product_brand","embeddable":true,"href":"https:\/\/beconfident.com\/es\/wp-json\/wp\/v2\/product_brand?post=7487"},{"taxonomy":"product_cat","embeddable":true,"href":"https:\/\/beconfident.com\/es\/wp-json\/wp\/v2\/product_cat?post=7487"},{"taxonomy":"product_tag","embeddable":true,"href":"https:\/\/beconfident.com\/es\/wp-json\/wp\/v2\/product_tag?post=7487"}],"curies":[{"name":"wp","href":"https:\/\/api.w.org\/{rel}","templated":true}]}}