{"id":7444,"date":"2021-01-11T10:04:26","date_gmt":"2021-01-11T09:04:26","guid":{"rendered":"https:\/\/beconfident.simplesmile.hemsida.eu\/produkt\/teeth-whitening-x1-start-kit\/"},"modified":"2026-04-23T10:21:50","modified_gmt":"2026-04-23T08:21:50","slug":"teeth-whitening-x1-start-kit","status":"publish","type":"product","link":"https:\/\/beconfident.com\/es\/produkt\/teeth-whitening-x1-start-kit\/","title":{"rendered":"KIT INICIO BLANQUEAMIENTO DENTAL X1"},"content":{"rendered":"<p>Beconfident\u00ae X1 Start Kit le brinda un blanqueamiento dental sin per\u00f3xido para esa hermosa sonrisa blanca sin efectos secundarios como dolor en las enc\u00edas o sensibilidad dental. El Start Kit contiene todo lo que necesita y es perfecto si nunca antes se ha blanqueado los dientes. Es muy f\u00e1cil de usar y cada tratamiento solo toma 15 minutos. Puede moldear f\u00e1cilmente las bandejas bucales incluidas para un ajuste individual, como en el dentista.<\/p>\n<p>El efecto blanqueador de los dientes proviene de la resoluci\u00f3n de las manchas superficiales, en parte a trav\u00e9s de la oxidaci\u00f3n de compuestos org\u00e1nicos asentados m\u00e1s profundamente en el esmalte y la dentina. El m\u00e9todo de Beconfident se basa en una combinaci\u00f3n de agentes limpiadores (Surface Active Agents) y bicarbonato de sodio activo al 32%. A diferencia del per\u00f3xido de hidr\u00f3geno, que puede causar sensibilidad dental desagradable y dolor en los dientes, el nuestro es suave y no tiene efectos secundarios.<\/p>\n<p>Todo lo que se necesita para conseguir la sonrisa de sus sue\u00f1os est\u00e1 incluido en el paquete; Gel blanqueador sin per\u00f3xido de 10ml con sabor a mel\u00f3n fresco para 10 tratamientos. 3 bandejas bucales (una extra) que mantienen el gel en su lugar, una gu\u00eda de colores e instrucciones claras en ingl\u00e9s.<\/p>\n","protected":false},"excerpt":{"rendered":"<p>Hasta 4 tonos m\u00e1s blancos en 10 d\u00edas<\/p>\n","protected":false},"featured_media":56035,"comment_status":"open","ping_status":"closed","template":"","meta":{"_acf_changed":false,"inline_featured_image":false,"_monsterinsights_skip_tracking":false,"_monsterinsights_sitenote_active":false,"_monsterinsights_sitenote_note":"","_monsterinsights_sitenote_category":0},"product_brand":[],"product_cat":[738,353,282],"product_tag":[],"class_list":{"0":"post-7444","1":"product","2":"type-product","3":"status-publish","4":"has-post-thumbnail","6":"product_cat-all-products-es","7":"product_cat-blanqueamiento-dental","8":"product_cat-kit-de-blanqueamiento-dental","10":"first","11":"instock","12":"sale","13":"featured","14":"taxable","15":"shipping-taxable","16":"purchasable","17":"product-type-simple"},"acf":[],"shsp-ext":{"main":{},"variations":[]},"yoast_head":"<!-- This site is optimized with the Yoast SEO plugin v27.2 - https:\/\/yoast.com\/product\/yoast-seo-wordpress\/ -->\n<title>KIT INICIO BLANQUEAMIENTO DENTAL X1 - Beconfident<\/title>\n<meta name=\"robots\" content=\"index, follow, max-snippet:-1, max-image-preview:large, max-video-preview:-1\" \/>\n<link rel=\"canonical\" href=\"https:\/\/beconfident.com\/es\/produkt\/teeth-whitening-x1-start-kit\/\" \/>\n<meta property=\"og:locale\" content=\"es_ES\" \/>\n<meta property=\"og:type\" content=\"article\" \/>\n<meta property=\"og:title\" content=\"KIT INICIO BLANQUEAMIENTO DENTAL X1 - Beconfident\" \/>\n<meta property=\"og:description\" content=\"Hasta 4 tonos m\u00e1s blancos en 10 d\u00edas\" \/>\n<meta property=\"og:url\" content=\"https:\/\/beconfident.com\/es\/produkt\/teeth-whitening-x1-start-kit\/\" \/>\n<meta property=\"og:site_name\" content=\"Beconfident\" \/>\n<meta property=\"article:modified_time\" content=\"2026-04-23T08:21:50+00:00\" \/>\n<meta property=\"og:image\" content=\"https:\/\/beconfident.com\/wp-content\/uploads\/2021\/01\/Teeth-whitening-x1-start-kit-with-badge-2.jpg\" \/>\n\t<meta property=\"og:image:width\" content=\"2000\" \/>\n\t<meta property=\"og:image:height\" content=\"2000\" \/>\n\t<meta property=\"og:image:type\" content=\"image\/jpeg\" \/>\n<meta name=\"twitter:card\" content=\"summary_large_image\" \/>\n<meta name=\"twitter:label1\" content=\"Tiempo de lectura\" \/>\n\t<meta name=\"twitter:data1\" content=\"1 minuto\" \/>\n<script type=\"application\/ld+json\" class=\"yoast-schema-graph\">{\"@context\":\"https:\/\/schema.org\",\"@graph\":[{\"@type\":\"WebPage\",\"@id\":\"https:\/\/beconfident.com\/es\/produkt\/teeth-whitening-x1-start-kit\/\",\"url\":\"https:\/\/beconfident.com\/es\/produkt\/teeth-whitening-x1-start-kit\/\",\"name\":\"KIT INICIO BLANQUEAMIENTO DENTAL X1 - Beconfident\",\"isPartOf\":{\"@id\":\"https:\/\/beconfident.com\/lv\/#website\"},\"primaryImageOfPage\":{\"@id\":\"https:\/\/beconfident.com\/es\/produkt\/teeth-whitening-x1-start-kit\/#primaryimage\"},\"image\":{\"@id\":\"https:\/\/beconfident.com\/es\/produkt\/teeth-whitening-x1-start-kit\/#primaryimage\"},\"thumbnailUrl\":\"https:\/\/beconfident.com\/wp-content\/uploads\/2021\/01\/Teeth-whitening-x1-start-kit-with-badge-2.jpg\",\"datePublished\":\"2021-01-11T09:04:26+00:00\",\"dateModified\":\"2026-04-23T08:21:50+00:00\",\"breadcrumb\":{\"@id\":\"https:\/\/beconfident.com\/es\/produkt\/teeth-whitening-x1-start-kit\/#breadcrumb\"},\"inLanguage\":\"es\",\"potentialAction\":[{\"@type\":\"ReadAction\",\"target\":[\"https:\/\/beconfident.com\/es\/produkt\/teeth-whitening-x1-start-kit\/\"]}]},{\"@type\":\"ImageObject\",\"inLanguage\":\"es\",\"@id\":\"https:\/\/beconfident.com\/es\/produkt\/teeth-whitening-x1-start-kit\/#primaryimage\",\"url\":\"https:\/\/beconfident.com\/wp-content\/uploads\/2021\/01\/Teeth-whitening-x1-start-kit-with-badge-2.jpg\",\"contentUrl\":\"https:\/\/beconfident.com\/wp-content\/uploads\/2021\/01\/Teeth-whitening-x1-start-kit-with-badge-2.jpg\",\"width\":2000,\"height\":2000},{\"@type\":\"BreadcrumbList\",\"@id\":\"https:\/\/beconfident.com\/es\/produkt\/teeth-whitening-x1-start-kit\/#breadcrumb\",\"itemListElement\":[{\"@type\":\"ListItem\",\"position\":1,\"name\":\"Hem\",\"item\":\"https:\/\/beconfident.com\/es\/\"},{\"@type\":\"ListItem\",\"position\":2,\"name\":\"Webbutik\",\"item\":\"https:\/\/beconfident.com\/es\/webbutik\/\"},{\"@type\":\"ListItem\",\"position\":3,\"name\":\"KIT INICIO BLANQUEAMIENTO DENTAL X1\"}]},{\"@type\":\"WebSite\",\"@id\":\"https:\/\/beconfident.com\/lv\/#website\",\"url\":\"https:\/\/beconfident.com\/lv\/\",\"name\":\"Beconfident\",\"description\":\"\",\"potentialAction\":[{\"@type\":\"SearchAction\",\"target\":{\"@type\":\"EntryPoint\",\"urlTemplate\":\"https:\/\/beconfident.com\/lv\/?s={search_term_string}\"},\"query-input\":{\"@type\":\"PropertyValueSpecification\",\"valueRequired\":true,\"valueName\":\"search_term_string\"}}],\"inLanguage\":\"es\"}]}<\/script>\n<!-- \/ Yoast SEO plugin. -->","yoast_head_json":{"title":"KIT INICIO BLANQUEAMIENTO DENTAL X1 - Beconfident","robots":{"index":"index","follow":"follow","max-snippet":"max-snippet:-1","max-image-preview":"max-image-preview:large","max-video-preview":"max-video-preview:-1"},"canonical":"https:\/\/beconfident.com\/es\/produkt\/teeth-whitening-x1-start-kit\/","og_locale":"es_ES","og_type":"article","og_title":"KIT INICIO BLANQUEAMIENTO DENTAL X1 - Beconfident","og_description":"Hasta 4 tonos m\u00e1s blancos en 10 d\u00edas","og_url":"https:\/\/beconfident.com\/es\/produkt\/teeth-whitening-x1-start-kit\/","og_site_name":"Beconfident","article_modified_time":"2026-04-23T08:21:50+00:00","og_image":[{"width":2000,"height":2000,"url":"https:\/\/beconfident.com\/wp-content\/uploads\/2021\/01\/Teeth-whitening-x1-start-kit-with-badge-2.jpg","type":"image\/jpeg"}],"twitter_card":"summary_large_image","twitter_misc":{"Tiempo de lectura":"1 minuto"},"schema":{"@context":"https:\/\/schema.org","@graph":[{"@type":"WebPage","@id":"https:\/\/beconfident.com\/es\/produkt\/teeth-whitening-x1-start-kit\/","url":"https:\/\/beconfident.com\/es\/produkt\/teeth-whitening-x1-start-kit\/","name":"KIT INICIO BLANQUEAMIENTO DENTAL X1 - Beconfident","isPartOf":{"@id":"https:\/\/beconfident.com\/lv\/#website"},"primaryImageOfPage":{"@id":"https:\/\/beconfident.com\/es\/produkt\/teeth-whitening-x1-start-kit\/#primaryimage"},"image":{"@id":"https:\/\/beconfident.com\/es\/produkt\/teeth-whitening-x1-start-kit\/#primaryimage"},"thumbnailUrl":"https:\/\/beconfident.com\/wp-content\/uploads\/2021\/01\/Teeth-whitening-x1-start-kit-with-badge-2.jpg","datePublished":"2021-01-11T09:04:26+00:00","dateModified":"2026-04-23T08:21:50+00:00","breadcrumb":{"@id":"https:\/\/beconfident.com\/es\/produkt\/teeth-whitening-x1-start-kit\/#breadcrumb"},"inLanguage":"es","potentialAction":[{"@type":"ReadAction","target":["https:\/\/beconfident.com\/es\/produkt\/teeth-whitening-x1-start-kit\/"]}]},{"@type":"ImageObject","inLanguage":"es","@id":"https:\/\/beconfident.com\/es\/produkt\/teeth-whitening-x1-start-kit\/#primaryimage","url":"https:\/\/beconfident.com\/wp-content\/uploads\/2021\/01\/Teeth-whitening-x1-start-kit-with-badge-2.jpg","contentUrl":"https:\/\/beconfident.com\/wp-content\/uploads\/2021\/01\/Teeth-whitening-x1-start-kit-with-badge-2.jpg","width":2000,"height":2000},{"@type":"BreadcrumbList","@id":"https:\/\/beconfident.com\/es\/produkt\/teeth-whitening-x1-start-kit\/#breadcrumb","itemListElement":[{"@type":"ListItem","position":1,"name":"Hem","item":"https:\/\/beconfident.com\/es\/"},{"@type":"ListItem","position":2,"name":"Webbutik","item":"https:\/\/beconfident.com\/es\/webbutik\/"},{"@type":"ListItem","position":3,"name":"KIT INICIO BLANQUEAMIENTO DENTAL X1"}]},{"@type":"WebSite","@id":"https:\/\/beconfident.com\/lv\/#website","url":"https:\/\/beconfident.com\/lv\/","name":"Beconfident","description":"","potentialAction":[{"@type":"SearchAction","target":{"@type":"EntryPoint","urlTemplate":"https:\/\/beconfident.com\/lv\/?s={search_term_string}"},"query-input":{"@type":"PropertyValueSpecification","valueRequired":true,"valueName":"search_term_string"}}],"inLanguage":"es"}]}},"_links":{"self":[{"href":"https:\/\/beconfident.com\/es\/wp-json\/wp\/v2\/product\/7444","targetHints":{"allow":["GET"]}}],"collection":[{"href":"https:\/\/beconfident.com\/es\/wp-json\/wp\/v2\/product"}],"about":[{"href":"https:\/\/beconfident.com\/es\/wp-json\/wp\/v2\/types\/product"}],"replies":[{"embeddable":true,"href":"https:\/\/beconfident.com\/es\/wp-json\/wp\/v2\/comments?post=7444"}],"wp:featuredmedia":[{"embeddable":true,"href":"https:\/\/beconfident.com\/es\/wp-json\/wp\/v2\/media\/56035"}],"wp:attachment":[{"href":"https:\/\/beconfident.com\/es\/wp-json\/wp\/v2\/media?parent=7444"}],"wp:term":[{"taxonomy":"product_brand","embeddable":true,"href":"https:\/\/beconfident.com\/es\/wp-json\/wp\/v2\/product_brand?post=7444"},{"taxonomy":"product_cat","embeddable":true,"href":"https:\/\/beconfident.com\/es\/wp-json\/wp\/v2\/product_cat?post=7444"},{"taxonomy":"product_tag","embeddable":true,"href":"https:\/\/beconfident.com\/es\/wp-json\/wp\/v2\/product_tag?post=7444"}],"curies":[{"name":"wp","href":"https:\/\/api.w.org\/{rel}","templated":true}]}}