{"id":7348,"date":"2021-01-11T10:04:31","date_gmt":"2021-01-11T09:04:31","guid":{"rendered":"https:\/\/beconfident.simplesmile.hemsida.eu\/produkt\/sonic-tandborsthuvuden-mixpack-vit\/"},"modified":"2023-04-06T13:53:31","modified_gmt":"2023-04-06T11:53:31","slug":"sonic-tandborsthuvuden-mixpack-vit","status":"publish","type":"product","link":"https:\/\/beconfident.com\/es\/produkt\/sonic-tandborsthuvuden-mixpack-vit\/","title":{"rendered":"PAQUETE RECAMBIOS CABEZALES MIXTOS CEPILLOS SONICO BLANCO"},"content":{"rendered":"<p>Obtenga dientes m\u00e1s blancos, limpios y fuertes con Mix-pack Beconfident\u00ae Sonic Toothbrush Heads 2 pcs Whitening y 2 pcs Regular White. Los cabezales del cepillo de dientes tienen cerdas DuPont\u00ae con un recordatorio de color incorporado para cuando sea el momento de cambiar el cabezal del cepillo de dientes. El cabezal del cepillo blanqueador est\u00e1 especialmente dise\u00f1ado para eliminar las capas externas y dar unos dientes visiblemente m\u00e1s blancos. Le recomendamos que cambie el cabezal del cepillo de dientes cada tres meses para obtener la mejor limpieza y el menor desgaste del esmalte.<\/p>\n","protected":false},"excerpt":{"rendered":"<p>Cabezales de cepillo de dientes Beconfident\u00ae Sonic con cerdas DuPont\u00ae y recordatorio de color Pedex<\/p>\n","protected":false},"featured_media":17047,"comment_status":"open","ping_status":"closed","template":"","meta":{"_acf_changed":false,"inline_featured_image":false,"_monsterinsights_skip_tracking":false,"_monsterinsights_sitenote_active":false,"_monsterinsights_sitenote_note":"","_monsterinsights_sitenote_category":0},"product_brand":[],"product_cat":[738,252],"product_tag":[],"class_list":{"0":"post-7348","1":"product","2":"type-product","3":"status-publish","4":"has-post-thumbnail","6":"product_cat-all-products-es","7":"product_cat-sonic-eltandsborstar-es","9":"first","10":"instock","11":"taxable","12":"shipping-taxable","13":"purchasable","14":"product-type-simple"},"acf":[],"shsp-ext":{"main":{},"variations":[]},"yoast_head":"<!-- This site is optimized with the Yoast SEO plugin v27.2 - https:\/\/yoast.com\/product\/yoast-seo-wordpress\/ -->\n<title>PAQUETE RECAMBIOS CABEZALES MIXTOS CEPILLOS SONICO BLANCO - Beconfident<\/title>\n<meta name=\"robots\" content=\"index, follow, max-snippet:-1, max-image-preview:large, max-video-preview:-1\" \/>\n<link rel=\"canonical\" href=\"https:\/\/beconfident.com\/es\/produkt\/sonic-tandborsthuvuden-mixpack-vit\/\" \/>\n<meta property=\"og:locale\" content=\"es_ES\" \/>\n<meta property=\"og:type\" content=\"article\" \/>\n<meta property=\"og:title\" content=\"PAQUETE RECAMBIOS CABEZALES MIXTOS CEPILLOS SONICO BLANCO - Beconfident\" \/>\n<meta property=\"og:description\" content=\"Cabezales de cepillo de dientes Beconfident\u00ae Sonic con cerdas DuPont\u00ae y recordatorio de color Pedex\" \/>\n<meta property=\"og:url\" content=\"https:\/\/beconfident.com\/es\/produkt\/sonic-tandborsthuvuden-mixpack-vit\/\" \/>\n<meta property=\"og:site_name\" content=\"Beconfident\" \/>\n<meta property=\"article:modified_time\" content=\"2023-04-06T11:53:31+00:00\" \/>\n<meta property=\"og:image\" content=\"https:\/\/beconfident.com\/wp-content\/uploads\/2021\/01\/Beconfident\u00ae-22-Mix-brushpackwhite_651198.jpg\" \/>\n\t<meta property=\"og:image:width\" content=\"1417\" \/>\n\t<meta property=\"og:image:height\" content=\"1063\" \/>\n\t<meta property=\"og:image:type\" content=\"image\/jpeg\" \/>\n<meta name=\"twitter:card\" content=\"summary_large_image\" \/>\n<script type=\"application\/ld+json\" class=\"yoast-schema-graph\">{\"@context\":\"https:\/\/schema.org\",\"@graph\":[{\"@type\":\"WebPage\",\"@id\":\"https:\/\/beconfident.com\/es\/produkt\/sonic-tandborsthuvuden-mixpack-vit\/\",\"url\":\"https:\/\/beconfident.com\/es\/produkt\/sonic-tandborsthuvuden-mixpack-vit\/\",\"name\":\"PAQUETE RECAMBIOS CABEZALES MIXTOS CEPILLOS SONICO BLANCO - Beconfident\",\"isPartOf\":{\"@id\":\"https:\/\/beconfident.com\/lv\/#website\"},\"primaryImageOfPage\":{\"@id\":\"https:\/\/beconfident.com\/es\/produkt\/sonic-tandborsthuvuden-mixpack-vit\/#primaryimage\"},\"image\":{\"@id\":\"https:\/\/beconfident.com\/es\/produkt\/sonic-tandborsthuvuden-mixpack-vit\/#primaryimage\"},\"thumbnailUrl\":\"https:\/\/beconfident.com\/wp-content\/uploads\/2021\/01\/Beconfident\u00ae-22-Mix-brushpackwhite_651198.jpg\",\"datePublished\":\"2021-01-11T09:04:31+00:00\",\"dateModified\":\"2023-04-06T11:53:31+00:00\",\"breadcrumb\":{\"@id\":\"https:\/\/beconfident.com\/es\/produkt\/sonic-tandborsthuvuden-mixpack-vit\/#breadcrumb\"},\"inLanguage\":\"es\",\"potentialAction\":[{\"@type\":\"ReadAction\",\"target\":[\"https:\/\/beconfident.com\/es\/produkt\/sonic-tandborsthuvuden-mixpack-vit\/\"]}]},{\"@type\":\"ImageObject\",\"inLanguage\":\"es\",\"@id\":\"https:\/\/beconfident.com\/es\/produkt\/sonic-tandborsthuvuden-mixpack-vit\/#primaryimage\",\"url\":\"https:\/\/beconfident.com\/wp-content\/uploads\/2021\/01\/Beconfident\u00ae-22-Mix-brushpackwhite_651198.jpg\",\"contentUrl\":\"https:\/\/beconfident.com\/wp-content\/uploads\/2021\/01\/Beconfident\u00ae-22-Mix-brushpackwhite_651198.jpg\",\"width\":1417,\"height\":1063},{\"@type\":\"BreadcrumbList\",\"@id\":\"https:\/\/beconfident.com\/es\/produkt\/sonic-tandborsthuvuden-mixpack-vit\/#breadcrumb\",\"itemListElement\":[{\"@type\":\"ListItem\",\"position\":1,\"name\":\"Hem\",\"item\":\"https:\/\/beconfident.com\/es\/\"},{\"@type\":\"ListItem\",\"position\":2,\"name\":\"Webbutik\",\"item\":\"https:\/\/beconfident.com\/es\/webbutik\/\"},{\"@type\":\"ListItem\",\"position\":3,\"name\":\"PAQUETE RECAMBIOS CABEZALES MIXTOS CEPILLOS SONICO BLANCO\"}]},{\"@type\":\"WebSite\",\"@id\":\"https:\/\/beconfident.com\/lv\/#website\",\"url\":\"https:\/\/beconfident.com\/lv\/\",\"name\":\"Beconfident\",\"description\":\"\",\"potentialAction\":[{\"@type\":\"SearchAction\",\"target\":{\"@type\":\"EntryPoint\",\"urlTemplate\":\"https:\/\/beconfident.com\/lv\/?s={search_term_string}\"},\"query-input\":{\"@type\":\"PropertyValueSpecification\",\"valueRequired\":true,\"valueName\":\"search_term_string\"}}],\"inLanguage\":\"es\"}]}<\/script>\n<!-- \/ Yoast SEO plugin. -->","yoast_head_json":{"title":"PAQUETE RECAMBIOS CABEZALES MIXTOS CEPILLOS SONICO BLANCO - Beconfident","robots":{"index":"index","follow":"follow","max-snippet":"max-snippet:-1","max-image-preview":"max-image-preview:large","max-video-preview":"max-video-preview:-1"},"canonical":"https:\/\/beconfident.com\/es\/produkt\/sonic-tandborsthuvuden-mixpack-vit\/","og_locale":"es_ES","og_type":"article","og_title":"PAQUETE RECAMBIOS CABEZALES MIXTOS CEPILLOS SONICO BLANCO - Beconfident","og_description":"Cabezales de cepillo de dientes Beconfident\u00ae Sonic con cerdas DuPont\u00ae y recordatorio de color Pedex","og_url":"https:\/\/beconfident.com\/es\/produkt\/sonic-tandborsthuvuden-mixpack-vit\/","og_site_name":"Beconfident","article_modified_time":"2023-04-06T11:53:31+00:00","og_image":[{"width":1417,"height":1063,"url":"https:\/\/beconfident.com\/wp-content\/uploads\/2021\/01\/Beconfident\u00ae-22-Mix-brushpackwhite_651198.jpg","type":"image\/jpeg"}],"twitter_card":"summary_large_image","schema":{"@context":"https:\/\/schema.org","@graph":[{"@type":"WebPage","@id":"https:\/\/beconfident.com\/es\/produkt\/sonic-tandborsthuvuden-mixpack-vit\/","url":"https:\/\/beconfident.com\/es\/produkt\/sonic-tandborsthuvuden-mixpack-vit\/","name":"PAQUETE RECAMBIOS CABEZALES MIXTOS CEPILLOS SONICO BLANCO - Beconfident","isPartOf":{"@id":"https:\/\/beconfident.com\/lv\/#website"},"primaryImageOfPage":{"@id":"https:\/\/beconfident.com\/es\/produkt\/sonic-tandborsthuvuden-mixpack-vit\/#primaryimage"},"image":{"@id":"https:\/\/beconfident.com\/es\/produkt\/sonic-tandborsthuvuden-mixpack-vit\/#primaryimage"},"thumbnailUrl":"https:\/\/beconfident.com\/wp-content\/uploads\/2021\/01\/Beconfident\u00ae-22-Mix-brushpackwhite_651198.jpg","datePublished":"2021-01-11T09:04:31+00:00","dateModified":"2023-04-06T11:53:31+00:00","breadcrumb":{"@id":"https:\/\/beconfident.com\/es\/produkt\/sonic-tandborsthuvuden-mixpack-vit\/#breadcrumb"},"inLanguage":"es","potentialAction":[{"@type":"ReadAction","target":["https:\/\/beconfident.com\/es\/produkt\/sonic-tandborsthuvuden-mixpack-vit\/"]}]},{"@type":"ImageObject","inLanguage":"es","@id":"https:\/\/beconfident.com\/es\/produkt\/sonic-tandborsthuvuden-mixpack-vit\/#primaryimage","url":"https:\/\/beconfident.com\/wp-content\/uploads\/2021\/01\/Beconfident\u00ae-22-Mix-brushpackwhite_651198.jpg","contentUrl":"https:\/\/beconfident.com\/wp-content\/uploads\/2021\/01\/Beconfident\u00ae-22-Mix-brushpackwhite_651198.jpg","width":1417,"height":1063},{"@type":"BreadcrumbList","@id":"https:\/\/beconfident.com\/es\/produkt\/sonic-tandborsthuvuden-mixpack-vit\/#breadcrumb","itemListElement":[{"@type":"ListItem","position":1,"name":"Hem","item":"https:\/\/beconfident.com\/es\/"},{"@type":"ListItem","position":2,"name":"Webbutik","item":"https:\/\/beconfident.com\/es\/webbutik\/"},{"@type":"ListItem","position":3,"name":"PAQUETE RECAMBIOS CABEZALES MIXTOS CEPILLOS SONICO BLANCO"}]},{"@type":"WebSite","@id":"https:\/\/beconfident.com\/lv\/#website","url":"https:\/\/beconfident.com\/lv\/","name":"Beconfident","description":"","potentialAction":[{"@type":"SearchAction","target":{"@type":"EntryPoint","urlTemplate":"https:\/\/beconfident.com\/lv\/?s={search_term_string}"},"query-input":{"@type":"PropertyValueSpecification","valueRequired":true,"valueName":"search_term_string"}}],"inLanguage":"es"}]}},"_links":{"self":[{"href":"https:\/\/beconfident.com\/es\/wp-json\/wp\/v2\/product\/7348","targetHints":{"allow":["GET"]}}],"collection":[{"href":"https:\/\/beconfident.com\/es\/wp-json\/wp\/v2\/product"}],"about":[{"href":"https:\/\/beconfident.com\/es\/wp-json\/wp\/v2\/types\/product"}],"replies":[{"embeddable":true,"href":"https:\/\/beconfident.com\/es\/wp-json\/wp\/v2\/comments?post=7348"}],"wp:featuredmedia":[{"embeddable":true,"href":"https:\/\/beconfident.com\/es\/wp-json\/wp\/v2\/media\/17047"}],"wp:attachment":[{"href":"https:\/\/beconfident.com\/es\/wp-json\/wp\/v2\/media?parent=7348"}],"wp:term":[{"taxonomy":"product_brand","embeddable":true,"href":"https:\/\/beconfident.com\/es\/wp-json\/wp\/v2\/product_brand?post=7348"},{"taxonomy":"product_cat","embeddable":true,"href":"https:\/\/beconfident.com\/es\/wp-json\/wp\/v2\/product_cat?post=7348"},{"taxonomy":"product_tag","embeddable":true,"href":"https:\/\/beconfident.com\/es\/wp-json\/wp\/v2\/product_tag?post=7348"}],"curies":[{"name":"wp","href":"https:\/\/api.w.org\/{rel}","templated":true}]}}