{"id":7246,"date":"2021-01-11T10:04:26","date_gmt":"2021-01-11T09:04:26","guid":{"rendered":"https:\/\/beconfident.simplesmile.hemsida.eu\/produkt\/whiteamin-toothpaste\/"},"modified":"2026-03-04T11:25:06","modified_gmt":"2026-03-04T10:25:06","slug":"whiteamin-toothpaste","status":"publish","type":"product","link":"https:\/\/beconfident.com\/es\/produkt\/whiteamin-toothpaste\/","title":{"rendered":"PASTA DIENTES WHITEAMIN"},"content":{"rendered":"<p>Beconfident\u00ae WhiteAmin es una pasta de dientes enriquecida con vitaminas que contiene vitaminas A, B6 y C y asegura que ambos comiences y termines el d\u00eda con un maravilloso impulso vitam\u00ednico. La pasta de dientes se usa como de costumbre, por la ma\u00f1ana y por la noche, y mientras tanto absorbe las membranas mucosas. Adem\u00e1s de vitaminas, la pasta de dientes contiene el agente blanqueador de dientes activo sulfato de coco que ayuda a mantener los dientes libres de decoloraci\u00f3n. WhiteAmin tiene un suave sabor a menta y no contiene abrasivos. El paquete contiene una botella sin aire (50 ml) e instrucciones de uso.<\/p>\n","protected":false},"excerpt":{"rendered":"<p>La pasta de dientes enriquecida con vitaminas hace que el cepillado sea un verdadero impulso de vitaminas<\/p>\n","protected":false},"featured_media":696,"comment_status":"open","ping_status":"closed","template":"","meta":{"_acf_changed":false,"inline_featured_image":false,"_monsterinsights_skip_tracking":false,"_monsterinsights_sitenote_active":false,"_monsterinsights_sitenote_note":"","_monsterinsights_sitenote_category":0},"product_brand":[],"product_cat":[738,238,146],"product_tag":[],"class_list":{"0":"post-7246","1":"product","2":"type-product","3":"status-publish","4":"has-post-thumbnail","6":"product_cat-all-products-es","7":"product_cat-cuidado-oral","8":"product_cat-tandkram-es","10":"first","11":"outofstock","12":"taxable","13":"shipping-taxable","14":"purchasable","15":"product-type-simple"},"acf":[],"shsp-ext":{"main":{},"variations":[]},"yoast_head":"<!-- This site is optimized with the Yoast SEO plugin v27.5 - https:\/\/yoast.com\/product\/yoast-seo-wordpress\/ -->\n<title>PASTA DIENTES WHITEAMIN - Beconfident<\/title>\n<meta name=\"robots\" content=\"index, follow, max-snippet:-1, max-image-preview:large, max-video-preview:-1\" \/>\n<link rel=\"canonical\" href=\"https:\/\/beconfident.com\/es\/produkt\/whiteamin-toothpaste\/\" \/>\n<meta property=\"og:locale\" content=\"es_ES\" \/>\n<meta property=\"og:type\" content=\"article\" \/>\n<meta property=\"og:title\" content=\"PASTA DIENTES WHITEAMIN - Beconfident\" \/>\n<meta property=\"og:description\" content=\"La pasta de dientes enriquecida con vitaminas hace que el cepillado sea un verdadero impulso de vitaminas\" \/>\n<meta property=\"og:url\" content=\"https:\/\/beconfident.com\/es\/produkt\/whiteamin-toothpaste\/\" \/>\n<meta property=\"og:site_name\" content=\"Beconfident\" \/>\n<meta property=\"article:modified_time\" content=\"2026-03-04T10:25:06+00:00\" \/>\n<meta property=\"og:image\" content=\"https:\/\/beconfident.com\/wp-content\/uploads\/2021\/01\/whiteamin-2-1.jpg\" \/>\n\t<meta property=\"og:image:width\" content=\"1000\" \/>\n\t<meta property=\"og:image:height\" content=\"1000\" \/>\n\t<meta property=\"og:image:type\" content=\"image\/jpeg\" \/>\n<meta name=\"twitter:card\" content=\"summary_large_image\" \/>\n<meta name=\"twitter:label1\" content=\"Tiempo de lectura\" \/>\n\t<meta name=\"twitter:data1\" content=\"1 minuto\" \/>\n<script type=\"application\/ld+json\" class=\"yoast-schema-graph\">{\"@context\":\"https:\\\/\\\/schema.org\",\"@graph\":[{\"@type\":\"WebPage\",\"@id\":\"https:\\\/\\\/beconfident.com\\\/es\\\/produkt\\\/whiteamin-toothpaste\\\/\",\"url\":\"https:\\\/\\\/beconfident.com\\\/es\\\/produkt\\\/whiteamin-toothpaste\\\/\",\"name\":\"PASTA DIENTES WHITEAMIN - Beconfident\",\"isPartOf\":{\"@id\":\"https:\\\/\\\/beconfident.com\\\/lv\\\/#website\"},\"primaryImageOfPage\":{\"@id\":\"https:\\\/\\\/beconfident.com\\\/es\\\/produkt\\\/whiteamin-toothpaste\\\/#primaryimage\"},\"image\":{\"@id\":\"https:\\\/\\\/beconfident.com\\\/es\\\/produkt\\\/whiteamin-toothpaste\\\/#primaryimage\"},\"thumbnailUrl\":\"https:\\\/\\\/beconfident.com\\\/wp-content\\\/uploads\\\/2021\\\/01\\\/whiteamin-2-1.jpg\",\"datePublished\":\"2021-01-11T09:04:26+00:00\",\"dateModified\":\"2026-03-04T10:25:06+00:00\",\"breadcrumb\":{\"@id\":\"https:\\\/\\\/beconfident.com\\\/es\\\/produkt\\\/whiteamin-toothpaste\\\/#breadcrumb\"},\"inLanguage\":\"es\",\"potentialAction\":[{\"@type\":\"ReadAction\",\"target\":[\"https:\\\/\\\/beconfident.com\\\/es\\\/produkt\\\/whiteamin-toothpaste\\\/\"]}]},{\"@type\":\"ImageObject\",\"inLanguage\":\"es\",\"@id\":\"https:\\\/\\\/beconfident.com\\\/es\\\/produkt\\\/whiteamin-toothpaste\\\/#primaryimage\",\"url\":\"https:\\\/\\\/beconfident.com\\\/wp-content\\\/uploads\\\/2021\\\/01\\\/whiteamin-2-1.jpg\",\"contentUrl\":\"https:\\\/\\\/beconfident.com\\\/wp-content\\\/uploads\\\/2021\\\/01\\\/whiteamin-2-1.jpg\",\"width\":1000,\"height\":1000,\"caption\":\"whiteamin 2 1\"},{\"@type\":\"BreadcrumbList\",\"@id\":\"https:\\\/\\\/beconfident.com\\\/es\\\/produkt\\\/whiteamin-toothpaste\\\/#breadcrumb\",\"itemListElement\":[{\"@type\":\"ListItem\",\"position\":1,\"name\":\"Hem\",\"item\":\"https:\\\/\\\/beconfident.com\\\/es\\\/\"},{\"@type\":\"ListItem\",\"position\":2,\"name\":\"Webbutik\",\"item\":\"https:\\\/\\\/beconfident.com\\\/es\\\/webbutik\\\/\"},{\"@type\":\"ListItem\",\"position\":3,\"name\":\"PASTA DIENTES WHITEAMIN\"}]},{\"@type\":\"WebSite\",\"@id\":\"https:\\\/\\\/beconfident.com\\\/lv\\\/#website\",\"url\":\"https:\\\/\\\/beconfident.com\\\/lv\\\/\",\"name\":\"Beconfident\",\"description\":\"\",\"potentialAction\":[{\"@type\":\"SearchAction\",\"target\":{\"@type\":\"EntryPoint\",\"urlTemplate\":\"https:\\\/\\\/beconfident.com\\\/lv\\\/?s={search_term_string}\"},\"query-input\":{\"@type\":\"PropertyValueSpecification\",\"valueRequired\":true,\"valueName\":\"search_term_string\"}}],\"inLanguage\":\"es\"}]}<\/script>\n<!-- \/ Yoast SEO plugin. -->","yoast_head_json":{"title":"PASTA DIENTES WHITEAMIN - Beconfident","robots":{"index":"index","follow":"follow","max-snippet":"max-snippet:-1","max-image-preview":"max-image-preview:large","max-video-preview":"max-video-preview:-1"},"canonical":"https:\/\/beconfident.com\/es\/produkt\/whiteamin-toothpaste\/","og_locale":"es_ES","og_type":"article","og_title":"PASTA DIENTES WHITEAMIN - Beconfident","og_description":"La pasta de dientes enriquecida con vitaminas hace que el cepillado sea un verdadero impulso de vitaminas","og_url":"https:\/\/beconfident.com\/es\/produkt\/whiteamin-toothpaste\/","og_site_name":"Beconfident","article_modified_time":"2026-03-04T10:25:06+00:00","og_image":[{"width":1000,"height":1000,"url":"https:\/\/beconfident.com\/wp-content\/uploads\/2021\/01\/whiteamin-2-1.jpg","type":"image\/jpeg"}],"twitter_card":"summary_large_image","twitter_misc":{"Tiempo de lectura":"1 minuto"},"schema":{"@context":"https:\/\/schema.org","@graph":[{"@type":"WebPage","@id":"https:\/\/beconfident.com\/es\/produkt\/whiteamin-toothpaste\/","url":"https:\/\/beconfident.com\/es\/produkt\/whiteamin-toothpaste\/","name":"PASTA DIENTES WHITEAMIN - Beconfident","isPartOf":{"@id":"https:\/\/beconfident.com\/lv\/#website"},"primaryImageOfPage":{"@id":"https:\/\/beconfident.com\/es\/produkt\/whiteamin-toothpaste\/#primaryimage"},"image":{"@id":"https:\/\/beconfident.com\/es\/produkt\/whiteamin-toothpaste\/#primaryimage"},"thumbnailUrl":"https:\/\/beconfident.com\/wp-content\/uploads\/2021\/01\/whiteamin-2-1.jpg","datePublished":"2021-01-11T09:04:26+00:00","dateModified":"2026-03-04T10:25:06+00:00","breadcrumb":{"@id":"https:\/\/beconfident.com\/es\/produkt\/whiteamin-toothpaste\/#breadcrumb"},"inLanguage":"es","potentialAction":[{"@type":"ReadAction","target":["https:\/\/beconfident.com\/es\/produkt\/whiteamin-toothpaste\/"]}]},{"@type":"ImageObject","inLanguage":"es","@id":"https:\/\/beconfident.com\/es\/produkt\/whiteamin-toothpaste\/#primaryimage","url":"https:\/\/beconfident.com\/wp-content\/uploads\/2021\/01\/whiteamin-2-1.jpg","contentUrl":"https:\/\/beconfident.com\/wp-content\/uploads\/2021\/01\/whiteamin-2-1.jpg","width":1000,"height":1000,"caption":"whiteamin 2 1"},{"@type":"BreadcrumbList","@id":"https:\/\/beconfident.com\/es\/produkt\/whiteamin-toothpaste\/#breadcrumb","itemListElement":[{"@type":"ListItem","position":1,"name":"Hem","item":"https:\/\/beconfident.com\/es\/"},{"@type":"ListItem","position":2,"name":"Webbutik","item":"https:\/\/beconfident.com\/es\/webbutik\/"},{"@type":"ListItem","position":3,"name":"PASTA DIENTES WHITEAMIN"}]},{"@type":"WebSite","@id":"https:\/\/beconfident.com\/lv\/#website","url":"https:\/\/beconfident.com\/lv\/","name":"Beconfident","description":"","potentialAction":[{"@type":"SearchAction","target":{"@type":"EntryPoint","urlTemplate":"https:\/\/beconfident.com\/lv\/?s={search_term_string}"},"query-input":{"@type":"PropertyValueSpecification","valueRequired":true,"valueName":"search_term_string"}}],"inLanguage":"es"}]}},"_links":{"self":[{"href":"https:\/\/beconfident.com\/es\/wp-json\/wp\/v2\/product\/7246","targetHints":{"allow":["GET"]}}],"collection":[{"href":"https:\/\/beconfident.com\/es\/wp-json\/wp\/v2\/product"}],"about":[{"href":"https:\/\/beconfident.com\/es\/wp-json\/wp\/v2\/types\/product"}],"replies":[{"embeddable":true,"href":"https:\/\/beconfident.com\/es\/wp-json\/wp\/v2\/comments?post=7246"}],"wp:featuredmedia":[{"embeddable":true,"href":"https:\/\/beconfident.com\/es\/wp-json\/wp\/v2\/media\/696"}],"wp:attachment":[{"href":"https:\/\/beconfident.com\/es\/wp-json\/wp\/v2\/media?parent=7246"}],"wp:term":[{"taxonomy":"product_brand","embeddable":true,"href":"https:\/\/beconfident.com\/es\/wp-json\/wp\/v2\/product_brand?post=7246"},{"taxonomy":"product_cat","embeddable":true,"href":"https:\/\/beconfident.com\/es\/wp-json\/wp\/v2\/product_cat?post=7246"},{"taxonomy":"product_tag","embeddable":true,"href":"https:\/\/beconfident.com\/es\/wp-json\/wp\/v2\/product_tag?post=7246"}],"curies":[{"name":"wp","href":"https:\/\/api.w.org\/{rel}","templated":true}]}}