{"id":7031,"date":"2021-01-11T10:04:31","date_gmt":"2021-01-11T09:04:31","guid":{"rendered":"https:\/\/beconfident.simplesmile.hemsida.eu\/produkt\/sonic-tandborsthuvuden-whitening-2-pack-vit\/"},"modified":"2023-04-06T13:53:39","modified_gmt":"2023-04-06T11:53:39","slug":"sonic-tandborsthuvuden-whitening-2-pack-vit","status":"publish","type":"product","link":"https:\/\/beconfident.com\/es\/produkt\/sonic-tandborsthuvuden-whitening-2-pack-vit\/","title":{"rendered":"RECAMBIO CABEZAL BLANQUEADOR CEPILLO SONICO BLANCO 2-PACK"},"content":{"rendered":"<p>Obtenga dientes m\u00e1s blancos, m\u00e1s limpios y m\u00e1s fuertes con Beconfident\u00ae Sonic Toothbrush Heads Whitening White. El cabezal del cepillo de dientes tiene cerdas DuPont\u00ae con un recordatorio de color incorporado para saber cu\u00e1ndo es el momento de cambiar el cabezal del cepillo de dientes. Este cabezal de cepillo est\u00e1 especialmente dise\u00f1ado para eliminar recubrimientos externos y dar dientes visiblemente m\u00e1s blancos. Dureza: dureza ordinaria \/ media para uso diario. Le recomendamos que cambie el cabezal del cepillo de dientes cada tres meses para obtener la mejor limpieza y el menor desgaste del esmalte.<\/p>\n<p>Beconfident \u00a9 Los cabezales de cepillo de dientes s\u00f3nicos no se pueden utilizar con los cepillos de dientes el\u00e9ctricos Philips Sonicare o Oral-B. El ajuste entre el cepillo de dientes y el cabezal del cepillo debe ser preciso para proporcionar el balanceo \/ vibraci\u00f3n correctos, lo cual es crucial para que los dientes est\u00e9n limpios.<\/p>\n","protected":false},"excerpt":{"rendered":"<p>Cabezales de cepillo de dientes Beconfident\u00ae Sonic con cerdas DuPont\u00ae y recordatorio de color Pedex<\/p>\n","protected":false},"featured_media":16932,"comment_status":"open","ping_status":"closed","template":"","meta":{"_acf_changed":false,"inline_featured_image":false,"_monsterinsights_skip_tracking":false,"_monsterinsights_sitenote_active":false,"_monsterinsights_sitenote_note":"","_monsterinsights_sitenote_category":0},"product_brand":[],"product_cat":[738,252],"product_tag":[],"class_list":{"0":"post-7031","1":"product","2":"type-product","3":"status-publish","4":"has-post-thumbnail","6":"product_cat-all-products-es","7":"product_cat-sonic-eltandsborstar-es","9":"first","10":"outofstock","11":"taxable","12":"shipping-taxable","13":"purchasable","14":"product-type-simple"},"acf":[],"shsp-ext":{"main":{},"variations":[]},"yoast_head":"<!-- This site is optimized with the Yoast SEO plugin v27.2 - https:\/\/yoast.com\/product\/yoast-seo-wordpress\/ -->\n<title>RECAMBIO CABEZAL BLANQUEADOR CEPILLO SONICO BLANCO 2-PACK - Beconfident<\/title>\n<meta name=\"robots\" content=\"index, follow, max-snippet:-1, max-image-preview:large, max-video-preview:-1\" \/>\n<link rel=\"canonical\" href=\"https:\/\/beconfident.com\/es\/produkt\/sonic-tandborsthuvuden-whitening-2-pack-vit\/\" \/>\n<meta property=\"og:locale\" content=\"es_ES\" \/>\n<meta property=\"og:type\" content=\"article\" \/>\n<meta property=\"og:title\" content=\"RECAMBIO CABEZAL BLANQUEADOR CEPILLO SONICO BLANCO 2-PACK - Beconfident\" \/>\n<meta property=\"og:description\" content=\"Cabezales de cepillo de dientes Beconfident\u00ae Sonic con cerdas DuPont\u00ae y recordatorio de color Pedex\" \/>\n<meta property=\"og:url\" content=\"https:\/\/beconfident.com\/es\/produkt\/sonic-tandborsthuvuden-whitening-2-pack-vit\/\" \/>\n<meta property=\"og:site_name\" content=\"Beconfident\" \/>\n<meta property=\"article:modified_time\" content=\"2023-04-06T11:53:39+00:00\" \/>\n<meta property=\"og:image\" content=\"https:\/\/beconfident.com\/wp-content\/uploads\/2021\/01\/Beconfident\u00ae-TwinWhiteningbrushpackwhite_650498.jpg\" \/>\n\t<meta property=\"og:image:width\" content=\"1417\" \/>\n\t<meta property=\"og:image:height\" content=\"1063\" \/>\n\t<meta property=\"og:image:type\" content=\"image\/jpeg\" \/>\n<meta name=\"twitter:card\" content=\"summary_large_image\" \/>\n<meta name=\"twitter:label1\" content=\"Tiempo de lectura\" \/>\n\t<meta name=\"twitter:data1\" content=\"1 minuto\" \/>\n<script type=\"application\/ld+json\" class=\"yoast-schema-graph\">{\"@context\":\"https:\/\/schema.org\",\"@graph\":[{\"@type\":\"WebPage\",\"@id\":\"https:\/\/beconfident.com\/es\/produkt\/sonic-tandborsthuvuden-whitening-2-pack-vit\/\",\"url\":\"https:\/\/beconfident.com\/es\/produkt\/sonic-tandborsthuvuden-whitening-2-pack-vit\/\",\"name\":\"RECAMBIO CABEZAL BLANQUEADOR CEPILLO SONICO BLANCO 2-PACK - Beconfident\",\"isPartOf\":{\"@id\":\"https:\/\/beconfident.com\/lv\/#website\"},\"primaryImageOfPage\":{\"@id\":\"https:\/\/beconfident.com\/es\/produkt\/sonic-tandborsthuvuden-whitening-2-pack-vit\/#primaryimage\"},\"image\":{\"@id\":\"https:\/\/beconfident.com\/es\/produkt\/sonic-tandborsthuvuden-whitening-2-pack-vit\/#primaryimage\"},\"thumbnailUrl\":\"https:\/\/beconfident.com\/wp-content\/uploads\/2021\/01\/Beconfident\u00ae-TwinWhiteningbrushpackwhite_650498.jpg\",\"datePublished\":\"2021-01-11T09:04:31+00:00\",\"dateModified\":\"2023-04-06T11:53:39+00:00\",\"breadcrumb\":{\"@id\":\"https:\/\/beconfident.com\/es\/produkt\/sonic-tandborsthuvuden-whitening-2-pack-vit\/#breadcrumb\"},\"inLanguage\":\"es\",\"potentialAction\":[{\"@type\":\"ReadAction\",\"target\":[\"https:\/\/beconfident.com\/es\/produkt\/sonic-tandborsthuvuden-whitening-2-pack-vit\/\"]}]},{\"@type\":\"ImageObject\",\"inLanguage\":\"es\",\"@id\":\"https:\/\/beconfident.com\/es\/produkt\/sonic-tandborsthuvuden-whitening-2-pack-vit\/#primaryimage\",\"url\":\"https:\/\/beconfident.com\/wp-content\/uploads\/2021\/01\/Beconfident\u00ae-TwinWhiteningbrushpackwhite_650498.jpg\",\"contentUrl\":\"https:\/\/beconfident.com\/wp-content\/uploads\/2021\/01\/Beconfident\u00ae-TwinWhiteningbrushpackwhite_650498.jpg\",\"width\":1417,\"height\":1063},{\"@type\":\"BreadcrumbList\",\"@id\":\"https:\/\/beconfident.com\/es\/produkt\/sonic-tandborsthuvuden-whitening-2-pack-vit\/#breadcrumb\",\"itemListElement\":[{\"@type\":\"ListItem\",\"position\":1,\"name\":\"Hem\",\"item\":\"https:\/\/beconfident.com\/es\/\"},{\"@type\":\"ListItem\",\"position\":2,\"name\":\"Webbutik\",\"item\":\"https:\/\/beconfident.com\/es\/webbutik\/\"},{\"@type\":\"ListItem\",\"position\":3,\"name\":\"RECAMBIO CABEZAL BLANQUEADOR CEPILLO SONICO BLANCO 2-PACK\"}]},{\"@type\":\"WebSite\",\"@id\":\"https:\/\/beconfident.com\/lv\/#website\",\"url\":\"https:\/\/beconfident.com\/lv\/\",\"name\":\"Beconfident\",\"description\":\"\",\"potentialAction\":[{\"@type\":\"SearchAction\",\"target\":{\"@type\":\"EntryPoint\",\"urlTemplate\":\"https:\/\/beconfident.com\/lv\/?s={search_term_string}\"},\"query-input\":{\"@type\":\"PropertyValueSpecification\",\"valueRequired\":true,\"valueName\":\"search_term_string\"}}],\"inLanguage\":\"es\"}]}<\/script>\n<!-- \/ Yoast SEO plugin. -->","yoast_head_json":{"title":"RECAMBIO CABEZAL BLANQUEADOR CEPILLO SONICO BLANCO 2-PACK - Beconfident","robots":{"index":"index","follow":"follow","max-snippet":"max-snippet:-1","max-image-preview":"max-image-preview:large","max-video-preview":"max-video-preview:-1"},"canonical":"https:\/\/beconfident.com\/es\/produkt\/sonic-tandborsthuvuden-whitening-2-pack-vit\/","og_locale":"es_ES","og_type":"article","og_title":"RECAMBIO CABEZAL BLANQUEADOR CEPILLO SONICO BLANCO 2-PACK - Beconfident","og_description":"Cabezales de cepillo de dientes Beconfident\u00ae Sonic con cerdas DuPont\u00ae y recordatorio de color Pedex","og_url":"https:\/\/beconfident.com\/es\/produkt\/sonic-tandborsthuvuden-whitening-2-pack-vit\/","og_site_name":"Beconfident","article_modified_time":"2023-04-06T11:53:39+00:00","og_image":[{"width":1417,"height":1063,"url":"https:\/\/beconfident.com\/wp-content\/uploads\/2021\/01\/Beconfident\u00ae-TwinWhiteningbrushpackwhite_650498.jpg","type":"image\/jpeg"}],"twitter_card":"summary_large_image","twitter_misc":{"Tiempo de lectura":"1 minuto"},"schema":{"@context":"https:\/\/schema.org","@graph":[{"@type":"WebPage","@id":"https:\/\/beconfident.com\/es\/produkt\/sonic-tandborsthuvuden-whitening-2-pack-vit\/","url":"https:\/\/beconfident.com\/es\/produkt\/sonic-tandborsthuvuden-whitening-2-pack-vit\/","name":"RECAMBIO CABEZAL BLANQUEADOR CEPILLO SONICO BLANCO 2-PACK - Beconfident","isPartOf":{"@id":"https:\/\/beconfident.com\/lv\/#website"},"primaryImageOfPage":{"@id":"https:\/\/beconfident.com\/es\/produkt\/sonic-tandborsthuvuden-whitening-2-pack-vit\/#primaryimage"},"image":{"@id":"https:\/\/beconfident.com\/es\/produkt\/sonic-tandborsthuvuden-whitening-2-pack-vit\/#primaryimage"},"thumbnailUrl":"https:\/\/beconfident.com\/wp-content\/uploads\/2021\/01\/Beconfident\u00ae-TwinWhiteningbrushpackwhite_650498.jpg","datePublished":"2021-01-11T09:04:31+00:00","dateModified":"2023-04-06T11:53:39+00:00","breadcrumb":{"@id":"https:\/\/beconfident.com\/es\/produkt\/sonic-tandborsthuvuden-whitening-2-pack-vit\/#breadcrumb"},"inLanguage":"es","potentialAction":[{"@type":"ReadAction","target":["https:\/\/beconfident.com\/es\/produkt\/sonic-tandborsthuvuden-whitening-2-pack-vit\/"]}]},{"@type":"ImageObject","inLanguage":"es","@id":"https:\/\/beconfident.com\/es\/produkt\/sonic-tandborsthuvuden-whitening-2-pack-vit\/#primaryimage","url":"https:\/\/beconfident.com\/wp-content\/uploads\/2021\/01\/Beconfident\u00ae-TwinWhiteningbrushpackwhite_650498.jpg","contentUrl":"https:\/\/beconfident.com\/wp-content\/uploads\/2021\/01\/Beconfident\u00ae-TwinWhiteningbrushpackwhite_650498.jpg","width":1417,"height":1063},{"@type":"BreadcrumbList","@id":"https:\/\/beconfident.com\/es\/produkt\/sonic-tandborsthuvuden-whitening-2-pack-vit\/#breadcrumb","itemListElement":[{"@type":"ListItem","position":1,"name":"Hem","item":"https:\/\/beconfident.com\/es\/"},{"@type":"ListItem","position":2,"name":"Webbutik","item":"https:\/\/beconfident.com\/es\/webbutik\/"},{"@type":"ListItem","position":3,"name":"RECAMBIO CABEZAL BLANQUEADOR CEPILLO SONICO BLANCO 2-PACK"}]},{"@type":"WebSite","@id":"https:\/\/beconfident.com\/lv\/#website","url":"https:\/\/beconfident.com\/lv\/","name":"Beconfident","description":"","potentialAction":[{"@type":"SearchAction","target":{"@type":"EntryPoint","urlTemplate":"https:\/\/beconfident.com\/lv\/?s={search_term_string}"},"query-input":{"@type":"PropertyValueSpecification","valueRequired":true,"valueName":"search_term_string"}}],"inLanguage":"es"}]}},"_links":{"self":[{"href":"https:\/\/beconfident.com\/es\/wp-json\/wp\/v2\/product\/7031","targetHints":{"allow":["GET"]}}],"collection":[{"href":"https:\/\/beconfident.com\/es\/wp-json\/wp\/v2\/product"}],"about":[{"href":"https:\/\/beconfident.com\/es\/wp-json\/wp\/v2\/types\/product"}],"replies":[{"embeddable":true,"href":"https:\/\/beconfident.com\/es\/wp-json\/wp\/v2\/comments?post=7031"}],"wp:featuredmedia":[{"embeddable":true,"href":"https:\/\/beconfident.com\/es\/wp-json\/wp\/v2\/media\/16932"}],"wp:attachment":[{"href":"https:\/\/beconfident.com\/es\/wp-json\/wp\/v2\/media?parent=7031"}],"wp:term":[{"taxonomy":"product_brand","embeddable":true,"href":"https:\/\/beconfident.com\/es\/wp-json\/wp\/v2\/product_brand?post=7031"},{"taxonomy":"product_cat","embeddable":true,"href":"https:\/\/beconfident.com\/es\/wp-json\/wp\/v2\/product_cat?post=7031"},{"taxonomy":"product_tag","embeddable":true,"href":"https:\/\/beconfident.com\/es\/wp-json\/wp\/v2\/product_tag?post=7031"}],"curies":[{"name":"wp","href":"https:\/\/api.w.org\/{rel}","templated":true}]}}