{"id":6943,"date":"2021-01-11T10:04:36","date_gmt":"2021-01-11T09:04:36","guid":{"rendered":"https:\/\/beconfident.simplesmile.hemsida.eu\/produkt\/stay-fresh-day-cream\/"},"modified":"2026-03-03T12:24:46","modified_gmt":"2026-03-03T11:24:46","slug":"stay-fresh-day-cream","status":"publish","type":"product","link":"https:\/\/beconfident.com\/es\/produkt\/stay-fresh-day-cream\/","title":{"rendered":"CREMA DE DIA STAY FRESH"},"content":{"rendered":"<p>Stay Fresh Day Cream hidrata la piel durante todo el d\u00eda a trav\u00e9s de aceite de jojoba natural y aceite de coco que junto con manteca de karit\u00e9, t\u00e9 verde y vitamina A hacen de Stay Fresh Day Cream una crema de d\u00eda hidratante y fortalecedora que previene la sequedad superficial y la aparici\u00f3n de granos y co\u00e1gulos. . Ayuda a &#8220;recargar&#8221; una piel cansada y aumentar la absorci\u00f3n de los ingredientes nutritivos. Se usa con ventaja despu\u00e9s del Revitalizing Boost Serum para una piel hidratada y resistente llena de brillo juvenil.<\/p>\n<p>Stay Fresh contiene 4% de Beta\u00edna que hidrata la piel, la hace m\u00e1s fuerte y el\u00e1stica y tiene un efecto antiinflamatorio. Tambi\u00e9n contiene jojoba org\u00e1nico y aceite de coco que hidrata naturalmente la piel. Stay Fresh tambi\u00e9n contiene vitamina A (retinol) que mejora la calidad de la piel al estimular la producci\u00f3n de col\u00e1geno.<\/p>\n<p>Envasados en nuestra botella sin aire, todos los ingredientes conservan su efecto mientras la botella es higi\u00e9nica. Adecuado para todas las personas con piel normal a grasa.<\/p>\n","protected":false},"excerpt":{"rendered":"<p>Crema de d\u00eda rica en vitaminas con retinol que deja la piel hidratada, firme y luminosa<\/p>\n","protected":false},"featured_media":966,"comment_status":"open","ping_status":"closed","template":"","meta":{"_acf_changed":false,"inline_featured_image":false,"_monsterinsights_skip_tracking":false,"_monsterinsights_sitenote_active":false,"_monsterinsights_sitenote_note":"","_monsterinsights_sitenote_category":0},"product_brand":[],"product_cat":[59],"product_tag":[],"class_list":{"0":"post-6943","1":"product","2":"type-product","3":"status-publish","4":"has-post-thumbnail","6":"product_cat-sin-categorizar","8":"first","9":"outofstock","10":"taxable","11":"shipping-taxable","12":"purchasable","13":"product-type-simple"},"acf":[],"shsp-ext":{"main":{},"variations":[]},"yoast_head":"<!-- This site is optimized with the Yoast SEO plugin v27.2 - https:\/\/yoast.com\/product\/yoast-seo-wordpress\/ -->\n<title>CREMA DE DIA STAY FRESH - Beconfident<\/title>\n<meta name=\"robots\" content=\"index, follow, max-snippet:-1, max-image-preview:large, max-video-preview:-1\" \/>\n<link rel=\"canonical\" href=\"https:\/\/beconfident.com\/es\/produkt\/stay-fresh-day-cream\/\" \/>\n<meta property=\"og:locale\" content=\"es_ES\" \/>\n<meta property=\"og:type\" content=\"article\" \/>\n<meta property=\"og:title\" content=\"CREMA DE DIA STAY FRESH - Beconfident\" \/>\n<meta property=\"og:description\" content=\"Crema de d\u00eda rica en vitaminas con retinol que deja la piel hidratada, firme y luminosa\" \/>\n<meta property=\"og:url\" content=\"https:\/\/beconfident.com\/es\/produkt\/stay-fresh-day-cream\/\" \/>\n<meta property=\"og:site_name\" content=\"Beconfident\" \/>\n<meta property=\"article:modified_time\" content=\"2026-03-03T11:24:46+00:00\" \/>\n<meta property=\"og:image\" content=\"https:\/\/beconfident.com\/wp-content\/uploads\/2021\/01\/180500-Stay-Fresh-Day-Cream.jpg\" \/>\n\t<meta property=\"og:image:width\" content=\"1000\" \/>\n\t<meta property=\"og:image:height\" content=\"1000\" \/>\n\t<meta property=\"og:image:type\" content=\"image\/jpeg\" \/>\n<meta name=\"twitter:card\" content=\"summary_large_image\" \/>\n<meta name=\"twitter:label1\" content=\"Tiempo de lectura\" \/>\n\t<meta name=\"twitter:data1\" content=\"1 minuto\" \/>\n<script type=\"application\/ld+json\" class=\"yoast-schema-graph\">{\"@context\":\"https:\/\/schema.org\",\"@graph\":[{\"@type\":\"WebPage\",\"@id\":\"https:\/\/beconfident.com\/es\/produkt\/stay-fresh-day-cream\/\",\"url\":\"https:\/\/beconfident.com\/es\/produkt\/stay-fresh-day-cream\/\",\"name\":\"CREMA DE DIA STAY FRESH - Beconfident\",\"isPartOf\":{\"@id\":\"https:\/\/beconfident.com\/lv\/#website\"},\"primaryImageOfPage\":{\"@id\":\"https:\/\/beconfident.com\/es\/produkt\/stay-fresh-day-cream\/#primaryimage\"},\"image\":{\"@id\":\"https:\/\/beconfident.com\/es\/produkt\/stay-fresh-day-cream\/#primaryimage\"},\"thumbnailUrl\":\"https:\/\/beconfident.com\/wp-content\/uploads\/2021\/01\/180500-Stay-Fresh-Day-Cream.jpg\",\"datePublished\":\"2021-01-11T09:04:36+00:00\",\"dateModified\":\"2026-03-03T11:24:46+00:00\",\"breadcrumb\":{\"@id\":\"https:\/\/beconfident.com\/es\/produkt\/stay-fresh-day-cream\/#breadcrumb\"},\"inLanguage\":\"es\",\"potentialAction\":[{\"@type\":\"ReadAction\",\"target\":[\"https:\/\/beconfident.com\/es\/produkt\/stay-fresh-day-cream\/\"]}]},{\"@type\":\"ImageObject\",\"inLanguage\":\"es\",\"@id\":\"https:\/\/beconfident.com\/es\/produkt\/stay-fresh-day-cream\/#primaryimage\",\"url\":\"https:\/\/beconfident.com\/wp-content\/uploads\/2021\/01\/180500-Stay-Fresh-Day-Cream.jpg\",\"contentUrl\":\"https:\/\/beconfident.com\/wp-content\/uploads\/2021\/01\/180500-Stay-Fresh-Day-Cream.jpg\",\"width\":1000,\"height\":1000,\"caption\":\"180500 Stay Fresh Day Cream\"},{\"@type\":\"BreadcrumbList\",\"@id\":\"https:\/\/beconfident.com\/es\/produkt\/stay-fresh-day-cream\/#breadcrumb\",\"itemListElement\":[{\"@type\":\"ListItem\",\"position\":1,\"name\":\"Hem\",\"item\":\"https:\/\/beconfident.com\/es\/\"},{\"@type\":\"ListItem\",\"position\":2,\"name\":\"Webbutik\",\"item\":\"https:\/\/beconfident.com\/es\/webbutik\/\"},{\"@type\":\"ListItem\",\"position\":3,\"name\":\"CREMA DE DIA STAY FRESH\"}]},{\"@type\":\"WebSite\",\"@id\":\"https:\/\/beconfident.com\/lv\/#website\",\"url\":\"https:\/\/beconfident.com\/lv\/\",\"name\":\"Beconfident\",\"description\":\"\",\"potentialAction\":[{\"@type\":\"SearchAction\",\"target\":{\"@type\":\"EntryPoint\",\"urlTemplate\":\"https:\/\/beconfident.com\/lv\/?s={search_term_string}\"},\"query-input\":{\"@type\":\"PropertyValueSpecification\",\"valueRequired\":true,\"valueName\":\"search_term_string\"}}],\"inLanguage\":\"es\"}]}<\/script>\n<!-- \/ Yoast SEO plugin. -->","yoast_head_json":{"title":"CREMA DE DIA STAY FRESH - Beconfident","robots":{"index":"index","follow":"follow","max-snippet":"max-snippet:-1","max-image-preview":"max-image-preview:large","max-video-preview":"max-video-preview:-1"},"canonical":"https:\/\/beconfident.com\/es\/produkt\/stay-fresh-day-cream\/","og_locale":"es_ES","og_type":"article","og_title":"CREMA DE DIA STAY FRESH - Beconfident","og_description":"Crema de d\u00eda rica en vitaminas con retinol que deja la piel hidratada, firme y luminosa","og_url":"https:\/\/beconfident.com\/es\/produkt\/stay-fresh-day-cream\/","og_site_name":"Beconfident","article_modified_time":"2026-03-03T11:24:46+00:00","og_image":[{"width":1000,"height":1000,"url":"https:\/\/beconfident.com\/wp-content\/uploads\/2021\/01\/180500-Stay-Fresh-Day-Cream.jpg","type":"image\/jpeg"}],"twitter_card":"summary_large_image","twitter_misc":{"Tiempo de lectura":"1 minuto"},"schema":{"@context":"https:\/\/schema.org","@graph":[{"@type":"WebPage","@id":"https:\/\/beconfident.com\/es\/produkt\/stay-fresh-day-cream\/","url":"https:\/\/beconfident.com\/es\/produkt\/stay-fresh-day-cream\/","name":"CREMA DE DIA STAY FRESH - Beconfident","isPartOf":{"@id":"https:\/\/beconfident.com\/lv\/#website"},"primaryImageOfPage":{"@id":"https:\/\/beconfident.com\/es\/produkt\/stay-fresh-day-cream\/#primaryimage"},"image":{"@id":"https:\/\/beconfident.com\/es\/produkt\/stay-fresh-day-cream\/#primaryimage"},"thumbnailUrl":"https:\/\/beconfident.com\/wp-content\/uploads\/2021\/01\/180500-Stay-Fresh-Day-Cream.jpg","datePublished":"2021-01-11T09:04:36+00:00","dateModified":"2026-03-03T11:24:46+00:00","breadcrumb":{"@id":"https:\/\/beconfident.com\/es\/produkt\/stay-fresh-day-cream\/#breadcrumb"},"inLanguage":"es","potentialAction":[{"@type":"ReadAction","target":["https:\/\/beconfident.com\/es\/produkt\/stay-fresh-day-cream\/"]}]},{"@type":"ImageObject","inLanguage":"es","@id":"https:\/\/beconfident.com\/es\/produkt\/stay-fresh-day-cream\/#primaryimage","url":"https:\/\/beconfident.com\/wp-content\/uploads\/2021\/01\/180500-Stay-Fresh-Day-Cream.jpg","contentUrl":"https:\/\/beconfident.com\/wp-content\/uploads\/2021\/01\/180500-Stay-Fresh-Day-Cream.jpg","width":1000,"height":1000,"caption":"180500 Stay Fresh Day Cream"},{"@type":"BreadcrumbList","@id":"https:\/\/beconfident.com\/es\/produkt\/stay-fresh-day-cream\/#breadcrumb","itemListElement":[{"@type":"ListItem","position":1,"name":"Hem","item":"https:\/\/beconfident.com\/es\/"},{"@type":"ListItem","position":2,"name":"Webbutik","item":"https:\/\/beconfident.com\/es\/webbutik\/"},{"@type":"ListItem","position":3,"name":"CREMA DE DIA STAY FRESH"}]},{"@type":"WebSite","@id":"https:\/\/beconfident.com\/lv\/#website","url":"https:\/\/beconfident.com\/lv\/","name":"Beconfident","description":"","potentialAction":[{"@type":"SearchAction","target":{"@type":"EntryPoint","urlTemplate":"https:\/\/beconfident.com\/lv\/?s={search_term_string}"},"query-input":{"@type":"PropertyValueSpecification","valueRequired":true,"valueName":"search_term_string"}}],"inLanguage":"es"}]}},"_links":{"self":[{"href":"https:\/\/beconfident.com\/es\/wp-json\/wp\/v2\/product\/6943","targetHints":{"allow":["GET"]}}],"collection":[{"href":"https:\/\/beconfident.com\/es\/wp-json\/wp\/v2\/product"}],"about":[{"href":"https:\/\/beconfident.com\/es\/wp-json\/wp\/v2\/types\/product"}],"replies":[{"embeddable":true,"href":"https:\/\/beconfident.com\/es\/wp-json\/wp\/v2\/comments?post=6943"}],"wp:featuredmedia":[{"embeddable":true,"href":"https:\/\/beconfident.com\/es\/wp-json\/wp\/v2\/media\/966"}],"wp:attachment":[{"href":"https:\/\/beconfident.com\/es\/wp-json\/wp\/v2\/media?parent=6943"}],"wp:term":[{"taxonomy":"product_brand","embeddable":true,"href":"https:\/\/beconfident.com\/es\/wp-json\/wp\/v2\/product_brand?post=6943"},{"taxonomy":"product_cat","embeddable":true,"href":"https:\/\/beconfident.com\/es\/wp-json\/wp\/v2\/product_cat?post=6943"},{"taxonomy":"product_tag","embeddable":true,"href":"https:\/\/beconfident.com\/es\/wp-json\/wp\/v2\/product_tag?post=6943"}],"curies":[{"name":"wp","href":"https:\/\/api.w.org\/{rel}","templated":true}]}}